{"id":799,"date":"2022-02-17T09:10:28","date_gmt":"2022-02-17T09:10:28","guid":{"rendered":"https:\/\/fervalle.com\/?post_type=product&#038;p=799"},"modified":"2022-08-30T05:58:31","modified_gmt":"2022-08-30T05:58:31","slug":"siapvalle","status":"publish","type":"product","link":"https:\/\/www.fervalle.com\/zh-hans\/siapvalle\/","title":{"rendered":"SIAPVALLE\u00ae"},"content":{"rendered":"","protected":false},"excerpt":{"rendered":"<h2 style=\"text-align: justify;\">Alto contenido en amino\u00e1cidos libres y p\u00e9ptidos de cadena corta de gran acci\u00f3n bioestimulante que favorece y potencia el desarrollo y crecimiento del cultivo.<\/h2>\n<p style=\"text-align: justify;\"><strong>Aporte de amino\u00e1cidos libres, p\u00e9ptidos de corta, p\u00e9ptidos de cadena larga y amino\u00e1cidos totales<\/strong> procedentes de hidr\u00f3lisis de prote\u00ednas indicado para favorecer y potenciar el desarrollo y crecimiento vegetativo, as\u00ed como para superar situaciones de estr\u00e9s y momentos de mayor necesidad nutritiva, ya que son la principal fuente de energ\u00eda directa para la planta. En la disoluci\u00f3n del suelo act\u00faan como agentes complejantes de macronutrientes y micronutrientes esenciales para la planta.<\/p>\n<p><img decoding=\"async\" class=\"alignnone size-full wp-image-582\" src=\"https:\/\/fervalle.com\/wp-content\/uploads\/2022\/02\/ECO-FERVALLE.jpg\" alt=\"\" width=\"70\" height=\"70\" srcset=\"https:\/\/www.fervalle.com\/wp-content\/uploads\/2022\/02\/ECO-FERVALLE.jpg 70w, https:\/\/www.fervalle.com\/wp-content\/uploads\/2022\/02\/ECO-FERVALLE-64x64.jpg 64w\" sizes=\"(max-width: 70px) 100vw, 70px\" \/><img decoding=\"async\" class=\"alignnone size-full wp-image-583\" src=\"https:\/\/fervalle.com\/wp-content\/uploads\/2022\/02\/FOLIAR-FERVALLE.jpg\" alt=\"\" width=\"70\" height=\"70\" srcset=\"https:\/\/www.fervalle.com\/wp-content\/uploads\/2022\/02\/FOLIAR-FERVALLE.jpg 70w, https:\/\/www.fervalle.com\/wp-content\/uploads\/2022\/02\/FOLIAR-FERVALLE-64x64.jpg 64w\" sizes=\"(max-width: 70px) 100vw, 70px\" \/><img decoding=\"async\" class=\"alignnone size-full wp-image-568\" src=\"https:\/\/fervalle.com\/wp-content\/uploads\/2022\/02\/fertirrigacion-logo.jpg\" alt=\"\" width=\"70\" height=\"70\" srcset=\"https:\/\/www.fervalle.com\/wp-content\/uploads\/2022\/02\/fertirrigacion-logo.jpg 70w, https:\/\/www.fervalle.com\/wp-content\/uploads\/2022\/02\/fertirrigacion-logo-64x64.jpg 64w\" sizes=\"(max-width: 70px) 100vw, 70px\" \/>\u00a0\u00a0<img loading=\"lazy\" decoding=\"async\" class=\"alignnone size-full wp-image-569\" src=\"https:\/\/fervalle.com\/wp-content\/uploads\/2022\/02\/residuo-cero.jpg\" alt=\"\" width=\"70\" height=\"70\" srcset=\"https:\/\/www.fervalle.com\/wp-content\/uploads\/2022\/02\/residuo-cero.jpg 70w, https:\/\/www.fervalle.com\/wp-content\/uploads\/2022\/02\/residuo-cero-64x64.jpg 64w\" sizes=\"(max-width: 70px) 100vw, 70px\" \/> <img loading=\"lazy\" decoding=\"async\" class=\"alignnone size-full wp-image-584\" src=\"https:\/\/fervalle.com\/wp-content\/uploads\/2022\/02\/SHC-CERTIFICACION.jpg\" alt=\"\" width=\"70\" height=\"70\" srcset=\"https:\/\/www.fervalle.com\/wp-content\/uploads\/2022\/02\/SHC-CERTIFICACION.jpg 70w, https:\/\/www.fervalle.com\/wp-content\/uploads\/2022\/02\/SHC-CERTIFICACION-64x64.jpg 64w\" sizes=\"(max-width: 70px) 100vw, 70px\" \/>\u00a0 <img loading=\"lazy\" decoding=\"async\" class=\"alignnone size-full wp-image-585\" src=\"https:\/\/fervalle.com\/wp-content\/uploads\/2022\/02\/ECOCERT-LOGOTIPO.jpg\" alt=\"\" width=\"70\" height=\"70\" srcset=\"https:\/\/www.fervalle.com\/wp-content\/uploads\/2022\/02\/ECOCERT-LOGOTIPO.jpg 70w, https:\/\/www.fervalle.com\/wp-content\/uploads\/2022\/02\/ECOCERT-LOGOTIPO-64x64.jpg 64w\" sizes=\"(max-width: 70px) 100vw, 70px\" \/><\/p>\n<p><strong>CERTIFICACIONES PARA AGRICULTURA:<\/strong> ECOL\u00d3GICO.<\/p>\n<p><span style=\"font-size: 12pt;\"><strong>VENTAJAS Y BENEFICIOS:<\/strong><\/span><\/p>\n<ul>\n<li>Los amino\u00e1cidos libres son absorbidos de forma r\u00e1pida a trav\u00e9s de la ra\u00edz, siendo la primera fuente de energ\u00eda biodisponible para la planta.<\/li>\n<li>Los amino\u00e1cidos totales permanecen en la disoluci\u00f3n del suelo y su metabolismo gracias a la acci\u00f3n de los microorganismos y los \u00e1cidos sintetizados por la ra\u00edz, son una fuente de energ\u00eda continua durante el proceso de crecimiento y desarrollo de la planta.<\/li>\n<li>Act\u00faa como un agente complejante en el suelo, aumentando la biodisponibilidad y absorci\u00f3n de nutrientes esenciales a trav\u00e9s de la ra\u00edz.<\/li>\n<\/ul>\n<p><b>DOSIS Y MODO DE EMPLEO:<\/b><\/p>\n<div style=\"overflow-x:auto;\">\n<table style=\"width: 100%;\">\n<tbody>\n<tr>\n<td style=\"background-color: #353f48;\" width=\"154\"><span style=\"color: #ffffff;\"><strong>CULTIVO<\/strong><\/span><\/td>\n<td style=\"background-color: #353f48;\" width=\"272\"><span style=\"color: #ffffff;\"><strong>MOMENTO DE APLICACI\u00d3N<\/strong><\/span><\/td>\n<td style=\"background-color: #353f48;\" width=\"195\"><span style=\"color: #ffffff;\"><strong>FOLIAR<\/strong><\/span><\/td>\n<td style=\"background-color: #353f48;\" width=\"159\"><span style=\"color: #ffffff;\"><strong>FERTIRRIGACI\u00d3N<\/strong><\/span><\/td>\n<\/tr>\n<tr>\n<td width=\"154\">Frutales<\/td>\n<td width=\"272\">Desde la floraci\u00f3n, tras la ca\u00edda de los p\u00e9talos y en el cuajado del fruto<\/td>\n<td rowspan=\"5\" width=\"195\">2 &#8211; 4 litros\/1000 litros.<\/td>\n<td rowspan=\"5\" width=\"159\">&nbsp;<\/p>\n<p>3 &#8211; 4 litros\/ha.<\/p>\n<p>&nbsp;<\/td>\n<\/tr>\n<tr>\n<td width=\"154\">Hort\u00edcolas<\/td>\n<td width=\"272\">Desde el trasplante y durante el ciclo vegetativo<\/td>\n<\/tr>\n<tr>\n<td width=\"154\">Olivo<\/td>\n<td width=\"272\">Desde el inicio de la brotaci\u00f3n, durante la prefloraci\u00f3n y el cuajado del fruto<\/td>\n<\/tr>\n<tr>\n<td width=\"154\">Uva de mesa y vid<\/td>\n<td width=\"272\">Aplicar durante la prefloraci\u00f3n y el cuajado del fruto<\/td>\n<\/tr>\n<tr>\n<td width=\"154\">C\u00edtricos<\/td>\n<td width=\"272\">Durante la brotaci\u00f3n y el engorde del fruto<\/td>\n<\/tr>\n<\/tbody>\n<\/table>\n<\/div>\n<p><span style=\"font-size: 12pt;\"><strong>Composici\u00f3n:<\/strong> amino\u00e1cidos, nitr\u00f3geno y nitr\u00f3geno org\u00e1nico.<\/span><\/p>\n","protected":false},"featured_media":1333,"template":"","meta":{"_joinchat":[]},"product_brand":[],"product_cat":[24],"product_tag":[507],"class_list":{"0":"post-799","1":"product","2":"type-product","3":"status-publish","4":"has-post-thumbnail","6":"product_cat-green-line","7":"product_tag-potente-aminoacido-con-aporte-energetico-escalonado","8":"pa_composicion-aminoacidos","9":"pa_composicion-nitrogeno","10":"pa_composicion-nitrogeno-organico","11":"pa_funcion-bioestimulantes","12":"pa_funcion-engorde","13":"pa_funcion-potenciador-vegetativo","14":"pa_funcion-potenciadores-foliares","15":"pa_funcion-vigorizantes","17":"first","18":"instock","19":"shipping-taxable","20":"product-type-simple"},"jetpack_sharing_enabled":true,"_links":{"self":[{"href":"https:\/\/www.fervalle.com\/zh-hans\/wp-json\/wp\/v2\/product\/799","targetHints":{"allow":["GET"]}}],"collection":[{"href":"https:\/\/www.fervalle.com\/zh-hans\/wp-json\/wp\/v2\/product"}],"about":[{"href":"https:\/\/www.fervalle.com\/zh-hans\/wp-json\/wp\/v2\/types\/product"}],"version-history":[{"count":4,"href":"https:\/\/www.fervalle.com\/zh-hans\/wp-json\/wp\/v2\/product\/799\/revisions"}],"predecessor-version":[{"id":7683,"href":"https:\/\/www.fervalle.com\/zh-hans\/wp-json\/wp\/v2\/product\/799\/revisions\/7683"}],"wp:featuredmedia":[{"embeddable":true,"href":"https:\/\/www.fervalle.com\/zh-hans\/wp-json\/wp\/v2\/media\/1333"}],"wp:attachment":[{"href":"https:\/\/www.fervalle.com\/zh-hans\/wp-json\/wp\/v2\/media?parent=799"}],"wp:term":[{"taxonomy":"product_brand","embeddable":true,"href":"https:\/\/www.fervalle.com\/zh-hans\/wp-json\/wp\/v2\/product_brand?post=799"},{"taxonomy":"product_cat","embeddable":true,"href":"https:\/\/www.fervalle.com\/zh-hans\/wp-json\/wp\/v2\/product_cat?post=799"},{"taxonomy":"product_tag","embeddable":true,"href":"https:\/\/www.fervalle.com\/zh-hans\/wp-json\/wp\/v2\/product_tag?post=799"}],"curies":[{"name":"wp","href":"https:\/\/api.w.org\/{rel}","templated":true}]}}