{"id":659,"date":"2022-02-16T12:24:25","date_gmt":"2022-02-16T12:24:25","guid":{"rendered":"https:\/\/fervalle.com\/?post_type=product&#038;p=659"},"modified":"2023-02-05T20:38:43","modified_gmt":"2023-02-05T20:38:43","slug":"calbovalle","status":"publish","type":"product","link":"https:\/\/www.fervalle.com\/zh-hans\/calbovalle\/","title":{"rendered":"CALBOVALLE\u00ae"},"content":{"rendered":"","protected":false},"excerpt":{"rendered":"<h2 style=\"text-align: justify;\">Garantiza la absorci\u00f3n, translocaci\u00f3n y movilidad del calcio hacia el interior de la planta.<\/h2>\n<p style=\"text-align: justify;\"><strong>Formulaci\u00f3n basada en la complejaci\u00f3n del calcio y boro con nitr\u00f3geno<\/strong>. La formaci\u00f3n de este complejo garantiza la absorci\u00f3n, translocaci\u00f3n y movilidad del calcio en el interior de la planta, evitando as\u00ed problemas relacionados con su falta de movilidad y carencia. Ambos nutrientes est\u00e1n implicados en el mantenimiento de la integridad celular durante el proceso de divisi\u00f3n celular que se produce durante la formaci\u00f3n del fruto.<\/p>\n<p><img decoding=\"async\" class=\"alignnone size-full wp-image-583\" src=\"https:\/\/fervalle.com\/wp-content\/uploads\/2022\/02\/FOLIAR-FERVALLE.jpg\" alt=\"\" width=\"70\" height=\"70\" srcset=\"https:\/\/www.fervalle.com\/wp-content\/uploads\/2022\/02\/FOLIAR-FERVALLE.jpg 70w, https:\/\/www.fervalle.com\/wp-content\/uploads\/2022\/02\/FOLIAR-FERVALLE-64x64.jpg 64w\" sizes=\"(max-width: 70px) 100vw, 70px\" \/><img decoding=\"async\" class=\"size-full wp-image-568\" src=\"https:\/\/fervalle.com\/wp-content\/uploads\/2022\/02\/fertirrigacion-logo.jpg\" alt=\"\" width=\"70\" height=\"70\" srcset=\"https:\/\/www.fervalle.com\/wp-content\/uploads\/2022\/02\/fertirrigacion-logo.jpg 70w, https:\/\/www.fervalle.com\/wp-content\/uploads\/2022\/02\/fertirrigacion-logo-64x64.jpg 64w\" sizes=\"(max-width: 70px) 100vw, 70px\" \/> \u00a0<img decoding=\"async\" class=\"alignnone size-full wp-image-569\" src=\"https:\/\/fervalle.com\/wp-content\/uploads\/2022\/02\/residuo-cero.jpg\" alt=\"\" width=\"70\" height=\"70\" srcset=\"https:\/\/www.fervalle.com\/wp-content\/uploads\/2022\/02\/residuo-cero.jpg 70w, https:\/\/www.fervalle.com\/wp-content\/uploads\/2022\/02\/residuo-cero-64x64.jpg 64w\" sizes=\"(max-width: 70px) 100vw, 70px\" \/><\/p>\n<p><span style=\"font-size: 12pt;\"><strong>VENTAJAS Y BENEFICIOS:<\/strong><\/span><\/p>\n<ul>\n<li>Alta movilidad del calcio a trav\u00e9s del floema gracias al complejo formado con el nitr\u00f3geno.<\/li>\n<li>Participa en la divisi\u00f3n celular, fortaleciendo la pared celular, durante el proceso de formaci\u00f3n del fruto.<\/li>\n<\/ul>\n<p><b>DOSIS Y MODO DE EMPLEO:<\/b><\/p>\n<div style=\"overflow-x: auto;\">\n<table style=\"width: 100%;\">\n<tbody>\n<tr>\n<td style=\"background-color: #353f48;\" width=\"154\"><span style=\"color: #ffffff;\"><strong>CULTIVO<\/strong><\/span><\/td>\n<td style=\"background-color: #353f48;\" width=\"272\"><span style=\"color: #ffffff;\"><strong>MOMENTO DE APLICACI\u00d3N<\/strong><\/span><\/td>\n<td style=\"background-color: #353f48;\" width=\"195\"><span style=\"color: #ffffff;\"><strong>FOLIAR<\/strong><\/span><\/td>\n<td style=\"background-color: #353f48;\" width=\"159\"><span style=\"color: #ffffff;\"><strong>FERTIRRIGACI\u00d3N<\/strong><\/span><\/td>\n<\/tr>\n<tr>\n<td width=\"154\">Frutales<\/td>\n<td rowspan=\"5\" width=\"272\">Aplicar desde el inicio del proceso de formaci\u00f3n del fruto, hasta su recolecci\u00f3n<\/td>\n<td rowspan=\"5\" width=\"195\">2 &#8211; 3 litros\/1000 litros<\/td>\n<td rowspan=\"5\" width=\"159\">&nbsp;<\/p>\n<p>3 &#8211; 4 litros\/ha<\/p>\n<p>&nbsp;<\/td>\n<\/tr>\n<tr>\n<td width=\"154\">Hort\u00edcolas<\/td>\n<\/tr>\n<tr>\n<td width=\"154\">Olivo<\/td>\n<\/tr>\n<tr>\n<td width=\"154\">Uva de mesa y vid<\/td>\n<\/tr>\n<tr>\n<td width=\"154\">C\u00edtricos<\/td>\n<\/tr>\n<\/tbody>\n<\/table>\n<\/div>\n<p><span style=\"font-size: 12pt;\"><strong>Composici\u00f3n:<\/strong> calcio, boro y nitr\u00f3geno.<\/span><\/p>\n","protected":false},"featured_media":1375,"template":"","meta":{"_joinchat":[]},"product_brand":[],"product_cat":[24],"product_tag":[452],"class_list":{"0":"post-659","1":"product","2":"type-product","3":"status-publish","4":"has-post-thumbnail","6":"product_cat-green-line","7":"product_tag-multiplicador-celular","8":"pa_composicion-boro","9":"pa_composicion-calcio","10":"pa_composicion-nitrogeno","11":"pa_funcion-division-celular","12":"pa_funcion-multiplicadores-celulares","14":"first","15":"instock","16":"shipping-taxable","17":"product-type-simple"},"jetpack_sharing_enabled":true,"_links":{"self":[{"href":"https:\/\/www.fervalle.com\/zh-hans\/wp-json\/wp\/v2\/product\/659","targetHints":{"allow":["GET"]}}],"collection":[{"href":"https:\/\/www.fervalle.com\/zh-hans\/wp-json\/wp\/v2\/product"}],"about":[{"href":"https:\/\/www.fervalle.com\/zh-hans\/wp-json\/wp\/v2\/types\/product"}],"version-history":[{"count":7,"href":"https:\/\/www.fervalle.com\/zh-hans\/wp-json\/wp\/v2\/product\/659\/revisions"}],"predecessor-version":[{"id":14288,"href":"https:\/\/www.fervalle.com\/zh-hans\/wp-json\/wp\/v2\/product\/659\/revisions\/14288"}],"wp:featuredmedia":[{"embeddable":true,"href":"https:\/\/www.fervalle.com\/zh-hans\/wp-json\/wp\/v2\/media\/1375"}],"wp:attachment":[{"href":"https:\/\/www.fervalle.com\/zh-hans\/wp-json\/wp\/v2\/media?parent=659"}],"wp:term":[{"taxonomy":"product_brand","embeddable":true,"href":"https:\/\/www.fervalle.com\/zh-hans\/wp-json\/wp\/v2\/product_brand?post=659"},{"taxonomy":"product_cat","embeddable":true,"href":"https:\/\/www.fervalle.com\/zh-hans\/wp-json\/wp\/v2\/product_cat?post=659"},{"taxonomy":"product_tag","embeddable":true,"href":"https:\/\/www.fervalle.com\/zh-hans\/wp-json\/wp\/v2\/product_tag?post=659"}],"curies":[{"name":"wp","href":"https:\/\/api.w.org\/{rel}","templated":true}]}}