{"id":581,"date":"2022-02-09T12:14:15","date_gmt":"2022-02-09T12:14:15","guid":{"rendered":"https:\/\/fervalle.com\/?post_type=product&#038;p=581"},"modified":"2023-02-22T11:54:16","modified_gmt":"2023-02-22T11:54:16","slug":"fosmax-nt-eco","status":"publish","type":"product","link":"https:\/\/www.fervalle.com\/zh-hans\/fosmax-nt-eco\/","title":{"rendered":"FOSMAX\u00ae N\/ECO"},"content":{"rendered":"","protected":false},"excerpt":{"rendered":"<div class=\"zw-line-div\">\n<h2 style=\"text-align: justify;\"><b>Fertilizante l\u00edquido con pH neutro de f\u00f3sforo y potasio con efecto enraizante.<b><\/b><\/b><\/h2>\n<p class=\"zw-line-content\" style=\"text-align: justify;\"><strong>Soluci\u00f3n nutricional con pH neutro equilibrada con f\u00f3sforo y potasio que, ayuda a favorecer la biodisponibilidad de nutrientes esenciales como el nitr\u00f3geno, calcio, magnesio y el hierro<\/strong> presente en el complejo de cambio del suelo. Este producto est\u00e1 especialmente indicado para el desarrollo radicular, el aumento y mejora de la floraci\u00f3n en la planta, el cuajado y maduraci\u00f3n del fruto.<\/p>\n<\/div>\n<p><img decoding=\"async\" class=\"alignnone size-full wp-image-582\" src=\"https:\/\/fervalle.com\/wp-content\/uploads\/2022\/02\/ECO-FERVALLE.jpg\" alt=\"\" width=\"70\" height=\"70\" srcset=\"https:\/\/www.fervalle.com\/wp-content\/uploads\/2022\/02\/ECO-FERVALLE.jpg 70w, https:\/\/www.fervalle.com\/wp-content\/uploads\/2022\/02\/ECO-FERVALLE-64x64.jpg 64w\" sizes=\"(max-width: 70px) 100vw, 70px\" \/><img decoding=\"async\" class=\"alignnone size-full wp-image-583\" src=\"https:\/\/fervalle.com\/wp-content\/uploads\/2022\/02\/FOLIAR-FERVALLE.jpg\" alt=\"\" width=\"70\" height=\"70\" srcset=\"https:\/\/www.fervalle.com\/wp-content\/uploads\/2022\/02\/FOLIAR-FERVALLE.jpg 70w, https:\/\/www.fervalle.com\/wp-content\/uploads\/2022\/02\/FOLIAR-FERVALLE-64x64.jpg 64w\" sizes=\"(max-width: 70px) 100vw, 70px\" \/><img decoding=\"async\" class=\"size-full wp-image-568\" src=\"https:\/\/fervalle.com\/wp-content\/uploads\/2022\/02\/fertirrigacion-logo.jpg\" alt=\"\" width=\"70\" height=\"70\" srcset=\"https:\/\/www.fervalle.com\/wp-content\/uploads\/2022\/02\/fertirrigacion-logo.jpg 70w, https:\/\/www.fervalle.com\/wp-content\/uploads\/2022\/02\/fertirrigacion-logo-64x64.jpg 64w\" sizes=\"(max-width: 70px) 100vw, 70px\" \/><img loading=\"lazy\" decoding=\"async\" class=\"alignnone size-full wp-image-569\" src=\"https:\/\/fervalle.com\/wp-content\/uploads\/2022\/02\/residuo-cero.jpg\" alt=\"\" width=\"70\" height=\"70\" srcset=\"https:\/\/www.fervalle.com\/wp-content\/uploads\/2022\/02\/residuo-cero.jpg 70w, https:\/\/www.fervalle.com\/wp-content\/uploads\/2022\/02\/residuo-cero-64x64.jpg 64w\" sizes=\"(max-width: 70px) 100vw, 70px\" \/><img loading=\"lazy\" decoding=\"async\" class=\"alignnone size-full wp-image-584\" src=\"https:\/\/fervalle.com\/wp-content\/uploads\/2022\/02\/SHC-CERTIFICACION.jpg\" alt=\"\" width=\"70\" height=\"70\" srcset=\"https:\/\/www.fervalle.com\/wp-content\/uploads\/2022\/02\/SHC-CERTIFICACION.jpg 70w, https:\/\/www.fervalle.com\/wp-content\/uploads\/2022\/02\/SHC-CERTIFICACION-64x64.jpg 64w\" sizes=\"(max-width: 70px) 100vw, 70px\" \/><img loading=\"lazy\" decoding=\"async\" class=\"alignnone size-full wp-image-585\" src=\"https:\/\/fervalle.com\/wp-content\/uploads\/2022\/02\/ECOCERT-LOGOTIPO.jpg\" alt=\"\" width=\"70\" height=\"70\" srcset=\"https:\/\/www.fervalle.com\/wp-content\/uploads\/2022\/02\/ECOCERT-LOGOTIPO.jpg 70w, https:\/\/www.fervalle.com\/wp-content\/uploads\/2022\/02\/ECOCERT-LOGOTIPO-64x64.jpg 64w\" sizes=\"(max-width: 70px) 100vw, 70px\" \/><\/p>\n<p><strong>CERTIFICACIONES PARA AGRICULTURA:<\/strong> ECOL\u00d3GICO<\/p>\n<p><span style=\"font-size: 12pt;\"><strong>VENTAJAS Y BENEFICIOS:<\/strong><\/span><\/p>\n<ul>\n<li>Ayuda a mantener una nutrici\u00f3n equilibrada en la ra\u00edz de la planta.<\/li>\n<li>Activa el metabolismo de la planta favoreciendo la producci\u00f3n de mol\u00e9culas esenciales durante el desarrollo vegetativo.<\/li>\n<li>Promueve el crecimiento de bacterias beneficiosas para el suelo que, transforman qu\u00edmicamente los nutrientes para que sean f\u00e1cilmente absorbidos por la planta.<\/li>\n<\/ul>\n<p><b>DOSIS Y MODO DE EMPLEO:<\/b><\/p>\n<div style=\"overflow-x: auto;\">\n<table style=\"width: 100%;\">\n<tbody>\n<tr>\n<td style=\"background-color: #394148;\" width=\"154\"><span style=\"color: #ffffff;\"><strong>CULTIVO<\/strong><\/span><\/td>\n<td style=\"background-color: #394148;\" width=\"272\"><span style=\"color: #ffffff;\"><strong>MOMENTO DE APLICACI\u00d3N<\/strong><\/span><\/td>\n<td style=\"background-color: #394148;\" width=\"195\"><span style=\"color: #ffffff;\"><strong>FOLIAR<\/strong><\/span><\/td>\n<td style=\"background-color: #394148; width: 159px;\" width=\"159\"><span style=\"color: #ffffff;\"><strong>FERTIRRIGACI\u00d3N<\/strong><\/span><\/td>\n<\/tr>\n<tr>\n<td width=\"154\">Frutales<\/td>\n<td width=\"272\">Durante el inicio de la floraci\u00f3n, principio cuajado y hasta la maduraci\u00f3n del fruto<\/td>\n<td rowspan=\"5\" width=\"195\">3 &#8211; 7 litros\/1000 litros.<\/td>\n<td rowspan=\"5\" width=\"159\">&nbsp;<\/p>\n<p>6 &#8211; 12 litros\/ha.<\/p>\n<p>&nbsp;<\/td>\n<\/tr>\n<tr>\n<td width=\"154\">Hort\u00edcolas<\/td>\n<td width=\"272\">Desde el postrasplante hasta el fin del ciclo del cultivo<\/td>\n<\/tr>\n<tr>\n<td width=\"154\">Olivo<\/td>\n<td width=\"272\">Desde el inicio de la floraci\u00f3n y cuajado del fruto<\/td>\n<\/tr>\n<tr>\n<td width=\"154\">Uva de mesa y vid<\/td>\n<td width=\"272\">Desde la aparici\u00f3n de los botones florales y hasta el cuajado del fruto<\/td>\n<\/tr>\n<tr>\n<td width=\"154\">C\u00edtricos<\/td>\n<td width=\"272\">A partir de la floraci\u00f3n y durante el proceso de formaci\u00f3n del fruto<\/td>\n<\/tr>\n<\/tbody>\n<\/table>\n<\/div>\n<p><strong style=\"font-size: 12pt;\">Composici\u00f3n:<\/strong><span style=\"font-size: 12pt;\"> f\u00f3sforo<\/span><span style=\"font-size: 12pt;\"> y potasio<\/span><span style=\"font-size: 12pt;\">.<\/span><\/p>\n<p>&nbsp;<\/p>\n","protected":false},"featured_media":5013,"template":"","meta":{"_joinchat":[]},"product_brand":[],"product_cat":[24,28],"product_tag":[458],"class_list":{"0":"post-581","1":"product","2":"type-product","3":"status-publish","4":"has-post-thumbnail","6":"product_cat-green-line","7":"product_cat-star-line","8":"product_tag-enraizante-en-base-fosforo-y-potasio","9":"pa_composicion-fosforo","10":"pa_composicion-potasio","11":"pa_funcion-enraizantes","12":"pa_funcion-potenciador-radicular","13":"pa_funcion-potenciadores-de-floracion","14":"pa_funcion-rescatadores-de-nutrientes","16":"first","17":"instock","18":"shipping-taxable","19":"product-type-simple"},"jetpack_sharing_enabled":true,"_links":{"self":[{"href":"https:\/\/www.fervalle.com\/zh-hans\/wp-json\/wp\/v2\/product\/581","targetHints":{"allow":["GET"]}}],"collection":[{"href":"https:\/\/www.fervalle.com\/zh-hans\/wp-json\/wp\/v2\/product"}],"about":[{"href":"https:\/\/www.fervalle.com\/zh-hans\/wp-json\/wp\/v2\/types\/product"}],"version-history":[{"count":10,"href":"https:\/\/www.fervalle.com\/zh-hans\/wp-json\/wp\/v2\/product\/581\/revisions"}],"predecessor-version":[{"id":14618,"href":"https:\/\/www.fervalle.com\/zh-hans\/wp-json\/wp\/v2\/product\/581\/revisions\/14618"}],"wp:featuredmedia":[{"embeddable":true,"href":"https:\/\/www.fervalle.com\/zh-hans\/wp-json\/wp\/v2\/media\/5013"}],"wp:attachment":[{"href":"https:\/\/www.fervalle.com\/zh-hans\/wp-json\/wp\/v2\/media?parent=581"}],"wp:term":[{"taxonomy":"product_brand","embeddable":true,"href":"https:\/\/www.fervalle.com\/zh-hans\/wp-json\/wp\/v2\/product_brand?post=581"},{"taxonomy":"product_cat","embeddable":true,"href":"https:\/\/www.fervalle.com\/zh-hans\/wp-json\/wp\/v2\/product_cat?post=581"},{"taxonomy":"product_tag","embeddable":true,"href":"https:\/\/www.fervalle.com\/zh-hans\/wp-json\/wp\/v2\/product_tag?post=581"}],"curies":[{"name":"wp","href":"https:\/\/api.w.org\/{rel}","templated":true}]}}