{"id":820,"date":"2022-02-17T10:13:18","date_gmt":"2022-02-17T10:13:18","guid":{"rendered":"https:\/\/fervalle.com\/?post_type=product&#038;p=820"},"modified":"2023-11-20T13:43:41","modified_gmt":"2023-11-20T13:43:41","slug":"poseidon","status":"publish","type":"product","link":"https:\/\/www.fervalle.com\/tr\/urun\/poseidon\/","title":{"rendered":"POSEID\u00d3N\u00ae"},"content":{"rendered":"","protected":false},"excerpt":{"rendered":"<h2 style=\"text-align: justify;\"><strong>Fertilizante l\u00edquido con efecto activador tras la \u00e9poca fr\u00eda del invierno.<\/strong><\/h2>\n<p style=\"text-align: justify;\">Fertilizante l\u00edquido con magnesio que, tras las horas de fr\u00edo que necesita el cultivo para iniciar un nuevo ciclo del cultivo, genera un adelanto de la floraci\u00f3n de forma uniforme.<\/p>\n<p><img decoding=\"async\" class=\"alignnone size-full wp-image-583\" src=\"https:\/\/fervalle.com\/wp-content\/uploads\/2022\/02\/FOLIAR-FERVALLE.jpg\" alt=\"\" width=\"70\" height=\"70\" srcset=\"https:\/\/www.fervalle.com\/wp-content\/uploads\/2022\/02\/FOLIAR-FERVALLE.jpg 70w, https:\/\/www.fervalle.com\/wp-content\/uploads\/2022\/02\/FOLIAR-FERVALLE-64x64.jpg 64w\" sizes=\"(max-width: 70px) 100vw, 70px\" \/>\u00a0\u00a0<img decoding=\"async\" class=\"alignnone size-full wp-image-569\" src=\"https:\/\/fervalle.com\/wp-content\/uploads\/2022\/02\/residuo-cero.jpg\" alt=\"\" width=\"70\" height=\"70\" srcset=\"https:\/\/www.fervalle.com\/wp-content\/uploads\/2022\/02\/residuo-cero.jpg 70w, https:\/\/www.fervalle.com\/wp-content\/uploads\/2022\/02\/residuo-cero-64x64.jpg 64w\" sizes=\"(max-width: 70px) 100vw, 70px\" \/><\/p>\n<p><span style=\"font-size: 12pt;\"><strong>VENTAJAS Y BENEFICIOS:<\/strong><\/span><\/p>\n<ul>\n<li>Activa a la planta tras la parada de invierno, para iniciar un nuevo ciclo de crecimiento.<\/li>\n<li>Incrementa la s\u00edntesis de mol\u00e9culas esenciales para el desarrollo de las yemas apicales.<\/li>\n<li>Promueve que la floraci\u00f3n sea totalmente uniforme.<\/li>\n<\/ul>\n<p><b>DOSIS Y MODO DE EMPLEO:<\/b><\/p>\n<div style=\"overflow-x: auto;\">\n<table style=\"width: 100%;\">\n<tbody>\n<tr>\n<td style=\"background-color: #353f48;\" width=\"154\"><span style=\"color: #ffffff;\"><strong>CULTIVO<\/strong><\/span><\/td>\n<td style=\"background-color: #353f48;\" width=\"272\"><span style=\"color: #ffffff;\"><strong>MOMENTO DE APLICACI\u00d3N<\/strong><\/span><\/td>\n<td style=\"background-color: #353f48;\" width=\"195\"><span style=\"color: #ffffff;\"><strong>DOSIS<\/strong><\/span><\/td>\n<\/tr>\n<tr>\n<td width=\"154\">Uva de mesa<\/td>\n<td width=\"272\">30-45 antes de la normal brotaci\u00f3n.<\/td>\n<td width=\"195\">5 % (5L\/100L agua)<\/td>\n<\/tr>\n<tr>\n<td width=\"154\">Melocot\u00f3n y nectarina<\/td>\n<td rowspan=\"3\" width=\"272\">20-30 d\u00edas antes del movimiento de yemas.<\/td>\n<td width=\"195\">2,5-4 %<\/td>\n<\/tr>\n<tr>\n<td width=\"154\">Albaricoque y Ciruelo<\/td>\n<td width=\"195\">2,5-3 %<\/td>\n<\/tr>\n<tr>\n<td width=\"154\">Peral y manzano<\/td>\n<td width=\"195\">4 %<\/td>\n<\/tr>\n<tr>\n<td width=\"154\">Kiwi<\/td>\n<td width=\"272\">30-40 d\u00edas antes de la brotaci\u00f3n.<\/td>\n<td width=\"195\">3,5-4,5 %<\/td>\n<\/tr>\n<tr>\n<td width=\"154\">Frambuesa y Ar\u00e1ndanos<\/td>\n<td width=\"272\">25-30 d\u00edas antes de la normal brotaci\u00f3n.<\/td>\n<td width=\"195\">2-3 %<\/td>\n<\/tr>\n<tr>\n<td width=\"154\">Nogales<\/td>\n<td width=\"272\">30-40 d\u00edas antes de la brotaci\u00f3n.<\/td>\n<td width=\"195\">2,5-3 %<\/td>\n<\/tr>\n<\/tbody>\n<\/table>\n<\/div>\n<p><span style=\"font-size: 12pt;\"><strong>Composici\u00f3n:<\/strong> magnesio.<\/span><\/p>\n","protected":false},"featured_media":24450,"template":"","meta":{"_joinchat":{"view":"no"}},"product_brand":[],"product_cat":[28],"product_tag":[467,429],"class_list":{"0":"post-820","1":"product","2":"type-product","3":"status-publish","4":"has-post-thumbnail","6":"product_cat-star-line","7":"product_tag-adelantador-cosecha-aporte-horas-frio","8":"product_tag-poseidon","9":"pa_composicion-magnesio","10":"pa_funcion-adelantadores-de-cosecha","11":"pa_funcion-aporte-horas-frio","13":"first","14":"instock","15":"shipping-taxable","16":"product-type-simple"},"jetpack_sharing_enabled":true,"_links":{"self":[{"href":"https:\/\/www.fervalle.com\/tr\/wp-json\/wp\/v2\/product\/820","targetHints":{"allow":["GET"]}}],"collection":[{"href":"https:\/\/www.fervalle.com\/tr\/wp-json\/wp\/v2\/product"}],"about":[{"href":"https:\/\/www.fervalle.com\/tr\/wp-json\/wp\/v2\/types\/product"}],"version-history":[{"count":17,"href":"https:\/\/www.fervalle.com\/tr\/wp-json\/wp\/v2\/product\/820\/revisions"}],"predecessor-version":[{"id":24459,"href":"https:\/\/www.fervalle.com\/tr\/wp-json\/wp\/v2\/product\/820\/revisions\/24459"}],"wp:featuredmedia":[{"embeddable":true,"href":"https:\/\/www.fervalle.com\/tr\/wp-json\/wp\/v2\/media\/24450"}],"wp:attachment":[{"href":"https:\/\/www.fervalle.com\/tr\/wp-json\/wp\/v2\/media?parent=820"}],"wp:term":[{"taxonomy":"product_brand","embeddable":true,"href":"https:\/\/www.fervalle.com\/tr\/wp-json\/wp\/v2\/product_brand?post=820"},{"taxonomy":"product_cat","embeddable":true,"href":"https:\/\/www.fervalle.com\/tr\/wp-json\/wp\/v2\/product_cat?post=820"},{"taxonomy":"product_tag","embeddable":true,"href":"https:\/\/www.fervalle.com\/tr\/wp-json\/wp\/v2\/product_tag?post=820"}],"curies":[{"name":"wp","href":"https:\/\/api.w.org\/{rel}","templated":true}]}}