{"id":797,"date":"2022-02-17T09:04:57","date_gmt":"2022-02-17T09:04:57","guid":{"rendered":"https:\/\/fervalle.com\/?post_type=product&#038;p=797"},"modified":"2024-07-17T06:29:15","modified_gmt":"2024-07-17T06:29:15","slug":"qualis","status":"publish","type":"product","link":"https:\/\/www.fervalle.com\/tr\/urun\/qualis\/","title":{"rendered":"QUALIS\u00ae"},"content":{"rendered":"","protected":false},"excerpt":{"rendered":"<h2 style=\"text-align: justify;\">Indicado para mejorar, estimular y potenciar diferentes funciones fisiol\u00f3gicas del cultivo.<\/h2>\n<p style=\"text-align: justify;\"><strong>El boro y el molibdeno est\u00e1n implicados en las diferentes fases de desarrollo y crecimiento, como la aparici\u00f3n precoz de polen y un aumento de la floraci\u00f3n y fructificaci\u00f3n<\/strong>. Ambos forman parte de la estructura de las prote\u00ednas de las bacterias beneficiosas para la planta que, est\u00e1n implicadas en la captaci\u00f3n y absorci\u00f3n de nitr\u00f3geno y f\u00f3sforo. Por otro lado, el cobalto est\u00e1 implicado en el metabolismo de la s\u00edntesis de az\u00facares y de prote\u00ednas implicadas en el desarrollo de la planta y, adem\u00e1s, juega un papel importante en el metabolismo de la regulaci\u00f3n hormonal del etileno, disminuyendo su formaci\u00f3n y aumentando la duraci\u00f3n de los frutos una vez cortados.<\/p>\n<p><img decoding=\"async\" class=\"alignnone size-full wp-image-582\" src=\"https:\/\/fervalle.com\/wp-content\/uploads\/2022\/02\/ECO-FERVALLE.jpg\" alt=\"\" width=\"70\" height=\"70\" srcset=\"https:\/\/www.fervalle.com\/wp-content\/uploads\/2022\/02\/ECO-FERVALLE.jpg 70w, https:\/\/www.fervalle.com\/wp-content\/uploads\/2022\/02\/ECO-FERVALLE-64x64.jpg 64w\" sizes=\"(max-width: 70px) 100vw, 70px\" \/><img decoding=\"async\" class=\"alignnone size-full wp-image-583\" src=\"https:\/\/fervalle.com\/wp-content\/uploads\/2022\/02\/FOLIAR-FERVALLE.jpg\" alt=\"\" width=\"70\" height=\"70\" srcset=\"https:\/\/www.fervalle.com\/wp-content\/uploads\/2022\/02\/FOLIAR-FERVALLE.jpg 70w, https:\/\/www.fervalle.com\/wp-content\/uploads\/2022\/02\/FOLIAR-FERVALLE-64x64.jpg 64w\" sizes=\"(max-width: 70px) 100vw, 70px\" \/><img decoding=\"async\" class=\"size-full wp-image-568\" src=\"https:\/\/fervalle.com\/wp-content\/uploads\/2022\/02\/fertirrigacion-logo.jpg\" alt=\"\" width=\"70\" height=\"70\" srcset=\"https:\/\/www.fervalle.com\/wp-content\/uploads\/2022\/02\/fertirrigacion-logo.jpg 70w, https:\/\/www.fervalle.com\/wp-content\/uploads\/2022\/02\/fertirrigacion-logo-64x64.jpg 64w\" sizes=\"(max-width: 70px) 100vw, 70px\" \/><span style=\"font-size: inherit;\">\u00a0<\/span><img loading=\"lazy\" decoding=\"async\" class=\"alignnone size-full wp-image-569\" style=\"font-size: inherit;\" src=\"https:\/\/fervalle.com\/wp-content\/uploads\/2022\/02\/residuo-cero.jpg\" alt=\"\" width=\"70\" height=\"70\" srcset=\"https:\/\/www.fervalle.com\/wp-content\/uploads\/2022\/02\/residuo-cero.jpg 70w, https:\/\/www.fervalle.com\/wp-content\/uploads\/2022\/02\/residuo-cero-64x64.jpg 64w\" sizes=\"(max-width: 70px) 100vw, 70px\" \/><img loading=\"lazy\" decoding=\"async\" class=\"alignnone size-full wp-image-588\" style=\"font-size: inherit;\" src=\"https:\/\/fervalle.com\/wp-content\/uploads\/2022\/02\/CAAE-FERVALLE-LOGOTIPO.jpg\" alt=\"\" width=\"70\" height=\"70\" srcset=\"https:\/\/www.fervalle.com\/wp-content\/uploads\/2022\/02\/CAAE-FERVALLE-LOGOTIPO.jpg 70w, https:\/\/www.fervalle.com\/wp-content\/uploads\/2022\/02\/CAAE-FERVALLE-LOGOTIPO-64x64.jpg 64w\" sizes=\"(max-width: 70px) 100vw, 70px\" \/><span style=\"font-size: inherit;\">\u00a0 \u00a0 \u00a0\u00a0<\/span><\/p>\n<p><strong>CERTIFICACIONES PARA AGRICULTURA:<\/strong> ECOL\u00d3GICO.<\/p>\n<p><span style=\"font-size: 12pt;\"><strong>VENTAJAS Y BENEFICIOS:<\/strong><\/span><\/p>\n<ul>\n<li>Favorece la captaci\u00f3n de nitr\u00f3geno y f\u00f3sforo a trav\u00e9s de la hoja de la planta.<\/li>\n<li>Promueve el aumento de la floraci\u00f3n.<\/li>\n<li>Potencia la calidad del polen para obtener una fructificaci\u00f3n \u00f3ptima.<\/li>\n<li>El cobalto disminuye la formaci\u00f3n del etileno, hormona implicada en la senescencia de la planta.<\/li>\n<\/ul>\n<p><b>DOSIS Y MODO DE EMPLEO:<\/b><\/p>\n<div style=\"overflow-x: auto;\">\n<table style=\"width: 100%;\">\n<tbody>\n<tr>\n<td style=\"background-color: #353f48;\" width=\"139\"><span style=\"color: #ffffff;\"><strong>CULTIVO<\/strong><\/span><\/td>\n<td style=\"background-color: #353f48;\" width=\"236\"><span style=\"color: #ffffff;\"><strong>MOMENTO DE APLICACI\u00d3N<\/strong><\/span><\/td>\n<td style=\"background-color: #353f48;\" width=\"175\"><span style=\"color: #ffffff;\"><strong>FOLIAR<\/strong><\/span><\/td>\n<td style=\"background-color: #353f48;\" width=\"158\"><span style=\"color: #ffffff;\"><strong>FERTIRRIGACI\u00d3N<\/strong><\/span><\/td>\n<\/tr>\n<tr>\n<td width=\"139\">Frutales<\/td>\n<td width=\"236\">Durante el cuajado y hasta la maduraci\u00f3n del fruto<\/td>\n<td rowspan=\"5\" width=\"175\">1 &#8211; 2 litros\/1000 litros.<\/td>\n<td rowspan=\"5\" width=\"158\">2 &#8211; 3 litros\/ha.<\/td>\n<\/tr>\n<tr>\n<td width=\"139\">Hort\u00edcolas<\/td>\n<td width=\"236\">Durante el proceso de formaci\u00f3n del fruto<\/td>\n<\/tr>\n<tr>\n<td width=\"139\">Olivo<\/td>\n<td width=\"236\">Desde el cuajado del fruto<\/td>\n<\/tr>\n<tr>\n<td width=\"139\">Uva de mesa y vid<\/td>\n<td width=\"236\">Desde el cuajado del fruto<\/td>\n<\/tr>\n<tr>\n<td width=\"139\">C\u00edtricos<\/td>\n<td width=\"236\">Durante el proceso de formaci\u00f3n del fruto<\/td>\n<\/tr>\n<\/tbody>\n<\/table>\n<\/div>\n<p><span style=\"font-size: 12pt;\"><strong>Composici\u00f3n:<\/strong> boro, molibdeno y cobalto.<\/span><\/p>\n","protected":false},"featured_media":12141,"template":"","meta":{"_joinchat":{"message_send":"Hola, quiero m\u00e1s informaci\u00f3n sobre QUALIS.","view":"yes"}},"product_brand":[],"product_cat":[28],"product_tag":[468,864],"class_list":{"0":"post-797","1":"product","2":"type-product","3":"status-publish","4":"has-post-thumbnail","6":"product_cat-star-line","7":"product_tag-boro-molibdeno-cobalto","8":"product_tag-qualis","9":"pa_composicion-boro","10":"pa_composicion-cobalto","11":"pa_composicion-molibdeno","12":"pa_funcion-durabilidad-postcosecha","13":"pa_funcion-engorde","14":"pa_funcion-potenciadores-de-cuajado","16":"first","17":"instock","18":"shipping-taxable","19":"product-type-simple"},"jetpack_sharing_enabled":true,"_links":{"self":[{"href":"https:\/\/www.fervalle.com\/tr\/wp-json\/wp\/v2\/product\/797","targetHints":{"allow":["GET"]}}],"collection":[{"href":"https:\/\/www.fervalle.com\/tr\/wp-json\/wp\/v2\/product"}],"about":[{"href":"https:\/\/www.fervalle.com\/tr\/wp-json\/wp\/v2\/types\/product"}],"version-history":[{"count":7,"href":"https:\/\/www.fervalle.com\/tr\/wp-json\/wp\/v2\/product\/797\/revisions"}],"predecessor-version":[{"id":28144,"href":"https:\/\/www.fervalle.com\/tr\/wp-json\/wp\/v2\/product\/797\/revisions\/28144"}],"wp:featuredmedia":[{"embeddable":true,"href":"https:\/\/www.fervalle.com\/tr\/wp-json\/wp\/v2\/media\/12141"}],"wp:attachment":[{"href":"https:\/\/www.fervalle.com\/tr\/wp-json\/wp\/v2\/media?parent=797"}],"wp:term":[{"taxonomy":"product_brand","embeddable":true,"href":"https:\/\/www.fervalle.com\/tr\/wp-json\/wp\/v2\/product_brand?post=797"},{"taxonomy":"product_cat","embeddable":true,"href":"https:\/\/www.fervalle.com\/tr\/wp-json\/wp\/v2\/product_cat?post=797"},{"taxonomy":"product_tag","embeddable":true,"href":"https:\/\/www.fervalle.com\/tr\/wp-json\/wp\/v2\/product_tag?post=797"}],"curies":[{"name":"wp","href":"https:\/\/api.w.org\/{rel}","templated":true}]}}