{"id":563,"date":"2022-02-09T11:24:40","date_gmt":"2022-02-09T11:24:40","guid":{"rendered":"https:\/\/fervalle.com\/?post_type=product&#038;p=563"},"modified":"2023-10-11T06:16:37","modified_gmt":"2023-10-11T06:16:37","slug":"fosmax","status":"publish","type":"product","link":"https:\/\/www.fervalle.com\/tr\/urun\/fosmax\/","title":{"rendered":"FOSMAX\u00ae"},"content":{"rendered":"","protected":false},"excerpt":{"rendered":"<h2><b>Potente Enraizador<\/b><b style=\"font-family: inherit; font-style: inherit;\">\u00a0con alto contenido en f\u00f3sforo y potasio<\/b><\/h2>\n<p style=\"text-align: justify;\"><b>Fertilizante indicado para el desarrollo de un potente aparato radicular, mejora de la floraci\u00f3n en la planta y del cuajado y maduraci\u00f3n del fruto.<\/b> La incorporaci\u00f3n al suelo de cuatro tipos de f\u00f3sforo permite una r\u00e1pida asimilaci\u00f3n y mayor biodisponibilidad en comparaci\u00f3n con los fertilizantes fosfatados tradicionales. Adem\u00e1s, facilita la asimilaci\u00f3n de los nutrientes no asimilables para la planta gracias a la mol\u00e9cula FPC consiguiendo que puedan ser rescatados y absorbidos por la ra\u00edz.<\/p>\n<p><img decoding=\"async\" class=\"size-full wp-image-568\" src=\"https:\/\/fervalle.com\/wp-content\/uploads\/2022\/02\/fertirrigacion-logo.jpg\" alt=\"\" width=\"70\" height=\"70\" srcset=\"https:\/\/www.fervalle.com\/wp-content\/uploads\/2022\/02\/fertirrigacion-logo.jpg 70w, https:\/\/www.fervalle.com\/wp-content\/uploads\/2022\/02\/fertirrigacion-logo-64x64.jpg 64w\" sizes=\"(max-width: 70px) 100vw, 70px\" \/><img decoding=\"async\" class=\"alignnone size-full wp-image-569\" src=\"https:\/\/fervalle.com\/wp-content\/uploads\/2022\/02\/residuo-cero.jpg\" alt=\"\" width=\"70\" height=\"70\" srcset=\"https:\/\/www.fervalle.com\/wp-content\/uploads\/2022\/02\/residuo-cero.jpg 70w, https:\/\/www.fervalle.com\/wp-content\/uploads\/2022\/02\/residuo-cero-64x64.jpg 64w\" sizes=\"(max-width: 70px) 100vw, 70px\" \/><\/p>\n<p><span style=\"font-size: 12pt;\"><strong>VENTAJAS Y BENEFICIOS:<\/strong><\/span><\/p>\n<ul>\n<li>Enraizamiento instant\u00e1neo desde su aplicaci\u00f3n.<\/li>\n<li>Proporciona una fuente de cuatro tipos de f\u00f3sforo para la planta a lo largo del ciclo del cultivo.<\/li>\n<li>El f\u00f3sforo inorg\u00e1nico soluble es directamente absorbido por la planta.<\/li>\n<li>El f\u00f3sforo inorg\u00e1nico quelado por la mol\u00e9cula FPC se mantiene estable en la disoluci\u00f3n del suelo.<\/li>\n<li>El f\u00f3sforo inorg\u00e1nico intercambiable es la fuente de f\u00f3sforo disponible para la planta durante todo su ciclo vegetativo.<\/li>\n<li>El f\u00f3sforo org\u00e1nico es liberado a la fracci\u00f3n soluble del suelo gracias a la s\u00edntesis de mol\u00e9culas org\u00e1nicas producidas por la ra\u00edz y los microorganismos del suelo.<\/li>\n<li>El potasio interviene en la respiraci\u00f3n de la planta, en la creaci\u00f3n de az\u00facares y ayuda al cuajado y engorde de los frutos.<\/li>\n<\/ul>\n","protected":false},"featured_media":12122,"template":"","meta":{"_joinchat":{"message_send":"Hola, quiero m\u00e1s info sobre FOSMAX\u00ae.","view":"no"}},"product_brand":[],"product_cat":[28],"product_tag":[457,40,456],"class_list":{"0":"post-563","1":"product","2":"type-product","3":"status-publish","4":"has-post-thumbnail","6":"product_cat-star-line","7":"product_tag-enraizarte","8":"product_tag-fosmax","9":"product_tag-potente-rescatador","10":"pa_composicion-fosforo","11":"pa_composicion-potasio","12":"pa_funcion-desbloqueadores-de-nutrientes","13":"pa_funcion-enraizantes","14":"pa_funcion-potenciador-radicular","15":"pa_funcion-potenciadores-abonos-npk","16":"pa_funcion-potenciadores-de-floracion","17":"pa_funcion-regeneracion-del-suelo","18":"pa_funcion-rescatadores-de-nutrientes","20":"first","21":"instock","22":"shipping-taxable","23":"product-type-simple"},"jetpack_sharing_enabled":true,"_links":{"self":[{"href":"https:\/\/www.fervalle.com\/tr\/wp-json\/wp\/v2\/product\/563","targetHints":{"allow":["GET"]}}],"collection":[{"href":"https:\/\/www.fervalle.com\/tr\/wp-json\/wp\/v2\/product"}],"about":[{"href":"https:\/\/www.fervalle.com\/tr\/wp-json\/wp\/v2\/types\/product"}],"version-history":[{"count":52,"href":"https:\/\/www.fervalle.com\/tr\/wp-json\/wp\/v2\/product\/563\/revisions"}],"predecessor-version":[{"id":14615,"href":"https:\/\/www.fervalle.com\/tr\/wp-json\/wp\/v2\/product\/563\/revisions\/14615"}],"wp:featuredmedia":[{"embeddable":true,"href":"https:\/\/www.fervalle.com\/tr\/wp-json\/wp\/v2\/media\/12122"}],"wp:attachment":[{"href":"https:\/\/www.fervalle.com\/tr\/wp-json\/wp\/v2\/media?parent=563"}],"wp:term":[{"taxonomy":"product_brand","embeddable":true,"href":"https:\/\/www.fervalle.com\/tr\/wp-json\/wp\/v2\/product_brand?post=563"},{"taxonomy":"product_cat","embeddable":true,"href":"https:\/\/www.fervalle.com\/tr\/wp-json\/wp\/v2\/product_cat?post=563"},{"taxonomy":"product_tag","embeddable":true,"href":"https:\/\/www.fervalle.com\/tr\/wp-json\/wp\/v2\/product_tag?post=563"}],"curies":[{"name":"wp","href":"https:\/\/api.w.org\/{rel}","templated":true}]}}