{"id":1070,"date":"2022-02-18T14:37:31","date_gmt":"2022-02-18T14:37:31","guid":{"rendered":"https:\/\/fervalle.com\/?post_type=product&#038;p=1070"},"modified":"2022-08-09T10:15:17","modified_gmt":"2022-08-09T10:15:17","slug":"allium","status":"publish","type":"product","link":"https:\/\/www.fervalle.com\/tr\/urun\/allium\/","title":{"rendered":"ALLIUM\u00ae"},"content":{"rendered":"","protected":false},"excerpt":{"rendered":"<p style=\"text-align: justify;\">Soluci\u00f3n l\u00edquida de aceite de cebolla que act\u00faa como <strong>repelente y enmascarador de olores<\/strong>. Se emplea en cultivos pertenecientes a las umbel\u00edferas <strong>(zanahorias, apio, nabo, chiriv\u00eda, ra\u00edz de perejil)<\/strong> contra la mosca de la ra\u00edz de la zanahoria (Psila rosae), enmascarando el olor de los cultivos umbel\u00edferos.<\/p>\n<p><img decoding=\"async\" class=\"alignnone size-full wp-image-582\" src=\"https:\/\/fervalle.com\/wp-content\/uploads\/2022\/02\/ECO-FERVALLE.jpg\" alt=\"\" width=\"70\" height=\"70\" srcset=\"https:\/\/www.fervalle.com\/wp-content\/uploads\/2022\/02\/ECO-FERVALLE.jpg 70w, https:\/\/www.fervalle.com\/wp-content\/uploads\/2022\/02\/ECO-FERVALLE-64x64.jpg 64w\" sizes=\"(max-width: 70px) 100vw, 70px\" \/>\u00a0\u00a0<img decoding=\"async\" class=\"alignnone size-full wp-image-569\" src=\"https:\/\/fervalle.com\/wp-content\/uploads\/2022\/02\/residuo-cero.jpg\" alt=\"\" width=\"70\" height=\"70\" srcset=\"https:\/\/www.fervalle.com\/wp-content\/uploads\/2022\/02\/residuo-cero.jpg 70w, https:\/\/www.fervalle.com\/wp-content\/uploads\/2022\/02\/residuo-cero-64x64.jpg 64w\" sizes=\"(max-width: 70px) 100vw, 70px\" \/><\/p>\n<p><span style=\"font-size: 12pt;\"><strong>Composici\u00f3n:<\/strong> Aceite de cebolla.<\/span><\/p>\n","protected":false},"featured_media":3685,"template":"","meta":{"_joinchat":[]},"product_brand":[],"product_cat":[26],"product_tag":[436],"class_list":{"0":"post-1070","1":"product","2":"type-product","3":"status-publish","4":"has-post-thumbnail","6":"product_cat-orange-line","7":"product_tag-repelente","8":"pa_composicion-aceite-de-cebolla","9":"pa_funcion-repelentes","11":"first","12":"instock","13":"shipping-taxable","14":"product-type-simple"},"jetpack_sharing_enabled":true,"_links":{"self":[{"href":"https:\/\/www.fervalle.com\/tr\/wp-json\/wp\/v2\/product\/1070","targetHints":{"allow":["GET"]}}],"collection":[{"href":"https:\/\/www.fervalle.com\/tr\/wp-json\/wp\/v2\/product"}],"about":[{"href":"https:\/\/www.fervalle.com\/tr\/wp-json\/wp\/v2\/types\/product"}],"version-history":[{"count":2,"href":"https:\/\/www.fervalle.com\/tr\/wp-json\/wp\/v2\/product\/1070\/revisions"}],"predecessor-version":[{"id":1433,"href":"https:\/\/www.fervalle.com\/tr\/wp-json\/wp\/v2\/product\/1070\/revisions\/1433"}],"wp:featuredmedia":[{"embeddable":true,"href":"https:\/\/www.fervalle.com\/tr\/wp-json\/wp\/v2\/media\/3685"}],"wp:attachment":[{"href":"https:\/\/www.fervalle.com\/tr\/wp-json\/wp\/v2\/media?parent=1070"}],"wp:term":[{"taxonomy":"product_brand","embeddable":true,"href":"https:\/\/www.fervalle.com\/tr\/wp-json\/wp\/v2\/product_brand?post=1070"},{"taxonomy":"product_cat","embeddable":true,"href":"https:\/\/www.fervalle.com\/tr\/wp-json\/wp\/v2\/product_cat?post=1070"},{"taxonomy":"product_tag","embeddable":true,"href":"https:\/\/www.fervalle.com\/tr\/wp-json\/wp\/v2\/product_tag?post=1070"}],"curies":[{"name":"wp","href":"https:\/\/api.w.org\/{rel}","templated":true}]}}