{"id":1069,"date":"2022-02-18T14:37:13","date_gmt":"2022-02-18T14:37:13","guid":{"rendered":"https:\/\/fervalle.com\/?post_type=product&#038;p=1069"},"modified":"2022-08-09T10:17:46","modified_gmt":"2022-08-09T10:17:46","slug":"clorquitan","status":"publish","type":"product","link":"https:\/\/www.fervalle.com\/tr\/urun\/clorquitan\/","title":{"rendered":"CLORQUITAN\u00ae"},"content":{"rendered":"","protected":false},"excerpt":{"rendered":"<p style=\"text-align: justify;\"><strong>Soluci\u00f3n l\u00edquida a base de clorhidrato de quitosano<\/strong>, cuyo efecto sobre la planta es la de potenciar los mecanismos de defensa de la planta frente al <strong>ataque de hongos y bacterias<\/strong> perjudiciales para el desarrollo y crecimiento de los cultivos. El quitosano es una mol\u00e9cula de origen natural presente en los exoesqueletos de los crust\u00e1ceos marinos, que incrementa la producci\u00f3n de fitoalexinas vegetales.<\/p>\n<p><img decoding=\"async\" class=\"alignnone size-full wp-image-582\" src=\"https:\/\/fervalle.com\/wp-content\/uploads\/2022\/02\/ECO-FERVALLE.jpg\" alt=\"\" width=\"70\" height=\"70\" srcset=\"https:\/\/www.fervalle.com\/wp-content\/uploads\/2022\/02\/ECO-FERVALLE.jpg 70w, https:\/\/www.fervalle.com\/wp-content\/uploads\/2022\/02\/ECO-FERVALLE-64x64.jpg 64w\" sizes=\"(max-width: 70px) 100vw, 70px\" \/><img decoding=\"async\" class=\"alignnone size-full wp-image-568\" src=\"https:\/\/fervalle.com\/wp-content\/uploads\/2022\/02\/fertirrigacion-logo.jpg\" alt=\"\" width=\"70\" height=\"70\" srcset=\"https:\/\/www.fervalle.com\/wp-content\/uploads\/2022\/02\/fertirrigacion-logo.jpg 70w, https:\/\/www.fervalle.com\/wp-content\/uploads\/2022\/02\/fertirrigacion-logo-64x64.jpg 64w\" sizes=\"(max-width: 70px) 100vw, 70px\" \/>\u00a0\u00a0<img decoding=\"async\" class=\"alignnone size-full wp-image-569\" src=\"https:\/\/fervalle.com\/wp-content\/uploads\/2022\/02\/residuo-cero.jpg\" alt=\"\" width=\"70\" height=\"70\" srcset=\"https:\/\/www.fervalle.com\/wp-content\/uploads\/2022\/02\/residuo-cero.jpg 70w, https:\/\/www.fervalle.com\/wp-content\/uploads\/2022\/02\/residuo-cero-64x64.jpg 64w\" sizes=\"(max-width: 70px) 100vw, 70px\" \/><\/p>\n<p><span style=\"font-size: 12pt;\"><strong>Composici\u00f3n:<\/strong> Clorhidrato de quitosano.<\/span><\/p>\n","protected":false},"featured_media":3679,"template":"","meta":{"_joinchat":[]},"product_brand":[],"product_cat":[26],"product_tag":[437],"class_list":{"0":"post-1069","1":"product","2":"type-product","3":"status-publish","4":"has-post-thumbnail","6":"product_cat-orange-line","7":"product_tag-quitosano","8":"pa_composicion-quitosano","9":"pa_funcion-bio-fungicidas","10":"pa_funcion-bio-insecticidas","12":"first","13":"instock","14":"shipping-taxable","15":"product-type-simple"},"jetpack_sharing_enabled":true,"_links":{"self":[{"href":"https:\/\/www.fervalle.com\/tr\/wp-json\/wp\/v2\/product\/1069","targetHints":{"allow":["GET"]}}],"collection":[{"href":"https:\/\/www.fervalle.com\/tr\/wp-json\/wp\/v2\/product"}],"about":[{"href":"https:\/\/www.fervalle.com\/tr\/wp-json\/wp\/v2\/types\/product"}],"version-history":[{"count":4,"href":"https:\/\/www.fervalle.com\/tr\/wp-json\/wp\/v2\/product\/1069\/revisions"}],"predecessor-version":[{"id":1961,"href":"https:\/\/www.fervalle.com\/tr\/wp-json\/wp\/v2\/product\/1069\/revisions\/1961"}],"wp:featuredmedia":[{"embeddable":true,"href":"https:\/\/www.fervalle.com\/tr\/wp-json\/wp\/v2\/media\/3679"}],"wp:attachment":[{"href":"https:\/\/www.fervalle.com\/tr\/wp-json\/wp\/v2\/media?parent=1069"}],"wp:term":[{"taxonomy":"product_brand","embeddable":true,"href":"https:\/\/www.fervalle.com\/tr\/wp-json\/wp\/v2\/product_brand?post=1069"},{"taxonomy":"product_cat","embeddable":true,"href":"https:\/\/www.fervalle.com\/tr\/wp-json\/wp\/v2\/product_cat?post=1069"},{"taxonomy":"product_tag","embeddable":true,"href":"https:\/\/www.fervalle.com\/tr\/wp-json\/wp\/v2\/product_tag?post=1069"}],"curies":[{"name":"wp","href":"https:\/\/api.w.org\/{rel}","templated":true}]}}