{"id":1048,"date":"2022-02-18T12:46:16","date_gmt":"2022-02-18T12:46:16","guid":{"rendered":"https:\/\/fervalle.com\/?post_type=product&#038;p=1048"},"modified":"2024-05-06T08:06:52","modified_gmt":"2024-05-06T08:06:52","slug":"torum","status":"publish","type":"product","link":"https:\/\/www.fervalle.com\/tr\/urun\/torum\/","title":{"rendered":"TORUM\u00ae"},"content":{"rendered":"","protected":false},"excerpt":{"rendered":"<h2>Limpiador, higienizante y desincrustante de sistemas de riego.<\/h2>\n<p style=\"text-align: justify;\">Soluci\u00f3n estabilizada de di\u00f3xido de cloro al 99,9%, lista para su empleo, a una concentraci\u00f3n del 0,75 %.<\/p>\n<p><img decoding=\"async\" class=\"alignnone size-full wp-image-568\" src=\"https:\/\/fervalle.com\/wp-content\/uploads\/2022\/02\/fertirrigacion-logo.jpg\" alt=\"\" width=\"70\" height=\"70\" srcset=\"https:\/\/www.fervalle.com\/wp-content\/uploads\/2022\/02\/fertirrigacion-logo.jpg 70w, https:\/\/www.fervalle.com\/wp-content\/uploads\/2022\/02\/fertirrigacion-logo-64x64.jpg 64w\" sizes=\"(max-width: 70px) 100vw, 70px\" \/>\u00a0\u00a0<img decoding=\"async\" class=\"alignnone size-full wp-image-569\" src=\"https:\/\/fervalle.com\/wp-content\/uploads\/2022\/02\/residuo-cero.jpg\" alt=\"\" width=\"70\" height=\"70\" srcset=\"https:\/\/www.fervalle.com\/wp-content\/uploads\/2022\/02\/residuo-cero.jpg 70w, https:\/\/www.fervalle.com\/wp-content\/uploads\/2022\/02\/residuo-cero-64x64.jpg 64w\" sizes=\"(max-width: 70px) 100vw, 70px\" \/><\/p>\n<p><span style=\"font-size: 12pt;\"><strong>VENTAJAS Y BENEFICIOS:<\/strong><\/span><\/p>\n<ul>\n<li>Tratamiento de higienizaci\u00f3n del agua en situaci\u00f3n de alto riesgo.<\/li>\n<li>Tratamiento de limpieza y desinfecci\u00f3n del sistema de distribuci\u00f3n de agua.<\/li>\n<li>Tratamiento de choque para la eliminaci\u00f3n del biofilm y algas.<\/li>\n<li>Prevenci\u00f3n biofilm y algas.<\/li>\n<\/ul>\n<p><b>DOSIS Y MODO DE EMPLEO:<\/b><\/p>\n<ul>\n<li>Limpieza e higienizaci\u00f3n de sistemas de riego\n<ul>\n<li>Aplicar de 7 a 10L\/1000L de agua. Se recomienda consultar con el equipo t\u00e9cnico.<\/li>\n<\/ul>\n<\/li>\n<\/ul>\n<p><span style=\"font-size: 12pt;\"><strong>Composici\u00f3n:<\/strong> Di\u00f3xido de cloro.<\/span><\/p>\n","protected":false},"featured_media":1276,"template":"","meta":{"_joinchat":{"message_send":"Hola, quiero saber m\u00e1s sobre TORUM."}},"product_brand":[],"product_cat":[29],"product_tag":[444,443,442,426],"class_list":{"0":"post-1048","1":"product","2":"type-product","3":"status-publish","4":"has-post-thumbnail","6":"product_cat-red-line","7":"product_tag-desincrustante","8":"product_tag-higienizante","9":"product_tag-limpiador","10":"product_tag-torum","11":"pa_funcion-desincrustantes","12":"pa_funcion-desinfectantes","14":"first","15":"instock","16":"shipping-taxable","17":"product-type-simple"},"jetpack_sharing_enabled":true,"_links":{"self":[{"href":"https:\/\/www.fervalle.com\/tr\/wp-json\/wp\/v2\/product\/1048","targetHints":{"allow":["GET"]}}],"collection":[{"href":"https:\/\/www.fervalle.com\/tr\/wp-json\/wp\/v2\/product"}],"about":[{"href":"https:\/\/www.fervalle.com\/tr\/wp-json\/wp\/v2\/types\/product"}],"version-history":[{"count":16,"href":"https:\/\/www.fervalle.com\/tr\/wp-json\/wp\/v2\/product\/1048\/revisions"}],"predecessor-version":[{"id":27030,"href":"https:\/\/www.fervalle.com\/tr\/wp-json\/wp\/v2\/product\/1048\/revisions\/27030"}],"wp:featuredmedia":[{"embeddable":true,"href":"https:\/\/www.fervalle.com\/tr\/wp-json\/wp\/v2\/media\/1276"}],"wp:attachment":[{"href":"https:\/\/www.fervalle.com\/tr\/wp-json\/wp\/v2\/media?parent=1048"}],"wp:term":[{"taxonomy":"product_brand","embeddable":true,"href":"https:\/\/www.fervalle.com\/tr\/wp-json\/wp\/v2\/product_brand?post=1048"},{"taxonomy":"product_cat","embeddable":true,"href":"https:\/\/www.fervalle.com\/tr\/wp-json\/wp\/v2\/product_cat?post=1048"},{"taxonomy":"product_tag","embeddable":true,"href":"https:\/\/www.fervalle.com\/tr\/wp-json\/wp\/v2\/product_tag?post=1048"}],"curies":[{"name":"wp","href":"https:\/\/api.w.org\/{rel}","templated":true}]}}