{"id":29998,"date":"2022-03-02T16:07:59","date_gmt":"2022-03-02T16:07:59","guid":{"rendered":"https:\/\/www.fervalle.com\/arastirma-ve-gelistirme\/"},"modified":"2025-06-03T09:25:34","modified_gmt":"2025-06-03T09:25:34","slug":"arastirma-ve-gelistirme","status":"publish","type":"page","link":"https:\/\/www.fervalle.com\/tr\/arastirma-ve-gelistirme\/","title":{"rendered":"Ara\u015ft\u0131rma ve Geli\u015ftirme"},"content":{"rendered":"\t\t<div data-elementor-type=\"wp-page\" data-elementor-id=\"29998\" class=\"elementor elementor-29998 elementor-1617\" data-elementor-post-type=\"page\">\n\t\t\t\t\t\t<section class=\"elementor-section elementor-top-section elementor-element elementor-element-99281ae elementor-section-boxed elementor-section-height-default elementor-section-height-default\" data-id=\"99281ae\" data-element_type=\"section\" data-e-type=\"section\">\n\t\t\t\t\t\t<div class=\"elementor-container elementor-column-gap-default\">\n\t\t\t\t\t<div class=\"elementor-column elementor-col-50 elementor-top-column elementor-element elementor-element-0f332e1\" data-id=\"0f332e1\" data-element_type=\"column\" data-e-type=\"column\">\n\t\t\t<div class=\"elementor-widget-wrap elementor-element-populated\">\n\t\t\t\t\t\t<div class=\"elementor-element elementor-element-215aa16 elementor-hidden-tablet elementor-hidden-mobile elementor-widget elementor-widget-spacer\" data-id=\"215aa16\" data-element_type=\"widget\" data-e-type=\"widget\" data-widget_type=\"spacer.default\">\n\t\t\t\t<div class=\"elementor-widget-container\">\n\t\t\t\t\t\t\t<div class=\"elementor-spacer\">\n\t\t\t<div class=\"elementor-spacer-inner\"><\/div>\n\t\t<\/div>\n\t\t\t\t\t\t<\/div>\n\t\t\t\t<\/div>\n\t\t\t\t<div class=\"elementor-element elementor-element-c7b1391 elementor-hidden-tablet elementor-widget elementor-widget-spacer\" data-id=\"c7b1391\" data-element_type=\"widget\" data-e-type=\"widget\" data-widget_type=\"spacer.default\">\n\t\t\t\t<div class=\"elementor-widget-container\">\n\t\t\t\t\t\t\t<div class=\"elementor-spacer\">\n\t\t\t<div class=\"elementor-spacer-inner\"><\/div>\n\t\t<\/div>\n\t\t\t\t\t\t<\/div>\n\t\t\t\t<\/div>\n\t\t\t\t<div class=\"elementor-element elementor-element-f9fbfb8 elementor-nav-menu--dropdown-tablet elementor-nav-menu__text-align-aside elementor-nav-menu--toggle elementor-nav-menu--burger elementor-widget elementor-widget-nav-menu\" data-id=\"f9fbfb8\" data-element_type=\"widget\" data-e-type=\"widget\" data-settings=\"{&quot;layout&quot;:&quot;horizontal&quot;,&quot;submenu_icon&quot;:{&quot;value&quot;:&quot;&lt;i class=\\&quot;fas fa-caret-down\\&quot; aria-hidden=\\&quot;true\\&quot;&gt;&lt;\\\/i&gt;&quot;,&quot;library&quot;:&quot;fa-solid&quot;},&quot;toggle&quot;:&quot;burger&quot;}\" data-widget_type=\"nav-menu.default\">\n\t\t\t\t<div class=\"elementor-widget-container\">\n\t\t\t\t\t\t\t\t<nav aria-label=\"Men\u00fc\" class=\"elementor-nav-menu--main elementor-nav-menu__container elementor-nav-menu--layout-horizontal e--pointer-underline e--animation-fade\">\n\t\t\t\t<ul id=\"menu-1-f9fbfb8\" class=\"elementor-nav-menu\"><li class=\"menu-item menu-item-type-post_type menu-item-object-page menu-item-30389\"><a href=\"https:\/\/www.fervalle.com\/tr\/arastirma-ve-gelistirme\/\" class=\"elementor-item\">Ara\u015ft\u0131rma ve Geli\u015ftirme<\/a><\/li>\n<li class=\"menu-item menu-item-type-post_type menu-item-object-page menu-item-30390\"><a href=\"https:\/\/www.fervalle.com\/tr\/tedarikciler\/\" class=\"elementor-item\">Tedarik\u00e7iler<\/a><\/li>\n<\/ul>\t\t\t<\/nav>\n\t\t\t\t\t<div class=\"elementor-menu-toggle\" role=\"button\" tabindex=\"0\" aria-label=\"Menu Toggle\" aria-expanded=\"false\">\n\t\t\t<i aria-hidden=\"true\" role=\"presentation\" class=\"elementor-menu-toggle__icon--open eicon-menu-bar\"><\/i><i aria-hidden=\"true\" role=\"presentation\" class=\"elementor-menu-toggle__icon--close eicon-close\"><\/i>\t\t<\/div>\n\t\t\t\t\t<nav class=\"elementor-nav-menu--dropdown elementor-nav-menu__container\" aria-hidden=\"true\">\n\t\t\t\t<ul id=\"menu-2-f9fbfb8\" class=\"elementor-nav-menu\"><li class=\"menu-item menu-item-type-post_type menu-item-object-page menu-item-30389\"><a href=\"https:\/\/www.fervalle.com\/tr\/arastirma-ve-gelistirme\/\" class=\"elementor-item\" tabindex=\"-1\">Ara\u015ft\u0131rma ve Geli\u015ftirme<\/a><\/li>\n<li class=\"menu-item menu-item-type-post_type menu-item-object-page menu-item-30390\"><a href=\"https:\/\/www.fervalle.com\/tr\/tedarikciler\/\" class=\"elementor-item\" tabindex=\"-1\">Tedarik\u00e7iler<\/a><\/li>\n<\/ul>\t\t\t<\/nav>\n\t\t\t\t\t\t<\/div>\n\t\t\t\t<\/div>\n\t\t\t\t\t<\/div>\n\t\t<\/div>\n\t\t\t\t<div class=\"elementor-column elementor-col-50 elementor-top-column elementor-element elementor-element-d579668\" data-id=\"d579668\" data-element_type=\"column\" data-e-type=\"column\">\n\t\t\t<div class=\"elementor-widget-wrap elementor-element-populated\">\n\t\t\t\t\t\t<div class=\"elementor-element elementor-element-cc2d931 elementor-hidden-tablet elementor-hidden-mobile elementor-widget elementor-widget-spacer\" data-id=\"cc2d931\" data-element_type=\"widget\" data-e-type=\"widget\" data-widget_type=\"spacer.default\">\n\t\t\t\t<div class=\"elementor-widget-container\">\n\t\t\t\t\t\t\t<div class=\"elementor-spacer\">\n\t\t\t<div class=\"elementor-spacer-inner\"><\/div>\n\t\t<\/div>\n\t\t\t\t\t\t<\/div>\n\t\t\t\t<\/div>\n\t\t\t\t<div class=\"elementor-element elementor-element-19ca6b9 elementor-widget elementor-widget-heading\" data-id=\"19ca6b9\" data-element_type=\"widget\" data-e-type=\"widget\" data-widget_type=\"heading.default\">\n\t\t\t\t<div class=\"elementor-widget-container\">\n\t\t\t\t\t<h2 class=\"elementor-heading-title elementor-size-default\">Ara\u015ft\u0131rma ve Geli\u015ftirme<\/h2>\t\t\t\t<\/div>\n\t\t\t\t<\/div>\n\t\t\t\t<div class=\"elementor-element elementor-element-18bd244 elementor-widget-divider--view-line elementor-widget elementor-widget-divider\" data-id=\"18bd244\" data-element_type=\"widget\" data-e-type=\"widget\" data-widget_type=\"divider.default\">\n\t\t\t\t<div class=\"elementor-widget-container\">\n\t\t\t\t\t\t\t<div class=\"elementor-divider\">\n\t\t\t<span class=\"elementor-divider-separator\">\n\t\t\t\t\t\t<\/span>\n\t\t<\/div>\n\t\t\t\t\t\t<\/div>\n\t\t\t\t<\/div>\n\t\t\t\t<div class=\"elementor-element elementor-element-0048029 elementor-widget elementor-widget-text-editor\" data-id=\"0048029\" data-element_type=\"widget\" data-e-type=\"widget\" data-widget_type=\"text-editor.default\">\n\t\t\t\t<div class=\"elementor-widget-container\">\n\t\t\t\t\t\t\t\t\t<div class=\"x_1583849960et_pb_row_inner x_1583849960et_pb_row_inner_0 x_1583849960et_pb_with_border\"><div class=\"x_1583849960et_pb_column x_1583849960et_pb_column_4_4 x_1583849960et_pb_column_inner x_1583849960 x_1583849960et_pb_column_inner_0 x_1583849960et-last-child\"><div class=\"x_1583849960et_pb_text x_1583849960et_pb_module x_1583849960et_pb_bg_layout_light x_1583849960et_pb_text_align_left x_1583849960 x_1583849960et_pb_text_0\"><div class=\"x_1583849960et_pb_text_inner\"><p><span style=\"color: #333333;\"><strong><span style=\"font-family: inherit; font-size: 24px; font-style: inherit;\">\u0130tici g\u00fcc\u00fcm\u00fcz yenilik\u00e7iliktir.<\/span><\/strong><\/span><\/p><\/div><\/div><div class=\"x_1583849960et_pb_text x_1583849960et_pb_module x_1583849960et_pb_bg_layout_light x_1583849960et_pb_text_align_left x_1583849960 x_1583849960et_pb_text_2\"><div class=\"x_1583849960et_pb_text_inner\"><p><span style=\"color: #333333;\">Bu nedenle, kendi ara\u015ft\u0131rma projelerimiz <span class=\"x_1583849960s1\">ile kamu kurumlar\u0131 ve \u00f6zel ara\u015ft\u0131rma kurulu\u015flar\u0131yla i\u015fbirli\u011fi i\u00e7inde y\u00fcr\u00fctt\u00fc\u011f\u00fcm\u00fcz projeleri bir araya getirerek tar\u0131m sekt\u00f6r\u00fcn\u00fcn mevcut eksikliklerine \u00e7\u00f6z\u00fcm ar\u0131yoruz.<\/span><\/span><\/p><p class=\"x_1583849960p1\"><span class=\"x_1583849960s1\" style=\"color: #333333;\"><b>Murcia \u00dcniversitesi Biyoloji, Biyokimya ve Kimya Fak\u00fclteleri ile Cartagena \u00dcniversitesi Ziraat M\u00fchendisli\u011fi Okulu<\/b> bu ili\u015fkiye iyi birer \u00f6rnektir.<\/span><\/p><\/div><\/div><\/div><\/div><div class=\"x_1583849960et_pb_row_inner x_1583849960et_pb_row_inner_1 x_1583849960et_pb_equal_columns x_1583849960et_pb_gutters3 x_1583849960et_pb_row_1-4_1-4_1-4\"><div class=\"x_1583849960et_pb_column x_1583849960et_pb_column_1_4 x_1583849960et_pb_column_inner x_1583849960 x_1583849960et_pb_column_inner_1\"><div class=\"x_1583849960et_pb_module x_1583849960et_pb_image x_1583849960et_pb_image_0 x_1583849960et_always_center_on_mobile\"><span class=\"x_1583849960et_pb_image_wrap\"> <\/span><\/div><\/div><div class=\"x_1583849960et_pb_column x_1583849960et_pb_column_1_4 x_1583849960et_pb_column_inner x_1583849960 x_1583849960et_pb_column_inner_2\"><div class=\"x_1583849960et_pb_module x_1583849960et_pb_image x_1583849960et_pb_image_1 x_1583849960et_always_center_on_mobile\"><span class=\"x_1583849960et_pb_image_wrap\"> <\/span><\/div><\/div><div class=\"x_1583849960et_pb_column x_1583849960et_pb_column_1_4 x_1583849960et_pb_column_inner x_1583849960 x_1583849960et_pb_column_inner_3 x_1583849960et-last-child\"><div class=\"x_1583849960et_pb_module x_1583849960et_pb_image x_1583849960et_pb_image_2 x_1583849960et_always_center_on_mobile\"><span class=\"x_1583849960et_pb_image_wrap\"><img id=\"1646237007485100003_imgsrc_url_0\" alt=\"\" height=\"auto\"><\/span><\/div><\/div><\/div>\t\t\t\t\t\t\t\t<\/div>\n\t\t\t\t<\/div>\n\t\t\t\t\t<\/div>\n\t\t<\/div>\n\t\t\t\t\t<\/div>\n\t\t<\/section>\n\t\t\t\t<section class=\"elementor-section elementor-top-section elementor-element elementor-element-4afa3b3 elementor-section-boxed elementor-section-height-default elementor-section-height-default\" data-id=\"4afa3b3\" data-element_type=\"section\" data-e-type=\"section\">\n\t\t\t\t\t\t<div class=\"elementor-container elementor-column-gap-default\">\n\t\t\t\t\t<div class=\"elementor-column elementor-col-33 elementor-top-column elementor-element elementor-element-dc29ff2\" data-id=\"dc29ff2\" data-element_type=\"column\" data-e-type=\"column\">\n\t\t\t<div class=\"elementor-widget-wrap elementor-element-populated\">\n\t\t\t\t\t\t<div class=\"elementor-element elementor-element-68be4ce elementor-widget elementor-widget-spacer\" data-id=\"68be4ce\" data-element_type=\"widget\" data-e-type=\"widget\" data-widget_type=\"spacer.default\">\n\t\t\t\t<div class=\"elementor-widget-container\">\n\t\t\t\t\t\t\t<div class=\"elementor-spacer\">\n\t\t\t<div class=\"elementor-spacer-inner\"><\/div>\n\t\t<\/div>\n\t\t\t\t\t\t<\/div>\n\t\t\t\t<\/div>\n\t\t\t\t<div class=\"elementor-element elementor-element-0436d57 elementor-widget elementor-widget-image\" data-id=\"0436d57\" data-element_type=\"widget\" data-e-type=\"widget\" data-widget_type=\"image.default\">\n\t\t\t\t<div class=\"elementor-widget-container\">\n\t\t\t\t\t\t\t\t\t\t\t\t\t\t\t<img decoding=\"async\" width=\"175\" height=\"60\" src=\"https:\/\/www.fervalle.com\/wp-content\/uploads\/2021\/12\/Universidad-politecnica-de-Cartagena-1.png\" class=\"attachment-large size-large wp-image-16927\" alt=\"\" srcset=\"https:\/\/www.fervalle.com\/wp-content\/uploads\/2021\/12\/Universidad-politecnica-de-Cartagena-1.png 175w, https:\/\/www.fervalle.com\/wp-content\/uploads\/2021\/12\/Universidad-politecnica-de-Cartagena-1-64x22.png 64w\" sizes=\"(max-width: 175px) 100vw, 175px\" \/>\t\t\t\t\t\t\t\t\t\t\t\t\t\t\t<\/div>\n\t\t\t\t<\/div>\n\t\t\t\t\t<\/div>\n\t\t<\/div>\n\t\t\t\t<div class=\"elementor-column elementor-col-33 elementor-top-column elementor-element elementor-element-5dcf439\" data-id=\"5dcf439\" data-element_type=\"column\" data-e-type=\"column\">\n\t\t\t<div class=\"elementor-widget-wrap elementor-element-populated\">\n\t\t\t\t\t\t<div class=\"elementor-element elementor-element-cd6d675 elementor-widget elementor-widget-image\" data-id=\"cd6d675\" data-element_type=\"widget\" data-e-type=\"widget\" data-widget_type=\"image.default\">\n\t\t\t\t<div class=\"elementor-widget-container\">\n\t\t\t\t\t\t\t\t\t\t\t\t\t\t\t<img decoding=\"async\" width=\"75\" height=\"120\" src=\"https:\/\/www.fervalle.com\/wp-content\/uploads\/2021\/12\/universitas-Miguel-Hernandez-1.png\" class=\"attachment-large size-large wp-image-16931\" alt=\"\" srcset=\"https:\/\/www.fervalle.com\/wp-content\/uploads\/2021\/12\/universitas-Miguel-Hernandez-1.png 75w, https:\/\/www.fervalle.com\/wp-content\/uploads\/2021\/12\/universitas-Miguel-Hernandez-1-64x102.png 64w\" sizes=\"(max-width: 75px) 100vw, 75px\" \/>\t\t\t\t\t\t\t\t\t\t\t\t\t\t\t<\/div>\n\t\t\t\t<\/div>\n\t\t\t\t\t<\/div>\n\t\t<\/div>\n\t\t\t\t<div class=\"elementor-column elementor-col-33 elementor-top-column elementor-element elementor-element-e50f4ac\" data-id=\"e50f4ac\" data-element_type=\"column\" data-e-type=\"column\">\n\t\t\t<div class=\"elementor-widget-wrap elementor-element-populated\">\n\t\t\t\t\t\t<div class=\"elementor-element elementor-element-6682d93 elementor-widget elementor-widget-image\" data-id=\"6682d93\" data-element_type=\"widget\" data-e-type=\"widget\" data-widget_type=\"image.default\">\n\t\t\t\t<div class=\"elementor-widget-container\">\n\t\t\t\t\t\t\t\t\t\t\t\t\t\t\t<img decoding=\"async\" width=\"120\" height=\"120\" src=\"https:\/\/www.fervalle.com\/wp-content\/uploads\/2021\/12\/logotipo-Universidad-politecnica-de-Murcia-1.png\" class=\"attachment-large size-large wp-image-16932\" alt=\"\" srcset=\"https:\/\/www.fervalle.com\/wp-content\/uploads\/2021\/12\/logotipo-Universidad-politecnica-de-Murcia-1.png 120w, https:\/\/www.fervalle.com\/wp-content\/uploads\/2021\/12\/logotipo-Universidad-politecnica-de-Murcia-1-100x100.png 100w, https:\/\/www.fervalle.com\/wp-content\/uploads\/2021\/12\/logotipo-Universidad-politecnica-de-Murcia-1-64x64.png 64w\" sizes=\"(max-width: 120px) 100vw, 120px\" \/>\t\t\t\t\t\t\t\t\t\t\t\t\t\t\t<\/div>\n\t\t\t\t<\/div>\n\t\t\t\t\t<\/div>\n\t\t<\/div>\n\t\t\t\t\t<\/div>\n\t\t<\/section>\n\t\t\t\t<section class=\"elementor-section elementor-top-section elementor-element elementor-element-42a5e41 elementor-section-boxed elementor-section-height-default elementor-section-height-default\" data-id=\"42a5e41\" data-element_type=\"section\" data-e-type=\"section\">\n\t\t\t\t\t\t<div class=\"elementor-container elementor-column-gap-default\">\n\t\t\t\t\t<div class=\"elementor-column elementor-col-100 elementor-top-column elementor-element elementor-element-c0916d6\" data-id=\"c0916d6\" data-element_type=\"column\" data-e-type=\"column\">\n\t\t\t<div class=\"elementor-widget-wrap elementor-element-populated\">\n\t\t\t\t\t\t<div class=\"elementor-element elementor-element-4a48fcc elementor-widget elementor-widget-spacer\" data-id=\"4a48fcc\" data-element_type=\"widget\" data-e-type=\"widget\" data-widget_type=\"spacer.default\">\n\t\t\t\t<div class=\"elementor-widget-container\">\n\t\t\t\t\t\t\t<div class=\"elementor-spacer\">\n\t\t\t<div class=\"elementor-spacer-inner\"><\/div>\n\t\t<\/div>\n\t\t\t\t\t\t<\/div>\n\t\t\t\t<\/div>\n\t\t\t\t\t<\/div>\n\t\t<\/div>\n\t\t\t\t\t<\/div>\n\t\t<\/section>\n\t\t\t\t<\/div>\n\t\t","protected":false},"excerpt":{"rendered":"<p>Ara\u015ft\u0131rma ve Geli\u015ftirme \u0130tici g\u00fcc\u00fcm\u00fcz yenilik\u00e7iliktir. Bu nedenle, kendi ara\u015ft\u0131rma projelerimiz ile kamu kurumlar\u0131 ve \u00f6zel ara\u015ft\u0131rma kurulu\u015flar\u0131yla i\u015fbirli\u011fi i\u00e7inde y\u00fcr\u00fctt\u00fc\u011f\u00fcm\u00fcz projeleri bir araya getirerek tar\u0131m sekt\u00f6r\u00fcn\u00fcn mevcut eksikliklerine \u00e7\u00f6z\u00fcm ar\u0131yoruz. Murcia \u00dcniversitesi Biyoloji, Biyokimya ve Kimya Fak\u00fclteleri ile Cartagena \u00dcniversitesi Ziraat M\u00fchendisli\u011fi Okulu bu ili\u015fkiye iyi birer \u00f6rnektir.<\/p>\n","protected":false},"author":1,"featured_media":0,"parent":0,"menu_order":0,"comment_status":"closed","ping_status":"closed","template":"elementor_header_footer","meta":{"_joinchat":[],"footnotes":""},"class_list":["post-29998","page","type-page","status-publish"],"jetpack_sharing_enabled":true,"_links":{"self":[{"href":"https:\/\/www.fervalle.com\/tr\/wp-json\/wp\/v2\/pages\/29998","targetHints":{"allow":["GET"]}}],"collection":[{"href":"https:\/\/www.fervalle.com\/tr\/wp-json\/wp\/v2\/pages"}],"about":[{"href":"https:\/\/www.fervalle.com\/tr\/wp-json\/wp\/v2\/types\/page"}],"author":[{"embeddable":true,"href":"https:\/\/www.fervalle.com\/tr\/wp-json\/wp\/v2\/users\/1"}],"replies":[{"embeddable":true,"href":"https:\/\/www.fervalle.com\/tr\/wp-json\/wp\/v2\/comments?post=29998"}],"version-history":[{"count":1,"href":"https:\/\/www.fervalle.com\/tr\/wp-json\/wp\/v2\/pages\/29998\/revisions"}],"predecessor-version":[{"id":30002,"href":"https:\/\/www.fervalle.com\/tr\/wp-json\/wp\/v2\/pages\/29998\/revisions\/30002"}],"wp:attachment":[{"href":"https:\/\/www.fervalle.com\/tr\/wp-json\/wp\/v2\/media?parent=29998"}],"curies":[{"name":"wp","href":"https:\/\/api.w.org\/{rel}","templated":true}]}}