{"id":865,"date":"2022-02-17T10:44:31","date_gmt":"2022-02-17T10:44:31","guid":{"rendered":"https:\/\/fervalle.com\/?post_type=product&#038;p=865"},"modified":"2022-08-30T05:48:50","modified_gmt":"2022-08-30T05:48:50","slug":"maorplus","status":"publish","type":"product","link":"https:\/\/www.fervalle.com\/pt-pt\/produto\/maorplus\/","title":{"rendered":"MAORPLUS\u00ae"},"content":{"rendered":"","protected":false},"excerpt":{"rendered":"<h2 style=\"text-align: justify;\"><strong>Formulaci\u00f3n l\u00edquida rica en nitr\u00f3geno org\u00e1nico procedente de amino\u00e1cidos.<\/strong><\/h2>\n<p style=\"text-align: justify;\"><strong>Soluci\u00f3n l\u00edquida rica en nitr\u00f3geno org\u00e1nico, con alta concentraci\u00f3n de materia org\u00e1nica procedente de amino\u00e1cidos de hidr\u00f3lisis de prote\u00ednas, especialmente indicada para aquellos cultivos con necesidades importantes de nitr\u00f3geno para su crecimiento y desarrollo.<\/strong> La materia org\u00e1nica aumenta la fertilidad del suelo, mejorando la estructura de este y contribuye al crecimiento de los microorganismos beneficiosos para la planta y el suelo. Adem\u00e1s de influir en la textura del suelo, con el aumento de nutrientes y agua, favorece que aumente la capacidad de intercambio cati\u00f3nico. Este producto est\u00e1 especialmente indicado para aquellas zonas que son sensibles a la contaminaci\u00f3n del agua y el suelo por nitratos, siendo una alternativa m\u00e1s natural para la fertilizaci\u00f3n de los suelos.<\/p>\n<p><strong>Desarrollado especialmente para zonas protegidas medioambientalmente como el Mar Menor.<\/strong><\/p>\n<p>&nbsp;<\/p>\n<p><img decoding=\"async\" class=\"alignnone size-full wp-image-583\" src=\"https:\/\/fervalle.com\/wp-content\/uploads\/2022\/02\/FOLIAR-FERVALLE.jpg\" alt=\"\" width=\"70\" height=\"70\" srcset=\"https:\/\/www.fervalle.com\/wp-content\/uploads\/2022\/02\/FOLIAR-FERVALLE.jpg 70w, https:\/\/www.fervalle.com\/wp-content\/uploads\/2022\/02\/FOLIAR-FERVALLE-64x64.jpg 64w\" sizes=\"(max-width: 70px) 100vw, 70px\" \/><img decoding=\"async\" class=\"alignnone size-full wp-image-568\" src=\"https:\/\/fervalle.com\/wp-content\/uploads\/2022\/02\/fertirrigacion-logo.jpg\" alt=\"\" width=\"70\" height=\"70\" srcset=\"https:\/\/www.fervalle.com\/wp-content\/uploads\/2022\/02\/fertirrigacion-logo.jpg 70w, https:\/\/www.fervalle.com\/wp-content\/uploads\/2022\/02\/fertirrigacion-logo-64x64.jpg 64w\" sizes=\"(max-width: 70px) 100vw, 70px\" \/>\u00a0\u00a0<img decoding=\"async\" class=\"alignnone size-full wp-image-569\" src=\"https:\/\/fervalle.com\/wp-content\/uploads\/2022\/02\/residuo-cero.jpg\" alt=\"\" width=\"70\" height=\"70\" srcset=\"https:\/\/www.fervalle.com\/wp-content\/uploads\/2022\/02\/residuo-cero.jpg 70w, https:\/\/www.fervalle.com\/wp-content\/uploads\/2022\/02\/residuo-cero-64x64.jpg 64w\" sizes=\"(max-width: 70px) 100vw, 70px\" \/><\/p>\n<p><span style=\"font-size: 12pt;\"><strong>VENTAJAS Y BENEFICIOS:<\/strong><\/span><\/p>\n<ul>\n<li>La materia org\u00e1nica incrementa la fertilidad del suelo.<\/li>\n<li>Los amino\u00e1cidos constituyen una fuente de energ\u00eda directa para la planta, ya que forman parte de prote\u00ednas esenciales para el crecimiento y desarrollo.<\/li>\n<li>Favorecen el crecimiento de microorganismos beneficiosos para la planta.<\/li>\n<\/ul>\n<p><b>DOSIS Y MODO DE EMPLEO:<\/b><\/p>\n<div style=\"overflow-x:auto;\">\n<table style=\"width: 100%;\">\n<tbody>\n<tr>\n<td style=\"background-color: #232230;\" width=\"154\"><span style=\"color: #ffffff;\"><strong>CULTIVO<\/strong><\/span><\/td>\n<td style=\"background-color: #232230;\" width=\"272\"><span style=\"color: #ffffff;\"><strong>MOMENTO DE APLICACI\u00d3N<\/strong><\/span><\/td>\n<td style=\"background-color: #232230;\" width=\"159\"><span style=\"color: #ffffff;\"><strong>FERTIRRIGACI\u00d3N<\/strong><\/span><\/td>\n<\/tr>\n<tr>\n<td width=\"154\">Frutales<\/td>\n<td rowspan=\"5\" width=\"272\">Aplicar durante todo el ciclo de cultivo<\/td>\n<td rowspan=\"5\" width=\"159\">&nbsp;<\/p>\n<p>60 &#8211; 80 litros\/ha<\/p>\n<p>&nbsp;<\/td>\n<\/tr>\n<tr>\n<td width=\"154\">Hort\u00edcolas<\/td>\n<\/tr>\n<tr>\n<td width=\"154\">Olivo<\/td>\n<\/tr>\n<tr>\n<td width=\"154\">Uva de mesa y vid<\/td>\n<\/tr>\n<tr>\n<td width=\"154\">C\u00edtricos<\/td>\n<\/tr>\n<\/tbody>\n<\/table>\n<\/div>\n<p><span style=\"font-size: 12pt;\"><strong>Composici\u00f3n:<\/strong> Nitr\u00f3geno, amino\u00e1cidos.<\/span><\/p>\n","protected":false},"featured_media":1453,"template":"","meta":{"_joinchat":[]},"product_brand":[],"product_cat":[27,185],"product_tag":[473],"class_list":{"0":"post-865","1":"product","2":"type-product","3":"status-publish","4":"has-post-thumbnail","6":"product_cat-brown-line","7":"product_cat-sensifer-line","8":"product_tag-vigorizante-de-nitrogeno-organico","9":"pa_composicion-aminoacidos","10":"pa_composicion-nitrogeno","11":"pa_funcion-acondicionadores-de-suelo","12":"pa_funcion-bioestimulantes","14":"first","15":"instock","16":"shipping-taxable","17":"product-type-simple"},"jetpack_sharing_enabled":true,"_links":{"self":[{"href":"https:\/\/www.fervalle.com\/pt-pt\/wp-json\/wp\/v2\/product\/865","targetHints":{"allow":["GET"]}}],"collection":[{"href":"https:\/\/www.fervalle.com\/pt-pt\/wp-json\/wp\/v2\/product"}],"about":[{"href":"https:\/\/www.fervalle.com\/pt-pt\/wp-json\/wp\/v2\/types\/product"}],"version-history":[{"count":7,"href":"https:\/\/www.fervalle.com\/pt-pt\/wp-json\/wp\/v2\/product\/865\/revisions"}],"predecessor-version":[{"id":7668,"href":"https:\/\/www.fervalle.com\/pt-pt\/wp-json\/wp\/v2\/product\/865\/revisions\/7668"}],"wp:featuredmedia":[{"embeddable":true,"href":"https:\/\/www.fervalle.com\/pt-pt\/wp-json\/wp\/v2\/media\/1453"}],"wp:attachment":[{"href":"https:\/\/www.fervalle.com\/pt-pt\/wp-json\/wp\/v2\/media?parent=865"}],"wp:term":[{"taxonomy":"product_brand","embeddable":true,"href":"https:\/\/www.fervalle.com\/pt-pt\/wp-json\/wp\/v2\/product_brand?post=865"},{"taxonomy":"product_cat","embeddable":true,"href":"https:\/\/www.fervalle.com\/pt-pt\/wp-json\/wp\/v2\/product_cat?post=865"},{"taxonomy":"product_tag","embeddable":true,"href":"https:\/\/www.fervalle.com\/pt-pt\/wp-json\/wp\/v2\/product_tag?post=865"}],"curies":[{"name":"wp","href":"https:\/\/api.w.org\/{rel}","templated":true}]}}