{"id":823,"date":"2022-02-17T10:16:51","date_gmt":"2022-02-17T10:16:51","guid":{"rendered":"https:\/\/fervalle.com\/?post_type=product&#038;p=823"},"modified":"2023-01-31T12:07:22","modified_gmt":"2023-01-31T12:07:22","slug":"redmax","status":"publish","type":"product","link":"https:\/\/www.fervalle.com\/pt-pt\/produto\/redmax\/","title":{"rendered":"REDMAX\u00ae"},"content":{"rendered":"","protected":false},"excerpt":{"rendered":"<h2 style=\"text-align: justify;\">Promueve la uniformidad en el cambio de color de la fruta durante el proceso de maduraci\u00f3n.<\/h2>\n<p style=\"text-align: justify;\">Formulaci\u00f3n exclusiva desarrollada para favorecer que el cambio de color sea totalmente uniforme durante el proceso de maduraci\u00f3n de la fruta.<\/p>\n<p><img decoding=\"async\" class=\"alignnone size-full wp-image-583\" src=\"https:\/\/fervalle.com\/wp-content\/uploads\/2022\/02\/FOLIAR-FERVALLE.jpg\" alt=\"\" width=\"70\" height=\"70\" srcset=\"https:\/\/www.fervalle.com\/wp-content\/uploads\/2022\/02\/FOLIAR-FERVALLE.jpg 70w, https:\/\/www.fervalle.com\/wp-content\/uploads\/2022\/02\/FOLIAR-FERVALLE-64x64.jpg 64w\" sizes=\"(max-width: 70px) 100vw, 70px\" \/>\u00a0\u00a0<img decoding=\"async\" class=\"alignnone size-full wp-image-569\" src=\"https:\/\/fervalle.com\/wp-content\/uploads\/2022\/02\/residuo-cero.jpg\" alt=\"\" width=\"70\" height=\"70\" srcset=\"https:\/\/www.fervalle.com\/wp-content\/uploads\/2022\/02\/residuo-cero.jpg 70w, https:\/\/www.fervalle.com\/wp-content\/uploads\/2022\/02\/residuo-cero-64x64.jpg 64w\" sizes=\"(max-width: 70px) 100vw, 70px\" \/><\/p>\n<p><span style=\"font-size: 12pt;\"><strong>VENTAJAS Y BENEFICIOS:<\/strong><\/span><\/p>\n<ul>\n<li>El potasio promueve en la s\u00edntesis de mol\u00e9culas implicadas en el color durante el proceso de maduraci\u00f3n del fruto.<\/li>\n<li>Promueve que el viraje de color sea totalmente uniforme en el fruto.<\/li>\n<\/ul>\n<p><b>DOSIS Y MODO DE EMPLEO:<\/b><\/p>\n<div style=\"overflow-x: auto;\">\n<table style=\"width: 100%;\">\n<tbody>\n<tr>\n<td style=\"background-color: #353f48;\" width=\"142\"><span style=\"color: #ffffff;\"><strong>CULTIVO<\/strong><\/span><\/td>\n<td style=\"background-color: #353f48;\" width=\"189\"><span style=\"color: #ffffff;\"><strong>MOMENTO DE APLICACI\u00d3N<\/strong><\/span><\/td>\n<td style=\"background-color: #353f48;\" width=\"188\"><span style=\"color: #ffffff;\"><strong>FOLIAR<\/strong><\/span><\/td>\n<\/tr>\n<tr>\n<td width=\"142\">Frutales<\/td>\n<td rowspan=\"5\" width=\"189\">Aplicar durante el proceso de maduraci\u00f3n del fruto<\/td>\n<td rowspan=\"5\" width=\"188\">10 \u2013 20 cc\/1 litros.<\/td>\n<\/tr>\n<tr>\n<td width=\"142\">Hort\u00edcolas<\/td>\n<\/tr>\n<tr>\n<td width=\"142\">Olivo<\/td>\n<\/tr>\n<tr>\n<td width=\"142\">Uva de mesa y vid<\/td>\n<\/tr>\n<tr>\n<td width=\"142\">C\u00edtricos<\/td>\n<\/tr>\n<\/tbody>\n<\/table>\n<\/div>\n<p><span style=\"font-size: 12pt;\"><strong>Composici\u00f3n:<\/strong> potasio.<\/span><\/p>\n","protected":false},"featured_media":12132,"template":"","meta":{"_joinchat":[]},"product_brand":[],"product_cat":[28],"product_tag":[469],"class_list":{"0":"post-823","1":"product","2":"type-product","3":"status-publish","4":"has-post-thumbnail","6":"product_cat-star-line","7":"product_tag-coloracion-frutos","8":"pa_composicion-potasio","9":"pa_funcion-potenciadores-de-color","11":"first","12":"instock","13":"shipping-taxable","14":"product-type-simple"},"jetpack_sharing_enabled":true,"_links":{"self":[{"href":"https:\/\/www.fervalle.com\/pt-pt\/wp-json\/wp\/v2\/product\/823","targetHints":{"allow":["GET"]}}],"collection":[{"href":"https:\/\/www.fervalle.com\/pt-pt\/wp-json\/wp\/v2\/product"}],"about":[{"href":"https:\/\/www.fervalle.com\/pt-pt\/wp-json\/wp\/v2\/types\/product"}],"version-history":[{"count":8,"href":"https:\/\/www.fervalle.com\/pt-pt\/wp-json\/wp\/v2\/product\/823\/revisions"}],"predecessor-version":[{"id":12140,"href":"https:\/\/www.fervalle.com\/pt-pt\/wp-json\/wp\/v2\/product\/823\/revisions\/12140"}],"wp:featuredmedia":[{"embeddable":true,"href":"https:\/\/www.fervalle.com\/pt-pt\/wp-json\/wp\/v2\/media\/12132"}],"wp:attachment":[{"href":"https:\/\/www.fervalle.com\/pt-pt\/wp-json\/wp\/v2\/media?parent=823"}],"wp:term":[{"taxonomy":"product_brand","embeddable":true,"href":"https:\/\/www.fervalle.com\/pt-pt\/wp-json\/wp\/v2\/product_brand?post=823"},{"taxonomy":"product_cat","embeddable":true,"href":"https:\/\/www.fervalle.com\/pt-pt\/wp-json\/wp\/v2\/product_cat?post=823"},{"taxonomy":"product_tag","embeddable":true,"href":"https:\/\/www.fervalle.com\/pt-pt\/wp-json\/wp\/v2\/product_tag?post=823"}],"curies":[{"name":"wp","href":"https:\/\/api.w.org\/{rel}","templated":true}]}}