{"id":695,"date":"2022-02-16T15:26:24","date_gmt":"2022-02-16T15:26:24","guid":{"rendered":"https:\/\/fervalle.com\/?post_type=product&#038;p=695"},"modified":"2022-08-30T06:08:28","modified_gmt":"2022-08-30T06:08:28","slug":"gigant","status":"publish","type":"product","link":"https:\/\/www.fervalle.com\/pt-pt\/produto\/gigant\/","title":{"rendered":"GIGANT\u00ae"},"content":{"rendered":"","protected":false},"excerpt":{"rendered":"<h2 style=\"text-align: justify;\">Excelente corrector de carencias para potenciar el crecimiento del cultivo.<\/h2>\n<p style=\"text-align: justify;\"><strong>Fertilizante en forma s\u00f3lida que act\u00faa como una fuente de bioactivaci\u00f3n<\/strong> que, proporciona todos los macronutrientes y micronutrientes esenciales para el crecimiento, desarrollo y maduraci\u00f3n del fruto. Se emplea para mantener constantemente una concentraci\u00f3n adecuada de nutrientes en el suelo.<\/p>\n<p><img decoding=\"async\" class=\"alignnone size-full wp-image-583\" src=\"https:\/\/fervalle.com\/wp-content\/uploads\/2022\/02\/FOLIAR-FERVALLE.jpg\" alt=\"\" width=\"70\" height=\"70\" srcset=\"https:\/\/www.fervalle.com\/wp-content\/uploads\/2022\/02\/FOLIAR-FERVALLE.jpg 70w, https:\/\/www.fervalle.com\/wp-content\/uploads\/2022\/02\/FOLIAR-FERVALLE-64x64.jpg 64w\" sizes=\"(max-width: 70px) 100vw, 70px\" \/><img decoding=\"async\" class=\"alignnone size-full wp-image-568\" src=\"https:\/\/fervalle.com\/wp-content\/uploads\/2022\/02\/fertirrigacion-logo.jpg\" alt=\"\" width=\"70\" height=\"70\" srcset=\"https:\/\/www.fervalle.com\/wp-content\/uploads\/2022\/02\/fertirrigacion-logo.jpg 70w, https:\/\/www.fervalle.com\/wp-content\/uploads\/2022\/02\/fertirrigacion-logo-64x64.jpg 64w\" sizes=\"(max-width: 70px) 100vw, 70px\" \/><img decoding=\"async\" class=\"alignnone size-full wp-image-681\" src=\"https:\/\/fervalle.com\/wp-content\/uploads\/2022\/02\/micronizado.jpg\" alt=\"\" width=\"70\" height=\"70\" \/>\u00a0\u00a0<img loading=\"lazy\" decoding=\"async\" class=\"alignnone size-full wp-image-569\" src=\"https:\/\/fervalle.com\/wp-content\/uploads\/2022\/02\/residuo-cero.jpg\" alt=\"\" width=\"70\" height=\"70\" srcset=\"https:\/\/www.fervalle.com\/wp-content\/uploads\/2022\/02\/residuo-cero.jpg 70w, https:\/\/www.fervalle.com\/wp-content\/uploads\/2022\/02\/residuo-cero-64x64.jpg 64w\" sizes=\"(max-width: 70px) 100vw, 70px\" \/><\/p>\n<p><span style=\"font-size: 12pt;\"><strong>VENTAJAS Y BENEFICIOS:<\/strong><\/span><\/p>\n<ul>\n<li>Ayuda a una correcta formaci\u00f3n de las hojas, elongaci\u00f3n de los tallos, floraci\u00f3n y fructificaci\u00f3n.<\/li>\n<li>Activa el metabolismo de la planta favoreciendo la producci\u00f3n de mol\u00e9culas esenciales durante el desarrollo vegetativo.<\/li>\n<\/ul>\n<p><b>DOSIS Y MODO DE EMPLEO:<\/b><\/p>\n<div style=\"overflow-x:auto;\">\n<table style=\"width: 100%;\">\n<tbody>\n<tr>\n<td style=\"background-color: #353f48;\" width=\"154\"><span style=\"color: #ffffff;\"><strong>CULTIVO<\/strong><\/span><\/td>\n<td style=\"background-color: #353f48;\" width=\"272\"><span style=\"color: #ffffff;\"><strong>MOMENTO DE APLICACI\u00d3N<\/strong><\/span><\/td>\n<td style=\"background-color: #353f48;\" width=\"195\"><span style=\"color: #ffffff;\"><strong>FOLIAR<\/strong><\/span><\/td>\n<td style=\"background-color: #353f48;\" width=\"159\"><span style=\"color: #ffffff;\"><strong>FERTIRRIGACI\u00d3N<\/strong><\/span><\/td>\n<\/tr>\n<tr>\n<td width=\"154\">Frutales<\/td>\n<td rowspan=\"5\" width=\"272\">Aplicar durante todo el ciclo del cultivo<\/td>\n<td rowspan=\"5\" width=\"195\">1,5 &#8211; 3 kilos\/1000 litros.<\/td>\n<td rowspan=\"5\" width=\"159\">&nbsp;<\/p>\n<p>2,5 &#8211; 5 kilos\/ha.<\/p>\n<p>&nbsp;<\/td>\n<\/tr>\n<tr>\n<td width=\"154\">Hort\u00edcolas<\/td>\n<\/tr>\n<tr>\n<td width=\"154\">Olivo<\/td>\n<\/tr>\n<tr>\n<td width=\"154\">Uva de mesa y vid<\/td>\n<\/tr>\n<tr>\n<td width=\"154\">C\u00edtricos<\/td>\n<\/tr>\n<\/tbody>\n<\/table>\n<\/div>\n<p><span style=\"font-size: 12pt;\"><strong>Composici\u00f3n:<\/strong> nitr\u00f3geno, f\u00f3sforo, potasio, amino\u00e1cidos libres y enriquecido con microelementos.<\/span><\/p>\n","protected":false},"featured_media":1366,"template":"","meta":{"_joinchat":[]},"product_brand":[],"product_cat":[24],"product_tag":[491,492,490],"class_list":{"0":"post-695","1":"product","2":"type-product","3":"status-publish","4":"has-post-thumbnail","6":"product_cat-green-line","7":"product_tag-aminoacidos","8":"product_tag-micronutrientes","9":"product_tag-todo-en-uno-npk","10":"pa_composicion-aminoacidos","11":"pa_composicion-fosforo","12":"pa_composicion-nitrogeno","13":"pa_composicion-potasio","14":"pa_funcion-engorde","15":"pa_funcion-potenciadores-de-cuajado","16":"pa_funcion-precursores-de-frutos","18":"first","19":"instock","20":"shipping-taxable","21":"product-type-simple"},"jetpack_sharing_enabled":true,"_links":{"self":[{"href":"https:\/\/www.fervalle.com\/pt-pt\/wp-json\/wp\/v2\/product\/695","targetHints":{"allow":["GET"]}}],"collection":[{"href":"https:\/\/www.fervalle.com\/pt-pt\/wp-json\/wp\/v2\/product"}],"about":[{"href":"https:\/\/www.fervalle.com\/pt-pt\/wp-json\/wp\/v2\/types\/product"}],"version-history":[{"count":5,"href":"https:\/\/www.fervalle.com\/pt-pt\/wp-json\/wp\/v2\/product\/695\/revisions"}],"predecessor-version":[{"id":7699,"href":"https:\/\/www.fervalle.com\/pt-pt\/wp-json\/wp\/v2\/product\/695\/revisions\/7699"}],"wp:featuredmedia":[{"embeddable":true,"href":"https:\/\/www.fervalle.com\/pt-pt\/wp-json\/wp\/v2\/media\/1366"}],"wp:attachment":[{"href":"https:\/\/www.fervalle.com\/pt-pt\/wp-json\/wp\/v2\/media?parent=695"}],"wp:term":[{"taxonomy":"product_brand","embeddable":true,"href":"https:\/\/www.fervalle.com\/pt-pt\/wp-json\/wp\/v2\/product_brand?post=695"},{"taxonomy":"product_cat","embeddable":true,"href":"https:\/\/www.fervalle.com\/pt-pt\/wp-json\/wp\/v2\/product_cat?post=695"},{"taxonomy":"product_tag","embeddable":true,"href":"https:\/\/www.fervalle.com\/pt-pt\/wp-json\/wp\/v2\/product_tag?post=695"}],"curies":[{"name":"wp","href":"https:\/\/api.w.org\/{rel}","templated":true}]}}