{"id":642,"date":"2022-02-16T11:39:21","date_gmt":"2022-02-16T11:39:21","guid":{"rendered":"https:\/\/fervalle.com\/?post_type=product&#038;p=642"},"modified":"2022-08-30T06:15:07","modified_gmt":"2022-08-30T06:15:07","slug":"almix","status":"publish","type":"product","link":"https:\/\/www.fervalle.com\/pt-pt\/produto\/almix\/","title":{"rendered":"ALMIX\u00ae"},"content":{"rendered":"","protected":false},"excerpt":{"rendered":"<h2>Formulaci\u00f3n l\u00edquida de extracto de algas con amino\u00e1cidos.<\/h2>\n<p style=\"text-align: justify;\"><strong>Formulaci\u00f3n rica en manganeso y zinc indicada para los momentos de mayor actividad vegetativa en la planta.<\/strong> Su combinaci\u00f3n con extracto de algas hace que esta mezcla de micronutrientes l\u00edquida favorezca el incremento del metabolismo esencial implicado en la formaci\u00f3n del fruto.<\/p>\n<p><img decoding=\"async\" class=\"alignnone size-full wp-image-582\" src=\"https:\/\/fervalle.com\/wp-content\/uploads\/2022\/02\/ECO-FERVALLE.jpg\" alt=\"\" width=\"70\" height=\"70\" srcset=\"https:\/\/www.fervalle.com\/wp-content\/uploads\/2022\/02\/ECO-FERVALLE.jpg 70w, https:\/\/www.fervalle.com\/wp-content\/uploads\/2022\/02\/ECO-FERVALLE-64x64.jpg 64w\" sizes=\"(max-width: 70px) 100vw, 70px\" \/><img decoding=\"async\" class=\"alignnone size-full wp-image-583\" src=\"https:\/\/fervalle.com\/wp-content\/uploads\/2022\/02\/FOLIAR-FERVALLE.jpg\" alt=\"\" width=\"70\" height=\"70\" srcset=\"https:\/\/www.fervalle.com\/wp-content\/uploads\/2022\/02\/FOLIAR-FERVALLE.jpg 70w, https:\/\/www.fervalle.com\/wp-content\/uploads\/2022\/02\/FOLIAR-FERVALLE-64x64.jpg 64w\" sizes=\"(max-width: 70px) 100vw, 70px\" \/><img decoding=\"async\" class=\"size-full wp-image-568\" src=\"https:\/\/fervalle.com\/wp-content\/uploads\/2022\/02\/fertirrigacion-logo.jpg\" alt=\"\" width=\"70\" height=\"70\" srcset=\"https:\/\/www.fervalle.com\/wp-content\/uploads\/2022\/02\/fertirrigacion-logo.jpg 70w, https:\/\/www.fervalle.com\/wp-content\/uploads\/2022\/02\/fertirrigacion-logo-64x64.jpg 64w\" sizes=\"(max-width: 70px) 100vw, 70px\" \/> \u00a0<img loading=\"lazy\" decoding=\"async\" class=\"alignnone size-full wp-image-569\" src=\"https:\/\/fervalle.com\/wp-content\/uploads\/2022\/02\/residuo-cero.jpg\" alt=\"\" width=\"70\" height=\"70\" srcset=\"https:\/\/www.fervalle.com\/wp-content\/uploads\/2022\/02\/residuo-cero.jpg 70w, https:\/\/www.fervalle.com\/wp-content\/uploads\/2022\/02\/residuo-cero-64x64.jpg 64w\" sizes=\"(max-width: 70px) 100vw, 70px\" \/> \u00a0\u00a0\u00a0\u00a0\u00a0<img loading=\"lazy\" decoding=\"async\" class=\"alignnone size-full wp-image-588\" src=\"https:\/\/fervalle.com\/wp-content\/uploads\/2022\/02\/CAAE-FERVALLE-LOGOTIPO.jpg\" alt=\"\" width=\"70\" height=\"70\" srcset=\"https:\/\/www.fervalle.com\/wp-content\/uploads\/2022\/02\/CAAE-FERVALLE-LOGOTIPO.jpg 70w, https:\/\/www.fervalle.com\/wp-content\/uploads\/2022\/02\/CAAE-FERVALLE-LOGOTIPO-64x64.jpg 64w\" sizes=\"(max-width: 70px) 100vw, 70px\" \/><\/p>\n<p><span style=\"font-size: 12pt;\"><strong>VENTAJAS Y BENEFICIOS:<\/strong><\/span><\/p>\n<ul>\n<li>Aporte de agentes reguladores de crecimiento naturales.<\/li>\n<li>Favorece el cuajado y la formaci\u00f3n del fruto.<\/li>\n<li>Act\u00faa como protector frente a situaciones de estr\u00e9s en los cultivos provocadas por la sequ\u00eda, el fr\u00edo o la fitotoxicidad provocada por metales pesados.<\/li>\n<\/ul>\n<p><b>DOSIS Y MODO DE EMPLEO:<\/b><\/p>\n<div style=\"overflow-x:auto;\">\n<table style=\"width: 100%;\">\n<tbody>\n<tr>\n<td style=\"background-color: #353f48;\" width=\"154\"><span style=\"color: #ffffff;\"><strong>CULTIVO<\/strong><\/span><\/td>\n<td style=\"background-color: #353f48;\" width=\"272\"><span style=\"color: #ffffff;\"><strong>MOMENTO DE APLICACI\u00d3N<\/strong><\/span><\/td>\n<td style=\"background-color: #353f48;\" width=\"195\"><span style=\"color: #ffffff;\"><strong>FOLIAR<\/strong><\/span><\/td>\n<\/tr>\n<tr>\n<td width=\"154\">Frutales<\/td>\n<td width=\"272\">Durante el inicio de la floraci\u00f3n, principio cuajado y hasta la maduraci\u00f3n del fruto. Especialmente indicado para ciruelo.<\/td>\n<td rowspan=\"5\" width=\"195\">2,5 &#8211; 3 litros\/1000 litros<\/td>\n<\/tr>\n<tr>\n<td width=\"154\">Hort\u00edcolas<\/td>\n<td width=\"272\">Desde el trasplante hasta el fin del ciclo del cultivo<\/td>\n<\/tr>\n<tr>\n<td width=\"154\">Olivo<\/td>\n<td width=\"272\">Desde el inicio de la brotaci\u00f3n hasta la floraci\u00f3n<\/td>\n<\/tr>\n<tr>\n<td width=\"154\">Uva de mesa y vid<\/td>\n<td width=\"272\">Desde la aparici\u00f3n de los botones florales, durante la floraci\u00f3n y hasta el cuajado del fruto<\/td>\n<\/tr>\n<tr>\n<td width=\"154\">C\u00edtricos<\/td>\n<td width=\"272\">A partir de la brotaci\u00f3n de las yemas<\/td>\n<\/tr>\n<\/tbody>\n<\/table>\n<\/div>\n<p><span style=\"font-size: 12pt;\"><strong>Composici\u00f3n:<\/strong> manganeso, zinc y extracto de algas.<\/span><\/p>\n","protected":false},"featured_media":1388,"template":"","meta":{"_joinchat":[]},"product_brand":[],"product_cat":[24],"product_tag":[454],"class_list":{"0":"post-642","1":"product","2":"type-product","3":"status-publish","4":"has-post-thumbnail","6":"product_cat-green-line","7":"product_tag-potenciador-de-engorde","8":"pa_composicion-algas","9":"pa_composicion-manganeso","10":"pa_composicion-zinc","11":"pa_funcion-bioestimulantes","12":"pa_funcion-engorde","13":"pa_funcion-potenciador-vegetativo","14":"pa_funcion-vigorizantes","16":"first","17":"instock","18":"shipping-taxable","19":"product-type-simple"},"jetpack_sharing_enabled":true,"_links":{"self":[{"href":"https:\/\/www.fervalle.com\/pt-pt\/wp-json\/wp\/v2\/product\/642","targetHints":{"allow":["GET"]}}],"collection":[{"href":"https:\/\/www.fervalle.com\/pt-pt\/wp-json\/wp\/v2\/product"}],"about":[{"href":"https:\/\/www.fervalle.com\/pt-pt\/wp-json\/wp\/v2\/types\/product"}],"version-history":[{"count":7,"href":"https:\/\/www.fervalle.com\/pt-pt\/wp-json\/wp\/v2\/product\/642\/revisions"}],"predecessor-version":[{"id":7712,"href":"https:\/\/www.fervalle.com\/pt-pt\/wp-json\/wp\/v2\/product\/642\/revisions\/7712"}],"wp:featuredmedia":[{"embeddable":true,"href":"https:\/\/www.fervalle.com\/pt-pt\/wp-json\/wp\/v2\/media\/1388"}],"wp:attachment":[{"href":"https:\/\/www.fervalle.com\/pt-pt\/wp-json\/wp\/v2\/media?parent=642"}],"wp:term":[{"taxonomy":"product_brand","embeddable":true,"href":"https:\/\/www.fervalle.com\/pt-pt\/wp-json\/wp\/v2\/product_brand?post=642"},{"taxonomy":"product_cat","embeddable":true,"href":"https:\/\/www.fervalle.com\/pt-pt\/wp-json\/wp\/v2\/product_cat?post=642"},{"taxonomy":"product_tag","embeddable":true,"href":"https:\/\/www.fervalle.com\/pt-pt\/wp-json\/wp\/v2\/product_tag?post=642"}],"curies":[{"name":"wp","href":"https:\/\/api.w.org\/{rel}","templated":true}]}}