{"id":638,"date":"2022-02-16T11:26:36","date_gmt":"2022-02-16T11:26:36","guid":{"rendered":"https:\/\/fervalle.com\/?post_type=product&#038;p=638"},"modified":"2023-03-01T08:36:01","modified_gmt":"2023-03-01T08:36:01","slug":"algavalle","status":"publish","type":"product","link":"https:\/\/www.fervalle.com\/pt-pt\/produto\/algavalle\/","title":{"rendered":"ALGAVALLE\u00ae"},"content":{"rendered":"","protected":false},"excerpt":{"rendered":"<h2>Potente Bioestimulante de Extracto de Algas con Amino\u00e1cidos y Micronutrientes.<\/h2>\n<p style=\"text-align: justify;\"><b>Fertilizante Ecol\u00f3gico, utilizable en agricultura\u00a0Biodin\u00e1mica y convencional, en formato l\u00edquido de Extracto de Algas con Amino\u00e1cidos y con Microelementos<\/b>. Las algas act\u00faan como un potente regulador natural del crecimiento mientras que, los amino\u00e1cidos aportan el nitr\u00f3geno que necesita la planta para su desarrollo. \u00c9stos act\u00faan como agentes complejantes del manganeso y zinc, micronutrientes esenciales para la regulaci\u00f3n de la s\u00edntesis de mol\u00e9culas implicadas en el desarrollo y crecimiento de la planta. Act\u00faa principalmente en la formaci\u00f3n del fruto y el enraizamiento.<\/p>\n<p><img decoding=\"async\" class=\"alignnone size-full wp-image-582\" src=\"https:\/\/fervalle.com\/wp-content\/uploads\/2022\/02\/ECO-FERVALLE.jpg\" alt=\"\" width=\"70\" height=\"70\" srcset=\"https:\/\/www.fervalle.com\/wp-content\/uploads\/2022\/02\/ECO-FERVALLE.jpg 70w, https:\/\/www.fervalle.com\/wp-content\/uploads\/2022\/02\/ECO-FERVALLE-64x64.jpg 64w\" sizes=\"(max-width: 70px) 100vw, 70px\" \/><img decoding=\"async\" class=\"alignnone size-full wp-image-583\" src=\"https:\/\/fervalle.com\/wp-content\/uploads\/2022\/02\/FOLIAR-FERVALLE.jpg\" alt=\"\" width=\"70\" height=\"70\" srcset=\"https:\/\/www.fervalle.com\/wp-content\/uploads\/2022\/02\/FOLIAR-FERVALLE.jpg 70w, https:\/\/www.fervalle.com\/wp-content\/uploads\/2022\/02\/FOLIAR-FERVALLE-64x64.jpg 64w\" sizes=\"(max-width: 70px) 100vw, 70px\" \/><img decoding=\"async\" class=\"size-full wp-image-568\" src=\"https:\/\/fervalle.com\/wp-content\/uploads\/2022\/02\/fertirrigacion-logo.jpg\" alt=\"\" width=\"70\" height=\"70\" srcset=\"https:\/\/www.fervalle.com\/wp-content\/uploads\/2022\/02\/fertirrigacion-logo.jpg 70w, https:\/\/www.fervalle.com\/wp-content\/uploads\/2022\/02\/fertirrigacion-logo-64x64.jpg 64w\" sizes=\"(max-width: 70px) 100vw, 70px\" \/> \u00a0<img loading=\"lazy\" decoding=\"async\" class=\"alignnone size-full wp-image-569\" src=\"https:\/\/fervalle.com\/wp-content\/uploads\/2022\/02\/residuo-cero.jpg\" alt=\"\" width=\"70\" height=\"70\" srcset=\"https:\/\/www.fervalle.com\/wp-content\/uploads\/2022\/02\/residuo-cero.jpg 70w, https:\/\/www.fervalle.com\/wp-content\/uploads\/2022\/02\/residuo-cero-64x64.jpg 64w\" sizes=\"(max-width: 70px) 100vw, 70px\" \/> <img loading=\"lazy\" decoding=\"async\" class=\"alignnone size-full wp-image-584\" src=\"https:\/\/fervalle.com\/wp-content\/uploads\/2022\/02\/SHC-CERTIFICACION.jpg\" alt=\"\" width=\"70\" height=\"70\" srcset=\"https:\/\/www.fervalle.com\/wp-content\/uploads\/2022\/02\/SHC-CERTIFICACION.jpg 70w, https:\/\/www.fervalle.com\/wp-content\/uploads\/2022\/02\/SHC-CERTIFICACION-64x64.jpg 64w\" sizes=\"(max-width: 70px) 100vw, 70px\" \/>\u00a0 \u00a0\u00a0<img loading=\"lazy\" decoding=\"async\" class=\"alignnone size-full wp-image-603\" src=\"https:\/\/www.fervalle.com\/wp-content\/uploads\/2023\/03\/DEMETER-BIODINAMICA-LOGO.jpg\" alt=\"\" width=\"70\" height=\"70\" \/> <img loading=\"lazy\" decoding=\"async\" class=\"alignnone size-full wp-image-588\" src=\"https:\/\/fervalle.com\/wp-content\/uploads\/2022\/02\/CAAE-FERVALLE-LOGOTIPO.jpg\" alt=\"\" width=\"70\" height=\"70\" srcset=\"https:\/\/www.fervalle.com\/wp-content\/uploads\/2022\/02\/CAAE-FERVALLE-LOGOTIPO.jpg 70w, https:\/\/www.fervalle.com\/wp-content\/uploads\/2022\/02\/CAAE-FERVALLE-LOGOTIPO-64x64.jpg 64w\" sizes=\"(max-width: 70px) 100vw, 70px\" \/><\/p>\n<p><strong>CERTIFICACIONES PARA AGRICULTURA:<\/strong> ECOL\u00d3GICO, BIODIN\u00c1MICA.<\/p>\n<p><span style=\"font-size: 12pt;\"><strong>VENTAJAS Y BENEFICIOS:<\/strong><\/span><\/p>\n<ul>\n<li>Aporte de agentes reguladores de crecimiento naturales.<\/li>\n<li>Estimula la formaci\u00f3n de nuevas ra\u00edces.<\/li>\n<li>Favorece el cuajado y la formaci\u00f3n del fruto.<\/li>\n<li>Act\u00faa como protector frente a situaciones de estr\u00e9s en los cultivos provocadas por la sequ\u00eda, el fr\u00edo o la fitotoxicidad provocada por metales pesados.<\/li>\n<\/ul>\n<p><b>DOSIS Y MODO DE EMPLEO:<\/b><\/p>\n<div style=\"overflow-x: auto;\">\n<table style=\"width: 100%;\">\n<tbody>\n<tr>\n<td style=\"width: 20.1461%;\" width=\"154\"><strong>CULTIVO<\/strong><\/td>\n<td style=\"width: 34.0292%;\" width=\"272\"><strong>MOMENTO DE APLICACI\u00d3N<\/strong><\/td>\n<td style=\"width: 24.9478%;\" width=\"195\"><strong>FOLIAR<\/strong><\/td>\n<td style=\"width: 20.6681%;\" width=\"159\"><strong>FERTIRRIGACI\u00d3N<\/strong><\/td>\n<\/tr>\n<tr>\n<td style=\"width: 20.1461%;\" width=\"154\">Frutales<\/td>\n<td style=\"width: 34.0292%;\" width=\"272\">Durante el inicio de la floraci\u00f3n, principio cuajado y hasta la maduraci\u00f3n del fruto<\/td>\n<td style=\"width: 24.9478%;\" rowspan=\"5\" width=\"195\">2,5 &#8211; 4 litros\/1000 litros<\/td>\n<td style=\"width: 20.6681%;\" width=\"159\">&nbsp;<\/p>\n<p>4 &#8211; 7 litros\/ha<\/p>\n<p>&nbsp;<\/td>\n<\/tr>\n<tr>\n<td style=\"width: 20.1461%;\" width=\"154\">Hort\u00edcolas<\/td>\n<td style=\"width: 34.0292%;\" width=\"272\">Desde el trasplante hasta el fin del ciclo del cultivo<\/td>\n<td style=\"width: 20.6681%;\" width=\"159\">5 &#8211; 8 litros\/ha<\/td>\n<\/tr>\n<tr>\n<td style=\"width: 20.1461%;\" width=\"154\">Olivo<\/td>\n<td style=\"width: 34.0292%;\" width=\"272\">Desde el inicio de la brotaci\u00f3n hasta la floraci\u00f3n<\/td>\n<td style=\"width: 20.6681%;\" width=\"159\">5 &#8211; 8 litros\/ha<\/td>\n<\/tr>\n<tr>\n<td style=\"width: 20.1461%;\" width=\"154\">Uva de mesa y vid<\/td>\n<td style=\"width: 34.0292%;\" width=\"272\">Desde la aparici\u00f3n de los botones florales, durante la floraci\u00f3n y hasta el cuajado del fruto<\/td>\n<td style=\"width: 20.6681%;\" width=\"159\">4 &#8211; 7 litros\/ha<\/td>\n<\/tr>\n<tr>\n<td style=\"width: 20.1461%;\" width=\"154\">C\u00edtricos<\/td>\n<td style=\"width: 34.0292%;\" width=\"272\">A partir de la brotaci\u00f3n de las yemas<\/td>\n<td style=\"width: 20.6681%;\" width=\"159\">4 &#8211; 7 litros\/ha<\/td>\n<\/tr>\n<\/tbody>\n<\/table>\n<\/div>\n<p><span style=\"font-size: 12pt;\"><strong>Composici\u00f3n:<\/strong> crema de algas, manganeso\u00a0 y zinc.<\/span><\/p>\n","protected":false},"featured_media":650,"template":"","meta":{"_joinchat":[]},"product_brand":[],"product_cat":[24],"product_tag":[475,474],"class_list":{"0":"post-638","1":"product","2":"type-product","3":"status-publish","4":"has-post-thumbnail","6":"product_cat-green-line","7":"product_tag-minerales","8":"product_tag-crema-de-algas-35","9":"pa_composicion-algas","10":"pa_composicion-manganeso","11":"pa_composicion-zinc","12":"pa_funcion-bioestimulantes","13":"pa_funcion-engorde","14":"pa_funcion-potenciadores-de-cuajado","15":"pa_funcion-potenciadores-de-floracion","17":"first","18":"instock","19":"shipping-taxable","20":"product-type-simple"},"jetpack_sharing_enabled":true,"_links":{"self":[{"href":"https:\/\/www.fervalle.com\/pt-pt\/wp-json\/wp\/v2\/product\/638","targetHints":{"allow":["GET"]}}],"collection":[{"href":"https:\/\/www.fervalle.com\/pt-pt\/wp-json\/wp\/v2\/product"}],"about":[{"href":"https:\/\/www.fervalle.com\/pt-pt\/wp-json\/wp\/v2\/types\/product"}],"version-history":[{"count":8,"href":"https:\/\/www.fervalle.com\/pt-pt\/wp-json\/wp\/v2\/product\/638\/revisions"}],"predecessor-version":[{"id":14885,"href":"https:\/\/www.fervalle.com\/pt-pt\/wp-json\/wp\/v2\/product\/638\/revisions\/14885"}],"wp:featuredmedia":[{"embeddable":true,"href":"https:\/\/www.fervalle.com\/pt-pt\/wp-json\/wp\/v2\/media\/650"}],"wp:attachment":[{"href":"https:\/\/www.fervalle.com\/pt-pt\/wp-json\/wp\/v2\/media?parent=638"}],"wp:term":[{"taxonomy":"product_brand","embeddable":true,"href":"https:\/\/www.fervalle.com\/pt-pt\/wp-json\/wp\/v2\/product_brand?post=638"},{"taxonomy":"product_cat","embeddable":true,"href":"https:\/\/www.fervalle.com\/pt-pt\/wp-json\/wp\/v2\/product_cat?post=638"},{"taxonomy":"product_tag","embeddable":true,"href":"https:\/\/www.fervalle.com\/pt-pt\/wp-json\/wp\/v2\/product_tag?post=638"}],"curies":[{"name":"wp","href":"https:\/\/api.w.org\/{rel}","templated":true}]}}