{"id":591,"date":"2022-02-09T12:35:52","date_gmt":"2022-02-09T12:35:52","guid":{"rendered":"https:\/\/fervalle.com\/?post_type=product&#038;p=591"},"modified":"2024-02-05T10:06:20","modified_gmt":"2024-02-05T10:06:20","slug":"magfos","status":"publish","type":"product","link":"https:\/\/www.fervalle.com\/pt-pt\/produto\/magfos\/","title":{"rendered":"MAGFOS\u00ae"},"content":{"rendered":"","protected":false},"excerpt":{"rendered":"<h2 style=\"text-align: justify;\"><strong>Fertilizante nitrogenado con f\u00f3sforo enriquecido con magnesio, hierro y zinc.<\/strong><\/h2>\n<p style=\"text-align: justify;\"><strong>Soluci\u00f3n nutritiva rica en f\u00f3sforo, potasio y nitr\u00f3geno de acci\u00f3n r\u00e1pida.<\/strong> El f\u00f3sforo, junto con el hierro y el zinc, es r\u00e1pidamente asimilado por la planta favoreciendo significativamente el desarrollo de las ra\u00edces, la floraci\u00f3n y el cuajado de los frutos. La presencia de nitr\u00f3geno potencia la funci\u00f3n del magnesio en el interior de la planta favoreciendo el crecimiento y desarrollo vegetativo, as\u00ed como un aumento de la rigidez y estructura de la planta.<\/p>\n<p><img decoding=\"async\" class=\"alignnone size-full wp-image-583\" src=\"https:\/\/fervalle.com\/wp-content\/uploads\/2022\/02\/FOLIAR-FERVALLE.jpg\" alt=\"\" width=\"70\" height=\"70\" srcset=\"https:\/\/www.fervalle.com\/wp-content\/uploads\/2022\/02\/FOLIAR-FERVALLE.jpg 70w, https:\/\/www.fervalle.com\/wp-content\/uploads\/2022\/02\/FOLIAR-FERVALLE-64x64.jpg 64w\" sizes=\"(max-width: 70px) 100vw, 70px\" \/><img decoding=\"async\" class=\"size-full wp-image-568\" src=\"https:\/\/fervalle.com\/wp-content\/uploads\/2022\/02\/fertirrigacion-logo.jpg\" alt=\"\" width=\"70\" height=\"70\" srcset=\"https:\/\/www.fervalle.com\/wp-content\/uploads\/2022\/02\/fertirrigacion-logo.jpg 70w, https:\/\/www.fervalle.com\/wp-content\/uploads\/2022\/02\/fertirrigacion-logo-64x64.jpg 64w\" sizes=\"(max-width: 70px) 100vw, 70px\" \/><img decoding=\"async\" class=\"alignnone size-full wp-image-569\" src=\"https:\/\/fervalle.com\/wp-content\/uploads\/2022\/02\/residuo-cero.jpg\" alt=\"\" width=\"70\" height=\"70\" srcset=\"https:\/\/www.fervalle.com\/wp-content\/uploads\/2022\/02\/residuo-cero.jpg 70w, https:\/\/www.fervalle.com\/wp-content\/uploads\/2022\/02\/residuo-cero-64x64.jpg 64w\" sizes=\"(max-width: 70px) 100vw, 70px\" \/><\/p>\n<p><span style=\"font-size: 12pt;\"><strong>VENTAJAS Y BENEFICIOS:<\/strong><\/span><\/p>\n<ul>\n<li>La acidificaci\u00f3n del suelo permite la liberaci\u00f3n de nutrientes esenciales del complejo de cambio.<\/li>\n<li>Activa el metabolismo de la planta favoreciendo la producci\u00f3n de mol\u00e9culas esenciales durante el desarrollo vegetativo.<\/li>\n<li>Promueve el crecimiento de radicular.<\/li>\n<\/ul>\n<p><b>DOSIS Y MODO DE EMPLEO:<\/b><\/p>\n<div style=\"overflow-x: auto;\">\n<table style=\"width: 100%;\">\n<tbody>\n<tr>\n<td width=\"154\"><strong>CULTIVO<\/strong><\/td>\n<td width=\"272\"><strong>MOMENTO DE APLICACI\u00d3N<\/strong><\/td>\n<td width=\"195\"><strong>FOLIAR<\/strong><\/td>\n<td width=\"159\"><strong>FERTIRRIGACI\u00d3N<\/strong><\/td>\n<\/tr>\n<tr>\n<td width=\"154\">Frutales<\/td>\n<td width=\"272\">Durante el inicio de la floraci\u00f3n, principio cuajado y hasta la maduraci\u00f3n del fruto<\/td>\n<td width=\"195\">2 &#8211; 4 litros\/1000 litros.<\/td>\n<td rowspan=\"6\" width=\"159\">&nbsp;<\/p>\n<p>20 &#8211; 25 litros\/ha.<\/p>\n<p>&nbsp;<\/td>\n<\/tr>\n<tr>\n<td width=\"154\">Hort\u00edcolas<\/td>\n<td width=\"272\">Desde el postrasplante hasta el fin del ciclo del cultivo<\/td>\n<td width=\"195\">1,5 &#8211; 2,5 litros\/1000 litros.<\/td>\n<\/tr>\n<tr>\n<td width=\"154\">Hort\u00edcolas de invierno<\/td>\n<td width=\"272\">Desde el postrasplante hasta el fin del ciclo del cultivo<\/td>\n<td width=\"195\">2,5 -5 litros\/1000 litros.<\/td>\n<\/tr>\n<tr>\n<td width=\"154\">Olivo<\/td>\n<td width=\"272\">Desde el inicio de la floraci\u00f3n y cuajado del fruto<\/td>\n<td width=\"195\">2 &#8211; 4 litros\/1000 litros.<\/td>\n<\/tr>\n<tr>\n<td width=\"154\">Uva de mesa y vid<\/td>\n<td width=\"272\">Desde la aparici\u00f3n de los botones florales y hasta el cuajado del fruto<\/td>\n<td width=\"195\">2 &#8211; 4 litros\/1000 litros.<\/td>\n<\/tr>\n<tr>\n<td width=\"154\">C\u00edtricos<\/td>\n<td width=\"272\">A partir de la floraci\u00f3n y durante el proceso de formaci\u00f3n del fruto<\/td>\n<td width=\"195\">2 &#8211; 4 litros\/1000 litros.<\/td>\n<\/tr>\n<tr>\n<td width=\"154\">Semilleros y ornamentales<\/td>\n<td width=\"272\">Durante el proceso de germinaci\u00f3n<\/td>\n<td width=\"195\">1 &#8211; 1,5 litros\/1000 litros.<\/td>\n<td width=\"159\">10 &#8211; 15 litros\/ha.<\/td>\n<\/tr>\n<\/tbody>\n<\/table>\n<\/div>\n<p><strong style=\"font-size: 12pt;\">Composici\u00f3n:<\/strong><span style=\"font-size: 12pt;\"> f\u00f3sforo<\/span><span style=\"font-size: 12pt;\">, magnesio, nitr\u00f3geno, hierro quelado y zinc quelado. Agente quelante EDTA.<\/span><\/p>\n<p>&nbsp;<\/p>\n","protected":false},"featured_media":594,"template":"","meta":{"_joinchat":[]},"product_brand":[],"product_cat":[28],"product_tag":[462],"class_list":{"0":"post-591","1":"product","2":"type-product","3":"status-publish","4":"has-post-thumbnail","6":"product_cat-star-line","7":"product_tag-fosforo-magnesio-micronutrientes","8":"pa_composicion-fosforo","9":"pa_composicion-hierro","10":"pa_composicion-magnesio","11":"pa_composicion-nitrogeno","12":"pa_composicion-zinc","13":"pa_funcion-enraizantes","14":"pa_funcion-potenciador-radicular","15":"pa_funcion-potenciadores-de-cuajado","16":"pa_funcion-potenciadores-de-floracion","18":"first","19":"instock","20":"shipping-taxable","21":"product-type-simple"},"jetpack_sharing_enabled":true,"_links":{"self":[{"href":"https:\/\/www.fervalle.com\/pt-pt\/wp-json\/wp\/v2\/product\/591","targetHints":{"allow":["GET"]}}],"collection":[{"href":"https:\/\/www.fervalle.com\/pt-pt\/wp-json\/wp\/v2\/product"}],"about":[{"href":"https:\/\/www.fervalle.com\/pt-pt\/wp-json\/wp\/v2\/types\/product"}],"version-history":[{"count":10,"href":"https:\/\/www.fervalle.com\/pt-pt\/wp-json\/wp\/v2\/product\/591\/revisions"}],"predecessor-version":[{"id":24903,"href":"https:\/\/www.fervalle.com\/pt-pt\/wp-json\/wp\/v2\/product\/591\/revisions\/24903"}],"wp:featuredmedia":[{"embeddable":true,"href":"https:\/\/www.fervalle.com\/pt-pt\/wp-json\/wp\/v2\/media\/594"}],"wp:attachment":[{"href":"https:\/\/www.fervalle.com\/pt-pt\/wp-json\/wp\/v2\/media?parent=591"}],"wp:term":[{"taxonomy":"product_brand","embeddable":true,"href":"https:\/\/www.fervalle.com\/pt-pt\/wp-json\/wp\/v2\/product_brand?post=591"},{"taxonomy":"product_cat","embeddable":true,"href":"https:\/\/www.fervalle.com\/pt-pt\/wp-json\/wp\/v2\/product_cat?post=591"},{"taxonomy":"product_tag","embeddable":true,"href":"https:\/\/www.fervalle.com\/pt-pt\/wp-json\/wp\/v2\/product_tag?post=591"}],"curies":[{"name":"wp","href":"https:\/\/api.w.org\/{rel}","templated":true}]}}