{"id":587,"date":"2022-02-09T12:29:03","date_gmt":"2022-02-09T12:29:03","guid":{"rendered":"https:\/\/fervalle.com\/?post_type=product&#038;p=587"},"modified":"2023-01-16T19:37:21","modified_gmt":"2023-01-16T19:37:21","slug":"fosmax-eco","status":"publish","type":"product","link":"https:\/\/www.fervalle.com\/pt-pt\/produto\/fosmax-eco\/","title":{"rendered":"FOSMAX ECO"},"content":{"rendered":"","protected":false},"excerpt":{"rendered":"<h2 style=\"text-align: justify;\"><b>Fertilizante Ecol\u00f3gico con f\u00f3sforo, potasio y calcio en formato micronizado que potencia el desarrollo radicular de la planta.<\/b><\/h2>\n<p style=\"text-align: justify;\"><strong>Fertilizante enraizante rico en f\u00f3sforo y potasio, de origen mineral que, est\u00e1 especialmente indicado para el desarrollo de un potente aparato radicular, favoreciendo as\u00ed el aumento y mejora de la floraci\u00f3n en la planta, el cuajado y la maduraci\u00f3n del fruto.<\/strong> El empleo de KRAPTON y PH COLOR junto con FOSMAX ECO ayuda a potenciar el efecto de la captaci\u00f3n de f\u00f3sforo y potasio a trav\u00e9s de la planta.<\/p>\n<p><img decoding=\"async\" class=\"alignnone size-full wp-image-582\" src=\"https:\/\/fervalle.com\/wp-content\/uploads\/2022\/02\/ECO-FERVALLE.jpg\" alt=\"\" width=\"70\" height=\"70\" srcset=\"https:\/\/www.fervalle.com\/wp-content\/uploads\/2022\/02\/ECO-FERVALLE.jpg 70w, https:\/\/www.fervalle.com\/wp-content\/uploads\/2022\/02\/ECO-FERVALLE-64x64.jpg 64w\" sizes=\"(max-width: 70px) 100vw, 70px\" \/><img decoding=\"async\" class=\"alignnone size-full wp-image-583\" src=\"https:\/\/fervalle.com\/wp-content\/uploads\/2022\/02\/FOLIAR-FERVALLE.jpg\" alt=\"\" width=\"70\" height=\"70\" srcset=\"https:\/\/www.fervalle.com\/wp-content\/uploads\/2022\/02\/FOLIAR-FERVALLE.jpg 70w, https:\/\/www.fervalle.com\/wp-content\/uploads\/2022\/02\/FOLIAR-FERVALLE-64x64.jpg 64w\" sizes=\"(max-width: 70px) 100vw, 70px\" \/><img decoding=\"async\" class=\"size-full wp-image-568\" src=\"https:\/\/fervalle.com\/wp-content\/uploads\/2022\/02\/fertirrigacion-logo.jpg\" alt=\"\" width=\"70\" height=\"70\" srcset=\"https:\/\/www.fervalle.com\/wp-content\/uploads\/2022\/02\/fertirrigacion-logo.jpg 70w, https:\/\/www.fervalle.com\/wp-content\/uploads\/2022\/02\/fertirrigacion-logo-64x64.jpg 64w\" sizes=\"(max-width: 70px) 100vw, 70px\" \/><img decoding=\"async\" src=\"https:\/\/fervalle.com\/wp-content\/uploads\/2022\/02\/micronizado.jpg\" \/><img loading=\"lazy\" decoding=\"async\" class=\"alignnone size-full wp-image-569\" style=\"font-size: inherit;\" src=\"https:\/\/fervalle.com\/wp-content\/uploads\/2022\/02\/residuo-cero.jpg\" alt=\"\" width=\"70\" height=\"70\" srcset=\"https:\/\/www.fervalle.com\/wp-content\/uploads\/2022\/02\/residuo-cero.jpg 70w, https:\/\/www.fervalle.com\/wp-content\/uploads\/2022\/02\/residuo-cero-64x64.jpg 64w\" sizes=\"(max-width: 70px) 100vw, 70px\" \/><img loading=\"lazy\" decoding=\"async\" class=\"alignnone size-full wp-image-588\" style=\"font-size: inherit;\" src=\"https:\/\/fervalle.com\/wp-content\/uploads\/2022\/02\/CAAE-FERVALLE-LOGOTIPO.jpg\" alt=\"\" width=\"70\" height=\"70\" srcset=\"https:\/\/www.fervalle.com\/wp-content\/uploads\/2022\/02\/CAAE-FERVALLE-LOGOTIPO.jpg 70w, https:\/\/www.fervalle.com\/wp-content\/uploads\/2022\/02\/CAAE-FERVALLE-LOGOTIPO-64x64.jpg 64w\" sizes=\"(max-width: 70px) 100vw, 70px\" \/><\/p>\n<p><strong>CERTIFICACIONES PARA AGRICULTURA:<\/strong> ECOL\u00d3GICO.<\/p>\n<p><span style=\"font-size: 12pt;\"><strong>VENTAJAS Y BENEFICIOS:<\/strong><\/span><\/p>\n<ul>\n<li>Proporciona una fuente de f\u00f3sforo y potasio biodisponible para la planta a lo largo del ciclo del cultivo.<\/li>\n<li>Los \u00e1cidos org\u00e1nicos generados por las ra\u00edces y los microorganismos del suelo favorecen su transformaci\u00f3n en f\u00f3sforo org\u00e1nico de alta asimilaci\u00f3n.<\/li>\n<li>El calcio y el potasio intervienen en la divisi\u00f3n celular, manteniendo la estructura y rigidez de la pared celular.<\/li>\n<\/ul>\n<p><b>DOSIS Y MODO DE EMPLEO:<\/b><\/p>\n<div style=\"overflow-x: auto;\">\n<table style=\"width: 100%;\">\n<tbody>\n<tr>\n<td width=\"154\"><strong>CULTIVO<\/strong><\/td>\n<td width=\"236\"><strong>MOMENTO DE APLICACI\u00d3N<\/strong><\/td>\n<td width=\"189\"><strong>FOLIAR<\/strong><\/td>\n<td width=\"201\"><strong>FERTIRRIGACI\u00d3N<\/strong><\/td>\n<\/tr>\n<tr>\n<td width=\"154\">Frutales<\/td>\n<td rowspan=\"5\" width=\"236\">Aplicar durante todo el ciclo del cultivo<\/td>\n<td rowspan=\"5\" width=\"189\">3 &#8211; 5 kilos\/1000 litros. Aplicar junto con PH COLOR para potenciar su efecto.<\/td>\n<td rowspan=\"5\" width=\"201\">5 &#8211; 10 kilos\/ha. Aplicar junto con KRAPTON para potenciar su efecto.<\/p>\n<p>&nbsp;<\/td>\n<\/tr>\n<tr>\n<td width=\"154\">Hort\u00edcolas<\/td>\n<\/tr>\n<tr>\n<td width=\"154\">Olivo<\/td>\n<\/tr>\n<tr>\n<td width=\"154\">Uva de mesa y vid<\/td>\n<\/tr>\n<tr>\n<td width=\"154\">C\u00edtricos<\/td>\n<\/tr>\n<\/tbody>\n<\/table>\n<\/div>\n<h2><span style=\"font-size: 12pt;\"><strong>Composici\u00f3n: <\/strong>f\u00f3sforo (P<span style=\"font-size: 8pt;\">2<\/span>O<span style=\"font-size: 8pt;\">5<\/span>) 26%, calcio (CaO) 38,5% y potasio (K<span style=\"font-size: 8pt;\">2<\/span>0) 5%.<\/span><\/h2>\n<p>&nbsp;<\/p>\n","protected":false},"featured_media":3662,"template":"","meta":{"_joinchat":[]},"product_brand":[],"product_cat":[28],"product_tag":[459],"class_list":{"0":"post-587","1":"product","2":"type-product","3":"status-publish","4":"has-post-thumbnail","6":"product_cat-star-line","7":"product_tag-enraizante-en-base-fosforo-ecologico","8":"pa_composicion-calcio","9":"pa_composicion-fosforo","10":"pa_composicion-potasio","11":"pa_funcion-acondicionadores-de-suelo","12":"pa_funcion-enraizantes","13":"pa_funcion-potenciador-radicular","14":"pa_funcion-potenciadores-abonos-npk","16":"first","17":"instock","18":"shipping-taxable","19":"product-type-simple"},"jetpack_sharing_enabled":true,"_links":{"self":[{"href":"https:\/\/www.fervalle.com\/pt-pt\/wp-json\/wp\/v2\/product\/587","targetHints":{"allow":["GET"]}}],"collection":[{"href":"https:\/\/www.fervalle.com\/pt-pt\/wp-json\/wp\/v2\/product"}],"about":[{"href":"https:\/\/www.fervalle.com\/pt-pt\/wp-json\/wp\/v2\/types\/product"}],"version-history":[{"count":11,"href":"https:\/\/www.fervalle.com\/pt-pt\/wp-json\/wp\/v2\/product\/587\/revisions"}],"predecessor-version":[{"id":13436,"href":"https:\/\/www.fervalle.com\/pt-pt\/wp-json\/wp\/v2\/product\/587\/revisions\/13436"}],"wp:featuredmedia":[{"embeddable":true,"href":"https:\/\/www.fervalle.com\/pt-pt\/wp-json\/wp\/v2\/media\/3662"}],"wp:attachment":[{"href":"https:\/\/www.fervalle.com\/pt-pt\/wp-json\/wp\/v2\/media?parent=587"}],"wp:term":[{"taxonomy":"product_brand","embeddable":true,"href":"https:\/\/www.fervalle.com\/pt-pt\/wp-json\/wp\/v2\/product_brand?post=587"},{"taxonomy":"product_cat","embeddable":true,"href":"https:\/\/www.fervalle.com\/pt-pt\/wp-json\/wp\/v2\/product_cat?post=587"},{"taxonomy":"product_tag","embeddable":true,"href":"https:\/\/www.fervalle.com\/pt-pt\/wp-json\/wp\/v2\/product_tag?post=587"}],"curies":[{"name":"wp","href":"https:\/\/api.w.org\/{rel}","templated":true}]}}