{"id":1072,"date":"2022-02-18T14:37:37","date_gmt":"2022-02-18T14:37:37","guid":{"rendered":"https:\/\/fervalle.com\/?post_type=product&#038;p=1072"},"modified":"2022-10-20T11:35:17","modified_gmt":"2022-10-20T11:35:17","slug":"aqua-plus","status":"publish","type":"product","link":"https:\/\/www.fervalle.com\/pt-pt\/produto\/aqua-plus\/","title":{"rendered":"AQUA PLUS\u00ae"},"content":{"rendered":"","protected":false},"excerpt":{"rendered":"<p style=\"text-align: justify;\">Soluci\u00f3n de per\u00f3xido de hidr\u00f3geno al 5% especialmente indicado para la desinfecci\u00f3n de la maquinaria agr\u00edcola. Se emplea como fungicida y bactericida sobre la planta. Se recomienda aplicar antes de realizar el corte en tomate y pimiento para eliminar bacterias. Su empleo para el tratamiento de semillas de lechuga y flores antes de la siembra ayuda a controlar las bacterias y hongos pat\u00f3genos.<\/p>\n<p><img decoding=\"async\" class=\"alignnone size-full wp-image-582\" src=\"https:\/\/fervalle.com\/wp-content\/uploads\/2022\/02\/ECO-FERVALLE.jpg\" alt=\"\" width=\"70\" height=\"70\" srcset=\"https:\/\/www.fervalle.com\/wp-content\/uploads\/2022\/02\/ECO-FERVALLE.jpg 70w, https:\/\/www.fervalle.com\/wp-content\/uploads\/2022\/02\/ECO-FERVALLE-64x64.jpg 64w\" sizes=\"(max-width: 70px) 100vw, 70px\" \/>\u00a0\u00a0<img decoding=\"async\" class=\"alignnone size-full wp-image-569\" src=\"https:\/\/fervalle.com\/wp-content\/uploads\/2022\/02\/residuo-cero.jpg\" alt=\"\" width=\"70\" height=\"70\" srcset=\"https:\/\/www.fervalle.com\/wp-content\/uploads\/2022\/02\/residuo-cero.jpg 70w, https:\/\/www.fervalle.com\/wp-content\/uploads\/2022\/02\/residuo-cero-64x64.jpg 64w\" sizes=\"(max-width: 70px) 100vw, 70px\" \/><\/p>\n<p><strong style=\"font-size: 12pt;\">Composici\u00f3n:<\/strong><span style=\"font-size: 12pt;\"> Per\u00f3xido de hidr\u00f3geno<\/span><span style=\"font-size: 12pt;\">.<\/span><\/p>\n","protected":false},"featured_media":1432,"template":"","meta":{"_joinchat":[]},"product_brand":[],"product_cat":[26],"product_tag":[432],"class_list":{"0":"post-1072","1":"product","2":"type-product","3":"status-publish","4":"has-post-thumbnail","6":"product_cat-orange-line","7":"product_tag-desinfectante","8":"pa_composicion-peroxido-de-hidrogeno","9":"pa_funcion-desinfectantes","11":"first","12":"instock","13":"shipping-taxable","14":"product-type-simple"},"jetpack_sharing_enabled":true,"_links":{"self":[{"href":"https:\/\/www.fervalle.com\/pt-pt\/wp-json\/wp\/v2\/product\/1072","targetHints":{"allow":["GET"]}}],"collection":[{"href":"https:\/\/www.fervalle.com\/pt-pt\/wp-json\/wp\/v2\/product"}],"about":[{"href":"https:\/\/www.fervalle.com\/pt-pt\/wp-json\/wp\/v2\/types\/product"}],"version-history":[{"count":4,"href":"https:\/\/www.fervalle.com\/pt-pt\/wp-json\/wp\/v2\/product\/1072\/revisions"}],"predecessor-version":[{"id":1865,"href":"https:\/\/www.fervalle.com\/pt-pt\/wp-json\/wp\/v2\/product\/1072\/revisions\/1865"}],"wp:featuredmedia":[{"embeddable":true,"href":"https:\/\/www.fervalle.com\/pt-pt\/wp-json\/wp\/v2\/media\/1432"}],"wp:attachment":[{"href":"https:\/\/www.fervalle.com\/pt-pt\/wp-json\/wp\/v2\/media?parent=1072"}],"wp:term":[{"taxonomy":"product_brand","embeddable":true,"href":"https:\/\/www.fervalle.com\/pt-pt\/wp-json\/wp\/v2\/product_brand?post=1072"},{"taxonomy":"product_cat","embeddable":true,"href":"https:\/\/www.fervalle.com\/pt-pt\/wp-json\/wp\/v2\/product_cat?post=1072"},{"taxonomy":"product_tag","embeddable":true,"href":"https:\/\/www.fervalle.com\/pt-pt\/wp-json\/wp\/v2\/product_tag?post=1072"}],"curies":[{"name":"wp","href":"https:\/\/api.w.org\/{rel}","templated":true}]}}