{"id":1059,"date":"2022-02-18T14:20:04","date_gmt":"2022-02-18T14:20:04","guid":{"rendered":"https:\/\/fervalle.com\/?post_type=product&#038;p=1059"},"modified":"2022-08-30T05:33:04","modified_gmt":"2022-08-30T05:33:04","slug":"forsod","status":"publish","type":"product","link":"https:\/\/www.fervalle.com\/pt-pt\/produto\/forsod\/","title":{"rendered":"FORSOD\u00ae"},"content":{"rendered":"","protected":false},"excerpt":{"rendered":"<h2>Mejora la estructura del suelo.<\/h2>\n<p>Soluci\u00f3n l\u00edquida de car\u00e1cter \u00e1cido que genera un alto poder de cohesi\u00f3n entre las part\u00edculas de suelo, mejorando la estructura.<\/p>\n<p><img decoding=\"async\" class=\"alignnone size-full wp-image-568\" src=\"https:\/\/fervalle.com\/wp-content\/uploads\/2022\/02\/fertirrigacion-logo.jpg\" alt=\"\" width=\"70\" height=\"70\" srcset=\"https:\/\/www.fervalle.com\/wp-content\/uploads\/2022\/02\/fertirrigacion-logo.jpg 70w, https:\/\/www.fervalle.com\/wp-content\/uploads\/2022\/02\/fertirrigacion-logo-64x64.jpg 64w\" sizes=\"(max-width: 70px) 100vw, 70px\" \/>\u00a0<img decoding=\"async\" class=\"alignnone size-full wp-image-569\" src=\"https:\/\/fervalle.com\/wp-content\/uploads\/2022\/02\/residuo-cero.jpg\" alt=\"\" width=\"70\" height=\"70\" srcset=\"https:\/\/www.fervalle.com\/wp-content\/uploads\/2022\/02\/residuo-cero.jpg 70w, https:\/\/www.fervalle.com\/wp-content\/uploads\/2022\/02\/residuo-cero-64x64.jpg 64w\" sizes=\"(max-width: 70px) 100vw, 70px\" \/><\/p>\n<p><span style=\"font-size: 12pt;\"><strong>VENTAJAS Y BENEFICIOS:<\/strong><\/span><\/p>\n<ul>\n<li>Favorece y mejora la estructura del suelo.<\/li>\n<li>Favorece la asimilaci\u00f3n de nutrientes por parte de la planta.<\/li>\n<\/ul>\n<p><b>DOSIS Y MODO DE EMPLEO:<\/b><\/p>\n<div style=\"overflow-x: auto;\">\n<table style=\"width: 100%;\">\n<tbody>\n<tr>\n<td style=\"background-color: #232230;\" width=\"154\"><span style=\"color: #ffffff;\"><strong>CULTIVO<\/strong><\/span><\/td>\n<td style=\"background-color: #232230;\" width=\"272\"><span style=\"color: #ffffff;\"><strong>MOMENTO DE APLICACI\u00d3N<\/strong><\/span><\/td>\n<td style=\"background-color: #232230;\" width=\"159\"><span style=\"color: #ffffff;\"><strong>FERTIRRIGACI\u00d3N<\/strong><\/span><\/td>\n<\/tr>\n<tr>\n<td width=\"154\">Frutales<\/td>\n<td rowspan=\"5\" width=\"272\">Aplicar durante el ciclo del cultivo<\/td>\n<td rowspan=\"5\" width=\"159\">&nbsp;<\/p>\n<p>0,5 \u2013 1 litros\/ha<\/p>\n<p>&nbsp;<\/td>\n<\/tr>\n<tr>\n<td width=\"154\">Hort\u00edcolas<\/td>\n<\/tr>\n<tr>\n<td width=\"154\">Olivo<\/td>\n<\/tr>\n<tr>\n<td width=\"154\">Uva de mesa y vid<\/td>\n<\/tr>\n<tr>\n<td width=\"154\">C\u00edtricos<\/td>\n<\/tr>\n<\/tbody>\n<\/table>\n<\/div>\n<p><span style=\"font-size: 12pt;\"><strong>Composici\u00f3n:<\/strong> \u00c1cido polimal\u00e9ico.<\/span><\/p>\n","protected":false},"featured_media":1290,"template":"","meta":{"_joinchat":[]},"product_brand":[],"product_cat":[29],"product_tag":[447],"class_list":{"0":"post-1059","1":"product","2":"type-product","3":"status-publish","4":"has-post-thumbnail","6":"product_cat-red-line","7":"product_tag-mejora-la-estructura-de-los-suelos","8":"pa_composicion-acido-polimaleico","9":"pa_funcion-acondicionadores-de-suelo","11":"first","12":"instock","13":"shipping-taxable","14":"product-type-simple"},"jetpack_sharing_enabled":true,"_links":{"self":[{"href":"https:\/\/www.fervalle.com\/pt-pt\/wp-json\/wp\/v2\/product\/1059","targetHints":{"allow":["GET"]}}],"collection":[{"href":"https:\/\/www.fervalle.com\/pt-pt\/wp-json\/wp\/v2\/product"}],"about":[{"href":"https:\/\/www.fervalle.com\/pt-pt\/wp-json\/wp\/v2\/types\/product"}],"version-history":[{"count":3,"href":"https:\/\/www.fervalle.com\/pt-pt\/wp-json\/wp\/v2\/product\/1059\/revisions"}],"predecessor-version":[{"id":7653,"href":"https:\/\/www.fervalle.com\/pt-pt\/wp-json\/wp\/v2\/product\/1059\/revisions\/7653"}],"wp:featuredmedia":[{"embeddable":true,"href":"https:\/\/www.fervalle.com\/pt-pt\/wp-json\/wp\/v2\/media\/1290"}],"wp:attachment":[{"href":"https:\/\/www.fervalle.com\/pt-pt\/wp-json\/wp\/v2\/media?parent=1059"}],"wp:term":[{"taxonomy":"product_brand","embeddable":true,"href":"https:\/\/www.fervalle.com\/pt-pt\/wp-json\/wp\/v2\/product_brand?post=1059"},{"taxonomy":"product_cat","embeddable":true,"href":"https:\/\/www.fervalle.com\/pt-pt\/wp-json\/wp\/v2\/product_cat?post=1059"},{"taxonomy":"product_tag","embeddable":true,"href":"https:\/\/www.fervalle.com\/pt-pt\/wp-json\/wp\/v2\/product_tag?post=1059"}],"curies":[{"name":"wp","href":"https:\/\/api.w.org\/{rel}","templated":true}]}}