{"id":29996,"date":"2022-03-02T16:07:59","date_gmt":"2022-03-02T16:07:59","guid":{"rendered":"https:\/\/www.fervalle.com\/investigacao-e-desenvolvimento\/"},"modified":"2025-06-03T09:25:34","modified_gmt":"2025-06-03T09:25:34","slug":"investigacao-e-desenvolvimento","status":"publish","type":"page","link":"https:\/\/www.fervalle.com\/pt-pt\/investigacao-e-desenvolvimento\/","title":{"rendered":"Investiga\u00e7\u00e3o e desenvolvimento"},"content":{"rendered":"\t\t<div data-elementor-type=\"wp-page\" data-elementor-id=\"29996\" class=\"elementor elementor-29996 elementor-1617\" data-elementor-post-type=\"page\">\n\t\t\t\t\t\t<section class=\"elementor-section elementor-top-section elementor-element elementor-element-99281ae elementor-section-boxed elementor-section-height-default elementor-section-height-default\" data-id=\"99281ae\" data-element_type=\"section\" data-e-type=\"section\">\n\t\t\t\t\t\t<div class=\"elementor-container elementor-column-gap-default\">\n\t\t\t\t\t<div class=\"elementor-column elementor-col-50 elementor-top-column elementor-element elementor-element-0f332e1\" data-id=\"0f332e1\" data-element_type=\"column\" data-e-type=\"column\">\n\t\t\t<div class=\"elementor-widget-wrap elementor-element-populated\">\n\t\t\t\t\t\t<div class=\"elementor-element elementor-element-215aa16 elementor-hidden-tablet elementor-hidden-mobile elementor-widget elementor-widget-spacer\" data-id=\"215aa16\" data-element_type=\"widget\" data-e-type=\"widget\" data-widget_type=\"spacer.default\">\n\t\t\t\t<div class=\"elementor-widget-container\">\n\t\t\t\t\t\t\t<div class=\"elementor-spacer\">\n\t\t\t<div class=\"elementor-spacer-inner\"><\/div>\n\t\t<\/div>\n\t\t\t\t\t\t<\/div>\n\t\t\t\t<\/div>\n\t\t\t\t<div class=\"elementor-element elementor-element-c7b1391 elementor-hidden-tablet elementor-widget elementor-widget-spacer\" data-id=\"c7b1391\" data-element_type=\"widget\" data-e-type=\"widget\" data-widget_type=\"spacer.default\">\n\t\t\t\t<div class=\"elementor-widget-container\">\n\t\t\t\t\t\t\t<div class=\"elementor-spacer\">\n\t\t\t<div class=\"elementor-spacer-inner\"><\/div>\n\t\t<\/div>\n\t\t\t\t\t\t<\/div>\n\t\t\t\t<\/div>\n\t\t\t\t<div class=\"elementor-element elementor-element-f9fbfb8 elementor-nav-menu--dropdown-tablet elementor-nav-menu__text-align-aside elementor-nav-menu--toggle elementor-nav-menu--burger elementor-widget elementor-widget-nav-menu\" data-id=\"f9fbfb8\" data-element_type=\"widget\" data-e-type=\"widget\" data-settings=\"{&quot;layout&quot;:&quot;horizontal&quot;,&quot;submenu_icon&quot;:{&quot;value&quot;:&quot;&lt;i class=\\&quot;fas fa-caret-down\\&quot; aria-hidden=\\&quot;true\\&quot;&gt;&lt;\\\/i&gt;&quot;,&quot;library&quot;:&quot;fa-solid&quot;},&quot;toggle&quot;:&quot;burger&quot;}\" data-widget_type=\"nav-menu.default\">\n\t\t\t\t<div class=\"elementor-widget-container\">\n\t\t\t\t\t\t\t\t<nav aria-label=\"Menu\" class=\"elementor-nav-menu--main elementor-nav-menu__container elementor-nav-menu--layout-horizontal e--pointer-underline e--animation-fade\">\n\t\t\t\t<ul id=\"menu-1-f9fbfb8\" class=\"elementor-nav-menu\"><li class=\"menu-item menu-item-type-post_type menu-item-object-page menu-item-30387\"><a href=\"https:\/\/www.fervalle.com\/pt-pt\/investigacao-e-desenvolvimento\/\" class=\"elementor-item\">Investiga\u00e7\u00e3o e desenvolvimento<\/a><\/li>\n<li class=\"menu-item menu-item-type-post_type menu-item-object-page menu-item-30388\"><a href=\"https:\/\/www.fervalle.com\/pt-pt\/fornecedores\/\" class=\"elementor-item\">Fornecedores<\/a><\/li>\n<\/ul>\t\t\t<\/nav>\n\t\t\t\t\t<div class=\"elementor-menu-toggle\" role=\"button\" tabindex=\"0\" aria-label=\"Menu Toggle\" aria-expanded=\"false\">\n\t\t\t<i aria-hidden=\"true\" role=\"presentation\" class=\"elementor-menu-toggle__icon--open eicon-menu-bar\"><\/i><i aria-hidden=\"true\" role=\"presentation\" class=\"elementor-menu-toggle__icon--close eicon-close\"><\/i>\t\t<\/div>\n\t\t\t\t\t<nav class=\"elementor-nav-menu--dropdown elementor-nav-menu__container\" aria-hidden=\"true\">\n\t\t\t\t<ul id=\"menu-2-f9fbfb8\" class=\"elementor-nav-menu\"><li class=\"menu-item menu-item-type-post_type menu-item-object-page menu-item-30387\"><a href=\"https:\/\/www.fervalle.com\/pt-pt\/investigacao-e-desenvolvimento\/\" class=\"elementor-item\" tabindex=\"-1\">Investiga\u00e7\u00e3o e desenvolvimento<\/a><\/li>\n<li class=\"menu-item menu-item-type-post_type menu-item-object-page menu-item-30388\"><a href=\"https:\/\/www.fervalle.com\/pt-pt\/fornecedores\/\" class=\"elementor-item\" tabindex=\"-1\">Fornecedores<\/a><\/li>\n<\/ul>\t\t\t<\/nav>\n\t\t\t\t\t\t<\/div>\n\t\t\t\t<\/div>\n\t\t\t\t\t<\/div>\n\t\t<\/div>\n\t\t\t\t<div class=\"elementor-column elementor-col-50 elementor-top-column elementor-element elementor-element-d579668\" data-id=\"d579668\" data-element_type=\"column\" data-e-type=\"column\">\n\t\t\t<div class=\"elementor-widget-wrap elementor-element-populated\">\n\t\t\t\t\t\t<div class=\"elementor-element elementor-element-cc2d931 elementor-hidden-tablet elementor-hidden-mobile elementor-widget elementor-widget-spacer\" data-id=\"cc2d931\" data-element_type=\"widget\" data-e-type=\"widget\" data-widget_type=\"spacer.default\">\n\t\t\t\t<div class=\"elementor-widget-container\">\n\t\t\t\t\t\t\t<div class=\"elementor-spacer\">\n\t\t\t<div class=\"elementor-spacer-inner\"><\/div>\n\t\t<\/div>\n\t\t\t\t\t\t<\/div>\n\t\t\t\t<\/div>\n\t\t\t\t<div class=\"elementor-element elementor-element-19ca6b9 elementor-widget elementor-widget-heading\" data-id=\"19ca6b9\" data-element_type=\"widget\" data-e-type=\"widget\" data-widget_type=\"heading.default\">\n\t\t\t\t<div class=\"elementor-widget-container\">\n\t\t\t\t\t<h2 class=\"elementor-heading-title elementor-size-default\">Investiga\u00e7\u00e3o e desenvolvimento<\/h2>\t\t\t\t<\/div>\n\t\t\t\t<\/div>\n\t\t\t\t<div class=\"elementor-element elementor-element-18bd244 elementor-widget-divider--view-line elementor-widget elementor-widget-divider\" data-id=\"18bd244\" data-element_type=\"widget\" data-e-type=\"widget\" data-widget_type=\"divider.default\">\n\t\t\t\t<div class=\"elementor-widget-container\">\n\t\t\t\t\t\t\t<div class=\"elementor-divider\">\n\t\t\t<span class=\"elementor-divider-separator\">\n\t\t\t\t\t\t<\/span>\n\t\t<\/div>\n\t\t\t\t\t\t<\/div>\n\t\t\t\t<\/div>\n\t\t\t\t<div class=\"elementor-element elementor-element-0048029 elementor-widget elementor-widget-text-editor\" data-id=\"0048029\" data-element_type=\"widget\" data-e-type=\"widget\" data-widget_type=\"text-editor.default\">\n\t\t\t\t<div class=\"elementor-widget-container\">\n\t\t\t\t\t\t\t\t\t<div class=\"x_1583849960et_pb_row_inner x_1583849960et_pb_row_inner_0 x_1583849960et_pb_with_border\"><div class=\"x_1583849960et_pb_column x_1583849960et_pb_column_4_4 x_1583849960et_pb_column_inner x_1583849960 x_1583849960et_pb_column_inner_0 x_1583849960et-last-child\"><div class=\"x_1583849960et_pb_text x_1583849960et_pb_module x_1583849960et_pb_bg_layout_light x_1583849960et_pb_text_align_left x_1583849960 x_1583849960et_pb_text_0\"><div class=\"x_1583849960et_pb_text_inner\"><p><span style=\"color: #333333;\"><strong><span style=\"font-family: inherit; font-size: 24px; font-style: inherit;\">A nossa for\u00e7a motriz \u00e9 a inova\u00e7\u00e3o.<\/span><\/strong><\/span><\/p><\/div><\/div><div class=\"x_1583849960et_pb_text x_1583849960et_pb_module x_1583849960et_pb_bg_layout_light x_1583849960et_pb_text_align_left x_1583849960 x_1583849960et_pb_text_2\"><div class=\"x_1583849960et_pb_text_inner\"><p><span style=\"color: #333333;\">Por esta raz\u00e3o, combinamos os nossos pr\u00f3prios projectos de investiga\u00e7\u00e3o e os que s\u00e3o realizados em <span class=\"x_1583849960s1\">colabora\u00e7\u00e3o com institui\u00e7\u00f5es p\u00fablicas e entidades privadas de investiga\u00e7\u00e3o, procurando solu\u00e7\u00f5es para as actuais defici\u00eancias do sector agr\u00edcola.<\/span><\/span><\/p><p class=\"x_1583849960p1\"><span class=\"x_1583849960s1\" style=\"color: #333333;\"><b>As Faculdades de Biologia, Bioqu\u00edmica e Qu\u00edmica da Universidade de M\u00farcia e a Escola de Engenharia Agron\u00f3mica da Universidade de Cartagena<\/b> s\u00e3o bons exemplos desta rela\u00e7\u00e3o.<\/span><\/p><\/div><\/div><\/div><\/div><div class=\"x_1583849960et_pb_row_inner x_1583849960et_pb_row_inner_1 x_1583849960et_pb_equal_columns x_1583849960et_pb_gutters3 x_1583849960et_pb_row_1-4_1-4_1-4\"><div class=\"x_1583849960et_pb_column x_1583849960et_pb_column_1_4 x_1583849960et_pb_column_inner x_1583849960 x_1583849960et_pb_column_inner_1\"><div class=\"x_1583849960et_pb_module x_1583849960et_pb_image x_1583849960et_pb_image_0 x_1583849960et_always_center_on_mobile\"><span class=\"x_1583849960et_pb_image_wrap\"> <\/span><\/div><\/div><div class=\"x_1583849960et_pb_column x_1583849960et_pb_column_1_4 x_1583849960et_pb_column_inner x_1583849960 x_1583849960et_pb_column_inner_2\"><div class=\"x_1583849960et_pb_module x_1583849960et_pb_image x_1583849960et_pb_image_1 x_1583849960et_always_center_on_mobile\"><span class=\"x_1583849960et_pb_image_wrap\"> <\/span><\/div><\/div><div class=\"x_1583849960et_pb_column x_1583849960et_pb_column_1_4 x_1583849960et_pb_column_inner x_1583849960 x_1583849960et_pb_column_inner_3 x_1583849960et-last-child\"><div class=\"x_1583849960et_pb_module x_1583849960et_pb_image x_1583849960et_pb_image_2 x_1583849960et_always_center_on_mobile\"><span class=\"x_1583849960et_pb_image_wrap\"><img id=\"1646237007485100003_imgsrc_url_0\" alt=\"\" height=\"auto\"><\/span><\/div><\/div><\/div>\t\t\t\t\t\t\t\t<\/div>\n\t\t\t\t<\/div>\n\t\t\t\t\t<\/div>\n\t\t<\/div>\n\t\t\t\t\t<\/div>\n\t\t<\/section>\n\t\t\t\t<section class=\"elementor-section elementor-top-section elementor-element elementor-element-4afa3b3 elementor-section-boxed elementor-section-height-default elementor-section-height-default\" data-id=\"4afa3b3\" data-element_type=\"section\" data-e-type=\"section\">\n\t\t\t\t\t\t<div class=\"elementor-container elementor-column-gap-default\">\n\t\t\t\t\t<div class=\"elementor-column elementor-col-33 elementor-top-column elementor-element elementor-element-dc29ff2\" data-id=\"dc29ff2\" data-element_type=\"column\" data-e-type=\"column\">\n\t\t\t<div class=\"elementor-widget-wrap elementor-element-populated\">\n\t\t\t\t\t\t<div class=\"elementor-element elementor-element-68be4ce elementor-widget elementor-widget-spacer\" data-id=\"68be4ce\" data-element_type=\"widget\" data-e-type=\"widget\" data-widget_type=\"spacer.default\">\n\t\t\t\t<div class=\"elementor-widget-container\">\n\t\t\t\t\t\t\t<div class=\"elementor-spacer\">\n\t\t\t<div class=\"elementor-spacer-inner\"><\/div>\n\t\t<\/div>\n\t\t\t\t\t\t<\/div>\n\t\t\t\t<\/div>\n\t\t\t\t<div class=\"elementor-element elementor-element-0436d57 elementor-widget elementor-widget-image\" data-id=\"0436d57\" data-element_type=\"widget\" data-e-type=\"widget\" data-widget_type=\"image.default\">\n\t\t\t\t<div class=\"elementor-widget-container\">\n\t\t\t\t\t\t\t\t\t\t\t\t\t\t\t<img decoding=\"async\" width=\"175\" height=\"60\" src=\"https:\/\/www.fervalle.com\/wp-content\/uploads\/2021\/12\/Universidad-politecnica-de-Cartagena-1.png\" class=\"attachment-large size-large wp-image-2630\" alt=\"\" \/>\t\t\t\t\t\t\t\t\t\t\t\t\t\t\t<\/div>\n\t\t\t\t<\/div>\n\t\t\t\t\t<\/div>\n\t\t<\/div>\n\t\t\t\t<div class=\"elementor-column elementor-col-33 elementor-top-column elementor-element elementor-element-5dcf439\" data-id=\"5dcf439\" data-element_type=\"column\" data-e-type=\"column\">\n\t\t\t<div class=\"elementor-widget-wrap elementor-element-populated\">\n\t\t\t\t\t\t<div class=\"elementor-element elementor-element-cd6d675 elementor-widget elementor-widget-image\" data-id=\"cd6d675\" data-element_type=\"widget\" data-e-type=\"widget\" data-widget_type=\"image.default\">\n\t\t\t\t<div class=\"elementor-widget-container\">\n\t\t\t\t\t\t\t\t\t\t\t\t\t\t\t<img decoding=\"async\" width=\"75\" height=\"120\" src=\"https:\/\/www.fervalle.com\/wp-content\/uploads\/2021\/12\/universitas-Miguel-Hernandez-1.png\" class=\"attachment-large size-large wp-image-2646\" alt=\"\" \/>\t\t\t\t\t\t\t\t\t\t\t\t\t\t\t<\/div>\n\t\t\t\t<\/div>\n\t\t\t\t\t<\/div>\n\t\t<\/div>\n\t\t\t\t<div class=\"elementor-column elementor-col-33 elementor-top-column elementor-element elementor-element-e50f4ac\" data-id=\"e50f4ac\" data-element_type=\"column\" data-e-type=\"column\">\n\t\t\t<div class=\"elementor-widget-wrap elementor-element-populated\">\n\t\t\t\t\t\t<div class=\"elementor-element elementor-element-6682d93 elementor-widget elementor-widget-image\" data-id=\"6682d93\" data-element_type=\"widget\" data-e-type=\"widget\" data-widget_type=\"image.default\">\n\t\t\t\t<div class=\"elementor-widget-container\">\n\t\t\t\t\t\t\t\t\t\t\t\t\t\t\t<img decoding=\"async\" width=\"120\" height=\"120\" src=\"https:\/\/www.fervalle.com\/wp-content\/uploads\/2021\/12\/logotipo-Universidad-politecnica-de-Murcia-1.png\" class=\"attachment-large size-large wp-image-2650\" alt=\"\" \/>\t\t\t\t\t\t\t\t\t\t\t\t\t\t\t<\/div>\n\t\t\t\t<\/div>\n\t\t\t\t\t<\/div>\n\t\t<\/div>\n\t\t\t\t\t<\/div>\n\t\t<\/section>\n\t\t\t\t<section class=\"elementor-section elementor-top-section elementor-element elementor-element-42a5e41 elementor-section-boxed elementor-section-height-default elementor-section-height-default\" data-id=\"42a5e41\" data-element_type=\"section\" data-e-type=\"section\">\n\t\t\t\t\t\t<div class=\"elementor-container elementor-column-gap-default\">\n\t\t\t\t\t<div class=\"elementor-column elementor-col-100 elementor-top-column elementor-element elementor-element-c0916d6\" data-id=\"c0916d6\" data-element_type=\"column\" data-e-type=\"column\">\n\t\t\t<div class=\"elementor-widget-wrap elementor-element-populated\">\n\t\t\t\t\t\t<div class=\"elementor-element elementor-element-4a48fcc elementor-widget elementor-widget-spacer\" data-id=\"4a48fcc\" data-element_type=\"widget\" data-e-type=\"widget\" data-widget_type=\"spacer.default\">\n\t\t\t\t<div class=\"elementor-widget-container\">\n\t\t\t\t\t\t\t<div class=\"elementor-spacer\">\n\t\t\t<div class=\"elementor-spacer-inner\"><\/div>\n\t\t<\/div>\n\t\t\t\t\t\t<\/div>\n\t\t\t\t<\/div>\n\t\t\t\t\t<\/div>\n\t\t<\/div>\n\t\t\t\t\t<\/div>\n\t\t<\/section>\n\t\t\t\t<\/div>\n\t\t","protected":false},"excerpt":{"rendered":"<p>Investiga\u00e7\u00e3o e desenvolvimento A nossa for\u00e7a motriz \u00e9 a inova\u00e7\u00e3o. Por esta raz\u00e3o, combinamos os nossos pr\u00f3prios projectos de investiga\u00e7\u00e3o e os que s\u00e3o realizados em colabora\u00e7\u00e3o com institui\u00e7\u00f5es p\u00fablicas e entidades privadas de investiga\u00e7\u00e3o, procurando solu\u00e7\u00f5es para as actuais defici\u00eancias do sector agr\u00edcola. As Faculdades de Biologia, Bioqu\u00edmica e Qu\u00edmica da Universidade de M\u00farcia &#8230; <a title=\"Investiga\u00e7\u00e3o e desenvolvimento\" class=\"read-more\" href=\"https:\/\/www.fervalle.com\/pt-pt\/investigacao-e-desenvolvimento\/\" aria-label=\"Mais em Investiga\u00e7\u00e3o e desenvolvimento\">Ler mais<\/a><\/p>\n","protected":false},"author":1,"featured_media":0,"parent":0,"menu_order":0,"comment_status":"closed","ping_status":"closed","template":"elementor_header_footer","meta":{"_joinchat":[],"footnotes":""},"class_list":["post-29996","page","type-page","status-publish"],"jetpack_sharing_enabled":true,"_links":{"self":[{"href":"https:\/\/www.fervalle.com\/pt-pt\/wp-json\/wp\/v2\/pages\/29996","targetHints":{"allow":["GET"]}}],"collection":[{"href":"https:\/\/www.fervalle.com\/pt-pt\/wp-json\/wp\/v2\/pages"}],"about":[{"href":"https:\/\/www.fervalle.com\/pt-pt\/wp-json\/wp\/v2\/types\/page"}],"author":[{"embeddable":true,"href":"https:\/\/www.fervalle.com\/pt-pt\/wp-json\/wp\/v2\/users\/1"}],"replies":[{"embeddable":true,"href":"https:\/\/www.fervalle.com\/pt-pt\/wp-json\/wp\/v2\/comments?post=29996"}],"version-history":[{"count":1,"href":"https:\/\/www.fervalle.com\/pt-pt\/wp-json\/wp\/v2\/pages\/29996\/revisions"}],"predecessor-version":[{"id":30001,"href":"https:\/\/www.fervalle.com\/pt-pt\/wp-json\/wp\/v2\/pages\/29996\/revisions\/30001"}],"wp:attachment":[{"href":"https:\/\/www.fervalle.com\/pt-pt\/wp-json\/wp\/v2\/media?parent=29996"}],"curies":[{"name":"wp","href":"https:\/\/api.w.org\/{rel}","templated":true}]}}