{"id":29989,"date":"2021-12-21T09:14:32","date_gmt":"2021-12-21T09:14:32","guid":{"rendered":"https:\/\/www.fervalle.com\/politica-de-cookies\/"},"modified":"2025-06-03T09:25:32","modified_gmt":"2025-06-03T09:25:32","slug":"politica-de-cookies","status":"publish","type":"page","link":"https:\/\/www.fervalle.com\/pt-pt\/politica-de-cookies\/","title":{"rendered":"Pol\u00edtica de cookies"},"content":{"rendered":"\t\t<div data-elementor-type=\"wp-page\" data-elementor-id=\"29989\" class=\"elementor elementor-29989 elementor-496\" data-elementor-post-type=\"page\">\n\t\t\t\t\t\t<section class=\"elementor-section elementor-top-section elementor-element elementor-element-8c97752 elementor-section-boxed elementor-section-height-default elementor-section-height-default\" data-id=\"8c97752\" data-element_type=\"section\" data-e-type=\"section\">\n\t\t\t\t\t\t<div class=\"elementor-container elementor-column-gap-default\">\n\t\t\t\t\t<div class=\"elementor-column elementor-col-50 elementor-top-column elementor-element elementor-element-a5a4dfd\" data-id=\"a5a4dfd\" data-element_type=\"column\" data-e-type=\"column\">\n\t\t\t<div class=\"elementor-widget-wrap\">\n\t\t\t\t\t\t\t<\/div>\n\t\t<\/div>\n\t\t\t\t<div class=\"elementor-column elementor-col-50 elementor-top-column elementor-element elementor-element-09f6ba4\" data-id=\"09f6ba4\" data-element_type=\"column\" data-e-type=\"column\">\n\t\t\t<div class=\"elementor-widget-wrap elementor-element-populated\">\n\t\t\t\t\t\t<div class=\"elementor-element elementor-element-a749882 elementor-widget elementor-widget-spacer\" data-id=\"a749882\" data-element_type=\"widget\" data-e-type=\"widget\" data-widget_type=\"spacer.default\">\n\t\t\t\t<div class=\"elementor-widget-container\">\n\t\t\t\t\t\t\t<div class=\"elementor-spacer\">\n\t\t\t<div class=\"elementor-spacer-inner\"><\/div>\n\t\t<\/div>\n\t\t\t\t\t\t<\/div>\n\t\t\t\t<\/div>\n\t\t\t\t<div class=\"elementor-element elementor-element-6f130cf elementor-widget elementor-widget-heading\" data-id=\"6f130cf\" data-element_type=\"widget\" data-e-type=\"widget\" data-widget_type=\"heading.default\">\n\t\t\t\t<div class=\"elementor-widget-container\">\n\t\t\t\t\t<h2 class=\"elementor-heading-title elementor-size-default\">Pol\u00edtica de cookies<\/h2>\t\t\t\t<\/div>\n\t\t\t\t<\/div>\n\t\t\t\t<div class=\"elementor-element elementor-element-86e9b46 elementor-widget-divider--view-line elementor-widget elementor-widget-divider\" data-id=\"86e9b46\" data-element_type=\"widget\" data-e-type=\"widget\" data-widget_type=\"divider.default\">\n\t\t\t\t<div class=\"elementor-widget-container\">\n\t\t\t\t\t\t\t<div class=\"elementor-divider\">\n\t\t\t<span class=\"elementor-divider-separator\">\n\t\t\t\t\t\t<\/span>\n\t\t<\/div>\n\t\t\t\t\t\t<\/div>\n\t\t\t\t<\/div>\n\t\t\t\t<div class=\"elementor-element elementor-element-33bbaba elementor-widget elementor-widget-text-editor\" data-id=\"33bbaba\" data-element_type=\"widget\" data-e-type=\"widget\" data-widget_type=\"text-editor.default\">\n\t\t\t\t<div class=\"elementor-widget-container\">\n\t\t\t\t\t\t\t\t\t<p><span style=\"color: #333333;\"><strong>INFORMA\u00c7\u00d5ES SOBRE COOKIES<\/strong><\/span><\/p>\n<p><span style=\"color: #333333;\"><b>O QUE S\u00c3O BOLACHAS?<\/b><\/span><\/p>\n<p><span style=\"color: #333333;\">Os cookies e outras tecnologias semelhantes, como objectos locais partilhados, flash cookies ou pixels, s\u00e3o ferramentas utilizadas pelos servidores Web para armazenar e recuperar informa\u00e7\u00f5es sobre os seus visitantes, bem como para proporcionar um funcionamento correto do s\u00edtio.<\/span><br><span style=\"color: #333333;\">A utiliza\u00e7\u00e3o destes dispositivos permite ao servidor Web recordar alguns dados relativos ao utilizador, tais como as suas prefer\u00eancias de visualiza\u00e7\u00e3o das p\u00e1ginas desse servidor, nome e palavra-passe, produtos que mais lhe interessam, etc.<\/span><\/p>\n<p><span style=\"color: #333333;\"><strong>QUE TIPOS DE COOKIES EXISTEM?<\/strong><\/span><\/p>\n<p><span style=\"color: #333333; font-family: var( --e-global-typography-text-font-family ), Sans-serif; font-weight: var( --e-global-typography-text-font-weight );\">Existem cinco grupos principais de bolachas:<\/span><\/p>\n<ul>\n<li><span style=\"color: #333333;\">Cookies anal\u00edticos: recolhem informa\u00e7\u00f5es sobre a utiliza\u00e7\u00e3o do s\u00edtio Web.<\/span><\/li>\n<li><span style=\"color: #333333;\">Cookies sociais: s\u00e3o os necess\u00e1rios para as redes sociais externas.<\/span><\/li>\n<li><span style=\"color: #333333;\">Cookies de afilia\u00e7\u00e3o: permitem rastrear as visitas de outros s\u00edtios Web com os quais o s\u00edtio Web tem um contrato de afilia\u00e7\u00e3o (empresas de afilia\u00e7\u00e3o).<\/span><\/li>\n<li><span style=\"color: #333333;\">Cookies publicit\u00e1rios e comportamentais: recolhem informa\u00e7\u00f5es sobre as prefer\u00eancias e escolhas pessoais do utilizador (retargeting).<\/span><\/li>\n<li><span style=\"color: #333333;\">Cookies t\u00e9cnicos e funcionais: s\u00e3o estritamente necess\u00e1rios para a utiliza\u00e7\u00e3o do s\u00edtio Web e para a presta\u00e7\u00e3o do servi\u00e7o contratado.<\/span><\/li>\n<\/ul>\n<p><span style=\"color: #333333;\"><strong>COOKIES UTILIZADOS NESTE S\u00cdTIO WEB<\/strong><\/span><\/p>\n<ul>\n<li><span style=\"color: #333333;\">_lang: cookie t\u00e9cnico e estritamente necess\u00e1rio que cont\u00e9m a l\u00edngua da sess\u00e3o. \u00c9 apagado quando o browser \u00e9 fechado. <\/span><\/li>\n<li><span style=\"color: #333333;\">ac_cookies: cookie t\u00e9cnico e estritamente necess\u00e1rio que cont\u00e9m o valor que indica se a instala\u00e7\u00e3o de cookies foi aceite. Expira 1 ano ap\u00f3s a \u00faltima atualiza\u00e7\u00e3o. <\/span><\/li>\n<li><span style=\"color: #333333;\">_ga: cookie do Google Analytics que permite a fun\u00e7\u00e3o de controlo de visitas \u00fanicas. A primeira vez que um utilizador entra no s\u00edtio Web atrav\u00e9s de um navegador, este cookie \u00e9 instalado. Quando este utilizador voltar a entrar no s\u00edtio Web com o mesmo navegador, o cookie considerar\u00e1 que se trata do mesmo utilizador. S\u00f3 no caso de o utilizador mudar de browser \u00e9 que ser\u00e1 considerado outro utilizador. Expira 2 anos ap\u00f3s a \u00faltima atualiza\u00e7\u00e3o.    <\/span><\/li>\n<li><span style=\"color: #333333;\">_gat: Este cookie est\u00e1 associado ao Google Analytics. \u00c9 utilizado para limitar a taxa de pedidos &#8211; limitando a recolha de dados em sites com muito tr\u00e1fego. Expira ap\u00f3s 10 minutos.  <\/span><\/li>\n<li><span style=\"color: #333333;\">gid: Este cookie est\u00e1 associado ao Google Analytics. \u00c9 utilizado para distinguir os utilizadores. Expira ap\u00f3s 24 horas.  <\/span><\/li>\n<\/ul>\n<p><span style=\"color: #333333;\"><strong>REVOGA\u00c7\u00c3O DO CONSENTIMENTO PARA INSTALAR COOKIES COMO ELIMINAR COOKIES DO TEU BROWSER<\/strong><\/span><\/p>\n<p><span style=\"color: #333333;\"><strong>Cromado<\/strong><\/span><\/p>\n<ol>\n<li><span style=\"color: #333333;\">Seleciona o \u00edcone Ferramentas<\/span><\/li>\n<li><span style=\"color: #333333;\">Clica em Defini\u00e7\u00f5es.<\/span><\/li>\n<li><span style=\"color: #333333;\">Clica em Mostrar op\u00e7\u00f5es avan\u00e7adas.<\/span><\/li>\n<li><span style=\"color: #333333;\">Na sec\u00e7\u00e3o \u201cPrivacidade\u201d, clica em Defini\u00e7\u00f5es de conte\u00fado. &#8211; Elimina os cookies: Clica em Todos os cookies e dados do site&#8230; &#8211; N\u00e3o permitir o armazenamento de cookies. <\/span><\/li>\n<li><span style=\"color: #333333;\">Clica em Limpar dados de navega\u00e7\u00e3o (Limpar cache).<\/span><\/li>\n<li><span style=\"color: #333333;\">Fecha e reinicia o navegador. Para mais informa\u00e7\u00f5es sobre o Chrome, clica aqui: <a href=\"https:\/\/support.google.com\/chrome\/answer\/95647?hl=es\">https:\/\/support.google.com\/chrome\/answer\/95647?hl=es<\/a> <\/span><\/li>\n<\/ol>\n<p><span style=\"color: #333333;\"><strong>Explorador de Internet.&nbsp;<\/strong><\/span><span style=\"color: #333333; font-family: var( --e-global-typography-text-font-family ), Sans-serif;\"><b>Vers\u00e3o 11<\/b><\/span><\/p>\n<ol>\n<li><span style=\"color: #333333;\">Seleciona Ferramentas | Op\u00e7\u00f5es da Internet.<\/span><\/li>\n<li><span style=\"color: #333333;\">Clica no separador Geral.<\/span><\/li>\n<li><span style=\"color: #333333;\">Na sec\u00e7\u00e3o \u201cHist\u00f3rico de navega\u00e7\u00e3o\u201d, clica em Eliminar o hist\u00f3rico de navega\u00e7\u00e3o ao sair.<\/span><\/li>\n<li><span style=\"color: #333333;\">Seleciona Apagar ficheiros.<\/span><\/li>\n<li><span style=\"color: #333333;\">Seleciona Apagar cookies.<\/span><\/li>\n<li><span style=\"color: #333333;\">Clica em Remover.<\/span><\/li>\n<li><span style=\"color: #333333;\">Clica em OK.<\/span><\/li>\n<li><span style=\"color: #333333;\">Fecha e reinicia o browser. Para mais informa\u00e7\u00f5es sobre o Internet Explorer, clica aqui: <a href=\"https:\/\/support.microsoft.com\/es-es\/kb\/278835\">https:\/\/support.microsoft.com\/es-es\/kb\/278835<\/a> <\/span><\/li>\n<\/ol>\n<p><span style=\"color: #333333;\"><strong>Utiliza o Firefox.&nbsp;<\/strong><\/span><span style=\"color: #333333; font-family: var( --e-global-typography-text-font-family ), Sans-serif;\"><b>Vers\u00e3o 18.1<\/b><\/span><\/p>\n<ol>\n<li><span style=\"color: #333333;\">Seleciona Firefox | Hist\u00f3rico | Limpar hist\u00f3rico recente.<\/span><\/li>\n<li><span style=\"color: #333333;\">Ao lado de \u201cDetalhes\u201d, clica na seta para baixo.<\/span><\/li>\n<li><span style=\"color: #333333;\">Seleciona as seguintes caixas de verifica\u00e7\u00e3o: Cookies, Cache, Logins activos<\/span><\/li>\n<li><span style=\"color: #333333;\">Utilizando o menu pendente \u201cIntervalo de tempo para elimina\u00e7\u00e3o\u201d, seleciona Todos.<\/span><\/li>\n<li><span style=\"color: #333333;\">Clica em Apagar agora.<\/span><\/li>\n<li><span style=\"color: #333333;\">Fecha e reinicia o browser. Podes aceitar ou rejeitar cookies individualmente nas Prefer\u00eancias do Firefox, na sec\u00e7\u00e3o Hist\u00f3rico dispon\u00edvel em Ferramentas &gt; Op\u00e7\u00f5es &gt; Privacidade. Para mais informa\u00e7\u00f5es sobre o Mozilla Firefox, clica aqui: <a href=\"https:\/\/www.mozilla.org\/es-ES\/privacy\/websites\/#cookies\">https:\/\/www.mozilla.org\/es-ES\/privacy\/websites\/#cookies<\/a>  <\/span><\/li>\n<\/ol>\n<p><b><span style=\"color: #333333;\">Safari. <\/span><span style=\"color: #333333; font-family: var( --e-global-typography-text-font-family ), Sans-serif;\">Vers\u00e3o 5.1<\/span><\/b><\/p>\n<ol>\n<li><span style=\"color: #333333;\">Seleciona o \u00edcone Safari \/ Editar | Repor Safari.<\/span><\/li>\n<li><span style=\"color: #333333;\">Seleciona as seguintes caixas de verifica\u00e7\u00e3o: Limpar hist\u00f3rico, Eliminar todos os dados do site, Eliminar todos os dados do site, Eliminar todos os dados do site, Eliminar todos os dados do site, Eliminar todos os dados do site, Eliminar todos os dados do site.<\/span><\/li>\n<li><span style=\"color: #333333;\">Clica em Repor.<\/span><\/li>\n<li><span style=\"color: #333333;\">Fecha e reinicia o browser. Para mais informa\u00e7\u00f5es sobre o Safari, clica aqui: https:\/\/support.apple.com\/kb\/ph21411?locale=es_ES <\/span><\/li>\n<li><span style=\"color: #333333;\">Op\u00e7\u00f5es do Opera &#8211; Avan\u00e7adas &#8211; Cookies. As op\u00e7\u00f5es de cookies controlam a forma como o Opera lida com os cookies e, por conseguinte, a sua aceita\u00e7\u00e3o ou rejei\u00e7\u00e3o. Para mais informa\u00e7\u00f5es sobre o Opera, clica aqui: <a href=\"https:\/\/help.opera.com\/Linux\/10.60\/es-ES\/cookies.html\">https:\/\/help.opera.com\/Linux\/10.60\/es-ES\/cookies.html<\/a>  <\/span><\/li>\n<\/ol>\n<div>\n<p><span style=\"font-weight: bold;\"><span style=\"color: #333333;\">\u00d3pera<\/span><\/span><\/p>\n<p><span style=\"color: #333333;\">Op\u00e7\u00f5es &#8211; Avan\u00e7adas &#8211; Cookies. As op\u00e7\u00f5es de cookies controlam a forma como o Opera lida com os cookies e, por conseguinte, a sua aceita\u00e7\u00e3o ou rejei\u00e7\u00e3o. Para mais informa\u00e7\u00f5es sobre o Opera, clica aqui: <a href=\"http:\/\/help.opera.com\/Linux\/10.60\/es-ES\/cookies.html\">http:\/\/help.opera.com\/Linux\/10.60\/es-ES\/cookies.html<\/a>  <\/p><\/div>\n<p><span style=\"color: #333333;\"><strong>Outros navegadores<\/strong><\/span><\/span><\/p>\n<p><span style=\"color: #333333;\">Consulta a documenta\u00e7\u00e3o do navegador que tens instalado.<\/span><\/p>\t\t\t\t\t\t\t\t<\/div>\n\t\t\t\t<\/div>\n\t\t\t\t\t<\/div>\n\t\t<\/div>\n\t\t\t\t\t<\/div>\n\t\t<\/section>\n\t\t\t\t<section class=\"elementor-section elementor-top-section elementor-element elementor-element-c09b067 elementor-section-boxed elementor-section-height-default elementor-section-height-default\" data-id=\"c09b067\" data-element_type=\"section\" data-e-type=\"section\">\n\t\t\t\t\t\t<div class=\"elementor-container elementor-column-gap-default\">\n\t\t\t\t\t<div class=\"elementor-column elementor-col-100 elementor-top-column elementor-element elementor-element-6986658\" data-id=\"6986658\" data-element_type=\"column\" data-e-type=\"column\">\n\t\t\t<div class=\"elementor-widget-wrap elementor-element-populated\">\n\t\t\t\t\t\t<div class=\"elementor-element elementor-element-ad2332e elementor-widget elementor-widget-spacer\" data-id=\"ad2332e\" data-element_type=\"widget\" data-e-type=\"widget\" data-widget_type=\"spacer.default\">\n\t\t\t\t<div class=\"elementor-widget-container\">\n\t\t\t\t\t\t\t<div class=\"elementor-spacer\">\n\t\t\t<div class=\"elementor-spacer-inner\"><\/div>\n\t\t<\/div>\n\t\t\t\t\t\t<\/div>\n\t\t\t\t<\/div>\n\t\t\t\t\t<\/div>\n\t\t<\/div>\n\t\t\t\t\t<\/div>\n\t\t<\/section>\n\t\t\t\t<\/div>\n\t\t","protected":false},"excerpt":{"rendered":"<p>Pol\u00edtica de cookies INFORMA\u00c7\u00d5ES SOBRE COOKIES O QUE S\u00c3O BOLACHAS? Os cookies e outras tecnologias semelhantes, como objectos locais partilhados, flash cookies ou pixels, s\u00e3o ferramentas utilizadas pelos servidores Web para armazenar e recuperar informa\u00e7\u00f5es sobre os seus visitantes, bem como para proporcionar um funcionamento correto do s\u00edtio.A utiliza\u00e7\u00e3o destes dispositivos permite ao servidor Web &#8230; <a title=\"Pol\u00edtica de cookies\" class=\"read-more\" href=\"https:\/\/www.fervalle.com\/pt-pt\/politica-de-cookies\/\" aria-label=\"Mais em Pol\u00edtica de cookies\">Ler mais<\/a><\/p>\n","protected":false},"author":1,"featured_media":0,"parent":0,"menu_order":0,"comment_status":"closed","ping_status":"closed","template":"elementor_header_footer","meta":{"_joinchat":[],"footnotes":""},"class_list":["post-29989","page","type-page","status-publish"],"jetpack_sharing_enabled":true,"_links":{"self":[{"href":"https:\/\/www.fervalle.com\/pt-pt\/wp-json\/wp\/v2\/pages\/29989","targetHints":{"allow":["GET"]}}],"collection":[{"href":"https:\/\/www.fervalle.com\/pt-pt\/wp-json\/wp\/v2\/pages"}],"about":[{"href":"https:\/\/www.fervalle.com\/pt-pt\/wp-json\/wp\/v2\/types\/page"}],"author":[{"embeddable":true,"href":"https:\/\/www.fervalle.com\/pt-pt\/wp-json\/wp\/v2\/users\/1"}],"replies":[{"embeddable":true,"href":"https:\/\/www.fervalle.com\/pt-pt\/wp-json\/wp\/v2\/comments?post=29989"}],"version-history":[{"count":1,"href":"https:\/\/www.fervalle.com\/pt-pt\/wp-json\/wp\/v2\/pages\/29989\/revisions"}],"predecessor-version":[{"id":29992,"href":"https:\/\/www.fervalle.com\/pt-pt\/wp-json\/wp\/v2\/pages\/29989\/revisions\/29992"}],"wp:attachment":[{"href":"https:\/\/www.fervalle.com\/pt-pt\/wp-json\/wp\/v2\/media?parent=29989"}],"curies":[{"name":"wp","href":"https:\/\/api.w.org\/{rel}","templated":true}]}}