{"id":29941,"date":"2021-12-21T09:14:14","date_gmt":"2021-12-21T09:14:14","guid":{"rendered":"https:\/\/www.fervalle.com\/politica-de-privacidade\/"},"modified":"2025-06-03T09:24:51","modified_gmt":"2025-06-03T09:24:51","slug":"politica-de-privacidade","status":"publish","type":"page","link":"https:\/\/www.fervalle.com\/pt-pt\/politica-de-privacidade\/","title":{"rendered":"Pol\u00edtica de privacidade"},"content":{"rendered":"\t\t<div data-elementor-type=\"wp-page\" data-elementor-id=\"29941\" class=\"elementor elementor-29941 elementor-494\" data-elementor-post-type=\"page\">\n\t\t\t\t\t\t<section class=\"elementor-section elementor-top-section elementor-element elementor-element-3cc8311 elementor-section-boxed elementor-section-height-default elementor-section-height-default\" data-id=\"3cc8311\" data-element_type=\"section\" data-e-type=\"section\">\n\t\t\t\t\t\t<div class=\"elementor-container elementor-column-gap-default\">\n\t\t\t\t\t<div class=\"elementor-column elementor-col-50 elementor-top-column elementor-element elementor-element-4de2eda\" data-id=\"4de2eda\" data-element_type=\"column\" data-e-type=\"column\">\n\t\t\t<div class=\"elementor-widget-wrap\">\n\t\t\t\t\t\t\t<\/div>\n\t\t<\/div>\n\t\t\t\t<div class=\"elementor-column elementor-col-50 elementor-top-column elementor-element elementor-element-c6bbff6\" data-id=\"c6bbff6\" data-element_type=\"column\" data-e-type=\"column\">\n\t\t\t<div class=\"elementor-widget-wrap elementor-element-populated\">\n\t\t\t\t\t\t<div class=\"elementor-element elementor-element-9b9e2ed elementor-hidden-tablet elementor-hidden-mobile elementor-widget elementor-widget-spacer\" data-id=\"9b9e2ed\" data-element_type=\"widget\" data-e-type=\"widget\" data-widget_type=\"spacer.default\">\n\t\t\t\t<div class=\"elementor-widget-container\">\n\t\t\t\t\t\t\t<div class=\"elementor-spacer\">\n\t\t\t<div class=\"elementor-spacer-inner\"><\/div>\n\t\t<\/div>\n\t\t\t\t\t\t<\/div>\n\t\t\t\t<\/div>\n\t\t\t\t<div class=\"elementor-element elementor-element-38c2897 elementor-widget elementor-widget-heading\" data-id=\"38c2897\" data-element_type=\"widget\" data-e-type=\"widget\" data-widget_type=\"heading.default\">\n\t\t\t\t<div class=\"elementor-widget-container\">\n\t\t\t\t\t<h2 class=\"elementor-heading-title elementor-size-default\">Pol\u00edtica de privacidade<\/h2>\t\t\t\t<\/div>\n\t\t\t\t<\/div>\n\t\t\t\t<div class=\"elementor-element elementor-element-6d9472d elementor-widget-divider--view-line elementor-widget elementor-widget-divider\" data-id=\"6d9472d\" data-element_type=\"widget\" data-e-type=\"widget\" data-widget_type=\"divider.default\">\n\t\t\t\t<div class=\"elementor-widget-container\">\n\t\t\t\t\t\t\t<div class=\"elementor-divider\">\n\t\t\t<span class=\"elementor-divider-separator\">\n\t\t\t\t\t\t<\/span>\n\t\t<\/div>\n\t\t\t\t\t\t<\/div>\n\t\t\t\t<\/div>\n\t\t\t\t<div class=\"elementor-element elementor-element-53e47e5 elementor-widget elementor-widget-text-editor\" data-id=\"53e47e5\" data-element_type=\"widget\" data-e-type=\"widget\" data-widget_type=\"text-editor.default\">\n\t\t\t\t<div class=\"elementor-widget-container\">\n\t\t\t\t\t\t\t\t\t<ol>\n<li><strong><span style=\"color: #333333; font-family: helvetica, arial, sans-serif;\">INFORMA\u00c7\u00c3O DO UTILIZADOR<\/span><\/strong><\/li>\n<\/ol>\n<p><span style=\"color: #333333; font-family: helvetica, arial, sans-serif;\"><strong>IND\u00daSTRIAS QU\u00cdMICAS FERVALLE, S.L.<\/strong>, doravante RESPONS\u00c1VEL, \u00e9 o respons\u00e1vel pelo tratamento dos dados pessoais do Utilizador e informa-o de que estes dados ser\u00e3o tratados em conformidade com o disposto no Regulamento (UE) 2016\/679 de 27 de abril de 2016 (RGPD) relativo \u00e0 prote\u00e7\u00e3o das pessoas singulares no que diz respeito ao tratamento de dados pessoais e \u00e0 livre circula\u00e7\u00e3o desses dados, pelo que lhe s\u00e3o fornecidas as seguintes informa\u00e7\u00f5es de tratamento:<\/span><\/p>\n<p><span style=\"color: #333333; font-family: helvetica, arial, sans-serif;\"><strong>Finalidade do tratamento<\/strong>: gerir a rela\u00e7\u00e3o contratual que nos vincula, gerir o envio das informa\u00e7\u00f5es solicitadas, fornecer aos interessados ofertas dos nossos servi\u00e7os e\/ou produtos do seu interesse.<\/span><\/p>\n<p><span style=\"color: #333333; font-family: helvetica, arial, sans-serif;\"><strong>Legitima\u00e7\u00e3o do tratamento:<\/strong> A base legal para o tratamento dos teus dados pessoais pode ser a execu\u00e7\u00e3o de uma rela\u00e7\u00e3o contratual potencial e\/ou subscrita, o interesse leg\u00edtimo, a autoriza\u00e7\u00e3o legal e\/ou o consentimento do pr\u00f3prio titular dos dados.<\/span><\/p>\n<p><strong style=\"color: rgb(51, 51, 51); font-family: helvetica, arial, sans-serif;\">Crit\u00e9rios de conserva\u00e7\u00e3o dos dados<\/strong><span style=\"color: rgb(51, 51, 51); font-family: helvetica, arial, sans-serif; font-weight: var( --e-global-typography-text-font-weight );\">Os dados ser\u00e3o conservados enquanto houver um interesse m\u00fatuo em manter a finalidade do tratamento e, quando deixarem de ser necess\u00e1rios para essa finalidade, ser\u00e3o apagados com medidas de seguran\u00e7a adequadas para garantir a pseudonimiza\u00e7\u00e3o dos dados ou a destrui\u00e7\u00e3o total dos mesmos.<\/span><\/p>\n<p><span style=\"color: #333333; font-family: helvetica, arial, sans-serif;\"><strong>Comunica\u00e7\u00e3o de dados<\/strong>: <\/span><font color=\"#333333\" face=\"helvetica, arial, sans-serif\">Os dados podem ser comunicados aos nossos distribuidores com a mesma finalidade.<\/font><\/p>\n<p><span style=\"color: #333333; font-family: helvetica, arial, sans-serif;\"><strong>Direitos do utilizador<\/strong>:<\/span><\/p>\n<p><span style=\"color: #333333; font-family: helvetica, arial, sans-serif;\">Direito de retirar o consentimento em qualquer altura.<\/span><\/p>\n<p><span style=\"color: #333333; font-family: helvetica, arial, sans-serif;\">O direito de acesso, retifica\u00e7\u00e3o, portabilidade e apagamento dos teus dados e o direito de limitar ou opor-se ao seu tratamento.<\/span><\/p>\n<p><span style=\"color: #333333; font-family: helvetica, arial, sans-serif;\">O direito de apresentar uma queixa \u00e0 autoridade de controlo (agpd.es) se considerares que o tratamento n\u00e3o est\u00e1 em conformidade com a regulamenta\u00e7\u00e3o em vigor.<\/span><\/p>\n<p><span style=\"color: #333333; font-family: helvetica, arial, sans-serif;\"><strong>Contactos para exerceres os teus direitos<\/strong>:<\/span><\/p>\n<p><span style=\"color: #333333; font-family: helvetica, arial, sans-serif;\">Endere\u00e7o postal: INDUSTRIAS QUIMICAS FERVALLE, S.L.. Calle Chile, 15, &#8211; 30600 Archena (Murcia). Correio eletr\u00f3nico: info@fervalle.com  <\/span><\/p>\n<p><\/p>\n<ol start=\"2\">\n<li><strong><span style=\"color: #333333; font-family: helvetica, arial, sans-serif;\">CAR\u00c1CTER OBRIGAT\u00d3RIO OU FACULTATIVO DAS INFORMA\u00c7\u00d5ES FORNECIDAS PELO UTILIZADOR<\/span><\/strong><\/li>\n<\/ol>\n<p><span style=\"color: #333333; font-family: helvetica, arial, sans-serif;\">O Utilizador, ao assinalar as caixas correspondentes e introduzir os dados nos campos assinalados com um asterisco (*) no formul\u00e1rio de contacto ou apresentados nos formul\u00e1rios de download, aceita expressa e livre e inequivocamente que os seus dados s\u00e3o necess\u00e1rios para satisfazer o seu pedido, por parte do prestador, sendo volunt\u00e1ria a inclus\u00e3o dos dados nos restantes campos. O Utilizador garante que os dados pessoais facultados ao RESPONS\u00c1VEL s\u00e3o verdadeiros e responsabiliza-se pela comunica\u00e7\u00e3o de qualquer altera\u00e7\u00e3o aos mesmos. <\/span><\/p>\n<p><span style=\"color: #333333; font-family: helvetica, arial, sans-serif;\">O RESPONS\u00c1VEL informa e garante expressamente aos utilizadores que os seus dados pessoais n\u00e3o ser\u00e3o cedidos em caso algum a terceiros, e que sempre que se realize qualquer tipo de transfer\u00eancia de dados pessoais, ser\u00e1 solicitado previamente o consentimento expresso, informado e inequ\u00edvoco dos Utilizadores. Todos os dados solicitados atrav\u00e9s do s\u00edtio Web s\u00e3o obrigat\u00f3rios, uma vez que s\u00e3o necess\u00e1rios para a presta\u00e7\u00e3o de um servi\u00e7o \u00f3timo ao Utilizador. No caso de n\u00e3o serem fornecidos todos os dados, n\u00e3o se garante que a informa\u00e7\u00e3o e os servi\u00e7os prestados sejam totalmente adaptados \u00e0s tuas necessidades.  <\/span><\/p>\n<p><\/p>\n<ol start=\"3\">\n<li><strong><span style=\"color: #333333; font-family: helvetica, arial, sans-serif;\">MEDIDAS DE SEGURAN\u00c7A<\/span><\/strong><\/li>\n<\/ol>\n<p><span style=\"color: #333333; font-family: helvetica, arial, sans-serif;\">Que, de acordo com as disposi\u00e7\u00f5es dos regulamentos atuais sobre prote\u00e7\u00e3o de dados pessoais, o RESPONS\u00c1VEL est\u00e1 cumprindo todas as disposi\u00e7\u00f5es dos regulamentos do GDPR para o processamento de dados pessoais sob sua responsabilidade, e manifestamente com os princ\u00edpios descritos no Artigo 5 do GDPR, pelo qual eles s\u00e3o processados de forma legal, justa e transparente em rela\u00e7\u00e3o ao titular dos dados e s\u00e3o adequados, relevantes e limitados ao que \u00e9 necess\u00e1rio em rela\u00e7\u00e3o aos fins para os quais s\u00e3o processados.<\/span><\/p>\n<p><span style=\"color: rgb(51, 51, 51); font-family: helvetica, arial, sans-serif; font-weight: var( --e-global-typography-text-font-weight );\">O RESPONS\u00c1VEL garante que implementou as pol\u00edticas t\u00e9cnicas e organizacionais adequadas para aplicar as medidas de seguran\u00e7a previstas no RGPD para proteger os direitos e liberdades dos Utilizadores e que comunicou aos Utilizadores as informa\u00e7\u00f5es adequadas para lhes permitir exercer esses direitos e liberdades.<\/span><\/p>\n<p><\/p>\n<p><font color=\"#333333\" face=\"helvetica, arial, sans-serif\">09\/03\/2023<\/font><br><\/p>\n<p><\/p>\t\t\t\t\t\t\t\t<\/div>\n\t\t\t\t<\/div>\n\t\t\t\t\t<\/div>\n\t\t<\/div>\n\t\t\t\t\t<\/div>\n\t\t<\/section>\n\t\t\t\t<section class=\"elementor-section elementor-top-section elementor-element elementor-element-3ddd588 elementor-section-boxed elementor-section-height-default elementor-section-height-default\" data-id=\"3ddd588\" data-element_type=\"section\" data-e-type=\"section\">\n\t\t\t\t\t\t<div class=\"elementor-container elementor-column-gap-default\">\n\t\t\t\t\t<div class=\"elementor-column elementor-col-100 elementor-top-column elementor-element elementor-element-9ac9bd3\" data-id=\"9ac9bd3\" data-element_type=\"column\" data-e-type=\"column\">\n\t\t\t<div class=\"elementor-widget-wrap\">\n\t\t\t\t\t\t\t<\/div>\n\t\t<\/div>\n\t\t\t\t\t<\/div>\n\t\t<\/section>\n\t\t\t\t<\/div>\n\t\t","protected":false},"excerpt":{"rendered":"<p>Pol\u00edtica de privacidade INFORMA\u00c7\u00c3O DO UTILIZADOR IND\u00daSTRIAS QU\u00cdMICAS FERVALLE, S.L., doravante RESPONS\u00c1VEL, \u00e9 o respons\u00e1vel pelo tratamento dos dados pessoais do Utilizador e informa-o de que estes dados ser\u00e3o tratados em conformidade com o disposto no Regulamento (UE) 2016\/679 de 27 de abril de 2016 (RGPD) relativo \u00e0 prote\u00e7\u00e3o das pessoas singulares no que diz &#8230; <a title=\"Pol\u00edtica de privacidade\" class=\"read-more\" href=\"https:\/\/www.fervalle.com\/pt-pt\/politica-de-privacidade\/\" aria-label=\"Mais em Pol\u00edtica de privacidade\">Ler mais<\/a><\/p>\n","protected":false},"author":1,"featured_media":0,"parent":0,"menu_order":0,"comment_status":"closed","ping_status":"closed","template":"elementor_header_footer","meta":{"_joinchat":[],"footnotes":""},"class_list":["post-29941","page","type-page","status-publish"],"jetpack_sharing_enabled":true,"_links":{"self":[{"href":"https:\/\/www.fervalle.com\/pt-pt\/wp-json\/wp\/v2\/pages\/29941","targetHints":{"allow":["GET"]}}],"collection":[{"href":"https:\/\/www.fervalle.com\/pt-pt\/wp-json\/wp\/v2\/pages"}],"about":[{"href":"https:\/\/www.fervalle.com\/pt-pt\/wp-json\/wp\/v2\/types\/page"}],"author":[{"embeddable":true,"href":"https:\/\/www.fervalle.com\/pt-pt\/wp-json\/wp\/v2\/users\/1"}],"replies":[{"embeddable":true,"href":"https:\/\/www.fervalle.com\/pt-pt\/wp-json\/wp\/v2\/comments?post=29941"}],"version-history":[{"count":1,"href":"https:\/\/www.fervalle.com\/pt-pt\/wp-json\/wp\/v2\/pages\/29941\/revisions"}],"predecessor-version":[{"id":29944,"href":"https:\/\/www.fervalle.com\/pt-pt\/wp-json\/wp\/v2\/pages\/29941\/revisions\/29944"}],"wp:attachment":[{"href":"https:\/\/www.fervalle.com\/pt-pt\/wp-json\/wp\/v2\/media?parent=29941"}],"curies":[{"name":"wp","href":"https:\/\/api.w.org\/{rel}","templated":true}]}}