{"id":29891,"date":"2021-12-21T09:10:53","date_gmt":"2021-12-21T09:10:53","guid":{"rendered":"https:\/\/www.fervalle.com\/rede-comercial\/"},"modified":"2025-06-03T09:24:21","modified_gmt":"2025-06-03T09:24:21","slug":"rede-comercial","status":"publish","type":"page","link":"https:\/\/www.fervalle.com\/pt-pt\/rede-comercial\/","title":{"rendered":"Rede comercial"},"content":{"rendered":"\t\t<div data-elementor-type=\"wp-page\" data-elementor-id=\"29891\" class=\"elementor elementor-29891 elementor-474\" data-elementor-post-type=\"page\">\n\t\t\t\t\t\t<section class=\"elementor-section elementor-top-section elementor-element elementor-element-031f41a elementor-section-boxed elementor-section-height-default elementor-section-height-default\" data-id=\"031f41a\" data-element_type=\"section\" data-e-type=\"section\">\n\t\t\t\t\t\t<div class=\"elementor-container elementor-column-gap-default\">\n\t\t\t\t\t<div class=\"elementor-column elementor-col-50 elementor-top-column elementor-element elementor-element-544774b\" data-id=\"544774b\" data-element_type=\"column\" data-e-type=\"column\">\n\t\t\t<div class=\"elementor-widget-wrap elementor-element-populated\">\n\t\t\t\t\t\t<div class=\"elementor-element elementor-element-c441fda elementor-widget elementor-widget-spacer\" data-id=\"c441fda\" data-element_type=\"widget\" data-e-type=\"widget\" data-widget_type=\"spacer.default\">\n\t\t\t\t<div class=\"elementor-widget-container\">\n\t\t\t\t\t\t\t<div class=\"elementor-spacer\">\n\t\t\t<div class=\"elementor-spacer-inner\"><\/div>\n\t\t<\/div>\n\t\t\t\t\t\t<\/div>\n\t\t\t\t<\/div>\n\t\t\t\t<div class=\"elementor-element elementor-element-4bd5092 elementor-nav-menu--dropdown-tablet elementor-nav-menu__text-align-aside elementor-nav-menu--toggle elementor-nav-menu--burger elementor-widget elementor-widget-nav-menu\" data-id=\"4bd5092\" data-element_type=\"widget\" data-e-type=\"widget\" data-settings=\"{&quot;layout&quot;:&quot;horizontal&quot;,&quot;submenu_icon&quot;:{&quot;value&quot;:&quot;&lt;i class=\\&quot;fas fa-caret-down\\&quot; aria-hidden=\\&quot;true\\&quot;&gt;&lt;\\\/i&gt;&quot;,&quot;library&quot;:&quot;fa-solid&quot;},&quot;toggle&quot;:&quot;burger&quot;}\" data-widget_type=\"nav-menu.default\">\n\t\t\t\t<div class=\"elementor-widget-container\">\n\t\t\t\t\t\t\t\t<nav aria-label=\"Menu\" class=\"elementor-nav-menu--main elementor-nav-menu__container elementor-nav-menu--layout-horizontal e--pointer-underline e--animation-fade\">\n\t\t\t\t<ul id=\"menu-1-4bd5092\" class=\"elementor-nav-menu\"><li class=\"menu-item menu-item-type-post_type menu-item-object-page menu-item-30387\"><a href=\"https:\/\/www.fervalle.com\/pt-pt\/investigacao-e-desenvolvimento\/\" class=\"elementor-item\">Investiga\u00e7\u00e3o e desenvolvimento<\/a><\/li>\n<li class=\"menu-item menu-item-type-post_type menu-item-object-page menu-item-30388\"><a href=\"https:\/\/www.fervalle.com\/pt-pt\/fornecedores\/\" class=\"elementor-item\">Fornecedores<\/a><\/li>\n<\/ul>\t\t\t<\/nav>\n\t\t\t\t\t<div class=\"elementor-menu-toggle\" role=\"button\" tabindex=\"0\" aria-label=\"Menu Toggle\" aria-expanded=\"false\">\n\t\t\t<i aria-hidden=\"true\" role=\"presentation\" class=\"elementor-menu-toggle__icon--open eicon-menu-bar\"><\/i><i aria-hidden=\"true\" role=\"presentation\" class=\"elementor-menu-toggle__icon--close eicon-close\"><\/i>\t\t<\/div>\n\t\t\t\t\t<nav class=\"elementor-nav-menu--dropdown elementor-nav-menu__container\" aria-hidden=\"true\">\n\t\t\t\t<ul id=\"menu-2-4bd5092\" class=\"elementor-nav-menu\"><li class=\"menu-item menu-item-type-post_type menu-item-object-page menu-item-30387\"><a href=\"https:\/\/www.fervalle.com\/pt-pt\/investigacao-e-desenvolvimento\/\" class=\"elementor-item\" tabindex=\"-1\">Investiga\u00e7\u00e3o e desenvolvimento<\/a><\/li>\n<li class=\"menu-item menu-item-type-post_type menu-item-object-page menu-item-30388\"><a href=\"https:\/\/www.fervalle.com\/pt-pt\/fornecedores\/\" class=\"elementor-item\" tabindex=\"-1\">Fornecedores<\/a><\/li>\n<\/ul>\t\t\t<\/nav>\n\t\t\t\t\t\t<\/div>\n\t\t\t\t<\/div>\n\t\t\t\t\t<\/div>\n\t\t<\/div>\n\t\t\t\t<div class=\"elementor-column elementor-col-50 elementor-top-column elementor-element elementor-element-21c5d6e\" data-id=\"21c5d6e\" data-element_type=\"column\" data-e-type=\"column\">\n\t\t\t<div class=\"elementor-widget-wrap elementor-element-populated\">\n\t\t\t\t\t\t<div class=\"elementor-element elementor-element-316fc3c elementor-widget elementor-widget-spacer\" data-id=\"316fc3c\" data-element_type=\"widget\" data-e-type=\"widget\" data-widget_type=\"spacer.default\">\n\t\t\t\t<div class=\"elementor-widget-container\">\n\t\t\t\t\t\t\t<div class=\"elementor-spacer\">\n\t\t\t<div class=\"elementor-spacer-inner\"><\/div>\n\t\t<\/div>\n\t\t\t\t\t\t<\/div>\n\t\t\t\t<\/div>\n\t\t\t\t<div class=\"elementor-element elementor-element-12601df elementor-widget elementor-widget-heading\" data-id=\"12601df\" data-element_type=\"widget\" data-e-type=\"widget\" data-widget_type=\"heading.default\">\n\t\t\t\t<div class=\"elementor-widget-container\">\n\t\t\t\t\t<h2 class=\"elementor-heading-title elementor-size-default\">Rede comercial<\/h2>\t\t\t\t<\/div>\n\t\t\t\t<\/div>\n\t\t\t\t<div class=\"elementor-element elementor-element-1351fc2 elementor-widget-divider--view-line elementor-widget elementor-widget-divider\" data-id=\"1351fc2\" data-element_type=\"widget\" data-e-type=\"widget\" data-widget_type=\"divider.default\">\n\t\t\t\t<div class=\"elementor-widget-container\">\n\t\t\t\t\t\t\t<div class=\"elementor-divider\">\n\t\t\t<span class=\"elementor-divider-separator\">\n\t\t\t\t\t\t<\/span>\n\t\t<\/div>\n\t\t\t\t\t\t<\/div>\n\t\t\t\t<\/div>\n\t\t\t\t<div class=\"elementor-element elementor-element-14c63c3 elementor-widget elementor-widget-text-editor\" data-id=\"14c63c3\" data-element_type=\"widget\" data-e-type=\"widget\" data-widget_type=\"text-editor.default\">\n\t\t\t\t<div class=\"elementor-widget-container\">\n\t\t\t\t\t\t\t\t\t<p style=\"margin-bottom: 0px; padding-bottom: 1em; outline: 0px; background-image: initial; background-position: 0px 0px; background-size: initial; background-repeat: initial; background-attachment: initial; background-origin: initial; background-clip: initial; vertical-align: baseline; text-size-adjust: 100%; font-family: 'Open Sans', Arial, sans-serif; text-align: justify;\">Industrias Qu\u00edmicas Fervalle est\u00e1 presente tanto a n\u00edvel nacional como internacional. A sua vasta gama de produtos cobre as necessidades dos seus clientes localizados em mais de 10 pa\u00edses em todo o mundo. A sua vasta experi\u00eancia e a adapta\u00e7\u00e3o de cada um dos seus projectos \u00e0s carater\u00edsticas dos seus clientes fazem da empresa uma das empresas l\u00edderes no seu sector.<\/p><p style=\"margin-bottom: 0px; padding-bottom: 1em; outline: 0px; background-image: initial; background-position: 0px 0px; background-size: initial; background-repeat: initial; background-attachment: initial; background-origin: initial; background-clip: initial; vertical-align: baseline; text-size-adjust: 100%; font-family: 'Open Sans', Arial, sans-serif; text-align: justify;\">A nossa rede comercial permite-nos estar muito pr\u00f3ximos das necessidades dos nossos clientes, oferecendo-lhes solu\u00e7\u00f5es r\u00e1pidas e eficazes.<\/p><p style=\"margin-bottom: 0px; padding-bottom: 1em; outline: 0px; background-image: initial; background-position: 0px 0px; background-size: initial; background-repeat: initial; background-attachment: initial; background-origin: initial; background-clip: initial; vertical-align: baseline; text-size-adjust: 100%; font-family: 'Open Sans', Arial, sans-serif; text-align: justify;\"> <\/p><p style=\"margin-bottom: 0px; padding-bottom: 1em; outline: 0px; background-image: initial; background-position: 0px 0px; background-size: initial; background-repeat: initial; background-attachment: initial; background-origin: initial; background-clip: initial; vertical-align: baseline; text-size-adjust: 100%; font-family: 'Open Sans', Arial, sans-serif; text-align: justify;\"><span style=\"margin: 0px; padding: 0px; border: 0px; outline: 0px; background: 0px 0px; vertical-align: baseline; text-size-adjust: 100%; font-weight: bold;\">INTERESSADO EM ADERIR \u00c0 REDE COMERCIAL DA FERVALLE OU EM ADQUIRIR PRODUTOS<\/span><\/p><p style=\"margin-bottom: 0px; outline: 0px; background-image: initial; background-position: 0px 0px; background-size: initial; background-repeat: initial; background-attachment: initial; background-origin: initial; background-clip: initial; vertical-align: baseline; text-size-adjust: 100%; font-family: 'Open Sans', Arial, sans-serif; text-align: justify;\">Indica a tua atividade e os teus dados de contacto, a fim de acelerar e tornar mais eficiente a nossa resposta.<\/p><div style=\"margin: 0px; padding: 31.0781px 0px; border: 0px; outline: 0px; background-image: initial; background-position: center center; background-size: cover; background-repeat: no-repeat; background-attachment: initial; background-origin: initial; background-clip: initial; vertical-align: baseline; text-size-adjust: 100%; position: relative; width: 832.188px; font-family: 'Open Sans', Arial, sans-serif;\"><div style=\"padding: 0px; border: 0px; outline: 0px; background: center center \/ cover; vertical-align: baseline; text-size-adjust: 100%; float: left; position: relative; z-index: 9; width: 832.188px; margin: 0px 0px !important 0px 0px;\"><div style=\"margin: 0px; padding: 0px; border: 0px; outline: 0px; background: center center \/ cover no-repeat; vertical-align: baseline; text-size-adjust: 100%; animation-timing-function: linear; animation-duration: 0.2s;\" data-form_unique_num=\"0\"><div style=\"margin: 0px; padding: 0px; border: 0px; outline: 0px; background: 0px 0px; vertical-align: baseline; text-size-adjust: 100%; position: relative;\"><form style=\"margin: 0px 0px 0px -24.9531px; padding: 0px; border: 0px; outline: 0px; background: 0px 0px; vertical-align: baseline; text-size-adjust: 100%;\" action=\"https:\/\/www.fervalle.com\/empresa\/red-comercial\/\" method=\"post\"><p style=\"margin-bottom: 25.7031px; padding-left: 25.7031px; border-style: solid; border-color: #333333; outline: 0px; background: 0px 0px; vertical-align: baseline; text-size-adjust: 100%; text-align: justify;\" data-id=\"tipo\" data-type=\"radio\"><span style=\"margin: 0px; padding: 0px; border: 0px; outline: 0px; background: 0px 0px; vertical-align: baseline; text-size-adjust: 100%; position: relative; display: block;\"><span style=\"margin: 0px; padding: 0px; border: 0px; outline: 0px; background: 0px 0px; vertical-align: baseline; text-size-adjust: 100%; position: relative; float: left;\"><span style=\"margin: 0px; padding: 0px; border: 0px; outline: 0px; background: 0px 0px; vertical-align: baseline; text-size-adjust: 100%; position: relative; display: block;\"><label style=\"margin: 0px; padding: 0px; border: 0px; outline: 0px; background: 0px 0px; font-size: 21px; vertical-align: middle; text-size-adjust: 100%; position: relative; text-align: left; display: inline-block; min-height: 1.7em; line-height: 1.7em; cursor: pointer; font-weight: 800; letter-spacing: 0px;\" for=\"et_pb_contact_tipo_1_0_0\">AGRICULTOR &#8211; ONDE COMPRAR PRODUTOS<\/label><\/span><span style=\"margin: 0px; padding: 0px; border: 0px; outline: 0px; background: 0px 0px; vertical-align: baseline; text-size-adjust: 100%; position: relative; display: block;\"><label style=\"margin: 0px; padding: 0px; border: 0px; outline: 0px; background: 0px 0px; font-size: 21px; vertical-align: middle; text-size-adjust: 100%; position: relative; text-align: left; display: inline-block; min-height: 1.7em; line-height: 1.7em; cursor: pointer; font-weight: 800; letter-spacing: 0px;\" for=\"et_pb_contact_tipo_1_0_1\">DISTRIBUIDOR &#8211; TORNA-TE UM DISTRIBUIDOR OFICIAL<\/label><\/span><\/span><\/span><\/p><\/form><\/div><\/div><\/div><\/div>\t\t\t\t\t\t\t\t<\/div>\n\t\t\t\t<\/div>\n\t\t\t\t<div class=\"elementor-element elementor-element-63ccc45 elementor-widget elementor-widget-html\" data-id=\"63ccc45\" data-element_type=\"widget\" data-e-type=\"widget\" data-widget_type=\"html.default\">\n\t\t\t\t<div class=\"elementor-widget-container\">\n\t\t\t\t\t[contact-form-7 id=\"921\" title=\"distribuidores\"]\t\t\t\t<\/div>\n\t\t\t\t<\/div>\n\t\t\t\t\t<\/div>\n\t\t<\/div>\n\t\t\t\t\t<\/div>\n\t\t<\/section>\n\t\t\t\t<\/div>\n\t\t","protected":false},"excerpt":{"rendered":"<p>Rede comercial Industrias Qu\u00edmicas Fervalle est\u00e1 presente tanto a n\u00edvel nacional como internacional. A sua vasta gama de produtos cobre as necessidades dos seus clientes localizados em mais de 10 pa\u00edses em todo o mundo. A sua vasta experi\u00eancia e a adapta\u00e7\u00e3o de cada um dos seus projectos \u00e0s carater\u00edsticas dos seus clientes fazem da &#8230; <a title=\"Rede comercial\" class=\"read-more\" href=\"https:\/\/www.fervalle.com\/pt-pt\/rede-comercial\/\" aria-label=\"Mais em Rede comercial\">Ler mais<\/a><\/p>\n","protected":false},"author":1,"featured_media":0,"parent":0,"menu_order":0,"comment_status":"closed","ping_status":"closed","template":"elementor_header_footer","meta":{"_joinchat":[],"footnotes":""},"class_list":["post-29891","page","type-page","status-publish"],"jetpack_sharing_enabled":true,"_links":{"self":[{"href":"https:\/\/www.fervalle.com\/pt-pt\/wp-json\/wp\/v2\/pages\/29891","targetHints":{"allow":["GET"]}}],"collection":[{"href":"https:\/\/www.fervalle.com\/pt-pt\/wp-json\/wp\/v2\/pages"}],"about":[{"href":"https:\/\/www.fervalle.com\/pt-pt\/wp-json\/wp\/v2\/types\/page"}],"author":[{"embeddable":true,"href":"https:\/\/www.fervalle.com\/pt-pt\/wp-json\/wp\/v2\/users\/1"}],"replies":[{"embeddable":true,"href":"https:\/\/www.fervalle.com\/pt-pt\/wp-json\/wp\/v2\/comments?post=29891"}],"version-history":[{"count":1,"href":"https:\/\/www.fervalle.com\/pt-pt\/wp-json\/wp\/v2\/pages\/29891\/revisions"}],"predecessor-version":[{"id":29893,"href":"https:\/\/www.fervalle.com\/pt-pt\/wp-json\/wp\/v2\/pages\/29891\/revisions\/29893"}],"wp:attachment":[{"href":"https:\/\/www.fervalle.com\/pt-pt\/wp-json\/wp\/v2\/media?parent=29891"}],"curies":[{"name":"wp","href":"https:\/\/api.w.org\/{rel}","templated":true}]}}