{"id":825,"date":"2022-02-17T10:20:16","date_gmt":"2022-02-17T10:20:16","guid":{"rendered":"https:\/\/fervalle.com\/?post_type=product&#038;p=825"},"modified":"2023-04-10T22:38:02","modified_gmt":"2023-04-10T22:38:02","slug":"maorvalle","status":"publish","type":"product","link":"https:\/\/www.fervalle.com\/nl\/maorvalle\/","title":{"rendered":"MAORVALLE\u00ae"},"content":{"rendered":"","protected":false},"excerpt":{"rendered":"<h2 style=\"text-align: justify;\"><b>Fertilizante de Materia Org\u00e1nica l\u00edquido con un alto contenido en potasio y \u00e1cidos f\u00falvicos.<\/b><\/h2>\n<p style=\"text-align: justify;\"><strong>Abono y Fertilizante org\u00e1nico l\u00edquido formulado a base de extractos vegetales naturales, rico en potasio y \u00e1cidos f\u00falvicos.<\/strong> La aplicaci\u00f3n de materia org\u00e1nica mejora las caracter\u00edsticas f\u00edsicas, qu\u00edmicas y biol\u00f3gicas del suelo, ya que \u00e9sta, es parte esencial de la estructura del suelo para mantener una textura \u00f3ptima, un complejo arcillo-h\u00famico adecuado que retenga nutrientes esenciales y una estructura que permita una buena aireaci\u00f3n y retenci\u00f3n de agua para el desarrollo \u00f3ptimo de la ra\u00edz.<\/p>\n<p><img decoding=\"async\" class=\"alignnone size-full wp-image-582\" src=\"https:\/\/fervalle.com\/wp-content\/uploads\/2022\/02\/ECO-FERVALLE.jpg\" alt=\"\" width=\"70\" height=\"70\" srcset=\"https:\/\/www.fervalle.com\/wp-content\/uploads\/2022\/02\/ECO-FERVALLE.jpg 70w, https:\/\/www.fervalle.com\/wp-content\/uploads\/2022\/02\/ECO-FERVALLE-64x64.jpg 64w\" sizes=\"(max-width: 70px) 100vw, 70px\" \/><img decoding=\"async\" class=\"alignnone size-full wp-image-568\" src=\"https:\/\/fervalle.com\/wp-content\/uploads\/2022\/02\/fertirrigacion-logo.jpg\" alt=\"\" width=\"70\" height=\"70\" srcset=\"https:\/\/www.fervalle.com\/wp-content\/uploads\/2022\/02\/fertirrigacion-logo.jpg 70w, https:\/\/www.fervalle.com\/wp-content\/uploads\/2022\/02\/fertirrigacion-logo-64x64.jpg 64w\" sizes=\"(max-width: 70px) 100vw, 70px\" \/>\u00a0\u00a0<img decoding=\"async\" class=\"alignnone size-full wp-image-569\" src=\"https:\/\/fervalle.com\/wp-content\/uploads\/2022\/02\/residuo-cero.jpg\" alt=\"\" width=\"70\" height=\"70\" srcset=\"https:\/\/www.fervalle.com\/wp-content\/uploads\/2022\/02\/residuo-cero.jpg 70w, https:\/\/www.fervalle.com\/wp-content\/uploads\/2022\/02\/residuo-cero-64x64.jpg 64w\" sizes=\"(max-width: 70px) 100vw, 70px\" \/> <img loading=\"lazy\" decoding=\"async\" class=\"alignnone size-full wp-image-584\" src=\"https:\/\/fervalle.com\/wp-content\/uploads\/2022\/02\/SHC-CERTIFICACION.jpg\" alt=\"\" width=\"70\" height=\"70\" srcset=\"https:\/\/www.fervalle.com\/wp-content\/uploads\/2022\/02\/SHC-CERTIFICACION.jpg 70w, https:\/\/www.fervalle.com\/wp-content\/uploads\/2022\/02\/SHC-CERTIFICACION-64x64.jpg 64w\" sizes=\"(max-width: 70px) 100vw, 70px\" \/>\u00a0 \u00a0 \u00a0<img loading=\"lazy\" decoding=\"async\" class=\"alignnone size-full wp-image-588\" src=\"https:\/\/fervalle.com\/wp-content\/uploads\/2022\/02\/CAAE-FERVALLE-LOGOTIPO.jpg\" alt=\"\" width=\"70\" height=\"70\" srcset=\"https:\/\/www.fervalle.com\/wp-content\/uploads\/2022\/02\/CAAE-FERVALLE-LOGOTIPO.jpg 70w, https:\/\/www.fervalle.com\/wp-content\/uploads\/2022\/02\/CAAE-FERVALLE-LOGOTIPO-64x64.jpg 64w\" sizes=\"(max-width: 70px) 100vw, 70px\" \/><\/p>\n<p><strong>CERTIFICACIONES PARA AGRICULTURA:<\/strong> ECOL\u00d3GICO.<\/p>\n<p><span style=\"font-size: 12pt;\"><strong>VENTAJAS Y BENEFICIOS:<\/strong><\/span><\/p>\n<ul>\n<li>La materia org\u00e1nica mantiene y proporciona una adecuada estructura y textura del suelo.<\/li>\n<li>La materia org\u00e1nica est\u00e1 relacionada directamente con el aumento de la fertilidad del suelo.<\/li>\n<li>Garantiza una \u00f3ptima retenci\u00f3n de agua y nutrientes esenciales para el desarrollo y crecimiento de la planta.<\/li>\n<\/ul>\n<p><b>DOSIS Y MODO DE EMPLEO:<\/b><\/p>\n<div style=\"overflow-x: auto;\">\n<table style=\"width: 100%;\">\n<tbody>\n<tr>\n<td style=\"background-color: #353f48;\" width=\"154\"><span style=\"color: #ffffff;\"><strong>CULTIVO<\/strong><\/span><\/td>\n<td style=\"background-color: #353f48;\" width=\"272\"><span style=\"color: #ffffff;\"><strong>MOMENTO DE APLICACI\u00d3N<\/strong><\/span><\/td>\n<td style=\"background-color: #353f48;\" width=\"159\"><span style=\"color: #ffffff;\"><strong>FERTIRRIGACI\u00d3N<\/strong><\/span><\/td>\n<\/tr>\n<tr>\n<td width=\"154\">Frutales<\/td>\n<td rowspan=\"5\" width=\"272\">Aplicar durante todo el ciclo de cultivo<\/td>\n<td rowspan=\"5\" width=\"159\">&nbsp;<\/p>\n<p>60 &#8211; 180 litros\/ha<\/p>\n<p>&nbsp;<\/td>\n<\/tr>\n<tr>\n<td width=\"154\">Hort\u00edcolas<\/td>\n<\/tr>\n<tr>\n<td width=\"154\">Olivo<\/td>\n<\/tr>\n<tr>\n<td width=\"154\">Uva de mesa y vid<\/td>\n<\/tr>\n<tr>\n<td width=\"154\">C\u00edtricos<\/td>\n<\/tr>\n<\/tbody>\n<\/table>\n<\/div>\n<p><span style=\"font-size: 12pt;\"><strong>Composici\u00f3n:<\/strong> materia org\u00e1nica (s.m.s.), nitr\u00f3geno org\u00e1nico, potasio, calcio, magnesio, extracto h\u00famico y f\u00falvico.<\/span><\/p>\n","protected":false},"featured_media":1317,"template":"","meta":{"_joinchat":[]},"product_brand":[],"product_cat":[27],"product_tag":[476],"class_list":{"0":"post-825","1":"product","2":"type-product","3":"status-publish","4":"has-post-thumbnail","6":"product_cat-brown-line","7":"product_tag-potente-materia-organica-procesada","8":"pa_composicion-calcio","9":"pa_composicion-magnesio","10":"pa_composicion-materia-organica","11":"pa_composicion-materia-organica-ecologica","12":"pa_composicion-nitrogeno-organico","13":"pa_composicion-potasio","14":"pa_funcion-acondicionadores-de-suelo","16":"first","17":"instock","18":"shipping-taxable","19":"product-type-simple"},"jetpack_sharing_enabled":true,"_links":{"self":[{"href":"https:\/\/www.fervalle.com\/nl\/wp-json\/wp\/v2\/product\/825","targetHints":{"allow":["GET"]}}],"collection":[{"href":"https:\/\/www.fervalle.com\/nl\/wp-json\/wp\/v2\/product"}],"about":[{"href":"https:\/\/www.fervalle.com\/nl\/wp-json\/wp\/v2\/types\/product"}],"version-history":[{"count":7,"href":"https:\/\/www.fervalle.com\/nl\/wp-json\/wp\/v2\/product\/825\/revisions"}],"predecessor-version":[{"id":16545,"href":"https:\/\/www.fervalle.com\/nl\/wp-json\/wp\/v2\/product\/825\/revisions\/16545"}],"wp:featuredmedia":[{"embeddable":true,"href":"https:\/\/www.fervalle.com\/nl\/wp-json\/wp\/v2\/media\/1317"}],"wp:attachment":[{"href":"https:\/\/www.fervalle.com\/nl\/wp-json\/wp\/v2\/media?parent=825"}],"wp:term":[{"taxonomy":"product_brand","embeddable":true,"href":"https:\/\/www.fervalle.com\/nl\/wp-json\/wp\/v2\/product_brand?post=825"},{"taxonomy":"product_cat","embeddable":true,"href":"https:\/\/www.fervalle.com\/nl\/wp-json\/wp\/v2\/product_cat?post=825"},{"taxonomy":"product_tag","embeddable":true,"href":"https:\/\/www.fervalle.com\/nl\/wp-json\/wp\/v2\/product_tag?post=825"}],"curies":[{"name":"wp","href":"https:\/\/api.w.org\/{rel}","templated":true}]}}