{"id":758,"date":"2022-02-16T16:31:59","date_gmt":"2022-02-16T16:31:59","guid":{"rendered":"https:\/\/fervalle.com\/?post_type=product&#038;p=758"},"modified":"2022-08-30T06:02:25","modified_gmt":"2022-08-30T06:02:25","slug":"pomax","status":"publish","type":"product","link":"https:\/\/www.fervalle.com\/nl\/pomax\/","title":{"rendered":"POMAX\u00ae"},"content":{"rendered":"","protected":false},"excerpt":{"rendered":"<h2>Aumenta el color y el contenido de az\u00facares del fruto.<\/h2>\n<p style=\"text-align: justify;\"><strong>Formulaci\u00f3n pot\u00e1sica con nitr\u00f3geno que, permite la r\u00e1pida absorci\u00f3n y translocaci\u00f3n del potasio para potenciar la s\u00edntesis de az\u00facares y pigmentos del fruto en los estadios finales de maduraci\u00f3n.<\/strong> El potasio tambi\u00e9n es un activador de la s\u00edntesis de prote\u00ednas implicadas en la fotos\u00edntesis y participa en el mantenimiento de la turgencia de los tejidos vegetales.<\/p>\n<p><img decoding=\"async\" class=\"alignnone size-full wp-image-583\" src=\"https:\/\/fervalle.com\/wp-content\/uploads\/2022\/02\/FOLIAR-FERVALLE.jpg\" alt=\"\" width=\"70\" height=\"70\" srcset=\"https:\/\/www.fervalle.com\/wp-content\/uploads\/2022\/02\/FOLIAR-FERVALLE.jpg 70w, https:\/\/www.fervalle.com\/wp-content\/uploads\/2022\/02\/FOLIAR-FERVALLE-64x64.jpg 64w\" sizes=\"(max-width: 70px) 100vw, 70px\" \/><img decoding=\"async\" class=\"alignnone size-full wp-image-568\" src=\"https:\/\/fervalle.com\/wp-content\/uploads\/2022\/02\/fertirrigacion-logo.jpg\" alt=\"\" width=\"70\" height=\"70\" srcset=\"https:\/\/www.fervalle.com\/wp-content\/uploads\/2022\/02\/fertirrigacion-logo.jpg 70w, https:\/\/www.fervalle.com\/wp-content\/uploads\/2022\/02\/fertirrigacion-logo-64x64.jpg 64w\" sizes=\"(max-width: 70px) 100vw, 70px\" \/>\u00a0\u00a0<img decoding=\"async\" class=\"alignnone size-full wp-image-569\" src=\"https:\/\/fervalle.com\/wp-content\/uploads\/2022\/02\/residuo-cero.jpg\" alt=\"\" width=\"70\" height=\"70\" srcset=\"https:\/\/www.fervalle.com\/wp-content\/uploads\/2022\/02\/residuo-cero.jpg 70w, https:\/\/www.fervalle.com\/wp-content\/uploads\/2022\/02\/residuo-cero-64x64.jpg 64w\" sizes=\"(max-width: 70px) 100vw, 70px\" \/><\/p>\n<p><span style=\"font-size: 12pt;\"><strong>VENTAJAS Y BENEFICIOS:<\/strong><\/span><\/p>\n<ul>\n<li>Aumenta el color y el contenido de az\u00facares del producto.<\/li>\n<li>El aporte de nitr\u00f3geno interviene en el desarrollo y crecimiento vegetativo.<\/li>\n<li>El pH ligeramente \u00e1cido incrementa la absorci\u00f3n y translocaci\u00f3n de los nutrientes a trav\u00e9s de la ra\u00edz.<\/li>\n<\/ul>\n<p><b>DOSIS Y MODO DE EMPLEO:<\/b><\/p>\n<div style=\"overflow-x:auto;\">\n<table style=\"width: 100%;\">\n<tbody>\n<tr>\n<td style=\"border-color: #353944; background-color: #353944;\" width=\"154\"><span style=\"color: #ffffff;\"><strong>CULTIVO<\/strong><\/span><\/td>\n<td style=\"border-color: #353944; background-color: #353944;\" width=\"272\"><span style=\"color: #ffffff;\"><strong>MOMENTO DE APLICACI\u00d3N<\/strong><\/span><\/td>\n<td style=\"border-color: #353944; background-color: #353944;\" width=\"195\"><span style=\"color: #ffffff;\"><strong>FOLIAR<\/strong><\/span><\/td>\n<td style=\"border-color: #353944; background-color: #353944;\" width=\"159\"><span style=\"color: #ffffff;\"><strong>FERTIRRIGACI\u00d3N<\/strong><\/span><\/td>\n<\/tr>\n<tr>\n<td width=\"154\">Frutales<\/td>\n<td width=\"272\">Durante el inicio del cuajado y hasta la maduraci\u00f3n del fruto<\/td>\n<td rowspan=\"5\" width=\"195\">2,5 &#8211; 4 litros\/1000 litros.<\/td>\n<td rowspan=\"5\" width=\"159\">&nbsp;<\/p>\n<p>4 &#8211; 8 litros\/ha.<\/p>\n<p>&nbsp;<\/td>\n<\/tr>\n<tr>\n<td width=\"154\">Hort\u00edcolas<\/td>\n<td width=\"272\">Desde la fase de inicio del engorde del fruto<\/td>\n<\/tr>\n<tr>\n<td width=\"154\">Olivo<\/td>\n<td width=\"272\">Desde el inicio de la floraci\u00f3n y cuajado del fruto<\/td>\n<\/tr>\n<tr>\n<td width=\"154\">Uva de mesa y vid<\/td>\n<td width=\"272\">Desde el proceso de maduraci\u00f3n del fruto<\/td>\n<\/tr>\n<tr>\n<td width=\"154\">C\u00edtricos<\/td>\n<td width=\"272\">Durante el inicio del cuajado y hasta el inicio de cambio de color del fruto<\/td>\n<\/tr>\n<\/tbody>\n<\/table>\n<\/div>\n<p><strong style=\"font-size: 12pt;\">Composici\u00f3n:<\/strong><span style=\"font-size: 12pt;\"> nitr\u00f3geno y potasio<\/span><span style=\"font-size: 12pt;\">.<\/span><\/p>\n","protected":false},"featured_media":1459,"template":"","meta":{"_joinchat":[]},"product_brand":[],"product_cat":[24],"product_tag":[501],"class_list":{"0":"post-758","1":"product","2":"type-product","3":"status-publish","4":"has-post-thumbnail","6":"product_cat-green-line","7":"product_tag-np-potasio-nitrogeno","8":"pa_composicion-nitrogeno","9":"pa_composicion-potasio","10":"pa_funcion-aumento-grados-brix","11":"pa_funcion-potenciadores-de-color","13":"first","14":"instock","15":"shipping-taxable","16":"product-type-simple"},"jetpack_sharing_enabled":true,"_links":{"self":[{"href":"https:\/\/www.fervalle.com\/nl\/wp-json\/wp\/v2\/product\/758","targetHints":{"allow":["GET"]}}],"collection":[{"href":"https:\/\/www.fervalle.com\/nl\/wp-json\/wp\/v2\/product"}],"about":[{"href":"https:\/\/www.fervalle.com\/nl\/wp-json\/wp\/v2\/types\/product"}],"version-history":[{"count":6,"href":"https:\/\/www.fervalle.com\/nl\/wp-json\/wp\/v2\/product\/758\/revisions"}],"predecessor-version":[{"id":7690,"href":"https:\/\/www.fervalle.com\/nl\/wp-json\/wp\/v2\/product\/758\/revisions\/7690"}],"wp:featuredmedia":[{"embeddable":true,"href":"https:\/\/www.fervalle.com\/nl\/wp-json\/wp\/v2\/media\/1459"}],"wp:attachment":[{"href":"https:\/\/www.fervalle.com\/nl\/wp-json\/wp\/v2\/media?parent=758"}],"wp:term":[{"taxonomy":"product_brand","embeddable":true,"href":"https:\/\/www.fervalle.com\/nl\/wp-json\/wp\/v2\/product_brand?post=758"},{"taxonomy":"product_cat","embeddable":true,"href":"https:\/\/www.fervalle.com\/nl\/wp-json\/wp\/v2\/product_cat?post=758"},{"taxonomy":"product_tag","embeddable":true,"href":"https:\/\/www.fervalle.com\/nl\/wp-json\/wp\/v2\/product_tag?post=758"}],"curies":[{"name":"wp","href":"https:\/\/api.w.org\/{rel}","templated":true}]}}