{"id":1037,"date":"2022-02-18T12:24:53","date_gmt":"2022-02-18T12:24:53","guid":{"rendered":"https:\/\/fervalle.com\/?post_type=product&#038;p=1037"},"modified":"2022-08-09T10:45:06","modified_gmt":"2022-08-09T10:45:06","slug":"limgot","status":"publish","type":"product","link":"https:\/\/www.fervalle.com\/nl\/limgot\/","title":{"rendered":"LIMGOT\u00ae"},"content":{"rendered":"","protected":false},"excerpt":{"rendered":"<h2 style=\"text-align: justify;\">Limpiador, higienizante y desincrustante de sistemas de riego.<\/h2>\n<p style=\"text-align: justify;\">Formulaci\u00f3n l\u00edquida <strong>con ox\u00edgeno activo<\/strong>, utilizable en agricultura ecol\u00f3gica como insumo, cuya acci\u00f3n es de ejercer como <strong>limpiador, desinfectante y desincrustante en el tratamiento de sistemas de riego en general.<\/strong><\/p>\n<p><img decoding=\"async\" class=\"alignnone size-full wp-image-568\" src=\"https:\/\/fervalle.com\/wp-content\/uploads\/2022\/02\/fertirrigacion-logo.jpg\" alt=\"\" width=\"70\" height=\"70\" srcset=\"https:\/\/www.fervalle.com\/wp-content\/uploads\/2022\/02\/fertirrigacion-logo.jpg 70w, https:\/\/www.fervalle.com\/wp-content\/uploads\/2022\/02\/fertirrigacion-logo-64x64.jpg 64w\" sizes=\"(max-width: 70px) 100vw, 70px\" \/>\u00a0\u00a0<img decoding=\"async\" class=\"alignnone size-full wp-image-569\" src=\"https:\/\/fervalle.com\/wp-content\/uploads\/2022\/02\/residuo-cero.jpg\" alt=\"\" width=\"70\" height=\"70\" srcset=\"https:\/\/www.fervalle.com\/wp-content\/uploads\/2022\/02\/residuo-cero.jpg 70w, https:\/\/www.fervalle.com\/wp-content\/uploads\/2022\/02\/residuo-cero-64x64.jpg 64w\" sizes=\"(max-width: 70px) 100vw, 70px\" \/>\u00a0<img decoding=\"async\" class=\"alignnone size-full wp-image-588\" src=\"https:\/\/fervalle.com\/wp-content\/uploads\/2022\/02\/CAAE-FERVALLE-LOGOTIPO.jpg\" alt=\"\" width=\"70\" height=\"70\" srcset=\"https:\/\/www.fervalle.com\/wp-content\/uploads\/2022\/02\/CAAE-FERVALLE-LOGOTIPO.jpg 70w, https:\/\/www.fervalle.com\/wp-content\/uploads\/2022\/02\/CAAE-FERVALLE-LOGOTIPO-64x64.jpg 64w\" sizes=\"(max-width: 70px) 100vw, 70px\" \/><\/p>\n<p><strong>CERTIFICACIONES PARA AGRICULTURA:<\/strong> ECOL\u00d3GICO.<\/p>\n<p><span style=\"font-size: 12pt;\"><strong>VENTAJAS Y BENEFICIOS:<\/strong><\/span><\/p>\n<ul>\n<li>Elimina los minerales y restos org\u00e1nicos del sistema de riego para evitar obstrucciones de tuber\u00edas y boquillas.<\/li>\n<li>Previene la formaci\u00f3n de dep\u00f3sitos calc\u00e1reos, generalmente en aguas con un alto contenido en carbonatos.<\/li>\n<li>Evita la formaci\u00f3n de espuma, mejorando la calidad y eficiencia en el uso del agua de riego.<\/li>\n<\/ul>\n<p style=\"text-align: justify;\"><b>DOSIS Y MODO DE EMPLEO:<\/b><\/p>\n<ul>\n<li style=\"text-align: justify;\">Limpieza e higienizaci\u00f3n de sistemas de riego\n<ul>\n<li>Aplicar como tratamiento de choque una soluci\u00f3n al 1%.<\/li>\n<li>Aplicar como tratamiento continuo de 30 a 60 cc\/1000L de agua.<\/li>\n<\/ul>\n<\/li>\n<li style=\"text-align: justify;\">Como desincrustante aplicar al 1 \u2013 2% en la soluci\u00f3n acuosa.<\/li>\n<li style=\"text-align: justify;\">Como tratamiento oxigenador de suelos aplicar del 1 al 3%.<\/li>\n<\/ul>\n<p><span style=\"font-size: 12pt;\"><strong>Composici\u00f3n:<\/strong> per\u00f3xido de hidr\u00f3geno, \u00e1cido perac\u00e9tico y \u00e1cido ac\u00e9tico.<\/span><\/p>\n","protected":false},"featured_media":1286,"template":"","meta":{"_joinchat":[]},"product_brand":[],"product_cat":[29],"product_tag":[444,443,442],"class_list":{"0":"post-1037","1":"product","2":"type-product","3":"status-publish","4":"has-post-thumbnail","6":"product_cat-red-line","7":"product_tag-desincrustante","8":"product_tag-higienizante","9":"product_tag-limpiador","10":"pa_composicion-acido-acetico","11":"pa_composicion-acido-peracetico","12":"pa_composicion-peroxido-de-hidrogeno","13":"pa_funcion-desincrustantes","14":"pa_funcion-higienizantes","16":"first","17":"instock","18":"shipping-taxable","19":"product-type-simple"},"jetpack_sharing_enabled":true,"_links":{"self":[{"href":"https:\/\/www.fervalle.com\/nl\/wp-json\/wp\/v2\/product\/1037","targetHints":{"allow":["GET"]}}],"collection":[{"href":"https:\/\/www.fervalle.com\/nl\/wp-json\/wp\/v2\/product"}],"about":[{"href":"https:\/\/www.fervalle.com\/nl\/wp-json\/wp\/v2\/types\/product"}],"version-history":[{"count":4,"href":"https:\/\/www.fervalle.com\/nl\/wp-json\/wp\/v2\/product\/1037\/revisions"}],"predecessor-version":[{"id":1285,"href":"https:\/\/www.fervalle.com\/nl\/wp-json\/wp\/v2\/product\/1037\/revisions\/1285"}],"wp:featuredmedia":[{"embeddable":true,"href":"https:\/\/www.fervalle.com\/nl\/wp-json\/wp\/v2\/media\/1286"}],"wp:attachment":[{"href":"https:\/\/www.fervalle.com\/nl\/wp-json\/wp\/v2\/media?parent=1037"}],"wp:term":[{"taxonomy":"product_brand","embeddable":true,"href":"https:\/\/www.fervalle.com\/nl\/wp-json\/wp\/v2\/product_brand?post=1037"},{"taxonomy":"product_cat","embeddable":true,"href":"https:\/\/www.fervalle.com\/nl\/wp-json\/wp\/v2\/product_cat?post=1037"},{"taxonomy":"product_tag","embeddable":true,"href":"https:\/\/www.fervalle.com\/nl\/wp-json\/wp\/v2\/product_tag?post=1037"}],"curies":[{"name":"wp","href":"https:\/\/api.w.org\/{rel}","templated":true}]}}