{"id":885,"date":"2022-02-17T11:39:15","date_gmt":"2022-02-17T11:39:15","guid":{"rendered":"https:\/\/fervalle.com\/?post_type=product&#038;p=885"},"modified":"2022-08-30T05:41:14","modified_gmt":"2022-08-30T05:41:14","slug":"supracu","status":"publish","type":"product","link":"https:\/\/www.fervalle.com\/it\/prodotto\/supracu\/","title":{"rendered":"SUPRACU\u00ae"},"content":{"rendered":"","protected":false},"excerpt":{"rendered":"<h2>Cobre quelado de elevada absorci\u00f3n foliar y radicular.<\/h2>\n<p style=\"text-align: justify;\"><strong>Soluci\u00f3n l\u00edquida rica en cobre quelado por EDTA con una elevada eficacia de absorci\u00f3n foliar y radicular.<\/strong> El EDTA dota al cobre de una alta movilidad sist\u00e9mica a trav\u00e9s de la savia hasta el \u00e1pice de las nuevas hojas en desarrollo de la planta, evitando la aparici\u00f3n de la necrosis o clorosis.<\/p>\n<p><img decoding=\"async\" class=\"alignnone size-full wp-image-582\" src=\"https:\/\/fervalle.com\/wp-content\/uploads\/2022\/02\/ECO-FERVALLE.jpg\" alt=\"\" width=\"70\" height=\"70\" srcset=\"https:\/\/www.fervalle.com\/wp-content\/uploads\/2022\/02\/ECO-FERVALLE.jpg 70w, https:\/\/www.fervalle.com\/wp-content\/uploads\/2022\/02\/ECO-FERVALLE-64x64.jpg 64w\" sizes=\"(max-width: 70px) 100vw, 70px\" \/><img decoding=\"async\" class=\"alignnone size-full wp-image-583\" src=\"https:\/\/fervalle.com\/wp-content\/uploads\/2022\/02\/FOLIAR-FERVALLE.jpg\" alt=\"\" width=\"70\" height=\"70\" srcset=\"https:\/\/www.fervalle.com\/wp-content\/uploads\/2022\/02\/FOLIAR-FERVALLE.jpg 70w, https:\/\/www.fervalle.com\/wp-content\/uploads\/2022\/02\/FOLIAR-FERVALLE-64x64.jpg 64w\" sizes=\"(max-width: 70px) 100vw, 70px\" \/><img decoding=\"async\" class=\"alignnone size-full wp-image-568\" src=\"https:\/\/fervalle.com\/wp-content\/uploads\/2022\/02\/fertirrigacion-logo.jpg\" alt=\"\" width=\"70\" height=\"70\" srcset=\"https:\/\/www.fervalle.com\/wp-content\/uploads\/2022\/02\/fertirrigacion-logo.jpg 70w, https:\/\/www.fervalle.com\/wp-content\/uploads\/2022\/02\/fertirrigacion-logo-64x64.jpg 64w\" sizes=\"(max-width: 70px) 100vw, 70px\" \/>\u00a0\u00a0<img loading=\"lazy\" decoding=\"async\" class=\"alignnone size-full wp-image-569\" src=\"https:\/\/fervalle.com\/wp-content\/uploads\/2022\/02\/residuo-cero.jpg\" alt=\"\" width=\"70\" height=\"70\" srcset=\"https:\/\/www.fervalle.com\/wp-content\/uploads\/2022\/02\/residuo-cero.jpg 70w, https:\/\/www.fervalle.com\/wp-content\/uploads\/2022\/02\/residuo-cero-64x64.jpg 64w\" sizes=\"(max-width: 70px) 100vw, 70px\" \/> <img loading=\"lazy\" decoding=\"async\" class=\"alignnone size-full wp-image-584\" src=\"https:\/\/fervalle.com\/wp-content\/uploads\/2022\/02\/SHC-CERTIFICACION.jpg\" alt=\"\" width=\"70\" height=\"70\" srcset=\"https:\/\/www.fervalle.com\/wp-content\/uploads\/2022\/02\/SHC-CERTIFICACION.jpg 70w, https:\/\/www.fervalle.com\/wp-content\/uploads\/2022\/02\/SHC-CERTIFICACION-64x64.jpg 64w\" sizes=\"(max-width: 70px) 100vw, 70px\" \/>\u00a0 \u00a0\u00a0\u00a0<img loading=\"lazy\" decoding=\"async\" class=\"alignnone size-full wp-image-588\" src=\"https:\/\/fervalle.com\/wp-content\/uploads\/2022\/02\/CAAE-FERVALLE-LOGOTIPO.jpg\" alt=\"\" width=\"70\" height=\"70\" srcset=\"https:\/\/www.fervalle.com\/wp-content\/uploads\/2022\/02\/CAAE-FERVALLE-LOGOTIPO.jpg 70w, https:\/\/www.fervalle.com\/wp-content\/uploads\/2022\/02\/CAAE-FERVALLE-LOGOTIPO-64x64.jpg 64w\" sizes=\"(max-width: 70px) 100vw, 70px\" \/><\/p>\n<p><strong>CERTIFICACIONES PARA AGRICULTURA:<\/strong> ECOL\u00d3GICO.<\/p>\n<p><span style=\"font-size: 12pt;\"><strong>VENTAJAS Y BENEFICIOS:<\/strong><\/span><\/p>\n<ul>\n<li>Nutrici\u00f3n sist\u00e9mica. La absorci\u00f3n del cobre v\u00eda radicular y su translocaci\u00f3n a trav\u00e9s del floema, favorece su distribuci\u00f3n por el interior de la planta hacia las zonas de nuevo crecimiento y desarrollo.<\/li>\n<li>Nutrici\u00f3n translaminar o estom\u00e1tica. Su absorci\u00f3n v\u00eda foliar ofrece una mayor eficacia y persistencia.<\/li>\n<\/ul>\n<p><b>DOSIS Y MODO DE EMPLEO:<\/b><\/p>\n<div style=\"overflow-x:auto;\">\n<table style=\"width: 100%;\">\n<tbody>\n<tr>\n<td style=\"background-color: #353f48;\" width=\"154\"><span style=\"color: #ffffff;\"><strong>CULTIVO<\/strong><\/span><\/td>\n<td style=\"background-color: #353f48;\" width=\"272\"><span style=\"color: #ffffff;\"><strong>MOMENTO DE APLICACI\u00d3N<\/strong><\/span><\/td>\n<td style=\"background-color: #353f48;\" width=\"195\"><span style=\"color: #ffffff;\"><strong>FOLIAR<\/strong><\/span><\/td>\n<td style=\"background-color: #353f48;\" width=\"159\"><span style=\"color: #ffffff;\"><strong>FERTIRRIGACI\u00d3N<\/strong><\/span><\/td>\n<\/tr>\n<tr>\n<td width=\"154\">Frutales<\/td>\n<td width=\"272\">Tratamiento de invierno<\/td>\n<td width=\"195\">0,5 &#8211; 1 litro\/1000 litros<\/td>\n<td width=\"159\">&nbsp;<\/p>\n<p>2 &#8211; 4 litros\/ha<\/p>\n<p>&nbsp;<\/td>\n<\/tr>\n<tr>\n<td width=\"154\">Frutal de hoja caduca<\/td>\n<td width=\"272\">Tratamiento de invierno. Puede provocar defoliaci\u00f3n en frutal de hoja caduca<\/td>\n<td width=\"195\">2 &#8211; 3 litros\/1000 litros<\/td>\n<td width=\"159\">&nbsp;<\/p>\n<p>2 &#8211; 4 litros\/ha<\/p>\n<p>&nbsp;<\/td>\n<\/tr>\n<tr>\n<td width=\"154\">Hort\u00edcolas<\/td>\n<td width=\"272\">Tras el trasplante y durante la fase crecimiento vegetativo<\/td>\n<td width=\"195\">1 &#8211; 2 litros\/1000 litros<\/td>\n<td width=\"159\">2 &#8211; 3 litros\/ha<\/td>\n<\/tr>\n<tr>\n<td width=\"154\">Olivo<\/td>\n<td width=\"272\">Antes de la brotaci\u00f3n y durante el oto\u00f1o<\/td>\n<td width=\"195\">1 \u2013 2,5 litros\/1000 litros<\/td>\n<td width=\"159\">2 &#8211; 4 litros\/ha<\/td>\n<\/tr>\n<tr>\n<td width=\"154\">Uva de mesa y vid<\/td>\n<td width=\"272\">Durante la fase de inicio de la brotaci\u00f3n hasta su recolecci\u00f3n<\/td>\n<td width=\"195\">1 &#8211; 2 litros\/1000 litros<\/td>\n<td width=\"159\">&nbsp;<\/p>\n<p>2 &#8211; 3 litros\/ha<\/p>\n<p>&nbsp;<\/td>\n<\/tr>\n<tr>\n<td width=\"154\">C\u00edtricos<\/td>\n<td width=\"272\">Durante la fase de inicio de la brotaci\u00f3n en primavera y verano<\/td>\n<td width=\"195\">1 &#8211; 2 litros\/1000 litros<\/td>\n<td width=\"159\">2 &#8211; 3 litros\/ha<\/td>\n<\/tr>\n<\/tbody>\n<\/table>\n<\/div>\n<p><span style=\"font-size: 12pt;\"><strong>Composici\u00f3n:<\/strong> cobre.<\/span><\/p>\n","protected":false},"featured_media":1301,"template":"","meta":{"_joinchat":[]},"product_brand":[],"product_cat":[25],"product_tag":[449],"class_list":{"0":"post-885","1":"product","2":"type-product","3":"status-publish","4":"has-post-thumbnail","6":"product_cat-blue-line","7":"product_tag-potenciador-de-autodefensas","8":"pa_composicion-cobre","9":"pa_funcion-inductores-de-defensas","10":"pa_funcion-potenciadores-de-autodefensas","12":"first","13":"instock","14":"shipping-taxable","15":"product-type-simple"},"jetpack_sharing_enabled":true,"_links":{"self":[{"href":"https:\/\/www.fervalle.com\/it\/wp-json\/wp\/v2\/product\/885","targetHints":{"allow":["GET"]}}],"collection":[{"href":"https:\/\/www.fervalle.com\/it\/wp-json\/wp\/v2\/product"}],"about":[{"href":"https:\/\/www.fervalle.com\/it\/wp-json\/wp\/v2\/types\/product"}],"version-history":[{"count":6,"href":"https:\/\/www.fervalle.com\/it\/wp-json\/wp\/v2\/product\/885\/revisions"}],"predecessor-version":[{"id":7661,"href":"https:\/\/www.fervalle.com\/it\/wp-json\/wp\/v2\/product\/885\/revisions\/7661"}],"wp:featuredmedia":[{"embeddable":true,"href":"https:\/\/www.fervalle.com\/it\/wp-json\/wp\/v2\/media\/1301"}],"wp:attachment":[{"href":"https:\/\/www.fervalle.com\/it\/wp-json\/wp\/v2\/media?parent=885"}],"wp:term":[{"taxonomy":"product_brand","embeddable":true,"href":"https:\/\/www.fervalle.com\/it\/wp-json\/wp\/v2\/product_brand?post=885"},{"taxonomy":"product_cat","embeddable":true,"href":"https:\/\/www.fervalle.com\/it\/wp-json\/wp\/v2\/product_cat?post=885"},{"taxonomy":"product_tag","embeddable":true,"href":"https:\/\/www.fervalle.com\/it\/wp-json\/wp\/v2\/product_tag?post=885"}],"curies":[{"name":"wp","href":"https:\/\/api.w.org\/{rel}","templated":true}]}}