{"id":874,"date":"2022-02-17T11:24:33","date_gmt":"2022-02-17T11:24:33","guid":{"rendered":"https:\/\/fervalle.com\/?post_type=product&#038;p=874"},"modified":"2022-08-30T05:44:39","modified_gmt":"2022-08-30T05:44:39","slug":"kronotron","status":"publish","type":"product","link":"https:\/\/www.fervalle.com\/it\/prodotto\/kronotron\/","title":{"rendered":"KRONOTRON\u00ae"},"content":{"rendered":"","protected":false},"excerpt":{"rendered":"<h2>Nitr\u00f3geno org\u00e1nico s\u00f3lido procedente de extractos vegetales.<\/h2>\n<p style=\"text-align: justify;\"><strong>Fuente de energ\u00eda directa en forma de nitr\u00f3geno org\u00e1nico procedente de extractos vegetales que promueve el crecimiento y desarrollo vegetal.<\/strong> El nitr\u00f3geno org\u00e1nico promueve la proliferaci\u00f3n de bacterias beneficiosas que, potenciar\u00e1n el proceso de absorci\u00f3n del nitr\u00f3geno a trav\u00e9s de las ra\u00edces de la planta. Este participa en multitud de rutas metab\u00f3licas que est\u00e1n implicadas en la s\u00edntesis de mol\u00e9culas esenciales que mantienen la rigidez y turgencia de los tejidos frente a la aparici\u00f3n de cualquier estr\u00e9s ambiental, como la sequ\u00eda que, pueda comprometer la viabilidad del cultivo.<\/p>\n<p><img decoding=\"async\" class=\"alignnone size-full wp-image-583\" src=\"https:\/\/fervalle.com\/wp-content\/uploads\/2022\/02\/FOLIAR-FERVALLE.jpg\" alt=\"\" width=\"70\" height=\"70\" srcset=\"https:\/\/www.fervalle.com\/wp-content\/uploads\/2022\/02\/FOLIAR-FERVALLE.jpg 70w, https:\/\/www.fervalle.com\/wp-content\/uploads\/2022\/02\/FOLIAR-FERVALLE-64x64.jpg 64w\" sizes=\"(max-width: 70px) 100vw, 70px\" \/><img decoding=\"async\" class=\"alignnone size-full wp-image-568\" src=\"https:\/\/fervalle.com\/wp-content\/uploads\/2022\/02\/fertirrigacion-logo.jpg\" alt=\"\" width=\"70\" height=\"70\" srcset=\"https:\/\/www.fervalle.com\/wp-content\/uploads\/2022\/02\/fertirrigacion-logo.jpg 70w, https:\/\/www.fervalle.com\/wp-content\/uploads\/2022\/02\/fertirrigacion-logo-64x64.jpg 64w\" sizes=\"(max-width: 70px) 100vw, 70px\" \/><img decoding=\"async\" class=\"alignnone size-full wp-image-681\" src=\"https:\/\/fervalle.com\/wp-content\/uploads\/2022\/02\/micronizado.jpg\" alt=\"\" width=\"70\" height=\"70\" \/><span style=\"font-size: inherit;\">\u00a0<\/span><img loading=\"lazy\" decoding=\"async\" class=\"alignnone size-full wp-image-569\" style=\"font-size: inherit;\" src=\"https:\/\/fervalle.com\/wp-content\/uploads\/2022\/02\/residuo-cero.jpg\" alt=\"\" width=\"70\" height=\"70\" srcset=\"https:\/\/www.fervalle.com\/wp-content\/uploads\/2022\/02\/residuo-cero.jpg 70w, https:\/\/www.fervalle.com\/wp-content\/uploads\/2022\/02\/residuo-cero-64x64.jpg 64w\" sizes=\"(max-width: 70px) 100vw, 70px\" \/><\/p>\n<p><span style=\"font-size: 12pt;\"><strong>VENTAJAS Y BENEFICIOS:<\/strong><\/span><\/p>\n<ul>\n<li>La materia org\u00e1nica incrementa la fertilidad del suelo.<\/li>\n<li>Los amino\u00e1cidos constituyen una fuente de energ\u00eda directa para la planta, ya que forman parte de prote\u00ednas esenciales para el crecimiento y desarrollo.<\/li>\n<li>Favorecen el crecimiento de microorganismos beneficiosos para la planta.<\/li>\n<\/ul>\n<p><b>DOSIS Y MODO DE EMPLEO:<\/b><\/p>\n<div style=\"overflow-x:auto;\">\n<table style=\"width: 100%;\">\n<tbody>\n<tr>\n<td style=\"background-color: #232230;\" width=\"154\"><span style=\"color: #ffffff;\"><strong>CULTIVO<\/strong><\/span><\/td>\n<td style=\"background-color: #232230;\" width=\"272\"><span style=\"color: #ffffff;\"><strong>MOMENTO DE APLICACI\u00d3N<\/strong><\/span><\/td>\n<td style=\"background-color: #232230;\" width=\"159\"><span style=\"color: #ffffff;\"><strong>FERTIRRIGACI\u00d3N<\/strong><\/span><\/td>\n<\/tr>\n<tr>\n<td width=\"154\">Frutales<\/td>\n<td rowspan=\"5\" width=\"272\">Aplicar durante todo el ciclo de cultivo<\/td>\n<td rowspan=\"5\" width=\"159\">&nbsp;<\/p>\n<p>2 &#8211; 4 kilos\/ha<\/p>\n<p>&nbsp;<\/td>\n<\/tr>\n<tr>\n<td width=\"154\">Hort\u00edcolas<\/td>\n<\/tr>\n<tr>\n<td width=\"154\">Olivo<\/td>\n<\/tr>\n<tr>\n<td width=\"154\">Uva de mesa y vid<\/td>\n<\/tr>\n<tr>\n<td width=\"154\">C\u00edtricos<\/td>\n<\/tr>\n<\/tbody>\n<\/table>\n<\/div>\n<p><span style=\"font-size: 12pt;\"><strong>Composici\u00f3n:<\/strong>\u00a0 nitr\u00f3geno y nitr\u00f3geno org\u00e1nico.<\/span><\/p>\n","protected":false},"featured_media":3668,"template":"","meta":{"_joinchat":[]},"product_brand":[],"product_cat":[27],"product_tag":[473],"class_list":{"0":"post-874","1":"product","2":"type-product","3":"status-publish","4":"has-post-thumbnail","6":"product_cat-brown-line","7":"product_tag-vigorizante-de-nitrogeno-organico","8":"pa_composicion-nitrogeno","9":"pa_composicion-nitrogeno-organico","10":"pa_funcion-bioestimulantes","11":"pa_funcion-vigorizantes","13":"first","14":"instock","15":"shipping-taxable","16":"product-type-simple"},"jetpack_sharing_enabled":true,"_links":{"self":[{"href":"https:\/\/www.fervalle.com\/it\/wp-json\/wp\/v2\/product\/874","targetHints":{"allow":["GET"]}}],"collection":[{"href":"https:\/\/www.fervalle.com\/it\/wp-json\/wp\/v2\/product"}],"about":[{"href":"https:\/\/www.fervalle.com\/it\/wp-json\/wp\/v2\/types\/product"}],"version-history":[{"count":8,"href":"https:\/\/www.fervalle.com\/it\/wp-json\/wp\/v2\/product\/874\/revisions"}],"predecessor-version":[{"id":7665,"href":"https:\/\/www.fervalle.com\/it\/wp-json\/wp\/v2\/product\/874\/revisions\/7665"}],"wp:featuredmedia":[{"embeddable":true,"href":"https:\/\/www.fervalle.com\/it\/wp-json\/wp\/v2\/media\/3668"}],"wp:attachment":[{"href":"https:\/\/www.fervalle.com\/it\/wp-json\/wp\/v2\/media?parent=874"}],"wp:term":[{"taxonomy":"product_brand","embeddable":true,"href":"https:\/\/www.fervalle.com\/it\/wp-json\/wp\/v2\/product_brand?post=874"},{"taxonomy":"product_cat","embeddable":true,"href":"https:\/\/www.fervalle.com\/it\/wp-json\/wp\/v2\/product_cat?post=874"},{"taxonomy":"product_tag","embeddable":true,"href":"https:\/\/www.fervalle.com\/it\/wp-json\/wp\/v2\/product_tag?post=874"}],"curies":[{"name":"wp","href":"https:\/\/api.w.org\/{rel}","templated":true}]}}