{"id":1040,"date":"2022-02-18T12:25:01","date_gmt":"2022-02-18T12:25:01","guid":{"rendered":"https:\/\/fervalle.com\/?post_type=product&#038;p=1040"},"modified":"2024-06-25T07:34:32","modified_gmt":"2024-06-25T07:34:32","slug":"nematvalle","status":"publish","type":"product","link":"https:\/\/www.fervalle.com\/it\/prodotto\/nematvalle\/","title":{"rendered":"NEMATVALLE\u00ae"},"content":{"rendered":"","protected":false},"excerpt":{"rendered":"<h2>Mejora y potencia la producci\u00f3n vegetal del cultivo.<\/h2>\n<p style=\"text-align: justify;\">Fertilizante con nitr\u00f3geno, f\u00f3sforo y azufre, que <b>crea un escudo nutricional en la rizosfera, <\/b>potenciando la asimilaci\u00f3n de nutrientes y <b>aumentando la resistencia radicular biol\u00f3gica y qu\u00edmica de la planta<\/b> a condiciones adversas.<\/p>\n<p style=\"text-align: justify;\">La sinergia de estos tres macronutrientes muestra la capacidad de mejorar las condiciones del suelo y potenciar el crecimiento vegetativo, como el aparato radicular de la planta, as\u00ed como en la de participar en el metabolismo esencial de amino\u00e1cidos y vitaminas en hojas j\u00f3venes.<\/p>\n<p><img decoding=\"async\" class=\"alignnone size-full wp-image-568\" src=\"https:\/\/fervalle.com\/wp-content\/uploads\/2022\/02\/fertirrigacion-logo.jpg\" alt=\"\" width=\"70\" height=\"70\" srcset=\"https:\/\/www.fervalle.com\/wp-content\/uploads\/2022\/02\/fertirrigacion-logo.jpg 70w, https:\/\/www.fervalle.com\/wp-content\/uploads\/2022\/02\/fertirrigacion-logo-64x64.jpg 64w\" sizes=\"(max-width: 70px) 100vw, 70px\" \/><img decoding=\"async\" class=\"alignnone size-full wp-image-681\" src=\"https:\/\/fervalle.com\/wp-content\/uploads\/2022\/02\/micronizado.jpg\" alt=\"\" width=\"70\" height=\"70\" \/>\u00a0\u00a0<img decoding=\"async\" class=\"alignnone size-full wp-image-569\" src=\"https:\/\/fervalle.com\/wp-content\/uploads\/2022\/02\/residuo-cero.jpg\" alt=\"\" width=\"70\" height=\"70\" srcset=\"https:\/\/www.fervalle.com\/wp-content\/uploads\/2022\/02\/residuo-cero.jpg 70w, https:\/\/www.fervalle.com\/wp-content\/uploads\/2022\/02\/residuo-cero-64x64.jpg 64w\" sizes=\"(max-width: 70px) 100vw, 70px\" \/><\/p>\n<p><span style=\"font-size: 12pt;\"><strong>VENTAJAS Y BENEFICIOS:<\/strong><\/span><\/p>\n<ul>\n<li>Aporta micronutrientes importantes durante el desarrollo vegetativo.<\/li>\n<li>Modifica las condiciones del suelo.<\/li>\n<\/ul>\n<p><b>DOSIS Y MODO DE EMPLEO:<\/b><\/p>\n<div style=\"overflow-x: auto;\">\n<table style=\"width: 100%;\">\n<tbody>\n<tr>\n<td style=\"background-color: #232230;\" width=\"154\"><span style=\"color: #ffffff;\"><strong>CULTIVO<\/strong><\/span><\/td>\n<td style=\"background-color: #232230;\" width=\"272\"><span style=\"color: #ffffff;\"><strong>MOMENTO DE APLICACI\u00d3N<\/strong><\/span><\/td>\n<td style=\"background-color: #232230;\" width=\"159\"><span style=\"color: #ffffff;\"><strong>FERTIRRIGACI\u00d3N<\/strong><\/span><\/td>\n<\/tr>\n<tr>\n<td width=\"154\">Frutales<\/td>\n<td rowspan=\"5\" width=\"272\">Durante la fase de inicio del ciclo del cultivo<\/td>\n<td rowspan=\"5\" width=\"159\">&nbsp;<\/p>\n<p>5 &#8211; 7 kilos\/ha<\/p>\n<p>&nbsp;<\/td>\n<\/tr>\n<tr>\n<td width=\"154\">Hort\u00edcolas<\/td>\n<\/tr>\n<tr>\n<td width=\"154\">Olivo<\/td>\n<\/tr>\n<tr>\n<td width=\"154\">Uva de mesa y vid<\/td>\n<\/tr>\n<tr>\n<td width=\"154\">C\u00edtricos<\/td>\n<\/tr>\n<\/tbody>\n<\/table>\n<\/div>\n<p><span style=\"font-size: 12pt;\"><strong>Composici\u00f3n:<\/strong> Nitr\u00f3geno, potasio y azufre.<\/span><\/p>\n","protected":false},"featured_media":27690,"template":"","meta":{"_joinchat":[]},"product_brand":[],"product_cat":[29],"product_tag":[451],"class_list":{"0":"post-1040","1":"product","2":"type-product","3":"status-publish","4":"has-post-thumbnail","6":"product_cat-red-line","7":"product_tag-autodefensas-radicular","8":"pa_composicion-azufre","9":"pa_composicion-nitrogeno","10":"pa_composicion-potasio","11":"pa_funcion-inductores-de-defensas","12":"pa_funcion-potenciadores-de-autodefensas","14":"first","15":"instock","16":"shipping-taxable","17":"product-type-simple"},"jetpack_sharing_enabled":true,"_links":{"self":[{"href":"https:\/\/www.fervalle.com\/it\/wp-json\/wp\/v2\/product\/1040","targetHints":{"allow":["GET"]}}],"collection":[{"href":"https:\/\/www.fervalle.com\/it\/wp-json\/wp\/v2\/product"}],"about":[{"href":"https:\/\/www.fervalle.com\/it\/wp-json\/wp\/v2\/types\/product"}],"version-history":[{"count":14,"href":"https:\/\/www.fervalle.com\/it\/wp-json\/wp\/v2\/product\/1040\/revisions"}],"predecessor-version":[{"id":3647,"href":"https:\/\/www.fervalle.com\/it\/wp-json\/wp\/v2\/product\/1040\/revisions\/3647"}],"wp:featuredmedia":[{"embeddable":true,"href":"https:\/\/www.fervalle.com\/it\/wp-json\/wp\/v2\/media\/27690"}],"wp:attachment":[{"href":"https:\/\/www.fervalle.com\/it\/wp-json\/wp\/v2\/media?parent=1040"}],"wp:term":[{"taxonomy":"product_brand","embeddable":true,"href":"https:\/\/www.fervalle.com\/it\/wp-json\/wp\/v2\/product_brand?post=1040"},{"taxonomy":"product_cat","embeddable":true,"href":"https:\/\/www.fervalle.com\/it\/wp-json\/wp\/v2\/product_cat?post=1040"},{"taxonomy":"product_tag","embeddable":true,"href":"https:\/\/www.fervalle.com\/it\/wp-json\/wp\/v2\/product_tag?post=1040"}],"curies":[{"name":"wp","href":"https:\/\/api.w.org\/{rel}","templated":true}]}}