{"id":4141,"date":"2022-02-09T11:24:40","date_gmt":"2022-02-09T11:24:40","guid":{"rendered":"https:\/\/www.fervalle.com\/fosmax-2\/"},"modified":"2024-05-03T07:49:55","modified_gmt":"2024-05-03T07:49:55","slug":"fosmax","status":"publish","type":"product","link":"https:\/\/www.fervalle.com\/fr\/produit\/fosmax\/","title":{"rendered":"FOSMAX\u00ae"},"content":{"rendered":"","protected":false},"excerpt":{"rendered":"<h2><strong>Engrais riche en phosphore et en potassium organiques qui stimulent le d\u00e9veloppement des racines des plantes.<\/strong><\/h2>\n<p style=\"text-align: justify;\"><strong>Solution nutritionnelle riche en phosphore et en potassium, indiqu\u00e9e pour le d\u00e9veloppement d&rsquo;un syst\u00e8me racinaire puissant, pour l&rsquo;am\u00e9lioration de la floraison de la plante et pour la nouaison et la maturation des fruits.<\/strong> L&rsquo;incorporation de quatre types de phosphore dans le sol permet une assimilation rapide et une biodisponibilit\u00e9 plus \u00e9lev\u00e9e par rapport aux engrais phosphat\u00e9s traditionnels. En outre, il facilite l&rsquo;assimilation des nutriments qui ne peuvent \u00eatre assimil\u00e9s par la plante gr\u00e2ce \u00e0 la mol\u00e9cule FPC, afin qu&rsquo;ils puissent \u00eatre sauv\u00e9s et absorb\u00e9s par la racine.<\/p>\n<p><img decoding=\"async\" class=\"size-full wp-image-568\" src=\"https:\/\/fervalle.com\/wp-content\/uploads\/2022\/02\/fertirrigacion-logo.jpg\" alt=\"\" width=\"70\" height=\"70\" srcset=\"https:\/\/www.fervalle.com\/wp-content\/uploads\/2022\/02\/fertirrigacion-logo.jpg 70w, https:\/\/www.fervalle.com\/wp-content\/uploads\/2022\/02\/fertirrigacion-logo-64x64.jpg 64w\" sizes=\"(max-width: 70px) 100vw, 70px\" \/><img decoding=\"async\" class=\"alignnone size-full wp-image-569\" src=\"https:\/\/fervalle.com\/wp-content\/uploads\/2022\/02\/residuo-cero.jpg\" alt=\"\" width=\"70\" height=\"70\" srcset=\"https:\/\/www.fervalle.com\/wp-content\/uploads\/2022\/02\/residuo-cero.jpg 70w, https:\/\/www.fervalle.com\/wp-content\/uploads\/2022\/02\/residuo-cero-64x64.jpg 64w\" sizes=\"(max-width: 70px) 100vw, 70px\" \/><\/p>\n<p><span style=\"font-size: 12pt;\"><strong>AVANTAGES ET B\u00c9N\u00c9FICES :<\/strong><\/span><\/p>\n<ul>\n<li>Il constitue une source de quatre types de phosphore pour la plante tout au long du cycle de culture.<\/li>\n<li>Le phosphore inorganique soluble est directement absorb\u00e9 par la plante.<\/li>\n<li>Le phosphore inorganique ch\u00e9lat\u00e9 par la mol\u00e9cule de FPC reste stable dans la solution du sol.<\/li>\n<li>Le phosphore inorganique \u00e9changeable est la source de phosphore disponible pour la plante tout au long de son cycle v\u00e9g\u00e9tatif.<\/li>\n<li>Le phosphore organique est lib\u00e9r\u00e9 dans la fraction soluble du sol par la synth\u00e8se de mol\u00e9cules organiques produites par les racines et les micro-organismes du sol.<\/li>\n<li>Le potassium participe \u00e0 la division cellulaire, au maintien de la structure et de la rigidit\u00e9 de la paroi cellulaire.<\/li>\n<\/ul>\n","protected":false},"featured_media":12125,"template":"","meta":[],"product_brand":[],"product_cat":[370],"product_tag":[768,821,806],"class_list":{"0":"post-4141","1":"product","2":"type-product","3":"status-publish","4":"has-post-thumbnail","6":"product_cat-star-line-fr","7":"product_tag-agent-denracinement","8":"product_tag-fosmax-fr","9":"product_tag-puissant-sauveteur","10":"pa_composicion-potassium-fr","11":"pa_composicion-rencontre","12":"pa_funcion-ameliorants-engrais-npk","13":"pa_funcion-debloqueurs-de-nutriments","14":"pa_funcion-enhancers-de-floraison","15":"pa_funcion-enracinement","16":"pa_funcion-regeneration-des-sols","17":"pa_funcion-root-booster","18":"pa_funcion-sauveteurs-de-nutriments","20":"first","21":"instock","22":"shipping-taxable","23":"product-type-simple"},"jetpack_sharing_enabled":true,"_links":{"self":[{"href":"https:\/\/www.fervalle.com\/fr\/wp-json\/wp\/v2\/product\/4141","targetHints":{"allow":["GET"]}}],"collection":[{"href":"https:\/\/www.fervalle.com\/fr\/wp-json\/wp\/v2\/product"}],"about":[{"href":"https:\/\/www.fervalle.com\/fr\/wp-json\/wp\/v2\/types\/product"}],"version-history":[{"count":2,"href":"https:\/\/www.fervalle.com\/fr\/wp-json\/wp\/v2\/product\/4141\/revisions"}],"predecessor-version":[{"id":26983,"href":"https:\/\/www.fervalle.com\/fr\/wp-json\/wp\/v2\/product\/4141\/revisions\/26983"}],"wp:featuredmedia":[{"embeddable":true,"href":"https:\/\/www.fervalle.com\/fr\/wp-json\/wp\/v2\/media\/12125"}],"wp:attachment":[{"href":"https:\/\/www.fervalle.com\/fr\/wp-json\/wp\/v2\/media?parent=4141"}],"wp:term":[{"taxonomy":"product_brand","embeddable":true,"href":"https:\/\/www.fervalle.com\/fr\/wp-json\/wp\/v2\/product_brand?post=4141"},{"taxonomy":"product_cat","embeddable":true,"href":"https:\/\/www.fervalle.com\/fr\/wp-json\/wp\/v2\/product_cat?post=4141"},{"taxonomy":"product_tag","embeddable":true,"href":"https:\/\/www.fervalle.com\/fr\/wp-json\/wp\/v2\/product_tag?post=4141"}],"curies":[{"name":"wp","href":"https:\/\/api.w.org\/{rel}","templated":true}]}}