{"id":4138,"date":"2022-02-09T12:14:15","date_gmt":"2022-02-09T12:14:15","guid":{"rendered":"https:\/\/www.fervalle.com\/fosmax-nt-eco-2\/"},"modified":"2022-02-09T12:14:15","modified_gmt":"2022-02-09T12:14:15","slug":"fosmax-nt-eco-2","status":"publish","type":"product","link":"https:\/\/www.fervalle.com\/fr\/produit\/fosmax-nt-eco-2\/","title":{"rendered":"FOSMAX\u00ae NT\/ECO"},"content":{"rendered":"","protected":false},"excerpt":{"rendered":"<div class=\"zw-line-div\">\n<h2 style=\"text-align: justify;\">Formulation liquide \u00e0 pH neutre de phosphore et de potassium avec effet d&rsquo;enracinement.<\/h2>\n<p class=\"zw-line-content\" style=\"text-align: justify;\"><strong>Solution nutritionnelle \u00e0 pH neutre, \u00e9quilibr\u00e9e en phosphore et en potassium, qui contribue \u00e0 favoriser la biodisponibilit\u00e9 des nutriments essentiels tels que l&rsquo;azote<\/strong>, le calcium, le magn\u00e9sium et le fer pr\u00e9sents dans le complexe d&rsquo;\u00e9change du sol. Ce produit est particuli\u00e8rement indiqu\u00e9 pour le d\u00e9veloppement des racines, l&rsquo;augmentation et l&rsquo;am\u00e9lioration de la floraison de la plante, la nouaison et la maturation des fruits.<\/p>\n<\/div>\n<p><img decoding=\"async\" class=\"alignnone size-full wp-image-582\" src=\"https:\/\/fervalle.com\/wp-content\/uploads\/2022\/02\/ECO-FERVALLE.jpg\" alt=\"\" width=\"70\" height=\"70\" srcset=\"https:\/\/www.fervalle.com\/wp-content\/uploads\/2022\/02\/ECO-FERVALLE.jpg 70w, https:\/\/www.fervalle.com\/wp-content\/uploads\/2022\/02\/ECO-FERVALLE-64x64.jpg 64w\" sizes=\"(max-width: 70px) 100vw, 70px\" \/><img decoding=\"async\" class=\"alignnone size-full wp-image-583\" src=\"https:\/\/fervalle.com\/wp-content\/uploads\/2022\/02\/FOLIAR-FERVALLE.jpg\" alt=\"\" width=\"70\" height=\"70\" srcset=\"https:\/\/www.fervalle.com\/wp-content\/uploads\/2022\/02\/FOLIAR-FERVALLE.jpg 70w, https:\/\/www.fervalle.com\/wp-content\/uploads\/2022\/02\/FOLIAR-FERVALLE-64x64.jpg 64w\" sizes=\"(max-width: 70px) 100vw, 70px\" \/><img decoding=\"async\" class=\"size-full wp-image-568\" src=\"https:\/\/fervalle.com\/wp-content\/uploads\/2022\/02\/fertirrigacion-logo.jpg\" alt=\"\" width=\"70\" height=\"70\" srcset=\"https:\/\/www.fervalle.com\/wp-content\/uploads\/2022\/02\/fertirrigacion-logo.jpg 70w, https:\/\/www.fervalle.com\/wp-content\/uploads\/2022\/02\/fertirrigacion-logo-64x64.jpg 64w\" sizes=\"(max-width: 70px) 100vw, 70px\" \/><img loading=\"lazy\" decoding=\"async\" class=\"alignnone size-full wp-image-569\" src=\"https:\/\/fervalle.com\/wp-content\/uploads\/2022\/02\/residuo-cero.jpg\" alt=\"\" width=\"70\" height=\"70\" srcset=\"https:\/\/www.fervalle.com\/wp-content\/uploads\/2022\/02\/residuo-cero.jpg 70w, https:\/\/www.fervalle.com\/wp-content\/uploads\/2022\/02\/residuo-cero-64x64.jpg 64w\" sizes=\"(max-width: 70px) 100vw, 70px\" \/><img loading=\"lazy\" decoding=\"async\" class=\"alignnone size-full wp-image-584\" src=\"https:\/\/fervalle.com\/wp-content\/uploads\/2022\/02\/SHC-CERTIFICACION.jpg\" alt=\"\" width=\"70\" height=\"70\" srcset=\"https:\/\/www.fervalle.com\/wp-content\/uploads\/2022\/02\/SHC-CERTIFICACION.jpg 70w, https:\/\/www.fervalle.com\/wp-content\/uploads\/2022\/02\/SHC-CERTIFICACION-64x64.jpg 64w\" sizes=\"(max-width: 70px) 100vw, 70px\" \/><img loading=\"lazy\" decoding=\"async\" class=\"alignnone size-full wp-image-585\" src=\"https:\/\/fervalle.com\/wp-content\/uploads\/2022\/02\/ECOCERT-LOGOTIPO.jpg\" alt=\"\" width=\"70\" height=\"70\" srcset=\"https:\/\/www.fervalle.com\/wp-content\/uploads\/2022\/02\/ECOCERT-LOGOTIPO.jpg 70w, https:\/\/www.fervalle.com\/wp-content\/uploads\/2022\/02\/ECOCERT-LOGOTIPO-64x64.jpg 64w\" sizes=\"(max-width: 70px) 100vw, 70px\" \/><\/p>\n<p><strong>CERTIFICATIONS POUR L&rsquo;AGRICULTURE :<\/strong> \u00c9COLOGIQUE<\/p>\n<p><span style=\"font-size: 12pt;\"><strong>AVANTAGES ET B\u00c9N\u00c9FICES :<\/strong><\/span><\/p>\n<ul>\n<li>Il aide \u00e0 maintenir une nutrition \u00e9quilibr\u00e9e dans la racine de la plante.<\/li>\n<li>Il active le m\u00e9tabolisme de la plante en favorisant la production de mol\u00e9cules essentielles pendant le d\u00e9veloppement v\u00e9g\u00e9tatif.<\/li>\n<li>Il favorise la croissance des bact\u00e9ries b\u00e9n\u00e9fiques du sol qui transforment chimiquement les nutriments afin qu&rsquo;ils soient facilement absorb\u00e9s par la plante.<\/li>\n<\/ul>\n<p><b>POSOLOGIE ET MODE D&rsquo;EMPLOI :<\/b><\/p>\n<table width=\"779\">\n<tbody>\n<tr>\n<td style=\"background-color: #394148;\" width=\"154\"><span style=\"color: #ffffff;\"><strong>CULTIVE<\/strong><\/span><\/td>\n<td style=\"background-color: #394148;\" width=\"272\"><span style=\"color: #ffffff;\"><strong>TEMPS D&rsquo;APPLICATION<\/strong><\/span><\/td>\n<td style=\"background-color: #394148;\" width=\"195\"><span style=\"color: #ffffff;\"><strong>FOLIAIRE<\/strong><\/span><\/td>\n<td style=\"background-color: #394148; width: 159px;\" width=\"159\"><span style=\"color: #ffffff;\"><strong>FERTIGATION<\/strong><\/span><\/td>\n<\/tr>\n<tr>\n<td width=\"154\">arbres fruitiers<\/td>\n<td width=\"272\">Au d\u00e9but de la floraison, au d\u00e9but de la nouaison et jusqu&rsquo;\u00e0 la maturation du fruit<\/td>\n<td rowspan=\"5\" width=\"195\">3 &#8211; 7 litres\/1000 litres.<\/td>\n<td rowspan=\"5\" width=\"159\">&nbsp;<\/p>\n<p>6 &#8211; 12 litres\/ha.<\/p>\n<p>&nbsp;<\/td>\n<\/tr>\n<tr>\n<td width=\"154\">horticole<\/td>\n<td width=\"272\">De la post-transplantation \u00e0 la fin du cycle de culture<\/td>\n<\/tr>\n<tr>\n<td width=\"154\">olive<\/td>\n<td width=\"272\">D\u00e8s le d\u00e9but de la floraison et de la nouaison<\/td>\n<\/tr>\n<tr>\n<td width=\"154\">Raisin de table et vigne<\/td>\n<td width=\"272\">De l&rsquo;apparition des boutons floraux \u00e0 la nouaison<\/td>\n<\/tr>\n<tr>\n<td width=\"154\">agrumes<\/td>\n<td width=\"272\">D\u00e8s la floraison et pendant le processus de fructification<\/td>\n<\/tr>\n<\/tbody>\n<\/table>\n<p><strong style=\"font-size: 12pt;\">Composition:<\/strong><span style=\"font-size: 12pt;\"> phosphore<\/span><span style=\"font-size: 12pt;\"> et potasium<\/span><span style=\"font-size: 12pt;\">.<\/span><\/p>\n<p>&nbsp;<\/p>\n","protected":false},"featured_media":5015,"template":"","meta":[],"product_brand":[],"product_cat":[340,370],"product_tag":[766],"class_list":{"0":"post-4138","1":"product","2":"type-product","3":"status-publish","4":"has-post-thumbnail","6":"product_cat-ligne-verte","7":"product_cat-star-line-fr","8":"product_tag-agent-denracinement-a-base-de-phosphore-et-de-potassium","9":"pa_composicion-potassium-fr","10":"pa_composicion-rencontre","11":"pa_funcion-enhancers-de-floraison","12":"pa_funcion-enracinement","13":"pa_funcion-root-booster","14":"pa_funcion-sauveteurs-de-nutriments","16":"first","17":"instock","18":"shipping-taxable","19":"product-type-simple"},"jetpack_sharing_enabled":true,"_links":{"self":[{"href":"https:\/\/www.fervalle.com\/fr\/wp-json\/wp\/v2\/product\/4138","targetHints":{"allow":["GET"]}}],"collection":[{"href":"https:\/\/www.fervalle.com\/fr\/wp-json\/wp\/v2\/product"}],"about":[{"href":"https:\/\/www.fervalle.com\/fr\/wp-json\/wp\/v2\/types\/product"}],"version-history":[{"count":0,"href":"https:\/\/www.fervalle.com\/fr\/wp-json\/wp\/v2\/product\/4138\/revisions"}],"wp:featuredmedia":[{"embeddable":true,"href":"https:\/\/www.fervalle.com\/fr\/wp-json\/wp\/v2\/media\/5015"}],"wp:attachment":[{"href":"https:\/\/www.fervalle.com\/fr\/wp-json\/wp\/v2\/media?parent=4138"}],"wp:term":[{"taxonomy":"product_brand","embeddable":true,"href":"https:\/\/www.fervalle.com\/fr\/wp-json\/wp\/v2\/product_brand?post=4138"},{"taxonomy":"product_cat","embeddable":true,"href":"https:\/\/www.fervalle.com\/fr\/wp-json\/wp\/v2\/product_cat?post=4138"},{"taxonomy":"product_tag","embeddable":true,"href":"https:\/\/www.fervalle.com\/fr\/wp-json\/wp\/v2\/product_tag?post=4138"}],"curies":[{"name":"wp","href":"https:\/\/api.w.org\/{rel}","templated":true}]}}