{"id":4137,"date":"2022-02-09T12:35:52","date_gmt":"2022-02-09T12:35:52","guid":{"rendered":"https:\/\/www.fervalle.com\/magfos-2\/"},"modified":"2022-04-07T15:43:44","modified_gmt":"2022-04-07T15:43:44","slug":"magfos","status":"publish","type":"product","link":"https:\/\/www.fervalle.com\/fr\/produit\/magfos\/","title":{"rendered":"MAGFOS\u00ae"},"content":{"rendered":"","protected":false},"excerpt":{"rendered":"<h2 style=\"text-align: justify;\"><strong>Solution azot\u00e9e avec phosphore enrichie en magn\u00e9sium, fer et zinc.<\/strong><\/h2>\n<p style=\"text-align: justify;\"><strong>Solution nutritive riche en phosphore, potassium et azote \u00e0 action rapide.<\/strong> Le phosphore, ainsi que le fer et le zinc, sont rapidement assimil\u00e9s par la plante, ce qui favorise consid\u00e9rablement le d\u00e9veloppement des racines, la floraison et la nouaison. La pr\u00e9sence d&rsquo;azote renforce la fonction du magn\u00e9sium \u00e0 l&rsquo;int\u00e9rieur de la plante, en favorisant la croissance et le d\u00e9veloppement v\u00e9g\u00e9tatif, ainsi qu&rsquo;en augmentant la rigidit\u00e9 et la structure de la plante.<\/p>\n<p><img decoding=\"async\" class=\"alignnone size-full wp-image-583\" src=\"https:\/\/fervalle.com\/wp-content\/uploads\/2022\/02\/FOLIAR-FERVALLE.jpg\" alt=\"\" width=\"70\" height=\"70\" srcset=\"https:\/\/www.fervalle.com\/wp-content\/uploads\/2022\/02\/FOLIAR-FERVALLE.jpg 70w, https:\/\/www.fervalle.com\/wp-content\/uploads\/2022\/02\/FOLIAR-FERVALLE-64x64.jpg 64w\" sizes=\"(max-width: 70px) 100vw, 70px\" \/><img decoding=\"async\" class=\"size-full wp-image-568\" src=\"https:\/\/fervalle.com\/wp-content\/uploads\/2022\/02\/fertirrigacion-logo.jpg\" alt=\"\" width=\"70\" height=\"70\" srcset=\"https:\/\/www.fervalle.com\/wp-content\/uploads\/2022\/02\/fertirrigacion-logo.jpg 70w, https:\/\/www.fervalle.com\/wp-content\/uploads\/2022\/02\/fertirrigacion-logo-64x64.jpg 64w\" sizes=\"(max-width: 70px) 100vw, 70px\" \/><img decoding=\"async\" class=\"alignnone size-full wp-image-569\" src=\"https:\/\/fervalle.com\/wp-content\/uploads\/2022\/02\/residuo-cero.jpg\" alt=\"\" width=\"70\" height=\"70\" srcset=\"https:\/\/www.fervalle.com\/wp-content\/uploads\/2022\/02\/residuo-cero.jpg 70w, https:\/\/www.fervalle.com\/wp-content\/uploads\/2022\/02\/residuo-cero-64x64.jpg 64w\" sizes=\"(max-width: 70px) 100vw, 70px\" \/><\/p>\n<p><span style=\"font-size: 12pt;\"><strong>AVANTAGES ET B\u00c9N\u00c9FICES :<\/strong><\/span><\/p>\n<ul>\n<li>L&rsquo;acidification du sol permet la lib\u00e9ration des nutriments essentiels du complexe d&rsquo;\u00e9change.<\/li>\n<li>Il active le m\u00e9tabolisme de la plante en favorisant la production de mol\u00e9cules essentielles pendant le d\u00e9veloppement v\u00e9g\u00e9tatif.<\/li>\n<li>Il favorise la croissance des racines.<\/li>\n<\/ul>\n<p><b>POSOLOGIE ET MODE D&rsquo;EMPLOI :<\/b><\/p>\n<table width=\"779\">\n<tbody>\n<tr>\n<td width=\"154\"><strong>CULTIVE<\/strong><\/td>\n<td width=\"272\"><strong>TEMPS D&rsquo;APPLICATION<\/strong><\/td>\n<td width=\"195\"><strong>FOLIAIRE<\/strong><\/td>\n<td width=\"159\"><strong>FERTIGATION<\/strong><\/td>\n<\/tr>\n<tr>\n<td width=\"154\">Arbres fruitiers<\/td>\n<td width=\"272\">Au d\u00e9but de la floraison, au d\u00e9but de la nouaison et jusqu&rsquo;\u00e0 la maturation du fruit<\/td>\n<td width=\"195\">2 &#8211; 4 litres\/1000 litres.<\/td>\n<td rowspan=\"6\" width=\"159\">&nbsp;<\/p>\n<p>20 &#8211; 25 litres\/ha.<\/p>\n<p>&nbsp;<\/td>\n<\/tr>\n<tr>\n<td width=\"154\">Horticole<\/td>\n<td width=\"272\">De la post-transplantation \u00e0 la fin du cycle de culture<\/td>\n<td width=\"195\">1,5 &#8211; 2,5 litres\/1000 litres.<\/td>\n<\/tr>\n<tr>\n<td width=\"154\">Horticulture d&rsquo;hiver<\/td>\n<td width=\"272\">De la post-transplantation \u00e0 la fin du cycle de culture<\/td>\n<td width=\"195\">2,5 -5 litres\/1000 litres.<\/td>\n<\/tr>\n<tr>\n<td width=\"154\">Olive<\/td>\n<td width=\"272\">D\u00e8s le d\u00e9but de la floraison et de la nouaison<\/td>\n<td width=\"195\">2 &#8211; 4 litres\/1000 litres.<\/td>\n<\/tr>\n<tr>\n<td width=\"154\">Raisin de table et vigne<\/td>\n<td width=\"272\">De l&rsquo;apparition des boutons floraux \u00e0 la nouaison<\/td>\n<td width=\"195\">2 &#8211; 4 litres\/1000 litres.<\/td>\n<\/tr>\n<tr>\n<td width=\"154\">Agrumes<\/td>\n<td width=\"272\">D\u00e8s la floraison et pendant le processus de fructification<\/td>\n<td width=\"195\">2 &#8211; 4 litres\/1000 litres.<\/td>\n<\/tr>\n<tr>\n<td width=\"154\">Semis et plantes ornementales<\/td>\n<td width=\"272\">Pendant le processus de germination<\/td>\n<td width=\"195\">1 &#8211; 1,5 litres\/1000 litres.<\/td>\n<td width=\"159\">10 &#8211; 15 litres\/ha.<\/td>\n<\/tr>\n<\/tbody>\n<\/table>\n<p><strong style=\"font-size: 12pt;\">Composition:<\/strong><span style=\"font-size: 12pt;\"> phosphore<\/span><span style=\"font-size: 12pt;\">,magn\u00e9sium, azote, fer ch\u00e9lat\u00e9 et zinc ch\u00e9lat\u00e9. Agent ch\u00e9lateur EDTA.<\/span><\/p>\n<p>&nbsp;<\/p>\n","protected":false},"featured_media":2904,"template":"","meta":[],"product_brand":[],"product_cat":[370],"product_tag":[773],"class_list":{"0":"post-4137","1":"product","2":"type-product","3":"status-publish","4":"has-post-thumbnail","6":"product_cat-star-line-fr","7":"product_tag-phosphore-magnesium-micronutriments","8":"pa_composicion-azote","9":"pa_composicion-fer","10":"pa_composicion-magnesium-fr","11":"pa_composicion-rencontre","12":"pa_composicion-zinc-fr","13":"pa_funcion-ameliorants-de-la-nouaison","14":"pa_funcion-enhancers-de-floraison","15":"pa_funcion-enracinement","16":"pa_funcion-root-booster","18":"first","19":"instock","20":"shipping-taxable","21":"product-type-simple"},"jetpack_sharing_enabled":true,"_links":{"self":[{"href":"https:\/\/www.fervalle.com\/fr\/wp-json\/wp\/v2\/product\/4137","targetHints":{"allow":["GET"]}}],"collection":[{"href":"https:\/\/www.fervalle.com\/fr\/wp-json\/wp\/v2\/product"}],"about":[{"href":"https:\/\/www.fervalle.com\/fr\/wp-json\/wp\/v2\/types\/product"}],"version-history":[{"count":1,"href":"https:\/\/www.fervalle.com\/fr\/wp-json\/wp\/v2\/product\/4137\/revisions"}],"predecessor-version":[{"id":4319,"href":"https:\/\/www.fervalle.com\/fr\/wp-json\/wp\/v2\/product\/4137\/revisions\/4319"}],"wp:featuredmedia":[{"embeddable":true,"href":"https:\/\/www.fervalle.com\/fr\/wp-json\/wp\/v2\/media\/2904"}],"wp:attachment":[{"href":"https:\/\/www.fervalle.com\/fr\/wp-json\/wp\/v2\/media?parent=4137"}],"wp:term":[{"taxonomy":"product_brand","embeddable":true,"href":"https:\/\/www.fervalle.com\/fr\/wp-json\/wp\/v2\/product_brand?post=4137"},{"taxonomy":"product_cat","embeddable":true,"href":"https:\/\/www.fervalle.com\/fr\/wp-json\/wp\/v2\/product_cat?post=4137"},{"taxonomy":"product_tag","embeddable":true,"href":"https:\/\/www.fervalle.com\/fr\/wp-json\/wp\/v2\/product_tag?post=4137"}],"curies":[{"name":"wp","href":"https:\/\/api.w.org\/{rel}","templated":true}]}}