{"id":4130,"date":"2022-02-16T12:04:10","date_gmt":"2022-02-16T12:04:10","guid":{"rendered":"https:\/\/www.fervalle.com\/borovalle\/"},"modified":"2022-02-16T12:04:10","modified_gmt":"2022-02-16T12:04:10","slug":"borovalle-2","status":"publish","type":"product","link":"https:\/\/www.fervalle.com\/fr\/produit\/borovalle-2\/","title":{"rendered":"BOROVALLE\u00ae"},"content":{"rendered":"","protected":false},"excerpt":{"rendered":"<h2>Formulation liquide d&rsquo;\u00e9thanolamine-bore qui am\u00e9liore la germination et la qualit\u00e9 des fruits.<\/h2>\n<p style=\"text-align: justify;\"><strong>Formulation \u00e0 base de bore complex\u00e9e avec de l&rsquo;\u00e9thanolamine pour faciliter l&rsquo;assimilation et le d\u00e9placement dans la plante.<\/strong> Le bore est un composant essentiel pour le maintien de la stabilit\u00e9 de la paroi cellulaire, c&rsquo;est pourquoi il est n\u00e9cessaire aux moments de la croissance et du d\u00e9veloppement des plantes, tels que : la division et la croissance cellulaire, la croissance et le d\u00e9veloppement des racines principales et secondaires, stimule l&rsquo;\u00e9longation et la germination du tube pollinique, ainsi que la participation \u00e0 la r\u00e9gulation de la synth\u00e8se des hormones.<\/p>\n<p><img decoding=\"async\" class=\"alignnone size-full wp-image-582\" src=\"https:\/\/fervalle.com\/wp-content\/uploads\/2022\/02\/ECO-FERVALLE.jpg\" alt=\"\" width=\"70\" height=\"70\" srcset=\"https:\/\/www.fervalle.com\/wp-content\/uploads\/2022\/02\/ECO-FERVALLE.jpg 70w, https:\/\/www.fervalle.com\/wp-content\/uploads\/2022\/02\/ECO-FERVALLE-64x64.jpg 64w\" sizes=\"(max-width: 70px) 100vw, 70px\" \/><img decoding=\"async\" class=\"alignnone size-full wp-image-583\" src=\"https:\/\/fervalle.com\/wp-content\/uploads\/2022\/02\/FOLIAR-FERVALLE.jpg\" alt=\"\" width=\"70\" height=\"70\" srcset=\"https:\/\/www.fervalle.com\/wp-content\/uploads\/2022\/02\/FOLIAR-FERVALLE.jpg 70w, https:\/\/www.fervalle.com\/wp-content\/uploads\/2022\/02\/FOLIAR-FERVALLE-64x64.jpg 64w\" sizes=\"(max-width: 70px) 100vw, 70px\" \/><img decoding=\"async\" class=\"size-full wp-image-568\" src=\"https:\/\/fervalle.com\/wp-content\/uploads\/2022\/02\/fertirrigacion-logo.jpg\" alt=\"\" width=\"70\" height=\"70\" srcset=\"https:\/\/www.fervalle.com\/wp-content\/uploads\/2022\/02\/fertirrigacion-logo.jpg 70w, https:\/\/www.fervalle.com\/wp-content\/uploads\/2022\/02\/fertirrigacion-logo-64x64.jpg 64w\" sizes=\"(max-width: 70px) 100vw, 70px\" \/>  <img loading=\"lazy\" decoding=\"async\" class=\"alignnone size-full wp-image-569\" src=\"https:\/\/fervalle.com\/wp-content\/uploads\/2022\/02\/residuo-cero.jpg\" alt=\"\" width=\"70\" height=\"70\" srcset=\"https:\/\/www.fervalle.com\/wp-content\/uploads\/2022\/02\/residuo-cero.jpg 70w, https:\/\/www.fervalle.com\/wp-content\/uploads\/2022\/02\/residuo-cero-64x64.jpg 64w\" sizes=\"(max-width: 70px) 100vw, 70px\" \/> <img loading=\"lazy\" decoding=\"async\" class=\"alignnone size-full wp-image-584\" src=\"https:\/\/fervalle.com\/wp-content\/uploads\/2022\/02\/SHC-CERTIFICACION.jpg\" alt=\"\" width=\"70\" height=\"70\" srcset=\"https:\/\/www.fervalle.com\/wp-content\/uploads\/2022\/02\/SHC-CERTIFICACION.jpg 70w, https:\/\/www.fervalle.com\/wp-content\/uploads\/2022\/02\/SHC-CERTIFICACION-64x64.jpg 64w\" sizes=\"(max-width: 70px) 100vw, 70px\" \/>     <img loading=\"lazy\" decoding=\"async\" class=\"alignnone size-full wp-image-588\" src=\"https:\/\/fervalle.com\/wp-content\/uploads\/2022\/02\/CAAE-FERVALLE-LOGOTIPO.jpg\" alt=\"\" width=\"70\" height=\"70\" srcset=\"https:\/\/www.fervalle.com\/wp-content\/uploads\/2022\/02\/CAAE-FERVALLE-LOGOTIPO.jpg 70w, https:\/\/www.fervalle.com\/wp-content\/uploads\/2022\/02\/CAAE-FERVALLE-LOGOTIPO-64x64.jpg 64w\" sizes=\"(max-width: 70px) 100vw, 70px\" \/><\/p>\n<p><strong>CERTIFICATIONS POUR L&rsquo;AGRICULTURE :<\/strong> \u00c9COLOGIQUE.<\/p>\n<p><span style=\"font-size: 12pt;\"><strong>AVANTAGES ET B\u00c9N\u00c9FICES :<\/strong><\/span><\/p>\n<ul>\n<li>Il favorise la formation des feuilles, l&rsquo;allongement des tiges, la floraison et la fructification.<\/li>\n<li>Il active le m\u00e9tabolisme de la plante en favorisant la production de mol\u00e9cules essentielles pendant le d\u00e9veloppement v\u00e9g\u00e9tatif.<\/li>\n<\/ul>\n<p><b>POSOLOGIE ET MODE D&rsquo;EMPLOI :<\/b><\/p>\n<table width=\"779\">\n<tbody>\n<tr>\n<td style=\"background-color: #353f48;\" width=\"154\"><span style=\"color: #ffffff;\"><strong>CULTIVE<\/strong><\/span><\/td>\n<td style=\"background-color: #353f48;\" width=\"272\"><span style=\"color: #ffffff;\"><strong>TEMPS D&rsquo;APPLICATION<\/strong><\/span><\/td>\n<td style=\"background-color: #353f48;\" width=\"195\"><span style=\"color: #ffffff;\"><strong>FOLIAIRE<\/strong><\/span><\/td>\n<td style=\"background-color: #353f48;\" width=\"159\"><span style=\"color: #ffffff;\"><strong>FERTIGATION<\/strong><\/span><\/td>\n<\/tr>\n<tr>\n<td width=\"154\">arbres fruitiers<\/td>\n<td width=\"272\">Au d\u00e9but de la floraison, au d\u00e9but de la nouaison et jusqu&rsquo;\u00e0 la maturation du fruit<\/td>\n<td rowspan=\"5\" width=\"195\">2,5 &#8211; 3 litres\/1000 litres.<\/td>\n<td rowspan=\"5\" width=\"159\">&nbsp;<\/p>\n<p>1 &#8211; 2 litres\/ha.<\/p>\n<p>&nbsp;<\/td>\n<\/tr>\n<tr>\n<td width=\"154\">horticole<\/td>\n<td width=\"272\">De l&rsquo;apparition des premi\u00e8res vraies feuilles \u00e0 la fin du cycle de culture<\/td>\n<\/tr>\n<tr>\n<td width=\"154\">olive<\/td>\n<td width=\"272\">D\u00e8s le d\u00e9but de la floraison et de la nouaison<\/td>\n<\/tr>\n<tr>\n<td width=\"154\">Raisin de table et vigne<\/td>\n<td width=\"272\">De l&rsquo;apparition des boutons floraux \u00e0 la nouaison<\/td>\n<\/tr>\n<tr>\n<td width=\"154\">agrumes<\/td>\n<td width=\"272\">D\u00e8s la floraison et pendant le processus de fructification<\/td>\n<\/tr>\n<\/tbody>\n<\/table>\n<p><strong style=\"font-size: 12pt;\">Composition:<\/strong>bore complex\u00e9 par l&rsquo;\u00e9thanolamine.<\/p>\n","protected":false},"featured_media":3200,"template":"","meta":[],"product_brand":[],"product_cat":[340],"product_tag":[754],"class_list":{"0":"post-4130","1":"product","2":"type-product","3":"status-publish","4":"has-post-thumbnail","6":"product_cat-ligne-verte","7":"product_tag-boreethanolamine","8":"pa_composicion-bore","9":"pa_funcion-ameliorateurs-de-la-fructification","10":"pa_funcion-enhancers-de-floraison","11":"pa_funcion-renforcateurs-de-pollen","13":"first","14":"instock","15":"shipping-taxable","16":"product-type-simple"},"jetpack_sharing_enabled":true,"_links":{"self":[{"href":"https:\/\/www.fervalle.com\/fr\/wp-json\/wp\/v2\/product\/4130","targetHints":{"allow":["GET"]}}],"collection":[{"href":"https:\/\/www.fervalle.com\/fr\/wp-json\/wp\/v2\/product"}],"about":[{"href":"https:\/\/www.fervalle.com\/fr\/wp-json\/wp\/v2\/types\/product"}],"version-history":[{"count":0,"href":"https:\/\/www.fervalle.com\/fr\/wp-json\/wp\/v2\/product\/4130\/revisions"}],"wp:featuredmedia":[{"embeddable":true,"href":"https:\/\/www.fervalle.com\/fr\/wp-json\/wp\/v2\/media\/3200"}],"wp:attachment":[{"href":"https:\/\/www.fervalle.com\/fr\/wp-json\/wp\/v2\/media?parent=4130"}],"wp:term":[{"taxonomy":"product_brand","embeddable":true,"href":"https:\/\/www.fervalle.com\/fr\/wp-json\/wp\/v2\/product_brand?post=4130"},{"taxonomy":"product_cat","embeddable":true,"href":"https:\/\/www.fervalle.com\/fr\/wp-json\/wp\/v2\/product_cat?post=4130"},{"taxonomy":"product_tag","embeddable":true,"href":"https:\/\/www.fervalle.com\/fr\/wp-json\/wp\/v2\/product_tag?post=4130"}],"curies":[{"name":"wp","href":"https:\/\/api.w.org\/{rel}","templated":true}]}}