{"id":4128,"date":"2022-02-16T12:18:31","date_gmt":"2022-02-16T12:18:31","guid":{"rendered":"https:\/\/www.fervalle.com\/calbomix\/"},"modified":"2022-02-16T12:18:31","modified_gmt":"2022-02-16T12:18:31","slug":"calbomix-2","status":"publish","type":"product","link":"https:\/\/www.fervalle.com\/fr\/produit\/calbomix-2\/","title":{"rendered":"CALBOMIX\u00ae"},"content":{"rendered":"","protected":false},"excerpt":{"rendered":"<h2>Il augmente la qualit\u00e9 et la dur\u00e9e de conservation des fruits.<\/h2>\n<p style=\"text-align: justify;\"><strong>Formulation riche en azote, calcium, magn\u00e9sium et enrichie en micronutriments avec un fort pouvoir verdissant dans la culture.<\/strong> Le pH acide du produit permet \u00e0 l&rsquo;azote et au calcium fournis d&rsquo;\u00eatre rapidement absorb\u00e9s par la plante \u00e0 travers les racines. Le calcium et le magn\u00e9sium ont \u00e0 leur tour la capacit\u00e9 de rivaliser avec les sels pr\u00e9sents dans le complexe d&rsquo;\u00e9change des particules du sol, favorisant ainsi le lessivage des sels. La formule enrichie en micronutriments pr\u00e9vient et corrige les carences en micronutriments qui peuvent compromettre le bon d\u00e9veloppement de la culture.<\/p>\n<p><img decoding=\"async\" class=\"alignnone size-full wp-image-583\" src=\"https:\/\/fervalle.com\/wp-content\/uploads\/2022\/02\/FOLIAR-FERVALLE.jpg\" alt=\"\" width=\"70\" height=\"70\" srcset=\"https:\/\/www.fervalle.com\/wp-content\/uploads\/2022\/02\/FOLIAR-FERVALLE.jpg 70w, https:\/\/www.fervalle.com\/wp-content\/uploads\/2022\/02\/FOLIAR-FERVALLE-64x64.jpg 64w\" sizes=\"(max-width: 70px) 100vw, 70px\" \/><img decoding=\"async\" class=\"size-full wp-image-568\" src=\"https:\/\/fervalle.com\/wp-content\/uploads\/2022\/02\/fertirrigacion-logo.jpg\" alt=\"\" width=\"70\" height=\"70\" srcset=\"https:\/\/www.fervalle.com\/wp-content\/uploads\/2022\/02\/fertirrigacion-logo.jpg 70w, https:\/\/www.fervalle.com\/wp-content\/uploads\/2022\/02\/fertirrigacion-logo-64x64.jpg 64w\" sizes=\"(max-width: 70px) 100vw, 70px\" \/>  <img decoding=\"async\" class=\"alignnone size-full wp-image-569\" src=\"https:\/\/fervalle.com\/wp-content\/uploads\/2022\/02\/residuo-cero.jpg\" alt=\"\" width=\"70\" height=\"70\" srcset=\"https:\/\/www.fervalle.com\/wp-content\/uploads\/2022\/02\/residuo-cero.jpg 70w, https:\/\/www.fervalle.com\/wp-content\/uploads\/2022\/02\/residuo-cero-64x64.jpg 64w\" sizes=\"(max-width: 70px) 100vw, 70px\" \/><\/p>\n<p><span style=\"font-size: 12pt;\"><strong>AVANTAGES ET B\u00c9N\u00c9FICES :<\/strong><\/span><\/p>\n<ul>\n<li>Grande mobilit\u00e9 du calcium \u00e0 travers le phlo\u00e8me jusqu&rsquo;au fruit, favorisant son d\u00e9veloppement correct et sa conservation apr\u00e8s la r\u00e9colte.<\/li>\n<li>Excellent correcteur des carences en micronutriments.<\/li>\n<li>Il participe \u00e0 la division cellulaire, en renfor\u00e7ant la paroi cellulaire, pendant le processus de formation du fruit.<\/li>\n<\/ul>\n<p><b>POSOLOGIE ET MODE D&rsquo;EMPLOI :<\/b><\/p>\n<table width=\"779\">\n<tbody>\n<tr>\n<td width=\"154\"><strong>CULTIVE<\/strong><\/td>\n<td width=\"272\"><strong>TEMPS D&rsquo;APPLICATION<\/strong><\/td>\n<td width=\"195\"><strong>FOLIAIRE<\/strong><\/td>\n<td width=\"159\"><strong>FERTIGATION<\/strong><\/td>\n<\/tr>\n<tr>\n<td width=\"154\">arbres fruitiers<\/td>\n<td rowspan=\"5\" width=\"272\">Appliquer tout au long du cycle de culture<\/td>\n<td rowspan=\"5\" width=\"195\">2 &#8211; 3 litres\/1000 litres<\/td>\n<td rowspan=\"5\" width=\"159\">&nbsp;<\/p>\n<p>4 &#8211; 8 litres\/ha<\/p>\n<p>&nbsp;<\/td>\n<\/tr>\n<tr>\n<td width=\"154\">horticole<\/td>\n<\/tr>\n<tr>\n<td width=\"154\">olive<\/td>\n<\/tr>\n<tr>\n<td width=\"154\">Raisin de table et vigne<\/td>\n<\/tr>\n<tr>\n<td width=\"154\">agrumes<\/td>\n<\/tr>\n<\/tbody>\n<\/table>\n<p><span style=\"font-size: 12pt;\"><strong>Composition:<\/strong> calcium, azote, magn\u00e9sium, enrichi en bore, cuivre, fer, mangan\u00e8se, molybd\u00e8ne et zinc.<\/span><\/p>\n","protected":false},"featured_media":12170,"template":"","meta":[],"product_brand":[],"product_cat":[370],"product_tag":[783,787],"class_list":{"0":"post-4128","1":"product","2":"type-product","3":"status-publish","4":"has-post-thumbnail","6":"product_cat-star-line-fr","7":"product_tag-durabilite-post-recolte-accrue","8":"product_tag-multiplicateur-cellulaire","9":"pa_composicion-azote","10":"pa_composicion-bore","11":"pa_composicion-calcium-fr","12":"pa_composicion-cuivre","13":"pa_composicion-fer","14":"pa_composicion-magnesium-fr","15":"pa_composicion-manganese-fr","16":"pa_composicion-molybdene","17":"pa_composicion-zinc-fr","18":"pa_funcion-division-cellulaire","19":"pa_funcion-durabilite-post-recolte","20":"pa_funcion-multiplicateurs-cellulaires","22":"first","23":"instock","24":"shipping-taxable","25":"product-type-simple"},"jetpack_sharing_enabled":true,"_links":{"self":[{"href":"https:\/\/www.fervalle.com\/fr\/wp-json\/wp\/v2\/product\/4128","targetHints":{"allow":["GET"]}}],"collection":[{"href":"https:\/\/www.fervalle.com\/fr\/wp-json\/wp\/v2\/product"}],"about":[{"href":"https:\/\/www.fervalle.com\/fr\/wp-json\/wp\/v2\/types\/product"}],"version-history":[{"count":0,"href":"https:\/\/www.fervalle.com\/fr\/wp-json\/wp\/v2\/product\/4128\/revisions"}],"wp:featuredmedia":[{"embeddable":true,"href":"https:\/\/www.fervalle.com\/fr\/wp-json\/wp\/v2\/media\/12170"}],"wp:attachment":[{"href":"https:\/\/www.fervalle.com\/fr\/wp-json\/wp\/v2\/media?parent=4128"}],"wp:term":[{"taxonomy":"product_brand","embeddable":true,"href":"https:\/\/www.fervalle.com\/fr\/wp-json\/wp\/v2\/product_brand?post=4128"},{"taxonomy":"product_cat","embeddable":true,"href":"https:\/\/www.fervalle.com\/fr\/wp-json\/wp\/v2\/product_cat?post=4128"},{"taxonomy":"product_tag","embeddable":true,"href":"https:\/\/www.fervalle.com\/fr\/wp-json\/wp\/v2\/product_tag?post=4128"}],"curies":[{"name":"wp","href":"https:\/\/api.w.org\/{rel}","templated":true}]}}