{"id":4123,"date":"2022-02-16T15:26:24","date_gmt":"2022-02-16T15:26:24","guid":{"rendered":"https:\/\/www.fervalle.com\/gigant\/"},"modified":"2022-02-16T15:26:24","modified_gmt":"2022-02-16T15:26:24","slug":"gigant-2","status":"publish","type":"product","link":"https:\/\/www.fervalle.com\/fr\/produit\/gigant-2\/","title":{"rendered":"GIGANT\u00ae"},"content":{"rendered":"","protected":false},"excerpt":{"rendered":"<h2 style=\"text-align: justify;\">Excellent correcteur de carences pour am\u00e9liorer la croissance des cultures.<\/h2>\n<p style=\"text-align: justify;\"><strong>Engrais sous forme solide qui agit comme une source de bioactivation,<\/strong> apportant tous les macronutriments et micronutriments essentiels \u00e0 la croissance, au d\u00e9veloppement et \u00e0 la maturation du fruit. Il est utilis\u00e9 pour maintenir en permanence une concentration ad\u00e9quate de nutriments dans le sol.<\/p>\n<p><img decoding=\"async\" class=\"alignnone size-full wp-image-583\" src=\"https:\/\/fervalle.com\/wp-content\/uploads\/2022\/02\/FOLIAR-FERVALLE.jpg\" alt=\"\" width=\"70\" height=\"70\" srcset=\"https:\/\/www.fervalle.com\/wp-content\/uploads\/2022\/02\/FOLIAR-FERVALLE.jpg 70w, https:\/\/www.fervalle.com\/wp-content\/uploads\/2022\/02\/FOLIAR-FERVALLE-64x64.jpg 64w\" sizes=\"(max-width: 70px) 100vw, 70px\" \/><img decoding=\"async\" class=\"alignnone size-full wp-image-568\" src=\"https:\/\/fervalle.com\/wp-content\/uploads\/2022\/02\/fertirrigacion-logo.jpg\" alt=\"\" width=\"70\" height=\"70\" srcset=\"https:\/\/www.fervalle.com\/wp-content\/uploads\/2022\/02\/fertirrigacion-logo.jpg 70w, https:\/\/www.fervalle.com\/wp-content\/uploads\/2022\/02\/fertirrigacion-logo-64x64.jpg 64w\" sizes=\"(max-width: 70px) 100vw, 70px\" \/><img decoding=\"async\" class=\"alignnone size-full wp-image-681\" src=\"https:\/\/fervalle.com\/wp-content\/uploads\/2022\/02\/micronizado.jpg\" alt=\"\" width=\"70\" height=\"70\">  <img loading=\"lazy\" decoding=\"async\" class=\"alignnone size-full wp-image-569\" src=\"https:\/\/fervalle.com\/wp-content\/uploads\/2022\/02\/residuo-cero.jpg\" alt=\"\" width=\"70\" height=\"70\" srcset=\"https:\/\/www.fervalle.com\/wp-content\/uploads\/2022\/02\/residuo-cero.jpg 70w, https:\/\/www.fervalle.com\/wp-content\/uploads\/2022\/02\/residuo-cero-64x64.jpg 64w\" sizes=\"(max-width: 70px) 100vw, 70px\" \/><\/p>\n<p><span style=\"font-size: 12pt;\"><strong>AVANTAGES ET B\u00c9N\u00c9FICES :<\/strong><\/span><\/p>\n<ul>\n<li>Il favorise la formation des feuilles, l&rsquo;allongement des tiges, la floraison et la fructification.<\/li>\n<li>Il active le m\u00e9tabolisme de la plante en favorisant la production de mol\u00e9cules essentielles pendant le d\u00e9veloppement v\u00e9g\u00e9tatif.<\/li>\n<\/ul>\n<p><b>POSOLOGIE ET MODE D&rsquo;EMPLOI :<\/b><\/p>\n<table width=\"779\">\n<tbody>\n<tr>\n<td style=\"background-color: #353f48;\" width=\"154\"><span style=\"color: #ffffff;\"><strong>CULTIVE<\/strong><\/span><\/td>\n<td style=\"background-color: #353f48;\" width=\"272\"><span style=\"color: #ffffff;\"><strong>TEMPS D&rsquo;APPLICATION<\/strong><\/span><\/td>\n<td style=\"background-color: #353f48;\" width=\"195\"><span style=\"color: #ffffff;\"><strong>FOLIAIRE<\/strong><\/span><\/td>\n<td style=\"background-color: #353f48;\" width=\"159\"><span style=\"color: #ffffff;\"><strong>FERTIGATION<\/strong><\/span><\/td>\n<\/tr>\n<tr>\n<td width=\"154\">arbres fruitiers<\/td>\n<td rowspan=\"5\" width=\"272\">Appliquer tout au long du cycle de culture<\/td>\n<td rowspan=\"5\" width=\"195\">1,5 &#8211; 3 kilos\/1000 litres.<\/td>\n<td rowspan=\"5\" width=\"159\">&nbsp;<\/p>\n<p>2,5 &#8211; 5 kilos\/ha.<\/p>\n<p>&nbsp;<\/td>\n<\/tr>\n<tr>\n<td width=\"154\">horticole<\/td>\n<\/tr>\n<tr>\n<td width=\"154\">olive<\/td>\n<\/tr>\n<tr>\n<td width=\"154\">Raisin de table et vigne<\/td>\n<\/tr>\n<tr>\n<td width=\"154\">agrumes<\/td>\n<\/tr>\n<\/tbody>\n<\/table>\n<p><span style=\"font-size: 12pt;\"><strong>Composition:<\/strong> azote, phosphore, potassium, acides amin\u00e9s libres et enrichi en micro-\u00e9l\u00e9ments.<\/span><\/p>\n","protected":false},"featured_media":3176,"template":"","meta":[],"product_brand":[],"product_cat":[340],"product_tag":[740,786,814],"class_list":{"0":"post-4123","1":"product","2":"type-product","3":"status-publish","4":"has-post-thumbnail","6":"product_cat-ligne-verte","7":"product_tag-acides-amines","8":"product_tag-micronutrients-fr","9":"product_tag-tout-en-un-npk","10":"pa_composicion-acides-amines","11":"pa_composicion-azote","12":"pa_composicion-potassium-fr","13":"pa_composicion-rencontre","14":"pa_funcion-ameliorants-de-la-nouaison","15":"pa_funcion-engraissement","16":"pa_funcion-precurseurs-de-fruits","18":"first","19":"instock","20":"shipping-taxable","21":"product-type-simple"},"jetpack_sharing_enabled":true,"_links":{"self":[{"href":"https:\/\/www.fervalle.com\/fr\/wp-json\/wp\/v2\/product\/4123","targetHints":{"allow":["GET"]}}],"collection":[{"href":"https:\/\/www.fervalle.com\/fr\/wp-json\/wp\/v2\/product"}],"about":[{"href":"https:\/\/www.fervalle.com\/fr\/wp-json\/wp\/v2\/types\/product"}],"version-history":[{"count":0,"href":"https:\/\/www.fervalle.com\/fr\/wp-json\/wp\/v2\/product\/4123\/revisions"}],"wp:featuredmedia":[{"embeddable":true,"href":"https:\/\/www.fervalle.com\/fr\/wp-json\/wp\/v2\/media\/3176"}],"wp:attachment":[{"href":"https:\/\/www.fervalle.com\/fr\/wp-json\/wp\/v2\/media?parent=4123"}],"wp:term":[{"taxonomy":"product_brand","embeddable":true,"href":"https:\/\/www.fervalle.com\/fr\/wp-json\/wp\/v2\/product_brand?post=4123"},{"taxonomy":"product_cat","embeddable":true,"href":"https:\/\/www.fervalle.com\/fr\/wp-json\/wp\/v2\/product_cat?post=4123"},{"taxonomy":"product_tag","embeddable":true,"href":"https:\/\/www.fervalle.com\/fr\/wp-json\/wp\/v2\/product_tag?post=4123"}],"curies":[{"name":"wp","href":"https:\/\/api.w.org\/{rel}","templated":true}]}}