{"id":4118,"date":"2022-02-16T16:08:05","date_gmt":"2022-02-16T16:08:05","guid":{"rendered":"https:\/\/www.fervalle.com\/maxamin\/"},"modified":"2022-02-16T16:08:05","modified_gmt":"2022-02-16T16:08:05","slug":"maxamin-2","status":"publish","type":"product","link":"https:\/\/www.fervalle.com\/fr\/produit\/maxamin-2\/","title":{"rendered":"MAXAMIN\u00ae"},"content":{"rendered":"","protected":false},"excerpt":{"rendered":"<h2 style=\"text-align: justify;\">Formulation liquide avec des acides amin\u00e9s qui favorise le d\u00e9veloppement et la croissance v\u00e9g\u00e9tative.<\/h2>\n<p style=\"text-align: justify;\"><strong>Formulation liquide avec 13% d&rsquo;acides amin\u00e9s libres issus d&rsquo;hydrolysat de prot\u00e9ines.<\/strong> L&rsquo;application foliaire ou de fertigation implique l&rsquo;apport direct d&rsquo;une source d&rsquo;acides amin\u00e9s pour la synth\u00e8se des prot\u00e9ines, \u00e9vitant \u00e0 la plante d&rsquo;avoir \u00e0 d\u00e9penser de l&rsquo;\u00e9nergie pour leur synth\u00e8se. Le m\u00e9tabolisme des acides amin\u00e9s implique un apport direct d&rsquo;azote organique aux organes en croissance de la plante. De plus, les acides amin\u00e9s agissent comme agents complexants pour les macronutriments et micronutriments essentiels pour la plante.<\/p>\n<p><img decoding=\"async\" class=\"alignnone size-full wp-image-583\" src=\"https:\/\/fervalle.com\/wp-content\/uploads\/2022\/02\/FOLIAR-FERVALLE.jpg\" alt=\"\" width=\"70\" height=\"70\" srcset=\"https:\/\/www.fervalle.com\/wp-content\/uploads\/2022\/02\/FOLIAR-FERVALLE.jpg 70w, https:\/\/www.fervalle.com\/wp-content\/uploads\/2022\/02\/FOLIAR-FERVALLE-64x64.jpg 64w\" sizes=\"(max-width: 70px) 100vw, 70px\" \/><img decoding=\"async\" class=\"alignnone size-full wp-image-568\" src=\"https:\/\/fervalle.com\/wp-content\/uploads\/2022\/02\/fertirrigacion-logo.jpg\" alt=\"\" width=\"70\" height=\"70\" srcset=\"https:\/\/www.fervalle.com\/wp-content\/uploads\/2022\/02\/fertirrigacion-logo.jpg 70w, https:\/\/www.fervalle.com\/wp-content\/uploads\/2022\/02\/fertirrigacion-logo-64x64.jpg 64w\" sizes=\"(max-width: 70px) 100vw, 70px\" \/>  <img decoding=\"async\" class=\"alignnone size-full wp-image-569\" src=\"https:\/\/fervalle.com\/wp-content\/uploads\/2022\/02\/residuo-cero.jpg\" alt=\"\" width=\"70\" height=\"70\" srcset=\"https:\/\/www.fervalle.com\/wp-content\/uploads\/2022\/02\/residuo-cero.jpg 70w, https:\/\/www.fervalle.com\/wp-content\/uploads\/2022\/02\/residuo-cero-64x64.jpg 64w\" sizes=\"(max-width: 70px) 100vw, 70px\" \/><\/p>\n<p><span style=\"font-size: 12pt;\"><strong>AVANTAGES ET B\u00c9N\u00c9FICES :<\/strong><\/span><\/p>\n<ul>\n<li>Il diminue la d\u00e9pense \u00e9nerg\u00e9tique de la plante et augmente sa r\u00e9sistance aux stress climatiques.<\/li>\n<li>Il augmente l&rsquo;apport d&rsquo;azote organique impliqu\u00e9 dans le d\u00e9veloppement et la croissance v\u00e9g\u00e9tative.<\/li>\n<li>Il augmente l&rsquo;absorption et la translocation des nutriments \u00e0 travers la racine.<\/li>\n<\/ul>\n<p><b>POSOLOGIE ET MODE D&rsquo;EMPLOI :<\/b><\/p>\n<table width=\"779\">\n<tbody>\n<tr>\n<td style=\"background-color: #353944;\" width=\"154\"><span style=\"color: #ffffff;\"><strong>CULTIVE<\/strong><\/span><\/td>\n<td style=\"background-color: #353944;\" width=\"272\"><span style=\"color: #ffffff;\"><strong>TEMPS D&rsquo;APPLICATION<\/strong><\/span><\/td>\n<td style=\"background-color: #353944;\" width=\"195\"><span style=\"color: #ffffff;\"><strong>FOLIAIRE<\/strong><\/span><\/td>\n<td style=\"background-color: #353944;\" width=\"159\"><span style=\"color: #ffffff;\"><strong>FERTIGATION<\/strong><\/span><\/td>\n<\/tr>\n<tr>\n<td width=\"154\">arbres fruitiers<\/td>\n<td width=\"272\">Au d\u00e9but de la floraison, au d\u00e9but de la nouaison et jusqu&rsquo;\u00e0 la maturation du fruit<\/td>\n<td rowspan=\"5\" width=\"195\">2,5 &#8211; 5 litres\/1000 litres. Faire plusieurs applications tous les 8 \u00e0 12 jours<\/td>\n<td rowspan=\"5\" width=\"159\">&nbsp;<\/p>\n<p>15 &#8211; 20 litres\/ha. Faire plusieurs applications tous les 7 \u00e0 10 jours<\/p>\n<p>&nbsp;<\/td>\n<\/tr>\n<tr>\n<td width=\"154\">horticole<\/td>\n<td width=\"272\">De la greffe \u00e0 la fin du cycle de culture<\/td>\n<\/tr>\n<tr>\n<td width=\"154\">olive<\/td>\n<td width=\"272\">Du d\u00e9but du bourgeonnement \u00e0 la floraison et \u00e0 la nouaison<\/td>\n<\/tr>\n<tr>\n<td width=\"154\">Raisin de table et vigne<\/td>\n<td width=\"272\">De l&rsquo;apparition des boutons floraux \u00e0 la nouaison<\/td>\n<\/tr>\n<tr>\n<td width=\"154\">agrumes<\/td>\n<td width=\"272\">D\u00e8s la germination et pendant le processus de formation des fruits<\/td>\n<\/tr>\n<\/tbody>\n<\/table>\n<p><span style=\"font-size: 12pt;\"><strong>Composition:<\/strong> Acides amin\u00e9s.<\/span><\/p>\n","protected":false},"featured_media":3304,"template":"","meta":[],"product_brand":[],"product_cat":[340],"product_tag":[803],"class_list":{"0":"post-4118","1":"product","2":"type-product","3":"status-publish","4":"has-post-thumbnail","6":"product_cat-ligne-verte","7":"product_tag-puissant-biostimulant-a-base-dacides-amines","8":"pa_composicion-acides-amines","9":"pa_funcion-biostimulants-fr","10":"pa_funcion-energisers","11":"pa_funcion-engraissement","12":"pa_funcion-stimulant-vegetatif","14":"first","15":"instock","16":"shipping-taxable","17":"product-type-simple"},"jetpack_sharing_enabled":true,"_links":{"self":[{"href":"https:\/\/www.fervalle.com\/fr\/wp-json\/wp\/v2\/product\/4118","targetHints":{"allow":["GET"]}}],"collection":[{"href":"https:\/\/www.fervalle.com\/fr\/wp-json\/wp\/v2\/product"}],"about":[{"href":"https:\/\/www.fervalle.com\/fr\/wp-json\/wp\/v2\/types\/product"}],"version-history":[{"count":0,"href":"https:\/\/www.fervalle.com\/fr\/wp-json\/wp\/v2\/product\/4118\/revisions"}],"wp:featuredmedia":[{"embeddable":true,"href":"https:\/\/www.fervalle.com\/fr\/wp-json\/wp\/v2\/media\/3304"}],"wp:attachment":[{"href":"https:\/\/www.fervalle.com\/fr\/wp-json\/wp\/v2\/media?parent=4118"}],"wp:term":[{"taxonomy":"product_brand","embeddable":true,"href":"https:\/\/www.fervalle.com\/fr\/wp-json\/wp\/v2\/product_brand?post=4118"},{"taxonomy":"product_cat","embeddable":true,"href":"https:\/\/www.fervalle.com\/fr\/wp-json\/wp\/v2\/product_cat?post=4118"},{"taxonomy":"product_tag","embeddable":true,"href":"https:\/\/www.fervalle.com\/fr\/wp-json\/wp\/v2\/product_tag?post=4118"}],"curies":[{"name":"wp","href":"https:\/\/api.w.org\/{rel}","templated":true}]}}