{"id":4113,"date":"2022-02-16T16:31:59","date_gmt":"2022-02-16T16:31:59","guid":{"rendered":"https:\/\/www.fervalle.com\/pomax\/"},"modified":"2022-02-16T16:31:59","modified_gmt":"2022-02-16T16:31:59","slug":"pomax-2","status":"publish","type":"product","link":"https:\/\/www.fervalle.com\/fr\/produit\/pomax-2\/","title":{"rendered":"POMAX\u00ae"},"content":{"rendered":"","protected":false},"excerpt":{"rendered":"<h2>Il augmente la couleur et la teneur en sucre du fruit.<\/h2>\n<p style=\"text-align: justify;\"><strong>Formulation de potassium avec de l&rsquo;azote qui permet l&rsquo;absorption et la translocation rapides du potassium pour am\u00e9liorer la synth\u00e8se des sucres et des pigments du fruit dans les derni\u00e8res \u00e9tapes de la maturation.<\/strong> Le potassium est \u00e9galement un activateur de la synth\u00e8se des prot\u00e9ines impliqu\u00e9es dans la photosynth\u00e8se et participe au maintien de la turgescence des tissus v\u00e9g\u00e9taux.<\/p>\n<p><img decoding=\"async\" class=\"alignnone size-full wp-image-583\" src=\"https:\/\/fervalle.com\/wp-content\/uploads\/2022\/02\/FOLIAR-FERVALLE.jpg\" alt=\"\" width=\"70\" height=\"70\" srcset=\"https:\/\/www.fervalle.com\/wp-content\/uploads\/2022\/02\/FOLIAR-FERVALLE.jpg 70w, https:\/\/www.fervalle.com\/wp-content\/uploads\/2022\/02\/FOLIAR-FERVALLE-64x64.jpg 64w\" sizes=\"(max-width: 70px) 100vw, 70px\" \/><img decoding=\"async\" class=\"alignnone size-full wp-image-568\" src=\"https:\/\/fervalle.com\/wp-content\/uploads\/2022\/02\/fertirrigacion-logo.jpg\" alt=\"\" width=\"70\" height=\"70\" srcset=\"https:\/\/www.fervalle.com\/wp-content\/uploads\/2022\/02\/fertirrigacion-logo.jpg 70w, https:\/\/www.fervalle.com\/wp-content\/uploads\/2022\/02\/fertirrigacion-logo-64x64.jpg 64w\" sizes=\"(max-width: 70px) 100vw, 70px\" \/>  <img decoding=\"async\" class=\"alignnone size-full wp-image-569\" src=\"https:\/\/fervalle.com\/wp-content\/uploads\/2022\/02\/residuo-cero.jpg\" alt=\"\" width=\"70\" height=\"70\" srcset=\"https:\/\/www.fervalle.com\/wp-content\/uploads\/2022\/02\/residuo-cero.jpg 70w, https:\/\/www.fervalle.com\/wp-content\/uploads\/2022\/02\/residuo-cero-64x64.jpg 64w\" sizes=\"(max-width: 70px) 100vw, 70px\" \/><\/p>\n<p><span style=\"font-size: 12pt;\"><strong>AVANTAGES ET B\u00c9N\u00c9FICES :<\/strong><\/span><\/p>\n<ul>\n<li>Il augmente la couleur et la teneur en sucre du produit.<\/li>\n<li>L&rsquo;apport d&rsquo;azote intervient dans le d\u00e9veloppement et la croissance v\u00e9g\u00e9tative.<\/li>\n<li>Le pH l\u00e9g\u00e8rement acide augmente l&rsquo;absorption et la translocation des nutriments \u00e0 travers la racine.<\/li>\n<\/ul>\n<p><b>POSOLOGIE ET MODE D&rsquo;EMPLOI :<\/b><\/p>\n<table width=\"779\">\n<tbody>\n<tr>\n<td style=\"border-color: #353944; background-color: #353944;\" width=\"154\"><span style=\"color: #ffffff;\"><strong>CULTIVE<\/strong><\/span><\/td>\n<td style=\"border-color: #353944; background-color: #353944;\" width=\"272\"><span style=\"color: #ffffff;\"><strong>TEMPS D&rsquo;APPLICATION<\/strong><\/span><\/td>\n<td style=\"border-color: #353944; background-color: #353944;\" width=\"195\"><span style=\"color: #ffffff;\"><strong>FOLIAIRE<\/strong><\/span><\/td>\n<td style=\"border-color: #353944; background-color: #353944;\" width=\"159\"><span style=\"color: #ffffff;\"><strong>FERTIGATION<\/strong><\/span><\/td>\n<\/tr>\n<tr>\n<td width=\"154\">arbres fruitiers<\/td>\n<td width=\"272\">Au d\u00e9but de la nouaison et jusqu&rsquo;\u00e0 la maturation des fruits<\/td>\n<td rowspan=\"5\" width=\"195\">2,5 &#8211; 4 litres\/1000 litres.<\/td>\n<td rowspan=\"5\" width=\"159\">&nbsp;<\/p>\n<p>4 &#8211; 8 litres\/ha.<\/p>\n<p>&nbsp;<\/td>\n<\/tr>\n<tr>\n<td width=\"154\">horticole<\/td>\n<td width=\"272\">D\u00e8s le d\u00e9but de l&rsquo;engraissement des fruits<\/td>\n<\/tr>\n<tr>\n<td width=\"154\">olive<\/td>\n<td width=\"272\">D\u00e8s le d\u00e9but de la floraison et de la nouaison<\/td>\n<\/tr>\n<tr>\n<td width=\"154\">Raisin de table et vigne<\/td>\n<td width=\"272\">Du processus de maturation des fruits<\/td>\n<\/tr>\n<tr>\n<td width=\"154\">agrumes<\/td>\n<td width=\"272\">Au d\u00e9but de la nouaison et jusqu&rsquo;au d\u00e9but du changement de couleur du fruit<\/td>\n<\/tr>\n<\/tbody>\n<\/table>\n<p><strong style=\"font-size: 12pt;\">Composition:<\/strong><span style=\"font-size: 12pt;\">azote et potassium<\/span><span style=\"font-size: 12pt;\">.<\/span><\/p>\n","protected":false},"featured_media":3300,"template":"","meta":[],"product_brand":[],"product_cat":[340],"product_tag":[789],"class_list":{"0":"post-4113","1":"product","2":"type-product","3":"status-publish","4":"has-post-thumbnail","6":"product_cat-ligne-verte","7":"product_tag-np-potassium-azote","8":"pa_composicion-azote","9":"pa_composicion-potassium-fr","10":"pa_funcion-augmentation-du-degre-brix","11":"pa_funcion-renforceurs-de-couleur","13":"first","14":"instock","15":"shipping-taxable","16":"product-type-simple"},"jetpack_sharing_enabled":true,"_links":{"self":[{"href":"https:\/\/www.fervalle.com\/fr\/wp-json\/wp\/v2\/product\/4113","targetHints":{"allow":["GET"]}}],"collection":[{"href":"https:\/\/www.fervalle.com\/fr\/wp-json\/wp\/v2\/product"}],"about":[{"href":"https:\/\/www.fervalle.com\/fr\/wp-json\/wp\/v2\/types\/product"}],"version-history":[{"count":0,"href":"https:\/\/www.fervalle.com\/fr\/wp-json\/wp\/v2\/product\/4113\/revisions"}],"wp:featuredmedia":[{"embeddable":true,"href":"https:\/\/www.fervalle.com\/fr\/wp-json\/wp\/v2\/media\/3300"}],"wp:attachment":[{"href":"https:\/\/www.fervalle.com\/fr\/wp-json\/wp\/v2\/media?parent=4113"}],"wp:term":[{"taxonomy":"product_brand","embeddable":true,"href":"https:\/\/www.fervalle.com\/fr\/wp-json\/wp\/v2\/product_brand?post=4113"},{"taxonomy":"product_cat","embeddable":true,"href":"https:\/\/www.fervalle.com\/fr\/wp-json\/wp\/v2\/product_cat?post=4113"},{"taxonomy":"product_tag","embeddable":true,"href":"https:\/\/www.fervalle.com\/fr\/wp-json\/wp\/v2\/product_tag?post=4113"}],"curies":[{"name":"wp","href":"https:\/\/api.w.org\/{rel}","templated":true}]}}