{"id":4105,"date":"2022-02-17T09:15:11","date_gmt":"2022-02-17T09:15:11","guid":{"rendered":"https:\/\/www.fervalle.com\/sylcaprot-2\/"},"modified":"2022-04-05T11:15:48","modified_gmt":"2022-04-05T11:15:48","slug":"sylcaprot","status":"publish","type":"product","link":"https:\/\/www.fervalle.com\/fr\/produit\/sylcaprot\/","title":{"rendered":"SYLCAPROT\u00ae"},"content":{"rendered":"","protected":false},"excerpt":{"rendered":"<h2 style=\"text-align: justify;\">Teneur \u00e9lev\u00e9e en calcium. Il favorise le d\u00e9veloppement et la croissance v\u00e9g\u00e9tative.<\/h2>\n<p style=\"text-align: justify;\"><strong>M\u00e9lange solide de calcium et de magn\u00e9sium enrichi en fer et en zinc, efficace pour la pr\u00e9vention et la correction des carences de ces nutriments secondaires.<\/strong> Le calcium et le magn\u00e9sium sont essentiellement importants, car ils sont impliqu\u00e9s dans la formation, la division et le durcissement des parois cellulaires. Ce produit augmente la tol\u00e9rance de la plante aux changements brusques de temp\u00e9rature et d&rsquo;humidit\u00e9, en maintenant la turgescence des tissus, \u00e9vitant ainsi la perte d&rsquo;eau et le fl\u00e9trissement de la plante.<\/p>\n<p><img decoding=\"async\" class=\"alignnone size-full wp-image-583\" src=\"https:\/\/fervalle.com\/wp-content\/uploads\/2022\/02\/FOLIAR-FERVALLE.jpg\" alt=\"\" width=\"70\" height=\"70\" srcset=\"https:\/\/www.fervalle.com\/wp-content\/uploads\/2022\/02\/FOLIAR-FERVALLE.jpg 70w, https:\/\/www.fervalle.com\/wp-content\/uploads\/2022\/02\/FOLIAR-FERVALLE-64x64.jpg 64w\" sizes=\"(max-width: 70px) 100vw, 70px\" \/><img decoding=\"async\" class=\"alignnone size-full wp-image-568\" src=\"https:\/\/fervalle.com\/wp-content\/uploads\/2022\/02\/fertirrigacion-logo.jpg\" alt=\"\" width=\"70\" height=\"70\" srcset=\"https:\/\/www.fervalle.com\/wp-content\/uploads\/2022\/02\/fertirrigacion-logo.jpg 70w, https:\/\/www.fervalle.com\/wp-content\/uploads\/2022\/02\/fertirrigacion-logo-64x64.jpg 64w\" sizes=\"(max-width: 70px) 100vw, 70px\" \/><img decoding=\"async\" class=\"alignnone size-full wp-image-681\" src=\"https:\/\/fervalle.com\/wp-content\/uploads\/2022\/02\/micronizado.jpg\" alt=\"\" width=\"70\" height=\"70\"><span style=\"font-size: inherit;\"> <\/span><img loading=\"lazy\" decoding=\"async\" class=\"alignnone size-full wp-image-569\" style=\"font-size: inherit;\" src=\"https:\/\/fervalle.com\/wp-content\/uploads\/2022\/02\/residuo-cero.jpg\" alt=\"\" width=\"70\" height=\"70\" srcset=\"https:\/\/www.fervalle.com\/wp-content\/uploads\/2022\/02\/residuo-cero.jpg 70w, https:\/\/www.fervalle.com\/wp-content\/uploads\/2022\/02\/residuo-cero-64x64.jpg 64w\" sizes=\"(max-width: 70px) 100vw, 70px\" \/><\/p>\n<p><span style=\"font-size: 12pt;\"><strong>AVANTAGES ET B\u00c9N\u00c9FICES :<\/strong><\/span><\/p>\n<ul>\n<li>Dans la feuille, le calcium et le magn\u00e9sium agissent sur les prot\u00e9ines impliqu\u00e9es dans la capture du dioxyde de carbone atmosph\u00e9rique.<\/li>\n<li>Ils favorisent la photosynth\u00e8se.<\/li>\n<li>Il augmente la turgescence des tissus v\u00e9g\u00e9taux.<\/li>\n<\/ul>\n<p><b>POSOLOGIE ET MODE D&rsquo;EMPLOI :<\/b><\/p>\n<table width=\"620\">\n<tbody>\n<tr>\n<td style=\"background-color: #232230;\" width=\"154\"><span style=\"color: #ffffff;\"><strong>CULTIVE<\/strong><\/span><\/td>\n<td style=\"background-color: #232230;\" width=\"272\"><span style=\"color: #ffffff;\"><strong>TEMPS D&rsquo;APPLICATION<\/strong><\/span><\/td>\n<td style=\"background-color: #232230;\" width=\"195\"><span style=\"color: #ffffff;\"><strong>FOLIAIRE<\/strong><\/span><\/td>\n<\/tr>\n<tr>\n<td width=\"154\">Arbres fruitiers<\/td>\n<td width=\"272\">D\u00e8s la floraison, apr\u00e8s la chute des p\u00e9tales et \u00e0 la nouaison du fruit<\/td>\n<td rowspan=\"5\" width=\"195\">4 &#8211; 5 kilos\/1000 litres.<\/td>\n<\/tr>\n<tr>\n<td width=\"154\">Horticole<\/td>\n<td width=\"272\">D\u00e8s la greffe et pendant le cycle v\u00e9g\u00e9tatif<\/td>\n<\/tr>\n<tr>\n<td width=\"154\">Olive<\/td>\n<td width=\"272\">D\u00e8s le d\u00e9but du d\u00e9bourrement, pendant la pr\u00e9floraison et la nouaison<\/td>\n<\/tr>\n<tr>\n<td width=\"154\">Raisin de table et vigne<\/td>\n<td width=\"272\">Appliquer pendant la pr\u00e9floraison et la nouaison<\/td>\n<\/tr>\n<tr>\n<td width=\"154\">Agrumes<\/td>\n<td width=\"272\">Pendant le bourgeonnement et l&rsquo;engraissement du fruit<\/td>\n<\/tr>\n<\/tbody>\n<\/table>\n<p><span style=\"font-size: 12pt;\"><strong>Composition:<\/strong> calcium, magn\u00e9sium<span style=\"font-size: 8pt;\"><span style=\"font-size: 12pt;\">,<\/span><\/span> potassium et fer.<\/span><\/p>\n","protected":false},"featured_media":20783,"template":"","meta":[],"product_brand":[],"product_cat":[406],"product_tag":[777],"class_list":{"0":"post-4105","1":"product","2":"type-product","3":"status-publish","4":"has-post-thumbnail","6":"product_cat-blue-line-fr","7":"product_tag-inducteur-de-defense","8":"pa_composicion-calcium-fr","9":"pa_composicion-fer","10":"pa_composicion-magnesium-fr","11":"pa_composicion-potassium-fr","12":"pa_funcion-inducteurs-de-defense","13":"pa_funcion-renforceurs-dautodefense","15":"first","16":"instock","17":"shipping-taxable","18":"product-type-simple"},"jetpack_sharing_enabled":true,"_links":{"self":[{"href":"https:\/\/www.fervalle.com\/fr\/wp-json\/wp\/v2\/product\/4105","targetHints":{"allow":["GET"]}}],"collection":[{"href":"https:\/\/www.fervalle.com\/fr\/wp-json\/wp\/v2\/product"}],"about":[{"href":"https:\/\/www.fervalle.com\/fr\/wp-json\/wp\/v2\/types\/product"}],"version-history":[{"count":1,"href":"https:\/\/www.fervalle.com\/fr\/wp-json\/wp\/v2\/product\/4105\/revisions"}],"predecessor-version":[{"id":4242,"href":"https:\/\/www.fervalle.com\/fr\/wp-json\/wp\/v2\/product\/4105\/revisions\/4242"}],"wp:featuredmedia":[{"embeddable":true,"href":"https:\/\/www.fervalle.com\/fr\/wp-json\/wp\/v2\/media\/20783"}],"wp:attachment":[{"href":"https:\/\/www.fervalle.com\/fr\/wp-json\/wp\/v2\/media?parent=4105"}],"wp:term":[{"taxonomy":"product_brand","embeddable":true,"href":"https:\/\/www.fervalle.com\/fr\/wp-json\/wp\/v2\/product_brand?post=4105"},{"taxonomy":"product_cat","embeddable":true,"href":"https:\/\/www.fervalle.com\/fr\/wp-json\/wp\/v2\/product_cat?post=4105"},{"taxonomy":"product_tag","embeddable":true,"href":"https:\/\/www.fervalle.com\/fr\/wp-json\/wp\/v2\/product_tag?post=4105"}],"curies":[{"name":"wp","href":"https:\/\/api.w.org\/{rel}","templated":true}]}}