{"id":4098,"date":"2022-02-17T10:08:45","date_gmt":"2022-02-17T10:08:45","guid":{"rendered":"https:\/\/www.fervalle.com\/nitrux-2\/"},"modified":"2022-04-05T10:54:16","modified_gmt":"2022-04-05T10:54:16","slug":"nitrux","status":"publish","type":"product","link":"https:\/\/www.fervalle.com\/fr\/produit\/nitrux\/","title":{"rendered":"NITRUX\u00ae"},"content":{"rendered":"","protected":false},"excerpt":{"rendered":"<h2 style=\"text-align: justify;\">Azote \u00e0 forte capacit\u00e9 d&rsquo;absorption pendant la phase de croissance de la plante.<\/h2>\n<p style=\"text-align: justify;\"><strong>Formulation liquide \u00e0 haute teneur en azote d\u00e9riv\u00e9e de l&rsquo;ur\u00e9e-formald\u00e9hyde, particuli\u00e8rement adapt\u00e9e \u00e0 l&rsquo;application foliaire sur les cultures.<\/strong> Son application fournit une quantit\u00e9 d&rsquo;azote qui est rapidement incorpor\u00e9e \u00e0 la plante pendant la phase de croissance, et un autre pourcentage de lib\u00e9ration contr\u00f4l\u00e9e qui est absorb\u00e9 par la plante en fonction de ses besoins nutritionnels. Sa grande stabilit\u00e9 l&#8217;emp\u00eache de se perdre par lixiviation ou volatilisation.<\/p>\n<p><img decoding=\"async\" class=\"alignnone size-full wp-image-583\" src=\"https:\/\/fervalle.com\/wp-content\/uploads\/2022\/02\/FOLIAR-FERVALLE.jpg\" alt=\"\" width=\"70\" height=\"70\" srcset=\"https:\/\/www.fervalle.com\/wp-content\/uploads\/2022\/02\/FOLIAR-FERVALLE.jpg 70w, https:\/\/www.fervalle.com\/wp-content\/uploads\/2022\/02\/FOLIAR-FERVALLE-64x64.jpg 64w\" sizes=\"(max-width: 70px) 100vw, 70px\" \/><img decoding=\"async\" class=\"alignnone size-full wp-image-568\" src=\"https:\/\/fervalle.com\/wp-content\/uploads\/2022\/02\/fertirrigacion-logo.jpg\" alt=\"\" width=\"70\" height=\"70\" srcset=\"https:\/\/www.fervalle.com\/wp-content\/uploads\/2022\/02\/fertirrigacion-logo.jpg 70w, https:\/\/www.fervalle.com\/wp-content\/uploads\/2022\/02\/fertirrigacion-logo-64x64.jpg 64w\" sizes=\"(max-width: 70px) 100vw, 70px\" \/>  <img decoding=\"async\" class=\"alignnone size-full wp-image-569\" src=\"https:\/\/fervalle.com\/wp-content\/uploads\/2022\/02\/residuo-cero.jpg\" alt=\"\" width=\"70\" height=\"70\" srcset=\"https:\/\/www.fervalle.com\/wp-content\/uploads\/2022\/02\/residuo-cero.jpg 70w, https:\/\/www.fervalle.com\/wp-content\/uploads\/2022\/02\/residuo-cero-64x64.jpg 64w\" sizes=\"(max-width: 70px) 100vw, 70px\" \/><\/p>\n<p><span style=\"font-size: 12pt;\"><strong>AVANTAGES ET B\u00c9N\u00c9FICES :<\/strong><\/span><\/p>\n<ul>\n<li>L&rsquo;azote ur\u00e9ique est rapidement absorb\u00e9 par les racines, agissant comme une source directe d&rsquo;azote n\u00e9cessaire \u00e0 la croissance et au d\u00e9veloppement des plantes.<\/li>\n<li>L&rsquo;azote ur\u00e9e-formald\u00e9hyde reste stable dans le sol sans \u00eatre perdu par lessivage.<\/li>\n<li>Avec l&rsquo;augmentation de la temp\u00e9rature du sol et l&rsquo;action des micro-organismes b\u00e9n\u00e9fiques, il se d\u00e9composera progressivement, servant de source directe d&rsquo;\u00e9nergie pour la plante.<\/li>\n<\/ul>\n<p><b>POSOLOGIE ET MODE D&rsquo;EMPLOI :<\/b><\/p>\n<table width=\"708\">\n<tbody>\n<tr>\n<td style=\"background-color: #353f48;\" width=\"142\"><span style=\"color: #ffffff;\"><strong>CULTIVE<\/strong><\/span><\/td>\n<td style=\"background-color: #353f48;\" width=\"189\"><span style=\"color: #ffffff;\"><strong>TEMPS D&rsquo;APPLICATION<\/strong><\/span><\/td>\n<td style=\"background-color: #353f48;\" width=\"188\"><span style=\"color: #ffffff;\"><strong>FOLIAIRE<\/strong><\/span><\/td>\n<td style=\"background-color: #353f48;\" width=\"189\"><span style=\"color: #ffffff;\"><strong>FERTIGATION<\/strong><\/span><\/td>\n<\/tr>\n<tr>\n<td width=\"142\">Arbres fruitiers<\/td>\n<td rowspan=\"6\" width=\"189\">Tout au long du cycle de culture<\/td>\n<td rowspan=\"5\" width=\"188\">5 &#8211; 10 litres\/1000 litres.<\/td>\n<td rowspan=\"5\" width=\"189\">&nbsp;<\/p>\n<p>25 &#8211; 50 litres\/ha<\/p>\n<p>&nbsp;<\/td>\n<\/tr>\n<tr>\n<td width=\"142\">Horticole<\/td>\n<\/tr>\n<tr>\n<td width=\"142\">Olive<\/td>\n<\/tr>\n<tr>\n<td width=\"142\">Raisin de table et vigne<\/td>\n<\/tr>\n<tr>\n<td width=\"142\">Agrumes<\/td>\n<\/tr>\n<tr>\n<td width=\"142\">Herbe<\/td>\n<td width=\"188\">75 &#8211; 100 litres\/ha.<\/td>\n<td width=\"189\"><\/td>\n<\/tr>\n<\/tbody>\n<\/table>\n<p><span style=\"font-size: 12pt;\"><strong>Composition:<\/strong> azote.<\/span><\/p>\n","protected":false},"featured_media":12153,"template":"","meta":[],"product_brand":[],"product_cat":[370],"product_tag":[792,819],"class_list":{"0":"post-4098","1":"product","2":"type-product","3":"status-publish","4":"has-post-thumbnail","6":"product_cat-star-line-fr","7":"product_tag-azote-formaldehyde","8":"product_tag-graduel-et-progressif","9":"pa_composicion-azote","10":"pa_funcion-ameliorants-engrais-npk","11":"pa_funcion-energisers","13":"first","14":"instock","15":"shipping-taxable","16":"product-type-simple"},"jetpack_sharing_enabled":true,"_links":{"self":[{"href":"https:\/\/www.fervalle.com\/fr\/wp-json\/wp\/v2\/product\/4098","targetHints":{"allow":["GET"]}}],"collection":[{"href":"https:\/\/www.fervalle.com\/fr\/wp-json\/wp\/v2\/product"}],"about":[{"href":"https:\/\/www.fervalle.com\/fr\/wp-json\/wp\/v2\/types\/product"}],"version-history":[{"count":2,"href":"https:\/\/www.fervalle.com\/fr\/wp-json\/wp\/v2\/product\/4098\/revisions"}],"predecessor-version":[{"id":4233,"href":"https:\/\/www.fervalle.com\/fr\/wp-json\/wp\/v2\/product\/4098\/revisions\/4233"}],"wp:featuredmedia":[{"embeddable":true,"href":"https:\/\/www.fervalle.com\/fr\/wp-json\/wp\/v2\/media\/12153"}],"wp:attachment":[{"href":"https:\/\/www.fervalle.com\/fr\/wp-json\/wp\/v2\/media?parent=4098"}],"wp:term":[{"taxonomy":"product_brand","embeddable":true,"href":"https:\/\/www.fervalle.com\/fr\/wp-json\/wp\/v2\/product_brand?post=4098"},{"taxonomy":"product_cat","embeddable":true,"href":"https:\/\/www.fervalle.com\/fr\/wp-json\/wp\/v2\/product_cat?post=4098"},{"taxonomy":"product_tag","embeddable":true,"href":"https:\/\/www.fervalle.com\/fr\/wp-json\/wp\/v2\/product_tag?post=4098"}],"curies":[{"name":"wp","href":"https:\/\/api.w.org\/{rel}","templated":true}]}}