{"id":4096,"date":"2022-02-17T10:16:51","date_gmt":"2022-02-17T10:16:51","guid":{"rendered":"https:\/\/www.fervalle.com\/redmax-2\/"},"modified":"2022-04-05T10:50:07","modified_gmt":"2022-04-05T10:50:07","slug":"redmax","status":"publish","type":"product","link":"https:\/\/www.fervalle.com\/fr\/produit\/redmax\/","title":{"rendered":"REDMAX\u00ae"},"content":{"rendered":"","protected":false},"excerpt":{"rendered":"<h2 style=\"text-align: justify;\">Favorise l&rsquo;uniformit\u00e9 du changement de couleur des fruits au cours du processus de maturation.<\/h2>\n<p style=\"text-align: justify;\">Formulaci\u00f3n exclusiva desarrollada para favorecer que el cambio de color sea totalmente uniforme durante el proceso de maduraci\u00f3n de la fruta.<\/p>\n<p><img decoding=\"async\" class=\"alignnone size-full wp-image-583\" src=\"https:\/\/fervalle.com\/wp-content\/uploads\/2022\/02\/FOLIAR-FERVALLE.jpg\" alt=\"\" width=\"70\" height=\"70\" srcset=\"https:\/\/www.fervalle.com\/wp-content\/uploads\/2022\/02\/FOLIAR-FERVALLE.jpg 70w, https:\/\/www.fervalle.com\/wp-content\/uploads\/2022\/02\/FOLIAR-FERVALLE-64x64.jpg 64w\" sizes=\"(max-width: 70px) 100vw, 70px\" \/>  <img decoding=\"async\" class=\"alignnone size-full wp-image-569\" src=\"https:\/\/fervalle.com\/wp-content\/uploads\/2022\/02\/residuo-cero.jpg\" alt=\"\" width=\"70\" height=\"70\" srcset=\"https:\/\/www.fervalle.com\/wp-content\/uploads\/2022\/02\/residuo-cero.jpg 70w, https:\/\/www.fervalle.com\/wp-content\/uploads\/2022\/02\/residuo-cero-64x64.jpg 64w\" sizes=\"(max-width: 70px) 100vw, 70px\" \/><\/p>\n<p><span style=\"font-size: 12pt;\"><strong>AVANTAGES ET B\u00c9N\u00c9FICES :<\/strong><\/span><\/p>\n<ul>\n<li>Le potassium favorise la synth\u00e8se des mol\u00e9cules impliqu\u00e9es dans la couleur pendant le processus de maturation des fruits.<\/li>\n<li>Il favorise un changement de couleur totalement uniforme du fruit.<\/li>\n<\/ul>\n<p><b>POSOLOGIE ET MODE D&rsquo;EMPLOI :<\/b><\/p>\n<table width=\"519\">\n<tbody>\n<tr>\n<td style=\"background-color: #353f48;\" width=\"142\"><span style=\"color: #ffffff;\"><strong>CULTIVE<\/strong><\/span><\/td>\n<td style=\"background-color: #353f48;\" width=\"189\"><span style=\"color: #ffffff;\"><strong>TEMPS D&rsquo;APPLICATION<\/strong><\/span><\/td>\n<td style=\"background-color: #353f48;\" width=\"188\"><span style=\"color: #ffffff;\"><strong>FOLIAIRE<\/strong><\/span><\/td>\n<\/tr>\n<tr>\n<td width=\"142\">Arbres fruitiers<\/td>\n<td rowspan=\"5\" width=\"189\">Appliquer pendant le processus de maturation du fruit.<\/td>\n<td rowspan=\"5\" width=\"188\">10 \u2013 20 cc\/1 litres.<\/td>\n<\/tr>\n<tr>\n<td width=\"142\">Horticole<\/td>\n<\/tr>\n<tr>\n<td width=\"142\">Olive<\/td>\n<\/tr>\n<tr>\n<td width=\"142\">Raisin de table et vigne<\/td>\n<\/tr>\n<tr>\n<td width=\"142\">Agrumes<\/td>\n<\/tr>\n<\/tbody>\n<\/table>\n<p><span style=\"font-size: 12pt;\"><strong>Composition:<\/strong> potassium.<\/span><\/p>\n","protected":false},"featured_media":12135,"template":"","meta":[],"product_brand":[],"product_cat":[370],"product_tag":[758],"class_list":{"0":"post-4096","1":"product","2":"type-product","3":"status-publish","4":"has-post-thumbnail","6":"product_cat-star-line-fr","7":"product_tag-coloration-des-fruits","8":"pa_composicion-potassium-fr","9":"pa_funcion-renforceurs-de-couleur","11":"first","12":"instock","13":"shipping-taxable","14":"product-type-simple"},"jetpack_sharing_enabled":true,"_links":{"self":[{"href":"https:\/\/www.fervalle.com\/fr\/wp-json\/wp\/v2\/product\/4096","targetHints":{"allow":["GET"]}}],"collection":[{"href":"https:\/\/www.fervalle.com\/fr\/wp-json\/wp\/v2\/product"}],"about":[{"href":"https:\/\/www.fervalle.com\/fr\/wp-json\/wp\/v2\/types\/product"}],"version-history":[{"count":1,"href":"https:\/\/www.fervalle.com\/fr\/wp-json\/wp\/v2\/product\/4096\/revisions"}],"predecessor-version":[{"id":4231,"href":"https:\/\/www.fervalle.com\/fr\/wp-json\/wp\/v2\/product\/4096\/revisions\/4231"}],"wp:featuredmedia":[{"embeddable":true,"href":"https:\/\/www.fervalle.com\/fr\/wp-json\/wp\/v2\/media\/12135"}],"wp:attachment":[{"href":"https:\/\/www.fervalle.com\/fr\/wp-json\/wp\/v2\/media?parent=4096"}],"wp:term":[{"taxonomy":"product_brand","embeddable":true,"href":"https:\/\/www.fervalle.com\/fr\/wp-json\/wp\/v2\/product_brand?post=4096"},{"taxonomy":"product_cat","embeddable":true,"href":"https:\/\/www.fervalle.com\/fr\/wp-json\/wp\/v2\/product_cat?post=4096"},{"taxonomy":"product_tag","embeddable":true,"href":"https:\/\/www.fervalle.com\/fr\/wp-json\/wp\/v2\/product_tag?post=4096"}],"curies":[{"name":"wp","href":"https:\/\/api.w.org\/{rel}","templated":true}]}}