{"id":4094,"date":"2022-02-17T10:29:52","date_gmt":"2022-02-17T10:29:52","guid":{"rendered":"https:\/\/www.fervalle.com\/humivalle-2\/"},"modified":"2022-02-17T10:29:52","modified_gmt":"2022-02-17T10:29:52","slug":"humivalle-2","status":"publish","type":"product","link":"https:\/\/www.fervalle.com\/fr\/produit\/humivalle-2\/","title":{"rendered":"HUMIVALLE\u00ae"},"content":{"rendered":"","protected":false},"excerpt":{"rendered":"<h2 style=\"text-align: justify;\">Formulation \u00e0 forte teneur en acides humiques et fulviques provenant de la l\u00e9onardite am\u00e9ricaine.<\/h2>\n<p style=\"text-align: justify;\">Formulation liquide de l&rsquo;American Leonardite avec une teneur \u00e9lev\u00e9e en acides humiques et fulviques qui <strong>augmentent la capacit\u00e9 d&rsquo;\u00e9change cationique et la solubilisation des macronutriments et micronutriments pr\u00e9sents dans le sol,<\/strong> donnant \u00e0 la plante la capacit\u00e9 de les incorporer par le syst\u00e8me racinaire. La r\u00e9organisation des particules du sol entra\u00eene une am\u00e9lioration de la structure du sol, ce qui se traduit par une augmentation de la capacit\u00e9 de r\u00e9tention d&rsquo;eau et de la biodisponibilit\u00e9 des nutriments essentiels au d\u00e9veloppement des cultures.<\/p>\n<p><img decoding=\"async\" class=\"alignnone size-full wp-image-568\" src=\"https:\/\/fervalle.com\/wp-content\/uploads\/2022\/02\/fertirrigacion-logo.jpg\" alt=\"\" width=\"70\" height=\"70\" srcset=\"https:\/\/www.fervalle.com\/wp-content\/uploads\/2022\/02\/fertirrigacion-logo.jpg 70w, https:\/\/www.fervalle.com\/wp-content\/uploads\/2022\/02\/fertirrigacion-logo-64x64.jpg 64w\" sizes=\"(max-width: 70px) 100vw, 70px\" \/> <img decoding=\"async\" class=\"alignnone size-full wp-image-569\" src=\"https:\/\/fervalle.com\/wp-content\/uploads\/2022\/02\/residuo-cero.jpg\" alt=\"\" width=\"70\" height=\"70\" srcset=\"https:\/\/www.fervalle.com\/wp-content\/uploads\/2022\/02\/residuo-cero.jpg 70w, https:\/\/www.fervalle.com\/wp-content\/uploads\/2022\/02\/residuo-cero-64x64.jpg 64w\" sizes=\"(max-width: 70px) 100vw, 70px\" \/><\/p>\n<p><span style=\"font-size: 12pt;\"><strong>AVANTAGES ET B\u00c9N\u00c9FICES :<\/strong><\/span><\/p>\n<ul>\n<li>La l\u00e9onardite agit comme un liant entre les particules du sol, augmentant ainsi la texture du sol.<\/li>\n<li>Les acides fulviques et humiques enrichissent le complexe d&rsquo;\u00e9change, augmentant ainsi la fertilit\u00e9 du sol.<\/li>\n<li>Il garantit une r\u00e9tention d&rsquo;eau optimale et des nutriments essentiels pour la croissance et le d\u00e9veloppement des plantes.<\/li>\n<\/ul>\n<p><b>POSOLOGIE ET MODE D&rsquo;EMPLOI :<\/b><\/p>\n<table width=\"584\">\n<tbody>\n<tr>\n<td style=\"background-color: #353f48;\" width=\"154\"><span style=\"color: #ffffff;\"><strong>CULTIVE<\/strong><\/span><\/td>\n<td style=\"background-color: #353f48;\" width=\"272\"><span style=\"color: #ffffff;\"><strong>TEMPS D&rsquo;APPLICATION<\/strong><\/span><\/td>\n<td style=\"background-color: #353f48;\" width=\"159\"><span style=\"color: #ffffff;\"><strong>FERTIGATION<\/strong><\/span><\/td>\n<\/tr>\n<tr>\n<td width=\"154\">arbres fruitiers<\/td>\n<td rowspan=\"5\" width=\"272\">Appliquer tout au long du cycle de culture<\/td>\n<td rowspan=\"5\" width=\"159\">&nbsp;<\/p>\n<p>40 &#8211; 140 litres\/ha<\/p>\n<p>&nbsp;<\/td>\n<\/tr>\n<tr>\n<td width=\"154\">horticole<\/td>\n<\/tr>\n<tr>\n<td width=\"154\">olive<\/td>\n<\/tr>\n<tr>\n<td width=\"154\">raisin de table et vigne<\/td>\n<\/tr>\n<tr>\n<td width=\"154\">agrumes<\/td>\n<\/tr>\n<\/tbody>\n<\/table>\n<p><span style=\"font-size: 12pt;\"><strong>Composition:<\/strong> extrait humique, acides humiques, acides fulviques et potassium.<\/span><\/p>\n","protected":false},"featured_media":3092,"template":"","meta":[],"product_brand":[],"product_cat":[413],"product_tag":[825,826],"class_list":{"0":"post-4094","1":"product","2":"type-product","3":"status-publish","4":"has-post-thumbnail","6":"product_cat-brown-line-fr","7":"product_tag-acides-fulviques","8":"product_tag-acides-humiques","9":"pa_composicion-acides-fulviques","10":"pa_composicion-acides-humiques","11":"pa_composicion-potassium-fr","12":"pa_funcion-conditionneurs-de-sol","14":"first","15":"instock","16":"shipping-taxable","17":"product-type-simple"},"jetpack_sharing_enabled":true,"_links":{"self":[{"href":"https:\/\/www.fervalle.com\/fr\/wp-json\/wp\/v2\/product\/4094","targetHints":{"allow":["GET"]}}],"collection":[{"href":"https:\/\/www.fervalle.com\/fr\/wp-json\/wp\/v2\/product"}],"about":[{"href":"https:\/\/www.fervalle.com\/fr\/wp-json\/wp\/v2\/types\/product"}],"version-history":[{"count":0,"href":"https:\/\/www.fervalle.com\/fr\/wp-json\/wp\/v2\/product\/4094\/revisions"}],"wp:featuredmedia":[{"embeddable":true,"href":"https:\/\/www.fervalle.com\/fr\/wp-json\/wp\/v2\/media\/3092"}],"wp:attachment":[{"href":"https:\/\/www.fervalle.com\/fr\/wp-json\/wp\/v2\/media?parent=4094"}],"wp:term":[{"taxonomy":"product_brand","embeddable":true,"href":"https:\/\/www.fervalle.com\/fr\/wp-json\/wp\/v2\/product_brand?post=4094"},{"taxonomy":"product_cat","embeddable":true,"href":"https:\/\/www.fervalle.com\/fr\/wp-json\/wp\/v2\/product_cat?post=4094"},{"taxonomy":"product_tag","embeddable":true,"href":"https:\/\/www.fervalle.com\/fr\/wp-json\/wp\/v2\/product_tag?post=4094"}],"curies":[{"name":"wp","href":"https:\/\/api.w.org\/{rel}","templated":true}]}}