{"id":4092,"date":"2022-02-17T10:39:06","date_gmt":"2022-02-17T10:39:06","guid":{"rendered":"https:\/\/www.fervalle.com\/balaxplus\/"},"modified":"2022-04-05T10:47:42","modified_gmt":"2022-04-05T10:47:42","slug":"balax-plus","status":"publish","type":"product","link":"https:\/\/www.fervalle.com\/fr\/produit\/balax-plus\/","title":{"rendered":"BALAX\u00aePLUS"},"content":{"rendered":"","protected":false},"excerpt":{"rendered":"<h2><strong>Formulation liquide riche en acides fulviques.<\/strong><\/h2>\n<p style=\"text-align: justify;\"><strong>Produit riche en acides fulviques qui favorisent et am\u00e9liorent le d\u00e9veloppement du syst\u00e8me racinaire.<\/strong> Ils ont la capacit\u00e9 d&rsquo;am\u00e9liorer le processus de germination, de floraison et d&rsquo;engraissement pendant la phase de d\u00e9veloppement du fruit. Sa capacit\u00e9 de ch\u00e9lation et de complexation favorise l&rsquo;absorption des macronutriments et des micronutriments essentiels au d\u00e9veloppement et \u00e0 la croissance de la plante.<\/p>\n<p><img decoding=\"async\" class=\"alignnone size-full wp-image-568\" src=\"https:\/\/fervalle.com\/wp-content\/uploads\/2022\/02\/fertirrigacion-logo.jpg\" alt=\"\" width=\"70\" height=\"70\" srcset=\"https:\/\/www.fervalle.com\/wp-content\/uploads\/2022\/02\/fertirrigacion-logo.jpg 70w, https:\/\/www.fervalle.com\/wp-content\/uploads\/2022\/02\/fertirrigacion-logo-64x64.jpg 64w\" sizes=\"(max-width: 70px) 100vw, 70px\" \/>  <img decoding=\"async\" class=\"alignnone size-full wp-image-569\" src=\"https:\/\/fervalle.com\/wp-content\/uploads\/2022\/02\/residuo-cero.jpg\" alt=\"\" width=\"70\" height=\"70\" srcset=\"https:\/\/www.fervalle.com\/wp-content\/uploads\/2022\/02\/residuo-cero.jpg 70w, https:\/\/www.fervalle.com\/wp-content\/uploads\/2022\/02\/residuo-cero-64x64.jpg 64w\" sizes=\"(max-width: 70px) 100vw, 70px\" \/><\/p>\n<p><span style=\"font-size: 12pt;\"><strong>AVANTAGES ET B\u00c9N\u00c9FICES :<\/strong><\/span><\/p>\n<ul>\n<li>Il agit comme un agent de liaison entre les particules du sol, contribuant \u00e0 en am\u00e9liorer la texture.<\/li>\n<li>Les acides fulviques et humiques enrichissent le complexe d&rsquo;\u00e9change, augmentant ainsi la fertilit\u00e9 du sol.<\/li>\n<li>Ils favorisent la croissance des racines et le d\u00e9veloppement de la partie a\u00e9rienne de la plante.<\/li>\n<li>Ils constituent une source directe d&rsquo;\u00e9nergie pour les plantes, pour des processus importants tels que la photosynth\u00e8se.<\/li>\n<\/ul>\n<p><b>POSOLOGIE ET MODE D&rsquo;EMPLOI :<\/b><\/p>\n<table width=\"584\">\n<tbody>\n<tr>\n<td style=\"background-color: #353f48;\" width=\"154\"><span style=\"color: #ffffff;\"><strong>CULTIVE<\/strong><\/span><\/td>\n<td style=\"background-color: #353f48;\" width=\"272\"><span style=\"color: #ffffff;\"><strong>TEMPS D&rsquo;APPLICATION<\/strong><\/span><\/td>\n<td style=\"background-color: #353f48;\" width=\"159\"><span style=\"color: #ffffff;\"><strong>FERTIGATION<\/strong><\/span><\/td>\n<\/tr>\n<tr>\n<td width=\"154\">Arbres fruitiers<\/td>\n<td rowspan=\"5\" width=\"272\">Appliquer tout au long du cycle de culture<\/td>\n<td rowspan=\"5\" width=\"159\">&nbsp;<\/p>\n<p>60 &#8211; 80 litres\/ha<\/p>\n<p>&nbsp;<\/td>\n<\/tr>\n<tr>\n<td width=\"154\">Horticole<\/td>\n<\/tr>\n<tr>\n<td width=\"154\">Olive<\/td>\n<\/tr>\n<tr>\n<td width=\"154\">Raisin de table et vigne<\/td>\n<\/tr>\n<tr>\n<td width=\"154\">Agrumes<\/td>\n<\/tr>\n<\/tbody>\n<\/table>\n<p><span style=\"font-size: 12pt;\"><strong>Composition:<\/strong> l&rsquo;extrait humique et les acides fulviques.<\/span><\/p>\n","protected":false},"featured_media":3084,"template":"","meta":[],"product_brand":[],"product_cat":[413],"product_tag":[737],"class_list":{"0":"post-4092","1":"product","2":"type-product","3":"status-publish","4":"has-post-thumbnail","6":"product_cat-brown-line-fr","7":"product_tag-teneur-elevee-en-fulviques","8":"pa_composicion-acides-fulviques","9":"pa_funcion-biostimulants-fr","10":"pa_funcion-conditionneurs-de-sol","12":"first","13":"instock","14":"shipping-taxable","15":"product-type-simple"},"jetpack_sharing_enabled":true,"_links":{"self":[{"href":"https:\/\/www.fervalle.com\/fr\/wp-json\/wp\/v2\/product\/4092","targetHints":{"allow":["GET"]}}],"collection":[{"href":"https:\/\/www.fervalle.com\/fr\/wp-json\/wp\/v2\/product"}],"about":[{"href":"https:\/\/www.fervalle.com\/fr\/wp-json\/wp\/v2\/types\/product"}],"version-history":[{"count":1,"href":"https:\/\/www.fervalle.com\/fr\/wp-json\/wp\/v2\/product\/4092\/revisions"}],"predecessor-version":[{"id":4229,"href":"https:\/\/www.fervalle.com\/fr\/wp-json\/wp\/v2\/product\/4092\/revisions\/4229"}],"wp:featuredmedia":[{"embeddable":true,"href":"https:\/\/www.fervalle.com\/fr\/wp-json\/wp\/v2\/media\/3084"}],"wp:attachment":[{"href":"https:\/\/www.fervalle.com\/fr\/wp-json\/wp\/v2\/media?parent=4092"}],"wp:term":[{"taxonomy":"product_brand","embeddable":true,"href":"https:\/\/www.fervalle.com\/fr\/wp-json\/wp\/v2\/product_brand?post=4092"},{"taxonomy":"product_cat","embeddable":true,"href":"https:\/\/www.fervalle.com\/fr\/wp-json\/wp\/v2\/product_cat?post=4092"},{"taxonomy":"product_tag","embeddable":true,"href":"https:\/\/www.fervalle.com\/fr\/wp-json\/wp\/v2\/product_tag?post=4092"}],"curies":[{"name":"wp","href":"https:\/\/api.w.org\/{rel}","templated":true}]}}