{"id":4091,"date":"2022-02-17T10:44:31","date_gmt":"2022-02-17T10:44:31","guid":{"rendered":"https:\/\/www.fervalle.com\/maorplus-2\/"},"modified":"2022-04-05T10:47:41","modified_gmt":"2022-04-05T10:47:41","slug":"maorplus","status":"publish","type":"product","link":"https:\/\/www.fervalle.com\/fr\/produit\/maorplus\/","title":{"rendered":"MAORPLUS\u00ae"},"content":{"rendered":"","protected":false},"excerpt":{"rendered":"<h2 style=\"text-align: justify;\"><strong>Formulation liquide riche en azote organique provenant d&rsquo;acides amin\u00e9s.<\/strong><\/h2>\n<p style=\"text-align: justify;\"><strong>Solution liquide riche en azote organique, avec une concentration \u00e9lev\u00e9e de mati\u00e8re organique provenant d&rsquo;acides amin\u00e9s issus de l&rsquo;hydrolyse des prot\u00e9ines, particuli\u00e8rement adapt\u00e9e aux cultures ayant des besoins importants en azote pour leur croissance et leur d\u00e9veloppement.<\/strong> La mati\u00e8re organique augmente la fertilit\u00e9 du sol, am\u00e9liore sa structure et contribue \u00e0 la croissance de micro-organismes b\u00e9n\u00e9fiques pour la plante et le sol. En plus d&rsquo;influencer la texture du sol, avec l&rsquo;augmentation des nutriments et de l&rsquo;eau, il augmente \u00e9galement la capacit\u00e9 d&rsquo;\u00e9change cationique. Ce produit est particuli\u00e8rement adapt\u00e9 aux zones sensibles \u00e0 la contamination de l&rsquo;eau et du sol par les nitrates, car il constitue une alternative plus naturelle \u00e0 la fertilisation des sols.<\/p>\n<p><strong>Il est sp\u00e9cialement con\u00e7u pour les zones \u00e9cologiquement prot\u00e9g\u00e9es telles que le Mar Menor.<\/strong><\/p>\n<p>&nbsp;<\/p>\n<p><img decoding=\"async\" class=\"alignnone size-full wp-image-583\" src=\"https:\/\/fervalle.com\/wp-content\/uploads\/2022\/02\/FOLIAR-FERVALLE.jpg\" alt=\"\" width=\"70\" height=\"70\" srcset=\"https:\/\/www.fervalle.com\/wp-content\/uploads\/2022\/02\/FOLIAR-FERVALLE.jpg 70w, https:\/\/www.fervalle.com\/wp-content\/uploads\/2022\/02\/FOLIAR-FERVALLE-64x64.jpg 64w\" sizes=\"(max-width: 70px) 100vw, 70px\" \/><img decoding=\"async\" class=\"alignnone size-full wp-image-568\" src=\"https:\/\/fervalle.com\/wp-content\/uploads\/2022\/02\/fertirrigacion-logo.jpg\" alt=\"\" width=\"70\" height=\"70\" srcset=\"https:\/\/www.fervalle.com\/wp-content\/uploads\/2022\/02\/fertirrigacion-logo.jpg 70w, https:\/\/www.fervalle.com\/wp-content\/uploads\/2022\/02\/fertirrigacion-logo-64x64.jpg 64w\" sizes=\"(max-width: 70px) 100vw, 70px\" \/>  <img decoding=\"async\" class=\"alignnone size-full wp-image-569\" src=\"https:\/\/fervalle.com\/wp-content\/uploads\/2022\/02\/residuo-cero.jpg\" alt=\"\" width=\"70\" height=\"70\" srcset=\"https:\/\/www.fervalle.com\/wp-content\/uploads\/2022\/02\/residuo-cero.jpg 70w, https:\/\/www.fervalle.com\/wp-content\/uploads\/2022\/02\/residuo-cero-64x64.jpg 64w\" sizes=\"(max-width: 70px) 100vw, 70px\" \/><\/p>\n<p><span style=\"font-size: 12pt;\"><strong>AVANTAGES ET B\u00c9N\u00c9FICES :<\/strong><\/span><\/p>\n<ul>\n<li>La mati\u00e8re organique augmente la fertilit\u00e9 du sol.<\/li>\n<li>Les acides amin\u00e9s sont une source directe d&rsquo;\u00e9nergie pour la plante, car ils font partie des prot\u00e9ines essentielles \u00e0 la croissance et au d\u00e9veloppement.<\/li>\n<li>Ils favorisent la croissance des micro-organismes b\u00e9n\u00e9fiques \u00e0 la plante.<\/li>\n<\/ul>\n<p><b>POSOLOGIE ET MODE D&rsquo;EMPLOI :<\/b><\/p>\n<table width=\"584\">\n<tbody>\n<tr>\n<td style=\"background-color: #232230;\" width=\"154\"><span style=\"color: #ffffff;\"><strong>CULTIVE<\/strong><\/span><\/td>\n<td style=\"background-color: #232230;\" width=\"272\"><span style=\"color: #ffffff;\"><strong>TEMPS D&rsquo;APPLICATION<\/strong><\/span><\/td>\n<td style=\"background-color: #232230;\" width=\"159\"><span style=\"color: #ffffff;\"><strong>FERTIGATION<\/strong><\/span><\/td>\n<\/tr>\n<tr>\n<td width=\"154\">Arbres fruitiers<\/td>\n<td rowspan=\"5\" width=\"272\">Appliquer tout au long du cycle de culture<\/td>\n<td rowspan=\"5\" width=\"159\">&nbsp;<\/p>\n<p>60 &#8211; 80 litres\/ha<\/p>\n<p>&nbsp;<\/td>\n<\/tr>\n<tr>\n<td width=\"154\">Horticole<\/td>\n<\/tr>\n<tr>\n<td width=\"154\">Olive<\/td>\n<\/tr>\n<tr>\n<td width=\"154\">Raisin de table et vigne<\/td>\n<\/tr>\n<tr>\n<td width=\"154\">Agrumes<\/td>\n<\/tr>\n<\/tbody>\n<\/table>\n<p><span style=\"font-size: 12pt;\"><strong>Composition:<\/strong> Azote, acides amin\u00e9s.<\/span><\/p>\n","protected":false},"featured_media":3288,"template":"","meta":[],"product_brand":[],"product_cat":[413,414],"product_tag":[816],"class_list":{"0":"post-4091","1":"product","2":"type-product","3":"status-publish","4":"has-post-thumbnail","6":"product_cat-brown-line-fr","7":"product_cat-sensifer-line-fr","8":"product_tag-agent-vivifiant-de-lazote-organique","9":"pa_composicion-acides-amines","10":"pa_composicion-azote","11":"pa_funcion-biostimulants-fr","12":"pa_funcion-conditionneurs-de-sol","14":"first","15":"instock","16":"shipping-taxable","17":"product-type-simple"},"jetpack_sharing_enabled":true,"_links":{"self":[{"href":"https:\/\/www.fervalle.com\/fr\/wp-json\/wp\/v2\/product\/4091","targetHints":{"allow":["GET"]}}],"collection":[{"href":"https:\/\/www.fervalle.com\/fr\/wp-json\/wp\/v2\/product"}],"about":[{"href":"https:\/\/www.fervalle.com\/fr\/wp-json\/wp\/v2\/types\/product"}],"version-history":[{"count":1,"href":"https:\/\/www.fervalle.com\/fr\/wp-json\/wp\/v2\/product\/4091\/revisions"}],"predecessor-version":[{"id":4228,"href":"https:\/\/www.fervalle.com\/fr\/wp-json\/wp\/v2\/product\/4091\/revisions\/4228"}],"wp:featuredmedia":[{"embeddable":true,"href":"https:\/\/www.fervalle.com\/fr\/wp-json\/wp\/v2\/media\/3288"}],"wp:attachment":[{"href":"https:\/\/www.fervalle.com\/fr\/wp-json\/wp\/v2\/media?parent=4091"}],"wp:term":[{"taxonomy":"product_brand","embeddable":true,"href":"https:\/\/www.fervalle.com\/fr\/wp-json\/wp\/v2\/product_brand?post=4091"},{"taxonomy":"product_cat","embeddable":true,"href":"https:\/\/www.fervalle.com\/fr\/wp-json\/wp\/v2\/product_cat?post=4091"},{"taxonomy":"product_tag","embeddable":true,"href":"https:\/\/www.fervalle.com\/fr\/wp-json\/wp\/v2\/product_tag?post=4091"}],"curies":[{"name":"wp","href":"https:\/\/api.w.org\/{rel}","templated":true}]}}