{"id":4079,"date":"2022-02-17T11:33:14","date_gmt":"2022-02-17T11:33:14","guid":{"rendered":"https:\/\/www.fervalle.com\/cuprovalle-2\/"},"modified":"2022-04-07T15:24:51","modified_gmt":"2022-04-07T15:24:51","slug":"cuprovalle","status":"publish","type":"product","link":"https:\/\/www.fervalle.com\/fr\/produit\/cuprovalle\/","title":{"rendered":"CUPROVALLE\u00ae"},"content":{"rendered":"","protected":false},"excerpt":{"rendered":"<h2 style=\"text-align: justify;\">Le cuivre ch\u00e9lat\u00e9 par l&rsquo;EDTA sous forme de microgranules dispersables.<\/h2>\n<p style=\"text-align: justify;\"><strong>Formulation solide riche en cuivre ch\u00e9lat\u00e9 sous forme de micro-granules hautement dispersables dans l&rsquo;eau.<\/strong> La pr\u00e9sence d&rsquo;EDTA conf\u00e8re au cuivre une plus grande stabilit\u00e9, \u00e9vitant sa perte et lui permettant d&rsquo;\u00eatre assimil\u00e9 progressivement par la plante en fonction des besoins nutritionnels.<\/p>\n<p><img decoding=\"async\" class=\"alignnone size-full wp-image-582\" src=\"https:\/\/fervalle.com\/wp-content\/uploads\/2022\/02\/ECO-FERVALLE.jpg\" alt=\"\" width=\"70\" height=\"70\" srcset=\"https:\/\/www.fervalle.com\/wp-content\/uploads\/2022\/02\/ECO-FERVALLE.jpg 70w, https:\/\/www.fervalle.com\/wp-content\/uploads\/2022\/02\/ECO-FERVALLE-64x64.jpg 64w\" sizes=\"(max-width: 70px) 100vw, 70px\" \/><img decoding=\"async\" class=\"alignnone size-full wp-image-583\" src=\"https:\/\/fervalle.com\/wp-content\/uploads\/2022\/02\/FOLIAR-FERVALLE.jpg\" alt=\"\" width=\"70\" height=\"70\" srcset=\"https:\/\/www.fervalle.com\/wp-content\/uploads\/2022\/02\/FOLIAR-FERVALLE.jpg 70w, https:\/\/www.fervalle.com\/wp-content\/uploads\/2022\/02\/FOLIAR-FERVALLE-64x64.jpg 64w\" sizes=\"(max-width: 70px) 100vw, 70px\" \/><img decoding=\"async\" class=\"alignnone size-full wp-image-568\" src=\"https:\/\/fervalle.com\/wp-content\/uploads\/2022\/02\/fertirrigacion-logo.jpg\" alt=\"\" width=\"70\" height=\"70\" srcset=\"https:\/\/www.fervalle.com\/wp-content\/uploads\/2022\/02\/fertirrigacion-logo.jpg 70w, https:\/\/www.fervalle.com\/wp-content\/uploads\/2022\/02\/fertirrigacion-logo-64x64.jpg 64w\" sizes=\"(max-width: 70px) 100vw, 70px\" \/><img loading=\"lazy\" decoding=\"async\" class=\"alignnone size-full wp-image-681\" src=\"https:\/\/fervalle.com\/wp-content\/uploads\/2022\/02\/micronizado.jpg\" alt=\"\" width=\"70\" height=\"70\">  <img loading=\"lazy\" decoding=\"async\" class=\"alignnone size-full wp-image-569\" src=\"https:\/\/fervalle.com\/wp-content\/uploads\/2022\/02\/residuo-cero.jpg\" alt=\"\" width=\"70\" height=\"70\" srcset=\"https:\/\/www.fervalle.com\/wp-content\/uploads\/2022\/02\/residuo-cero.jpg 70w, https:\/\/www.fervalle.com\/wp-content\/uploads\/2022\/02\/residuo-cero-64x64.jpg 64w\" sizes=\"(max-width: 70px) 100vw, 70px\" \/> <img loading=\"lazy\" decoding=\"async\" class=\"alignnone size-full wp-image-584\" src=\"https:\/\/fervalle.com\/wp-content\/uploads\/2022\/02\/SHC-CERTIFICACION.jpg\" alt=\"\" width=\"70\" height=\"70\" srcset=\"https:\/\/www.fervalle.com\/wp-content\/uploads\/2022\/02\/SHC-CERTIFICACION.jpg 70w, https:\/\/www.fervalle.com\/wp-content\/uploads\/2022\/02\/SHC-CERTIFICACION-64x64.jpg 64w\" sizes=\"(max-width: 70px) 100vw, 70px\" \/>     <img loading=\"lazy\" decoding=\"async\" class=\"alignnone size-full wp-image-588\" src=\"https:\/\/fervalle.com\/wp-content\/uploads\/2022\/02\/CAAE-FERVALLE-LOGOTIPO.jpg\" alt=\"\" width=\"70\" height=\"70\" srcset=\"https:\/\/www.fervalle.com\/wp-content\/uploads\/2022\/02\/CAAE-FERVALLE-LOGOTIPO.jpg 70w, https:\/\/www.fervalle.com\/wp-content\/uploads\/2022\/02\/CAAE-FERVALLE-LOGOTIPO-64x64.jpg 64w\" sizes=\"(max-width: 70px) 100vw, 70px\" \/><\/p>\n<p><strong>CERTIFICATIONS POUR L&rsquo;AGRICULTURE :<\/strong> \u00c9COLOGIQUE.<\/p>\n<p><span style=\"font-size: 12pt;\"><strong>AVANTAGES ET B\u00c9N\u00c9FICES :<\/strong><\/span><\/p>\n<ul>\n<li>Le complexe form\u00e9 avec l&rsquo;EDTA favorise une plus grande disponibilit\u00e9 du cuivre par rapport aux produits cupriques traditionnels, ce qui permet une plus grande efficacit\u00e9 et une meilleure distribution.<\/li>\n<li>Il am\u00e9liore l&rsquo;assimilation nutritionnelle \u00e0 travers la feuille par effet de contact.<\/li>\n<li>Il a plus grande r\u00e9sistance au lavage apr\u00e8s l&rsquo;application et, par cons\u00e9quent, plus grande persistance et durabilit\u00e9 gr\u00e2ce \u00e0 sa capacit\u00e9 d&rsquo;incorporation \u00e0 travers l&rsquo;\u00e9piderme des plantes.<\/li>\n<\/ul>\n<p><b>POSOLOGIE ET MODE D&rsquo;EMPLOI :<\/b><\/p>\n<table width=\"779\">\n<tbody>\n<tr>\n<td style=\"background-color: #353f48;\" width=\"154\"><span style=\"color: #ffffff;\"><strong>CULTIVE<\/strong><\/span><\/td>\n<td style=\"background-color: #353f48;\" width=\"272\"><span style=\"color: #ffffff;\"><strong>TEMPS D&rsquo;APPLICATION<\/strong><\/span><\/td>\n<td style=\"background-color: #353f48;\" width=\"195\"><span style=\"color: #ffffff;\"><strong>FOLIAIRE<\/strong><\/span><\/td>\n<td style=\"background-color: #353f48;\" width=\"159\"><span style=\"color: #ffffff;\"><strong>FERTIGATION<\/strong><\/span><\/td>\n<\/tr>\n<tr>\n<td width=\"154\">Arbres fruitiers<\/td>\n<td width=\"272\">Traitement d&rsquo;hiver Il peut causer la d\u00e9foliation des arbres fruitiers \u00e0 feuilles caduques.<\/td>\n<td width=\"195\">1 &#8211; 3 kilos\/1000 litres<\/td>\n<td width=\"159\">&nbsp;<\/p>\n<p>2 &#8211; 4 kilos\/ha<\/p>\n<p>&nbsp;<\/td>\n<\/tr>\n<tr>\n<td width=\"154\">Horticole<\/td>\n<td width=\"272\">Apr\u00e8s la transplantation et pendant la phase de croissance v\u00e9g\u00e9tative<\/td>\n<td width=\"195\">1 &#8211; 2 kilos\/1000 litres<\/td>\n<td width=\"159\">2 &#8211; 3 kilos\/ha<\/td>\n<\/tr>\n<tr>\n<td width=\"154\">Olive<\/td>\n<td width=\"272\">Avant la germination et pendant l&rsquo;automne<\/td>\n<td width=\"195\">1 &#8211; 2,5 kilos\/1000 litres<\/td>\n<td width=\"159\">2 &#8211; 4 kilos\/ha<\/td>\n<\/tr>\n<tr>\n<td width=\"154\">Raisin de table et vigne<\/td>\n<td width=\"272\">Apr\u00e8s la r\u00e9colte et l&rsquo;\u00e9lagage<\/td>\n<td width=\"195\">1 &#8211; 2 kilos\/1000 litres<\/td>\n<td width=\"159\">&nbsp;<\/p>\n<p>2 &#8211; 3 kilos\/ha<\/p>\n<p>&nbsp;<\/td>\n<\/tr>\n<tr>\n<td width=\"154\">Agrumes<\/td>\n<td width=\"272\">Du stade de la nouaison \u00e0 la r\u00e9colte des fruits<\/td>\n<td width=\"195\">1 &#8211; 3 kilos\/1000 litres<\/td>\n<td width=\"159\">2 &#8211; 3 kilos\/ha<\/td>\n<\/tr>\n<\/tbody>\n<\/table>\n<p><span style=\"font-size: 12pt;\"><strong>Composition:<\/strong> cuivre.<\/span><\/p>\n","protected":false},"featured_media":21531,"template":"","meta":[],"product_brand":[],"product_cat":[406],"product_tag":[777],"class_list":{"0":"post-4079","1":"product","2":"type-product","3":"status-publish","4":"has-post-thumbnail","6":"product_cat-blue-line-fr","7":"product_tag-inducteur-de-defense","8":"pa_composicion-cuivre","9":"pa_composicion-soufre","10":"pa_funcion-defoliants","11":"pa_funcion-inducteurs-de-defense","12":"pa_funcion-renforceurs-dautodefense","14":"first","15":"instock","16":"shipping-taxable","17":"product-type-simple"},"jetpack_sharing_enabled":true,"_links":{"self":[{"href":"https:\/\/www.fervalle.com\/fr\/wp-json\/wp\/v2\/product\/4079","targetHints":{"allow":["GET"]}}],"collection":[{"href":"https:\/\/www.fervalle.com\/fr\/wp-json\/wp\/v2\/product"}],"about":[{"href":"https:\/\/www.fervalle.com\/fr\/wp-json\/wp\/v2\/types\/product"}],"version-history":[{"count":3,"href":"https:\/\/www.fervalle.com\/fr\/wp-json\/wp\/v2\/product\/4079\/revisions"}],"predecessor-version":[{"id":4315,"href":"https:\/\/www.fervalle.com\/fr\/wp-json\/wp\/v2\/product\/4079\/revisions\/4315"}],"wp:featuredmedia":[{"embeddable":true,"href":"https:\/\/www.fervalle.com\/fr\/wp-json\/wp\/v2\/media\/21531"}],"wp:attachment":[{"href":"https:\/\/www.fervalle.com\/fr\/wp-json\/wp\/v2\/media?parent=4079"}],"wp:term":[{"taxonomy":"product_brand","embeddable":true,"href":"https:\/\/www.fervalle.com\/fr\/wp-json\/wp\/v2\/product_brand?post=4079"},{"taxonomy":"product_cat","embeddable":true,"href":"https:\/\/www.fervalle.com\/fr\/wp-json\/wp\/v2\/product_cat?post=4079"},{"taxonomy":"product_tag","embeddable":true,"href":"https:\/\/www.fervalle.com\/fr\/wp-json\/wp\/v2\/product_tag?post=4079"}],"curies":[{"name":"wp","href":"https:\/\/api.w.org\/{rel}","templated":true}]}}