{"id":4078,"date":"2022-02-17T11:36:03","date_gmt":"2022-02-17T11:36:03","guid":{"rendered":"https:\/\/www.fervalle.com\/cupromax-2\/"},"modified":"2022-04-07T15:20:59","modified_gmt":"2022-04-07T15:20:59","slug":"cupromax","status":"publish","type":"product","link":"https:\/\/www.fervalle.com\/fr\/produit\/cupromax\/","title":{"rendered":"CUPROMAX\u00ae"},"content":{"rendered":"","protected":false},"excerpt":{"rendered":"<h2 style=\"text-align: justify;\"><strong>Cuivre ch\u00e9lat\u00e9 par des acides amin\u00e9s sous forme de microgranules dispersables.<\/strong><\/h2>\n<p style=\"text-align: justify;\"><strong>Nouvelle formulation de cuivre ch\u00e9lat\u00e9 avec des acides amin\u00e9s sous forme de microgranules hautement dispersables dans l&rsquo;eau.<\/strong>. La pr\u00e9sence du complexe organique conf\u00e8re au cuivre une plus grande stabilit\u00e9, \u00e9vitant sa perte et permettant son assimilation progressive par la plante en fonction des besoins nutritionnels.<\/p>\n<p><img decoding=\"async\" class=\"alignnone size-full wp-image-583\" src=\"https:\/\/fervalle.com\/wp-content\/uploads\/2022\/02\/FOLIAR-FERVALLE.jpg\" alt=\"\" width=\"70\" height=\"70\" srcset=\"https:\/\/www.fervalle.com\/wp-content\/uploads\/2022\/02\/FOLIAR-FERVALLE.jpg 70w, https:\/\/www.fervalle.com\/wp-content\/uploads\/2022\/02\/FOLIAR-FERVALLE-64x64.jpg 64w\" sizes=\"(max-width: 70px) 100vw, 70px\" \/><img decoding=\"async\" class=\"alignnone size-full wp-image-568\" src=\"https:\/\/fervalle.com\/wp-content\/uploads\/2022\/02\/fertirrigacion-logo.jpg\" alt=\"\" width=\"70\" height=\"70\" srcset=\"https:\/\/www.fervalle.com\/wp-content\/uploads\/2022\/02\/fertirrigacion-logo.jpg 70w, https:\/\/www.fervalle.com\/wp-content\/uploads\/2022\/02\/fertirrigacion-logo-64x64.jpg 64w\" sizes=\"(max-width: 70px) 100vw, 70px\" \/><img decoding=\"async\" class=\"alignnone size-full wp-image-681\" src=\"https:\/\/fervalle.com\/wp-content\/uploads\/2022\/02\/micronizado.jpg\" alt=\"\" width=\"70\" height=\"70\">  <img loading=\"lazy\" decoding=\"async\" class=\"alignnone size-full wp-image-569\" src=\"https:\/\/fervalle.com\/wp-content\/uploads\/2022\/02\/residuo-cero.jpg\" alt=\"\" width=\"70\" height=\"70\" srcset=\"https:\/\/www.fervalle.com\/wp-content\/uploads\/2022\/02\/residuo-cero.jpg 70w, https:\/\/www.fervalle.com\/wp-content\/uploads\/2022\/02\/residuo-cero-64x64.jpg 64w\" sizes=\"(max-width: 70px) 100vw, 70px\" \/><\/p>\n<p><span style=\"font-size: 12pt;\"><strong>AVANTAGES ET B\u00c9N\u00c9FICES :<\/strong><\/span><\/p>\n<ul>\n<li>Le complexe form\u00e9 avec l&rsquo;acide amin\u00e9 favorise une plus grande disponibilit\u00e9 du cuivre par rapport aux produits cupriques traditionnels, ce qui permet une plus grande efficacit\u00e9 et une meilleure distribution.<\/li>\n<li>Il am\u00e9liore l&rsquo;assimilation nutritionnelle \u00e0 travers la feuille par effet de contact.<\/li>\n<li>Il a plus grande r\u00e9sistance au lavage apr\u00e8s l&rsquo;application et, par cons\u00e9quent, plus grande persistance et durabilit\u00e9 gr\u00e2ce \u00e0 sa capacit\u00e9 d&rsquo;incorporation \u00e0 travers l&rsquo;\u00e9piderme des plantes.<\/li>\n<\/ul>\n<p><b>POSOLOGIE ET MODE D&rsquo;EMPLOI :<\/b><\/p>\n<table width=\"779\">\n<tbody>\n<tr>\n<td style=\"background-color: #353f48;\" width=\"154\"><span style=\"color: #ffffff;\"><strong>CULTIVE<\/strong><\/span><\/td>\n<td style=\"background-color: #353f48;\" width=\"272\"><span style=\"color: #ffffff;\"><strong>TEMPS D&rsquo;APPLICATION<\/strong><\/span><\/td>\n<td style=\"background-color: #353f48;\" width=\"195\"><span style=\"color: #ffffff;\"><strong>FOLIAIRE<\/strong><\/span><\/td>\n<td style=\"background-color: #353f48;\" width=\"159\"><span style=\"color: #ffffff;\"><strong>FERTIGATION<\/strong><\/span><\/td>\n<\/tr>\n<tr>\n<td width=\"154\">Arbres fruitiers<\/td>\n<td width=\"272\">Traitement d&rsquo;hiver Il peut causer la d\u00e9foliation des arbres fruitiers \u00e0 feuilles caduques.<\/td>\n<td width=\"195\">1 &#8211; 3 kilos\/1000 litres<\/td>\n<td width=\"159\">&nbsp;<\/p>\n<p>2 &#8211; 4 kilos\/ha<\/p>\n<p>&nbsp;<\/td>\n<\/tr>\n<tr>\n<td width=\"154\">Horticole<\/td>\n<td width=\"272\">Apr\u00e8s la transplantation et pendant la phase de croissance v\u00e9g\u00e9tative<\/td>\n<td width=\"195\">1 &#8211; 2 kilos\/1000 litres<\/td>\n<td width=\"159\">2 &#8211; 3 kilos\/ha<\/td>\n<\/tr>\n<tr>\n<td width=\"154\">Olive<\/td>\n<td width=\"272\">Avant la germination et pendant l&rsquo;automne<\/td>\n<td width=\"195\">1 &#8211; 2,5 kilos\/1000 litres<\/td>\n<td width=\"159\">2 &#8211; 4 kilos\/ha<\/td>\n<\/tr>\n<tr>\n<td width=\"154\">Raisin de table et vigne<\/td>\n<td width=\"272\">Apr\u00e8s la r\u00e9colte et l&rsquo;\u00e9lagage<\/td>\n<td width=\"195\">1 &#8211; 2 kilos\/1000 litres<\/td>\n<td width=\"159\">&nbsp;<\/p>\n<p>2 &#8211; 3 kilos\/ha<\/p>\n<p>&nbsp;<\/td>\n<\/tr>\n<tr>\n<td width=\"154\">Agrumes<\/td>\n<td width=\"272\">Du stade de la nouaison \u00e0 la r\u00e9colte des fruits<\/td>\n<td width=\"195\">1 &#8211; 3 kilos\/1000 litres<\/td>\n<td width=\"159\">2 &#8211; 3 kilos\/ha<\/td>\n<\/tr>\n<\/tbody>\n<\/table>\n<p><span style=\"font-size: 12pt;\"><strong>Composition:<\/strong> cuivre.<\/span><\/p>\n","protected":false},"featured_media":3072,"template":"","meta":[],"product_brand":[],"product_cat":[406],"product_tag":[777],"class_list":{"0":"post-4078","1":"product","2":"type-product","3":"status-publish","4":"has-post-thumbnail","6":"product_cat-blue-line-fr","7":"product_tag-inducteur-de-defense","8":"pa_composicion-cuivre","9":"pa_funcion-inducteurs-de-defense","10":"pa_funcion-renforceurs-dautodefense","12":"first","13":"instock","14":"shipping-taxable","15":"product-type-simple"},"jetpack_sharing_enabled":true,"_links":{"self":[{"href":"https:\/\/www.fervalle.com\/fr\/wp-json\/wp\/v2\/product\/4078","targetHints":{"allow":["GET"]}}],"collection":[{"href":"https:\/\/www.fervalle.com\/fr\/wp-json\/wp\/v2\/product"}],"about":[{"href":"https:\/\/www.fervalle.com\/fr\/wp-json\/wp\/v2\/types\/product"}],"version-history":[{"count":2,"href":"https:\/\/www.fervalle.com\/fr\/wp-json\/wp\/v2\/product\/4078\/revisions"}],"predecessor-version":[{"id":4314,"href":"https:\/\/www.fervalle.com\/fr\/wp-json\/wp\/v2\/product\/4078\/revisions\/4314"}],"wp:featuredmedia":[{"embeddable":true,"href":"https:\/\/www.fervalle.com\/fr\/wp-json\/wp\/v2\/media\/3072"}],"wp:attachment":[{"href":"https:\/\/www.fervalle.com\/fr\/wp-json\/wp\/v2\/media?parent=4078"}],"wp:term":[{"taxonomy":"product_brand","embeddable":true,"href":"https:\/\/www.fervalle.com\/fr\/wp-json\/wp\/v2\/product_brand?post=4078"},{"taxonomy":"product_cat","embeddable":true,"href":"https:\/\/www.fervalle.com\/fr\/wp-json\/wp\/v2\/product_cat?post=4078"},{"taxonomy":"product_tag","embeddable":true,"href":"https:\/\/www.fervalle.com\/fr\/wp-json\/wp\/v2\/product_tag?post=4078"}],"curies":[{"name":"wp","href":"https:\/\/api.w.org\/{rel}","templated":true}]}}