{"id":4073,"date":"2022-02-17T11:39:15","date_gmt":"2022-02-17T11:39:15","guid":{"rendered":"https:\/\/www.fervalle.com\/supracu-2\/"},"modified":"2022-04-05T10:24:04","modified_gmt":"2022-04-05T10:24:04","slug":"supracu","status":"publish","type":"product","link":"https:\/\/www.fervalle.com\/fr\/produit\/supracu\/","title":{"rendered":"SUPRACU\u00ae"},"content":{"rendered":"","protected":false},"excerpt":{"rendered":"<h2>Cuivre ch\u00e9lat\u00e9 \u00e0 haute absorption foliaire et racinaire.<\/h2>\n<p style=\"text-align: justify;\"><strong>Solution liquide riche en cuivre ch\u00e9lat\u00e9 par EDTA, \u00e0 haute efficacit\u00e9 d&rsquo;absorption foliaire et racinaire.<\/strong> L&rsquo;EDTA conf\u00e8re au cuivre une grande mobilit\u00e9 syst\u00e9mique \u00e0 travers la s\u00e8ve jusqu&rsquo;\u00e0 l&rsquo;apex des feuilles nouvellement d\u00e9velopp\u00e9es de la plante, pr\u00e9venant ainsi l&rsquo;apparition de n\u00e9croses ou de chloroses.<\/p>\n<p><img decoding=\"async\" class=\"alignnone size-full wp-image-582\" src=\"https:\/\/fervalle.com\/wp-content\/uploads\/2022\/02\/ECO-FERVALLE.jpg\" alt=\"\" width=\"70\" height=\"70\" srcset=\"https:\/\/www.fervalle.com\/wp-content\/uploads\/2022\/02\/ECO-FERVALLE.jpg 70w, https:\/\/www.fervalle.com\/wp-content\/uploads\/2022\/02\/ECO-FERVALLE-64x64.jpg 64w\" sizes=\"(max-width: 70px) 100vw, 70px\" \/><img decoding=\"async\" class=\"alignnone size-full wp-image-583\" src=\"https:\/\/fervalle.com\/wp-content\/uploads\/2022\/02\/FOLIAR-FERVALLE.jpg\" alt=\"\" width=\"70\" height=\"70\" srcset=\"https:\/\/www.fervalle.com\/wp-content\/uploads\/2022\/02\/FOLIAR-FERVALLE.jpg 70w, https:\/\/www.fervalle.com\/wp-content\/uploads\/2022\/02\/FOLIAR-FERVALLE-64x64.jpg 64w\" sizes=\"(max-width: 70px) 100vw, 70px\" \/><img decoding=\"async\" class=\"alignnone size-full wp-image-568\" src=\"https:\/\/fervalle.com\/wp-content\/uploads\/2022\/02\/fertirrigacion-logo.jpg\" alt=\"\" width=\"70\" height=\"70\" srcset=\"https:\/\/www.fervalle.com\/wp-content\/uploads\/2022\/02\/fertirrigacion-logo.jpg 70w, https:\/\/www.fervalle.com\/wp-content\/uploads\/2022\/02\/fertirrigacion-logo-64x64.jpg 64w\" sizes=\"(max-width: 70px) 100vw, 70px\" \/>  <img loading=\"lazy\" decoding=\"async\" class=\"alignnone size-full wp-image-569\" src=\"https:\/\/fervalle.com\/wp-content\/uploads\/2022\/02\/residuo-cero.jpg\" alt=\"\" width=\"70\" height=\"70\" srcset=\"https:\/\/www.fervalle.com\/wp-content\/uploads\/2022\/02\/residuo-cero.jpg 70w, https:\/\/www.fervalle.com\/wp-content\/uploads\/2022\/02\/residuo-cero-64x64.jpg 64w\" sizes=\"(max-width: 70px) 100vw, 70px\" \/> <img loading=\"lazy\" decoding=\"async\" class=\"alignnone size-full wp-image-584\" src=\"https:\/\/fervalle.com\/wp-content\/uploads\/2022\/02\/SHC-CERTIFICACION.jpg\" alt=\"\" width=\"70\" height=\"70\" srcset=\"https:\/\/www.fervalle.com\/wp-content\/uploads\/2022\/02\/SHC-CERTIFICACION.jpg 70w, https:\/\/www.fervalle.com\/wp-content\/uploads\/2022\/02\/SHC-CERTIFICACION-64x64.jpg 64w\" sizes=\"(max-width: 70px) 100vw, 70px\" \/>     <img loading=\"lazy\" decoding=\"async\" class=\"alignnone size-full wp-image-588\" src=\"https:\/\/fervalle.com\/wp-content\/uploads\/2022\/02\/CAAE-FERVALLE-LOGOTIPO.jpg\" alt=\"\" width=\"70\" height=\"70\" srcset=\"https:\/\/www.fervalle.com\/wp-content\/uploads\/2022\/02\/CAAE-FERVALLE-LOGOTIPO.jpg 70w, https:\/\/www.fervalle.com\/wp-content\/uploads\/2022\/02\/CAAE-FERVALLE-LOGOTIPO-64x64.jpg 64w\" sizes=\"(max-width: 70px) 100vw, 70px\" \/><\/p>\n<p><strong>CERTIFICATIONS POUR L&rsquo;AGRICULTURE :<\/strong> \u00c9COLOGIQUE.<\/p>\n<p><span style=\"font-size: 12pt;\"><strong>AVANTAGES ET B\u00c9N\u00c9FICES :<\/strong><\/span><\/p>\n<ul>\n<li>Nutrition syst\u00e9mique. L&rsquo;absorption du cuivre par les racines et sa translocation par le phlo\u00e8me favorisent sa distribution dans la plante vers les zones de nouvelle croissance et de d\u00e9veloppement.<\/li>\n<li>Nutrition translaminaire ou stomatique. Son absorption foliaire offre une plus grande efficacit\u00e9 et persistance.<\/li>\n<\/ul>\n<p><b>POSOLOGIE ET MODE D&rsquo;EMPLOI :<\/b><\/p>\n<table width=\"779\">\n<tbody>\n<tr>\n<td style=\"background-color: #353f48;\" width=\"154\"><span style=\"color: #ffffff;\"><strong>CULTIVE<\/strong><\/span><\/td>\n<td style=\"background-color: #353f48;\" width=\"272\"><span style=\"color: #ffffff;\"><strong>TEMPS D&rsquo;APPLICATION<\/strong><\/span><\/td>\n<td style=\"background-color: #353f48;\" width=\"195\"><span style=\"color: #ffffff;\"><strong>FOLIAIRE<\/strong><\/span><\/td>\n<td style=\"background-color: #353f48;\" width=\"159\"><span style=\"color: #ffffff;\"><strong>FERTIGATION<\/strong><\/span><\/td>\n<\/tr>\n<tr>\n<td width=\"154\">Arbres fruitiers<\/td>\n<td width=\"272\">Traitement d&rsquo;hiver<\/td>\n<td width=\"195\">0,5 &#8211; 1 litre\/1000 litres<\/td>\n<td width=\"159\">&nbsp;<\/p>\n<p>2 &#8211; 4 litres\/ha<\/p>\n<p>&nbsp;<\/td>\n<\/tr>\n<tr>\n<td width=\"154\">Arbre fruitier \u00e0 feuilles caduques<\/td>\n<td width=\"272\">Traitement d&rsquo;hiver Il peut causer la d\u00e9foliation des arbres fruitiers \u00e0 feuilles caduques.<\/td>\n<td width=\"195\">2 &#8211; 3 litres\/1000 litres<\/td>\n<td width=\"159\">&nbsp;<\/p>\n<p>2 &#8211; 4 litres\/ha<\/p>\n<p>&nbsp;<\/td>\n<\/tr>\n<tr>\n<td width=\"154\">Horticole<\/td>\n<td width=\"272\">Apr\u00e8s la transplantation et pendant la phase de croissance v\u00e9g\u00e9tative<\/td>\n<td width=\"195\">1 &#8211; 2 litres\/1000 litres<\/td>\n<td width=\"159\">2 &#8211; 3 litres\/ha<\/td>\n<\/tr>\n<tr>\n<td width=\"154\">Olive<\/td>\n<td width=\"272\">Avant la germination et pendant l&rsquo;automne<\/td>\n<td width=\"195\">1 \u2013 2,5 litres\/1000 litres<\/td>\n<td width=\"159\">2 &#8211; 4 litres\/ha<\/td>\n<\/tr>\n<tr>\n<td width=\"154\">Raisin de table et vigne<\/td>\n<td width=\"272\">Pendant la phase de bourgeonnement pr\u00e9coce jusqu&rsquo;\u00e0 la r\u00e9colte<\/td>\n<td width=\"195\">1 &#8211; 2 litres\/1000 litres<\/td>\n<td width=\"159\">&nbsp;<\/p>\n<p>2 &#8211; 3 litres\/ha<\/p>\n<p>&nbsp;<\/td>\n<\/tr>\n<tr>\n<td width=\"154\">Agrumes<\/td>\n<td width=\"272\">Pendant la phase de d\u00e9bourrement au printemps et en \u00e9t\u00e9<\/td>\n<td width=\"195\">1 &#8211; 2 litres\/1000 litres<\/td>\n<td width=\"159\">2 &#8211; 3 litres\/ha<\/td>\n<\/tr>\n<\/tbody>\n<\/table>\n<p><span style=\"font-size: 12pt;\"><strong>Composition:<\/strong> cuivre.<\/span><\/p>\n","protected":false},"featured_media":3068,"template":"","meta":[],"product_brand":[],"product_cat":[406],"product_tag":[798],"class_list":{"0":"post-4073","1":"product","2":"type-product","3":"status-publish","4":"has-post-thumbnail","6":"product_cat-blue-line-fr","7":"product_tag-renforcement-de-lautodefense","8":"pa_composicion-cuivre","9":"pa_funcion-inducteurs-de-defense","10":"pa_funcion-renforceurs-dautodefense","12":"first","13":"instock","14":"shipping-taxable","15":"product-type-simple"},"jetpack_sharing_enabled":true,"_links":{"self":[{"href":"https:\/\/www.fervalle.com\/fr\/wp-json\/wp\/v2\/product\/4073","targetHints":{"allow":["GET"]}}],"collection":[{"href":"https:\/\/www.fervalle.com\/fr\/wp-json\/wp\/v2\/product"}],"about":[{"href":"https:\/\/www.fervalle.com\/fr\/wp-json\/wp\/v2\/types\/product"}],"version-history":[{"count":1,"href":"https:\/\/www.fervalle.com\/fr\/wp-json\/wp\/v2\/product\/4073\/revisions"}],"predecessor-version":[{"id":4220,"href":"https:\/\/www.fervalle.com\/fr\/wp-json\/wp\/v2\/product\/4073\/revisions\/4220"}],"wp:featuredmedia":[{"embeddable":true,"href":"https:\/\/www.fervalle.com\/fr\/wp-json\/wp\/v2\/media\/3068"}],"wp:attachment":[{"href":"https:\/\/www.fervalle.com\/fr\/wp-json\/wp\/v2\/media?parent=4073"}],"wp:term":[{"taxonomy":"product_brand","embeddable":true,"href":"https:\/\/www.fervalle.com\/fr\/wp-json\/wp\/v2\/product_brand?post=4073"},{"taxonomy":"product_cat","embeddable":true,"href":"https:\/\/www.fervalle.com\/fr\/wp-json\/wp\/v2\/product_cat?post=4073"},{"taxonomy":"product_tag","embeddable":true,"href":"https:\/\/www.fervalle.com\/fr\/wp-json\/wp\/v2\/product_tag?post=4073"}],"curies":[{"name":"wp","href":"https:\/\/api.w.org\/{rel}","templated":true}]}}