{"id":4071,"date":"2022-02-17T11:45:17","date_gmt":"2022-02-17T11:45:17","guid":{"rendered":"https:\/\/www.fervalle.com\/brotovallen\/"},"modified":"2022-04-05T10:21:25","modified_gmt":"2022-04-05T10:21:25","slug":"brotovalle-n","status":"publish","type":"product","link":"https:\/\/www.fervalle.com\/fr\/produit\/brotovalle-n\/","title":{"rendered":"BROTOVALLE\u00aeN"},"content":{"rendered":"","protected":false},"excerpt":{"rendered":"<h2 style=\"text-align: justify;\">Micro\u00e9l\u00e9ments qui induisent la synth\u00e8se de mol\u00e9cules organiques impliqu\u00e9es dans la croissance et le d\u00e9veloppement des cultures.<\/h2>\n<p style=\"text-align: justify;\"><strong>Engrais liquide \u00e0 base d&rsquo;azote et de potassium enrichi de micro-\u00e9l\u00e9ments tels que le cuivre, le mangan\u00e8se et le zinc, qui contribuent \u00e0 augmenter la qualit\u00e9 et la production des cultures.<\/strong> Sa formulation unique favorise et augmente le flux d&rsquo;eau et de nutriments \u00e0 travers le xyl\u00e8me et le phlo\u00e8me, atteignant toutes les parties en croissance de la plante. Le bon \u00e9quilibre nutritionnel qu&rsquo;il procure augmente la r\u00e9sistance de la plante en tant que m\u00e9canisme contre les infections caus\u00e9es par les micro-organismes.<\/p>\n<p><img decoding=\"async\" class=\"alignnone size-full wp-image-583\" src=\"https:\/\/fervalle.com\/wp-content\/uploads\/2022\/02\/FOLIAR-FERVALLE.jpg\" alt=\"\" width=\"70\" height=\"70\" srcset=\"https:\/\/www.fervalle.com\/wp-content\/uploads\/2022\/02\/FOLIAR-FERVALLE.jpg 70w, https:\/\/www.fervalle.com\/wp-content\/uploads\/2022\/02\/FOLIAR-FERVALLE-64x64.jpg 64w\" sizes=\"(max-width: 70px) 100vw, 70px\" \/><img decoding=\"async\" class=\"alignnone size-full wp-image-568\" src=\"https:\/\/fervalle.com\/wp-content\/uploads\/2022\/02\/fertirrigacion-logo.jpg\" alt=\"\" width=\"70\" height=\"70\" srcset=\"https:\/\/www.fervalle.com\/wp-content\/uploads\/2022\/02\/fertirrigacion-logo.jpg 70w, https:\/\/www.fervalle.com\/wp-content\/uploads\/2022\/02\/fertirrigacion-logo-64x64.jpg 64w\" sizes=\"(max-width: 70px) 100vw, 70px\" \/>  <img decoding=\"async\" class=\"alignnone size-full wp-image-569\" src=\"https:\/\/fervalle.com\/wp-content\/uploads\/2022\/02\/residuo-cero.jpg\" alt=\"\" width=\"70\" height=\"70\" srcset=\"https:\/\/www.fervalle.com\/wp-content\/uploads\/2022\/02\/residuo-cero.jpg 70w, https:\/\/www.fervalle.com\/wp-content\/uploads\/2022\/02\/residuo-cero-64x64.jpg 64w\" sizes=\"(max-width: 70px) 100vw, 70px\" \/><\/p>\n<p><span style=\"font-size: 12pt;\"><strong>AVANTAGES ET B\u00c9N\u00c9FICES :<\/strong><\/span><\/p>\n<ul>\n<li>Il augmente la qualit\u00e9 et le rendement des cultures.<\/li>\n<li>Il am\u00e9liore la floraison, la nouaison et l&rsquo;enracinement.<\/li>\n<li>Il favorise la germination apr\u00e8s la p\u00e9riode hivernale.<\/li>\n<li>Il augmente le flux d&rsquo;eau et de nutriments dans le xyl\u00e8me et le phlo\u00e8me.<\/li>\n<\/ul>\n<p><b>POSOLOGIE ET MODE D&rsquo;EMPLOI :<\/b><\/p>\n<table width=\"779\">\n<tbody>\n<tr>\n<td style=\"background-color: #353f48;\" width=\"154\"><span style=\"color: #ffffff;\"><strong>CULTIVE<\/strong><\/span><\/td>\n<td style=\"background-color: #353f48;\" width=\"272\"><span style=\"color: #ffffff;\"><strong>TEMPS D&rsquo;APPLICATION<\/strong><\/span><\/td>\n<td style=\"background-color: #353f48;\" width=\"195\"><span style=\"color: #ffffff;\"><strong>FOLIAIRE<\/strong><\/span><\/td>\n<td style=\"background-color: #353f48;\" width=\"159\"><span style=\"color: #ffffff;\"><strong>FERTIGATION<\/strong><\/span><\/td>\n<\/tr>\n<tr>\n<td width=\"154\">Arbres fruitiers<\/td>\n<td width=\"272\">Apr\u00e8s la chute des p\u00e9tales et pendant la nouaison<\/td>\n<td width=\"195\">2 &#8211; 3 litres\/1000 litres<\/td>\n<td width=\"159\">&nbsp;<\/p>\n<p>4 &#8211; 8 litres\/ha<\/p>\n<p>&nbsp;<\/td>\n<\/tr>\n<tr>\n<td width=\"154\">Horticole<\/td>\n<td width=\"272\">Pendant la phase de croissance v\u00e9g\u00e9tative<\/td>\n<td width=\"195\">2 &#8211; 3 litres\/1000 litres<\/td>\n<td width=\"159\">&nbsp;<\/p>\n<p>4 &#8211; 8 litres\/ha<\/p>\n<p>&nbsp;<\/td>\n<\/tr>\n<tr>\n<td width=\"154\">Olive<\/td>\n<td width=\"272\">Avant la germination et pendant l&rsquo;automne<\/td>\n<td width=\"195\">2 &#8211; 3 litres\/1000 litres<\/td>\n<td width=\"159\">&nbsp;<\/p>\n<p>4 &#8211; 8 litres\/ha<\/p>\n<p>&nbsp;<\/td>\n<\/tr>\n<tr>\n<td width=\"154\">Raisin de table et vigne<\/td>\n<td width=\"272\">Avant le processus de maturation du raisin, au printemps et apr\u00e8s les vendanges<\/td>\n<td width=\"195\">2 &#8211; 3 litres\/1000 litres<\/td>\n<td width=\"159\">&nbsp;<\/p>\n<p>4 &#8211; 8 litres\/ha<\/p>\n<p>&nbsp;<\/td>\n<\/tr>\n<tr>\n<td width=\"154\">agrumes<\/td>\n<td width=\"272\">Pendant la phase de floraison du printemps et de l&rsquo;\u00e9t\u00e9. Et pendant la nouaison des fruits en automne<\/td>\n<td width=\"195\">2 &#8211; 3 litres\/1000 litres<\/td>\n<td width=\"159\">2,5 &#8211; 5 litres\/ha<\/td>\n<\/tr>\n<\/tbody>\n<\/table>\n<p><span style=\"font-size: 12pt;\"><strong>Composition:<\/strong> cuivre, mangan\u00e8se et zinc.<\/span><\/p>\n","protected":false},"featured_media":3060,"template":"","meta":[],"product_brand":[],"product_cat":[406],"product_tag":[779],"class_list":{"0":"post-4071","1":"product","2":"type-product","3":"status-publish","4":"has-post-thumbnail","6":"product_cat-blue-line-fr","7":"product_tag-inducteur-de-seve","8":"pa_composicion-azote","9":"pa_composicion-cuivre","10":"pa_composicion-manganese-fr","11":"pa_composicion-potassium-fr","12":"pa_composicion-zinc-fr","13":"pa_funcion-biostimulants-fr","14":"pa_funcion-inducteurs-de-defense","15":"pa_funcion-inducteurs-de-seve","16":"pa_funcion-renforceurs-dautodefense","18":"first","19":"instock","20":"shipping-taxable","21":"product-type-simple"},"jetpack_sharing_enabled":true,"_links":{"self":[{"href":"https:\/\/www.fervalle.com\/fr\/wp-json\/wp\/v2\/product\/4071","targetHints":{"allow":["GET"]}}],"collection":[{"href":"https:\/\/www.fervalle.com\/fr\/wp-json\/wp\/v2\/product"}],"about":[{"href":"https:\/\/www.fervalle.com\/fr\/wp-json\/wp\/v2\/types\/product"}],"version-history":[{"count":1,"href":"https:\/\/www.fervalle.com\/fr\/wp-json\/wp\/v2\/product\/4071\/revisions"}],"predecessor-version":[{"id":4218,"href":"https:\/\/www.fervalle.com\/fr\/wp-json\/wp\/v2\/product\/4071\/revisions\/4218"}],"wp:featuredmedia":[{"embeddable":true,"href":"https:\/\/www.fervalle.com\/fr\/wp-json\/wp\/v2\/media\/3060"}],"wp:attachment":[{"href":"https:\/\/www.fervalle.com\/fr\/wp-json\/wp\/v2\/media?parent=4071"}],"wp:term":[{"taxonomy":"product_brand","embeddable":true,"href":"https:\/\/www.fervalle.com\/fr\/wp-json\/wp\/v2\/product_brand?post=4071"},{"taxonomy":"product_cat","embeddable":true,"href":"https:\/\/www.fervalle.com\/fr\/wp-json\/wp\/v2\/product_cat?post=4071"},{"taxonomy":"product_tag","embeddable":true,"href":"https:\/\/www.fervalle.com\/fr\/wp-json\/wp\/v2\/product_tag?post=4071"}],"curies":[{"name":"wp","href":"https:\/\/api.w.org\/{rel}","templated":true}]}}