{"id":4070,"date":"2022-02-17T11:48:33","date_gmt":"2022-02-17T11:48:33","guid":{"rendered":"https:\/\/www.fervalle.com\/silium-2\/"},"modified":"2022-04-05T10:18:55","modified_gmt":"2022-04-05T10:18:55","slug":"silium","status":"publish","type":"product","link":"https:\/\/www.fervalle.com\/fr\/produit\/silium\/","title":{"rendered":"SILIUM\u00ae"},"content":{"rendered":"","protected":false},"excerpt":{"rendered":"<h2 style=\"text-align: justify;\"><strong>Nouvelle formulation qui apporte vigueur et rigidit\u00e9 \u00e0 la plante.<\/strong><\/h2>\n<p style=\"text-align: justify;\"><strong>L&rsquo;application racinaire de potassium participe au processus d&rsquo;osmor\u00e9gulation de la plante, en maintenant la rigidit\u00e9 de la plante.<\/strong> Il augmente et am\u00e9liore \u00e9galement la qualit\u00e9 des sols en mobilisant et en augmentant la biodisponibilit\u00e9 des nutriments essentiels des plantes. Un \u00e9quilibre nutritionnel correct du potassium augmente la force des racines et des tiges, en maintenant leur turgescence.<\/p>\n<p><img decoding=\"async\" class=\"alignnone size-full wp-image-582\" src=\"https:\/\/fervalle.com\/wp-content\/uploads\/2022\/02\/ECO-FERVALLE.jpg\" alt=\"\" width=\"70\" height=\"70\" srcset=\"https:\/\/www.fervalle.com\/wp-content\/uploads\/2022\/02\/ECO-FERVALLE.jpg 70w, https:\/\/www.fervalle.com\/wp-content\/uploads\/2022\/02\/ECO-FERVALLE-64x64.jpg 64w\" sizes=\"(max-width: 70px) 100vw, 70px\" \/><img decoding=\"async\" class=\"alignnone size-full wp-image-583\" src=\"https:\/\/fervalle.com\/wp-content\/uploads\/2022\/02\/FOLIAR-FERVALLE.jpg\" alt=\"\" width=\"70\" height=\"70\" srcset=\"https:\/\/www.fervalle.com\/wp-content\/uploads\/2022\/02\/FOLIAR-FERVALLE.jpg 70w, https:\/\/www.fervalle.com\/wp-content\/uploads\/2022\/02\/FOLIAR-FERVALLE-64x64.jpg 64w\" sizes=\"(max-width: 70px) 100vw, 70px\" \/><img decoding=\"async\" class=\"alignnone size-full wp-image-568\" src=\"https:\/\/fervalle.com\/wp-content\/uploads\/2022\/02\/fertirrigacion-logo.jpg\" alt=\"\" width=\"70\" height=\"70\" srcset=\"https:\/\/www.fervalle.com\/wp-content\/uploads\/2022\/02\/fertirrigacion-logo.jpg 70w, https:\/\/www.fervalle.com\/wp-content\/uploads\/2022\/02\/fertirrigacion-logo-64x64.jpg 64w\" sizes=\"(max-width: 70px) 100vw, 70px\" \/>  <img loading=\"lazy\" decoding=\"async\" class=\"alignnone size-full wp-image-569\" src=\"https:\/\/fervalle.com\/wp-content\/uploads\/2022\/02\/residuo-cero.jpg\" alt=\"\" width=\"70\" height=\"70\" srcset=\"https:\/\/www.fervalle.com\/wp-content\/uploads\/2022\/02\/residuo-cero.jpg 70w, https:\/\/www.fervalle.com\/wp-content\/uploads\/2022\/02\/residuo-cero-64x64.jpg 64w\" sizes=\"(max-width: 70px) 100vw, 70px\" \/> <img loading=\"lazy\" decoding=\"async\" class=\"alignnone size-full wp-image-584\" src=\"https:\/\/fervalle.com\/wp-content\/uploads\/2022\/02\/SHC-CERTIFICACION.jpg\" alt=\"\" width=\"70\" height=\"70\" srcset=\"https:\/\/www.fervalle.com\/wp-content\/uploads\/2022\/02\/SHC-CERTIFICACION.jpg 70w, https:\/\/www.fervalle.com\/wp-content\/uploads\/2022\/02\/SHC-CERTIFICACION-64x64.jpg 64w\" sizes=\"(max-width: 70px) 100vw, 70px\" \/>  <img loading=\"lazy\" decoding=\"async\" class=\"alignnone size-full wp-image-585\" src=\"https:\/\/fervalle.com\/wp-content\/uploads\/2022\/02\/ECOCERT-LOGOTIPO.jpg\" alt=\"\" width=\"70\" height=\"70\" srcset=\"https:\/\/www.fervalle.com\/wp-content\/uploads\/2022\/02\/ECOCERT-LOGOTIPO.jpg 70w, https:\/\/www.fervalle.com\/wp-content\/uploads\/2022\/02\/ECOCERT-LOGOTIPO-64x64.jpg 64w\" sizes=\"(max-width: 70px) 100vw, 70px\" \/><\/p>\n<p><strong>CERTIFICATIONS POUR L&rsquo;AGRICULTURE :<\/strong> \u00c9COLOGIQUE.<\/p>\n<p><span style=\"font-size: 12pt;\"><strong>AVANTAGES ET B\u00c9N\u00c9FICES :<\/strong><\/span><\/p>\n<ul>\n<li>Il favorise la mobilisation dans le sol des micronutriments essentiels au d\u00e9veloppement des plantes.<\/li>\n<li>Il am\u00e9liore la structure du sol.<\/li>\n<li>Il conf\u00e8re \u00e0 la plante une r\u00e9sistance aux variations de temp\u00e9rature, \u00e0 la s\u00e9cheresse et \u00e0 la pr\u00e9sence de m\u00e9taux lourds.<\/li>\n<li>Le bon \u00e9quilibre de ces nutriments renforce la plante et r\u00e9duit l&rsquo;attaque de certaines maladies.<\/li>\n<\/ul>\n<p><b>POSOLOGIE ET MODE D&rsquo;EMPLOI :<\/b><\/p>\n<table width=\"779\">\n<tbody>\n<tr>\n<td style=\"background-color: #353f48;\" width=\"154\"><span style=\"color: #ffffff;\"><strong>CULTIVE<\/strong><\/span><\/td>\n<td style=\"background-color: #353f48;\" width=\"272\"><span style=\"color: #ffffff;\"><strong>TEMPS D&rsquo;APPLICATION<\/strong><\/span><\/td>\n<td style=\"background-color: #353f48;\" width=\"195\"><span style=\"color: #ffffff;\"><strong>FOLIAIRE<\/strong><\/span><\/td>\n<td style=\"background-color: #353f48;\" width=\"159\"><span style=\"color: #ffffff;\"><strong>FERTIGATION<\/strong><\/span><\/td>\n<\/tr>\n<tr>\n<td width=\"154\">Arbres fruitiers<\/td>\n<td rowspan=\"5\" width=\"272\">Pendant le cycle v\u00e9g\u00e9tatif de la culture<\/td>\n<td width=\"195\">2,5 &#8211; 3 litres\/1000 litres<\/td>\n<td width=\"159\">&nbsp;<\/p>\n<p>4 &#8211; 8 litres\/ha<\/p>\n<p>&nbsp;<\/td>\n<\/tr>\n<tr>\n<td width=\"154\">horticole<\/td>\n<td width=\"195\">2,5 &#8211; 3 litres\/1000 litres<\/td>\n<td width=\"159\">&nbsp;<\/p>\n<p>4 &#8211; 8 litres\/ha<\/p>\n<p>&nbsp;<\/td>\n<\/tr>\n<tr>\n<td width=\"154\">olive<\/td>\n<td width=\"195\">2,5 &#8211; 3 litres\/1000 litres<\/td>\n<td width=\"159\">&nbsp;<\/p>\n<p>4 &#8211; 8 litres\/ha<\/p>\n<p>&nbsp;<\/td>\n<\/tr>\n<tr>\n<td width=\"154\">raisin de table et vigne<\/td>\n<td width=\"195\">2,5 &#8211; 3 litres\/1000 litres<\/td>\n<td width=\"159\">&nbsp;<\/p>\n<p>4 &#8211; 8 litres\/ha<\/p>\n<p>&nbsp;<\/td>\n<\/tr>\n<tr>\n<td width=\"154\">Agrumes<\/td>\n<td width=\"195\">2,5 &#8211; 3 litres\/1000 litres<\/td>\n<td width=\"159\">4 &#8211; 8 litres\/ha<\/td>\n<\/tr>\n<\/tbody>\n<\/table>\n<p><span style=\"font-size: 12pt;\"><strong>Composition:<\/strong> potassium (K<span style=\"font-size: 8pt;\">2<\/span>0).<\/span><\/p>\n","protected":false},"featured_media":3056,"template":"","meta":[],"product_brand":[],"product_cat":[406],"product_tag":[778],"class_list":{"0":"post-4070","1":"product","2":"type-product","3":"status-publish","4":"has-post-thumbnail","6":"product_cat-blue-line-fr","7":"product_tag-resistance-inducteur","8":"pa_composicion-potassium-fr","9":"pa_funcion-durabilite-post-recolte","10":"pa_funcion-inducteurs-de-defense","11":"pa_funcion-renforcateurs-de-la-rigidite","12":"pa_funcion-renforceurs-dautodefense","14":"first","15":"instock","16":"shipping-taxable","17":"product-type-simple"},"jetpack_sharing_enabled":true,"_links":{"self":[{"href":"https:\/\/www.fervalle.com\/fr\/wp-json\/wp\/v2\/product\/4070","targetHints":{"allow":["GET"]}}],"collection":[{"href":"https:\/\/www.fervalle.com\/fr\/wp-json\/wp\/v2\/product"}],"about":[{"href":"https:\/\/www.fervalle.com\/fr\/wp-json\/wp\/v2\/types\/product"}],"version-history":[{"count":1,"href":"https:\/\/www.fervalle.com\/fr\/wp-json\/wp\/v2\/product\/4070\/revisions"}],"predecessor-version":[{"id":4217,"href":"https:\/\/www.fervalle.com\/fr\/wp-json\/wp\/v2\/product\/4070\/revisions\/4217"}],"wp:featuredmedia":[{"embeddable":true,"href":"https:\/\/www.fervalle.com\/fr\/wp-json\/wp\/v2\/media\/3056"}],"wp:attachment":[{"href":"https:\/\/www.fervalle.com\/fr\/wp-json\/wp\/v2\/media?parent=4070"}],"wp:term":[{"taxonomy":"product_brand","embeddable":true,"href":"https:\/\/www.fervalle.com\/fr\/wp-json\/wp\/v2\/product_brand?post=4070"},{"taxonomy":"product_cat","embeddable":true,"href":"https:\/\/www.fervalle.com\/fr\/wp-json\/wp\/v2\/product_cat?post=4070"},{"taxonomy":"product_tag","embeddable":true,"href":"https:\/\/www.fervalle.com\/fr\/wp-json\/wp\/v2\/product_tag?post=4070"}],"curies":[{"name":"wp","href":"https:\/\/api.w.org\/{rel}","templated":true}]}}