{"id":4068,"date":"2022-02-18T12:24:57","date_gmt":"2022-02-18T12:24:57","guid":{"rendered":"https:\/\/www.fervalle.com\/limgot-ultra-2\/"},"modified":"2025-06-03T10:17:23","modified_gmt":"2025-06-03T10:17:23","slug":"limgot-ultra","status":"publish","type":"product","link":"https:\/\/www.fervalle.com\/fr\/produit\/limgot-ultra\/","title":{"rendered":"LIMGOT ULTRA\u00ae"},"content":{"rendered":"","protected":false},"excerpt":{"rendered":"<h2>Nettoyant, assainissant et d\u00e9tartrant des syst\u00e8mes d&rsquo;irrigation.<\/h2>\n<p style=\"text-align: justify;\">Formulation liquide<strong>avec oxyg\u00e8ne actif<\/strong>, utilisable en agriculture biologique comme intrant, dont l&rsquo;action est d&rsquo;agir comme <strong>nettoyant, d\u00e9sinfectant et d\u00e9tartrant dans le traitement des syst\u00e8mes d&rsquo;irrigation en g\u00e9n\u00e9ral.<\/strong><\/p>\n<p><img decoding=\"async\" class=\"alignnone size-full wp-image-582\" src=\"https:\/\/fervalle.com\/wp-content\/uploads\/2022\/02\/ECO-FERVALLE.jpg\" alt=\"\" width=\"70\" height=\"70\" srcset=\"https:\/\/www.fervalle.com\/wp-content\/uploads\/2022\/02\/ECO-FERVALLE.jpg 70w, https:\/\/www.fervalle.com\/wp-content\/uploads\/2022\/02\/ECO-FERVALLE-64x64.jpg 64w\" sizes=\"(max-width: 70px) 100vw, 70px\" \/><img decoding=\"async\" class=\"alignnone size-full wp-image-568\" src=\"https:\/\/fervalle.com\/wp-content\/uploads\/2022\/02\/fertirrigacion-logo.jpg\" alt=\"\" width=\"70\" height=\"70\" srcset=\"https:\/\/www.fervalle.com\/wp-content\/uploads\/2022\/02\/fertirrigacion-logo.jpg 70w, https:\/\/www.fervalle.com\/wp-content\/uploads\/2022\/02\/fertirrigacion-logo-64x64.jpg 64w\" sizes=\"(max-width: 70px) 100vw, 70px\" \/>  <img decoding=\"async\" class=\"alignnone size-full wp-image-569\" src=\"https:\/\/fervalle.com\/wp-content\/uploads\/2022\/02\/residuo-cero.jpg\" alt=\"\" width=\"70\" height=\"70\" srcset=\"https:\/\/www.fervalle.com\/wp-content\/uploads\/2022\/02\/residuo-cero.jpg 70w, https:\/\/www.fervalle.com\/wp-content\/uploads\/2022\/02\/residuo-cero-64x64.jpg 64w\" sizes=\"(max-width: 70px) 100vw, 70px\" \/>  <img loading=\"lazy\" decoding=\"async\" class=\"alignnone size-full wp-image-588\" src=\"https:\/\/fervalle.com\/wp-content\/uploads\/2022\/02\/CAAE-FERVALLE-LOGOTIPO.jpg\" alt=\"\" width=\"70\" height=\"70\" srcset=\"https:\/\/www.fervalle.com\/wp-content\/uploads\/2022\/02\/CAAE-FERVALLE-LOGOTIPO.jpg 70w, https:\/\/www.fervalle.com\/wp-content\/uploads\/2022\/02\/CAAE-FERVALLE-LOGOTIPO-64x64.jpg 64w\" sizes=\"(max-width: 70px) 100vw, 70px\" \/><\/p>\n<p><strong>CERTIFICATIONS POUR L&rsquo;AGRICULTURE :<\/strong> \u00c9COLOGIQUE.<\/p>\n<p><span style=\"font-size: 12pt;\"><strong>AVANTAGES ET B\u00c9N\u00c9FICES :<\/strong><\/span><\/p>\n<ul>\n<li>Il \u00e9limine les min\u00e9raux et les restes organiques du syst\u00e8me d&rsquo;irrigation pour \u00e9viter les blocages dans les tuyaux et les buses.<\/li>\n<li>Il emp\u00eache la formation de d\u00e9p\u00f4ts calcaires, g\u00e9n\u00e9ralement dans les eaux \u00e0 forte teneur en carbonate.<\/li>\n<li>Il emp\u00eache la formation de mousse, am\u00e9liorant la qualit\u00e9 et l&rsquo;efficacit\u00e9 de l&rsquo;utilisation de l&rsquo;eau d&rsquo;irrigation.<\/li>\n<\/ul>\n<p><b>POSOLOGIE ET MODE D&rsquo;EMPLOI :<\/b><\/p>\n<ul>\n<li>Nettoyage et d\u00e9sinfection des syst\u00e8mes d&rsquo;irrigation\n<ul>\n<li>Appliquer une solution \u00e0 1% comme traitement de choc.<\/li>\n<li>Appliquer en traitement continu 30 \u00e0 60 cc\/1000L d&rsquo;eau.<\/li>\n<\/ul>\n<\/li>\n<li>Comme d\u00e9tartrant, appliquer 1 \u00e0 2% dans la solution aqueuse.<\/li>\n<li>Comme traitement d&rsquo;oxyg\u00e9nation du sol, appliquer 1 \u00e0 3%.<\/li>\n<\/ul>\n<p><span style=\"font-size: 12pt;\"><strong>Composition:<\/strong> Peroxyde d&rsquo;hydrog\u00e8ne.<\/span><\/p>\n","protected":false},"featured_media":3032,"template":"","meta":[],"product_brand":[],"product_cat":[400],"product_tag":[762,781,776],"class_list":{"0":"post-4068","1":"product","2":"type-product","3":"status-publish","4":"has-post-thumbnail","6":"product_cat-red-line-fr","7":"product_tag-detartrant","8":"product_tag-nettoyeur","9":"product_tag-sterilisation","10":"pa_composicion-peroxyde-dhydrogene","11":"pa_funcion-desinfectants","12":"pa_funcion-detartrants","14":"first","15":"instock","16":"shipping-taxable","17":"product-type-simple"},"jetpack_sharing_enabled":true,"_links":{"self":[{"href":"https:\/\/www.fervalle.com\/fr\/wp-json\/wp\/v2\/product\/4068","targetHints":{"allow":["GET"]}}],"collection":[{"href":"https:\/\/www.fervalle.com\/fr\/wp-json\/wp\/v2\/product"}],"about":[{"href":"https:\/\/www.fervalle.com\/fr\/wp-json\/wp\/v2\/types\/product"}],"version-history":[{"count":1,"href":"https:\/\/www.fervalle.com\/fr\/wp-json\/wp\/v2\/product\/4068\/revisions"}],"predecessor-version":[{"id":4215,"href":"https:\/\/www.fervalle.com\/fr\/wp-json\/wp\/v2\/product\/4068\/revisions\/4215"}],"wp:featuredmedia":[{"embeddable":true,"href":"https:\/\/www.fervalle.com\/fr\/wp-json\/wp\/v2\/media\/3032"}],"wp:attachment":[{"href":"https:\/\/www.fervalle.com\/fr\/wp-json\/wp\/v2\/media?parent=4068"}],"wp:term":[{"taxonomy":"product_brand","embeddable":true,"href":"https:\/\/www.fervalle.com\/fr\/wp-json\/wp\/v2\/product_brand?post=4068"},{"taxonomy":"product_cat","embeddable":true,"href":"https:\/\/www.fervalle.com\/fr\/wp-json\/wp\/v2\/product_cat?post=4068"},{"taxonomy":"product_tag","embeddable":true,"href":"https:\/\/www.fervalle.com\/fr\/wp-json\/wp\/v2\/product_tag?post=4068"}],"curies":[{"name":"wp","href":"https:\/\/api.w.org\/{rel}","templated":true}]}}