{"id":4064,"date":"2022-02-18T12:46:14","date_gmt":"2022-02-18T12:46:14","guid":{"rendered":"https:\/\/www.fervalle.com\/ph-color-2\/"},"modified":"2022-04-07T14:32:54","modified_gmt":"2022-04-07T14:32:54","slug":"ph-color","status":"publish","type":"product","link":"https:\/\/www.fervalle.com\/fr\/produit\/ph-color\/","title":{"rendered":"PH COLOR\u00ae"},"content":{"rendered":"","protected":false},"excerpt":{"rendered":"<h2>Triple Action \u00c9cologique<\/h2>\n<p style=\"text-align: justify;\"><strong>Formulation nutritionnelle acide avec du fer, qui, gr\u00e2ce \u00e0 son pH, abaisse le pH de l&rsquo;eau, am\u00e9liore les applications foliaires, r\u00e9duit la mousse et favorise l&rsquo;absorption racinaire des nutriments par la plante<\/strong> . Le fer favorise la synth\u00e8se de mol\u00e9cules essentielles impliqu\u00e9es dans la translocation des nutriments impliqu\u00e9s dans la croissance et le d\u00e9veloppement de la culture.<\/p>\n<p><img decoding=\"async\" class=\"alignnone size-full wp-image-582\" src=\"https:\/\/fervalle.com\/wp-content\/uploads\/2022\/02\/ECO-FERVALLE.jpg\" alt=\"\" width=\"70\" height=\"70\" srcset=\"https:\/\/www.fervalle.com\/wp-content\/uploads\/2022\/02\/ECO-FERVALLE.jpg 70w, https:\/\/www.fervalle.com\/wp-content\/uploads\/2022\/02\/ECO-FERVALLE-64x64.jpg 64w\" sizes=\"(max-width: 70px) 100vw, 70px\" \/><img decoding=\"async\" class=\"alignnone size-full wp-image-583\" src=\"https:\/\/fervalle.com\/wp-content\/uploads\/2022\/02\/FOLIAR-FERVALLE.jpg\" alt=\"\" width=\"70\" height=\"70\" srcset=\"https:\/\/www.fervalle.com\/wp-content\/uploads\/2022\/02\/FOLIAR-FERVALLE.jpg 70w, https:\/\/www.fervalle.com\/wp-content\/uploads\/2022\/02\/FOLIAR-FERVALLE-64x64.jpg 64w\" sizes=\"(max-width: 70px) 100vw, 70px\" \/><img decoding=\"async\" class=\"alignnone size-full wp-image-568\" src=\"https:\/\/fervalle.com\/wp-content\/uploads\/2022\/02\/fertirrigacion-logo.jpg\" alt=\"\" width=\"70\" height=\"70\" srcset=\"https:\/\/www.fervalle.com\/wp-content\/uploads\/2022\/02\/fertirrigacion-logo.jpg 70w, https:\/\/www.fervalle.com\/wp-content\/uploads\/2022\/02\/fertirrigacion-logo-64x64.jpg 64w\" sizes=\"(max-width: 70px) 100vw, 70px\" \/>  <img loading=\"lazy\" decoding=\"async\" class=\"alignnone size-full wp-image-569\" src=\"https:\/\/fervalle.com\/wp-content\/uploads\/2022\/02\/residuo-cero.jpg\" alt=\"\" width=\"70\" height=\"70\" srcset=\"https:\/\/www.fervalle.com\/wp-content\/uploads\/2022\/02\/residuo-cero.jpg 70w, https:\/\/www.fervalle.com\/wp-content\/uploads\/2022\/02\/residuo-cero-64x64.jpg 64w\" sizes=\"(max-width: 70px) 100vw, 70px\" \/> <img loading=\"lazy\" decoding=\"async\" class=\"alignnone size-full wp-image-584\" src=\"https:\/\/fervalle.com\/wp-content\/uploads\/2022\/02\/SHC-CERTIFICACION.jpg\" alt=\"\" width=\"70\" height=\"70\" srcset=\"https:\/\/www.fervalle.com\/wp-content\/uploads\/2022\/02\/SHC-CERTIFICACION.jpg 70w, https:\/\/www.fervalle.com\/wp-content\/uploads\/2022\/02\/SHC-CERTIFICACION-64x64.jpg 64w\" sizes=\"(max-width: 70px) 100vw, 70px\" \/>  <img loading=\"lazy\" decoding=\"async\" class=\"alignnone size-full wp-image-585\" src=\"https:\/\/fervalle.com\/wp-content\/uploads\/2022\/02\/ECOCERT-LOGOTIPO.jpg\" alt=\"\" width=\"70\" height=\"70\" srcset=\"https:\/\/www.fervalle.com\/wp-content\/uploads\/2022\/02\/ECOCERT-LOGOTIPO.jpg 70w, https:\/\/www.fervalle.com\/wp-content\/uploads\/2022\/02\/ECOCERT-LOGOTIPO-64x64.jpg 64w\" sizes=\"(max-width: 70px) 100vw, 70px\" \/>   <img loading=\"lazy\" decoding=\"async\" class=\"alignnone size-full wp-image-588\" src=\"https:\/\/fervalle.com\/wp-content\/uploads\/2022\/02\/CAAE-FERVALLE-LOGOTIPO.jpg\" alt=\"\" width=\"70\" height=\"70\" srcset=\"https:\/\/www.fervalle.com\/wp-content\/uploads\/2022\/02\/CAAE-FERVALLE-LOGOTIPO.jpg 70w, https:\/\/www.fervalle.com\/wp-content\/uploads\/2022\/02\/CAAE-FERVALLE-LOGOTIPO-64x64.jpg 64w\" sizes=\"(max-width: 70px) 100vw, 70px\" \/><\/p>\n<p><strong>CERTIFICATIONS POUR L&rsquo;AGRICULTURE :<\/strong> \u00c9COLOGIQUE<\/p>\n<p><span style=\"font-size: 12pt;\"><strong>AVANTAGES ET B\u00c9N\u00c9FICES :<\/strong><\/span><\/p>\n<ul>\n<li>Il modifie les conditions du sol gr\u00e2ce \u00e0 son caract\u00e8re acide.<\/li>\n<li>Favorise l&rsquo;absorption par les racines des nutriments essentiels.<\/li>\n<\/ul>\n<p><b>POSOLOGIE ET MODE D&rsquo;EMPLOI :<\/b><\/p>\n<table width=\"714\">\n<tbody>\n<tr>\n<td style=\"background-color: #232230;\" width=\"260\"><span style=\"color: #ffffff;\"><strong> <\/strong><\/span><\/td>\n<td style=\"background-color: #232230;\" width=\"455\"><span style=\"color: #ffffff;\"><strong>POUR OBTENIR UN PH 6.5 &#8211; 6<\/strong><\/span><\/td>\n<\/tr>\n<tr>\n<td width=\"260\">Eau d&rsquo;arrosage<\/td>\n<td width=\"455\">Pour acidifier l&rsquo;eau de pH 8 \u00e0 9, appliquer 0,5 \u00e0 0,6 litres\/1000 litres d&rsquo;eau<\/td>\n<\/tr>\n<tr>\n<td width=\"260\">Eau d&rsquo;arrosage<\/td>\n<td width=\"455\">Pour acidifier l&rsquo;eau avec un pH de 9 \u00e0 10, appliquer 0,6 &#8211; 0,7 litres\/1000 litres d&rsquo;eau<\/td>\n<\/tr>\n<tr>\n<td width=\"260\">Eau d&rsquo;arrosage<\/td>\n<td width=\"455\">Pour acidifier l&rsquo;eau avec un pH de 10 \u00e0 11, appliquer 0,8 &#8211; 1 litre\/1000 litres d&rsquo;eau<\/td>\n<\/tr>\n<tr>\n<td width=\"260\">Fertigation dans tous les types de cultures<\/td>\n<td width=\"455\">Appliquer une dose de 1 \u00e0 1,5 litres\/ha<\/td>\n<\/tr>\n<\/tbody>\n<\/table>\n<p><span style=\"font-size: 12pt;\"><strong>Composition :<\/strong> Fer.<\/span><\/p>\n","protected":false},"featured_media":3016,"template":"","meta":[],"product_brand":[],"product_cat":[400],"product_tag":[815],"class_list":{"0":"post-4064","1":"product","2":"type-product","3":"status-publish","4":"has-post-thumbnail","6":"product_cat-red-line-fr","7":"product_tag-triple-action-fr","8":"pa_composicion-fer","9":"pa_funcion-conditionneurs-deau","10":"pa_funcion-correcteurs-de-ph","11":"pa_funcion-traitement-de-leau","13":"first","14":"instock","15":"shipping-taxable","16":"product-type-simple"},"jetpack_sharing_enabled":true,"_links":{"self":[{"href":"https:\/\/www.fervalle.com\/fr\/wp-json\/wp\/v2\/product\/4064","targetHints":{"allow":["GET"]}}],"collection":[{"href":"https:\/\/www.fervalle.com\/fr\/wp-json\/wp\/v2\/product"}],"about":[{"href":"https:\/\/www.fervalle.com\/fr\/wp-json\/wp\/v2\/types\/product"}],"version-history":[{"count":1,"href":"https:\/\/www.fervalle.com\/fr\/wp-json\/wp\/v2\/product\/4064\/revisions"}],"predecessor-version":[{"id":4312,"href":"https:\/\/www.fervalle.com\/fr\/wp-json\/wp\/v2\/product\/4064\/revisions\/4312"}],"wp:featuredmedia":[{"embeddable":true,"href":"https:\/\/www.fervalle.com\/fr\/wp-json\/wp\/v2\/media\/3016"}],"wp:attachment":[{"href":"https:\/\/www.fervalle.com\/fr\/wp-json\/wp\/v2\/media?parent=4064"}],"wp:term":[{"taxonomy":"product_brand","embeddable":true,"href":"https:\/\/www.fervalle.com\/fr\/wp-json\/wp\/v2\/product_brand?post=4064"},{"taxonomy":"product_cat","embeddable":true,"href":"https:\/\/www.fervalle.com\/fr\/wp-json\/wp\/v2\/product_cat?post=4064"},{"taxonomy":"product_tag","embeddable":true,"href":"https:\/\/www.fervalle.com\/fr\/wp-json\/wp\/v2\/product_tag?post=4064"}],"curies":[{"name":"wp","href":"https:\/\/api.w.org\/{rel}","templated":true}]}}